{"id":1341,"date":"2020-04-09T09:12:31","date_gmt":"2020-04-09T07:12:31","guid":{"rendered":"http:\/\/aquaparksopot.pl\/\/?page_id=1341"},"modified":"2026-01-08T11:34:12","modified_gmt":"2026-01-08T10:34:12","slug":"sklepik","status":"publish","type":"page","link":"https:\/\/aq.dot2.pl\/en\/informacje\/sklepik\/","title":{"rendered":"Shop"},"content":{"rendered":"<style>.kb-row-layout-id1341_37c027-3a > .kt-row-column-wrap{align-content:start;}:where(.kb-row-layout-id1341_37c027-3a > .kt-row-column-wrap) > .wp-block-kadence-column{justify-content:start;}.kb-row-layout-id1341_37c027-3a > .kt-row-column-wrap{column-gap:var(--global-kb-gap-none, 0rem );row-gap:var(--global-kb-gap-md, 2rem);max-width:var( --global-content-width, 1590px );padding-left:var(--global-content-edge-padding);padding-right:var(--global-content-edge-padding);padding-top:0px;padding-bottom:var(--global-kb-spacing-sm, 1.5rem);grid-template-columns:repeat(2, minmax(0, 1fr));}.kb-row-layout-id1341_37c027-3a > .kt-row-layout-overlay{opacity:0.30;}@media all and (max-width: 1024px){.kb-row-layout-id1341_37c027-3a > .kt-row-column-wrap{grid-template-columns:repeat(2, minmax(0, 1fr));}}@media all and (max-width: 767px){.kb-row-layout-id1341_37c027-3a > .kt-row-column-wrap{grid-template-columns:minmax(0, 1fr);}}<\/style><div class=\"kb-row-layout-wrap kb-row-layout-id1341_37c027-3a alignnone hero wp-block-kadence-rowlayout\"><div class=\"kt-row-column-wrap kt-has-2-columns kt-row-layout-equal kt-tab-layout-inherit kt-mobile-layout-row kt-row-valign-top kb-theme-content-width\">\n<style>.kadence-column1341_2584a2-62 > .kt-inside-inner-col{display:flex;}.kadence-column1341_2584a2-62 > .kt-inside-inner-col{padding-top:var(--global-kb-spacing-xxl, 5rem);padding-right:var(--global-kb-spacing-lg, 3rem);padding-bottom:var(--global-kb-spacing-lg, 3rem);padding-left:var(--global-kb-spacing-md, 2rem);}.kadence-column1341_2584a2-62 > .kt-inside-inner-col{min-height:500px;}.kadence-column1341_2584a2-62 > .kt-inside-inner-col,.kadence-column1341_2584a2-62 > .kt-inside-inner-col:before{border-top-left-radius:6px;border-top-right-radius:6px;border-bottom-right-radius:6px;border-bottom-left-radius:6px;}.kadence-column1341_2584a2-62 > .kt-inside-inner-col{column-gap:var(--global-kb-gap-sm, 1rem);}.kadence-column1341_2584a2-62 > .kt-inside-inner-col{flex-direction:column;justify-content:center;}.kadence-column1341_2584a2-62 > .kt-inside-inner-col > .aligncenter{width:100%;}.kt-row-column-wrap > .kadence-column1341_2584a2-62{align-self:center;}.kt-inner-column-height-full:not(.kt-has-1-columns) > .wp-block-kadence-column.kadence-column1341_2584a2-62{align-self:auto;}.kt-inner-column-height-full:not(.kt-has-1-columns) > .wp-block-kadence-column.kadence-column1341_2584a2-62 > .kt-inside-inner-col{flex-direction:column;justify-content:center;}.kadence-column1341_2584a2-62 > .kt-inside-inner-col:before{opacity:0.3;}.kadence-column1341_2584a2-62{position:relative;}@media all and (max-width: 1024px){.kt-row-column-wrap > .kadence-column1341_2584a2-62{align-self:center;}}@media all and (max-width: 1024px){.kt-inner-column-height-full:not(.kt-has-1-columns) > .wp-block-kadence-column.kadence-column1341_2584a2-62{align-self:auto;}}@media all and (max-width: 1024px){.kt-inner-column-height-full:not(.kt-has-1-columns) > .wp-block-kadence-column.kadence-column1341_2584a2-62 > .kt-inside-inner-col{flex-direction:column;justify-content:center;}}@media all and (max-width: 1024px){.kt-row-column-wrap.kt-tab-layout-three-grid > .kadence-column1341_2584a2-62, .kt-row-column-wrap.kt-tab-layout-two-grid > .kadence-column1341_2584a2-62, .kt-row-column-wrap.kt-tab-layout-row > .kadence-column1341_2584a2-62{order:2;}}@media all and (max-width: 1024px){.kadence-column1341_2584a2-62 > .kt-inside-inner-col{flex-direction:column;justify-content:center;}}@media all and (max-width: 767px){.kadence-column1341_2584a2-62 > .kt-inside-inner-col{padding-top:var(--global-kb-spacing-xl, 4rem);padding-bottom:var(--global-kb-spacing-md, 2rem);min-height:200px;flex-direction:column;justify-content:center;}.kt-row-column-wrap > .kadence-column1341_2584a2-62{align-self:center;}.kt-inner-column-height-full:not(.kt-has-1-columns) > .wp-block-kadence-column.kadence-column1341_2584a2-62{align-self:auto;}.kt-inner-column-height-full:not(.kt-has-1-columns) > .wp-block-kadence-column.kadence-column1341_2584a2-62 > .kt-inside-inner-col{flex-direction:column;justify-content:center;}.kt-row-column-wrap.kt-mobile-layout-three-grid > .kadence-column1341_2584a2-62, .kt-row-column-wrap.kt-mobile-layout-two-grid > .kadence-column1341_2584a2-62, .kt-row-column-wrap.kt-mobile-layout-row > .kadence-column1341_2584a2-62{order:2;}}<\/style>\n<div class=\"wp-block-kadence-column kadence-column1341_2584a2-62 hero-left\"><div class=\"kt-inside-inner-col\"><style>.wp-block-kadence-advancedheading.kt-adv-heading1341_667c69-f3, .wp-block-kadence-advancedheading.kt-adv-heading1341_667c69-f3[data-kb-block=\"kb-adv-heading1341_667c69-f3\"]{text-align:left;font-style:normal;}.wp-block-kadence-advancedheading.kt-adv-heading1341_667c69-f3 mark.kt-highlight, .wp-block-kadence-advancedheading.kt-adv-heading1341_667c69-f3[data-kb-block=\"kb-adv-heading1341_667c69-f3\"] mark.kt-highlight{font-style:normal;color:#f76a0c;-webkit-box-decoration-break:clone;box-decoration-break:clone;padding-top:0px;padding-right:0px;padding-bottom:0px;padding-left:0px;}.wp-block-kadence-advancedheading.kt-adv-heading1341_667c69-f3 img.kb-inline-image, .wp-block-kadence-advancedheading.kt-adv-heading1341_667c69-f3[data-kb-block=\"kb-adv-heading1341_667c69-f3\"] img.kb-inline-image{width:150px;vertical-align:baseline;}<\/style>\n<h1 class=\"kt-adv-heading1341_667c69-f3 wp-block-kadence-advancedheading\" data-kb-block=\"kb-adv-heading1341_667c69-f3\">Shop<\/h1>\n\n\n\n<p>Everything for the pool, the beach and for recreational and competitive swimming practice. If you don't have or have forgotten your swimsuit, goggles, flip-flops or other swimming accessories for yourself or your children, welcome to our well-stocked shop. We offer expert advice and a wide range to suit all budgets.<\/p>\n\n\n\n<p>Check out the funpage of the Aqua-Sport shop<\/p>\n\n\n\n<p>tel. 604 222 801<\/p>\n\n\n\n<p>email: aqua.sport@poczta.fm<\/p>\n<\/div><\/div>\n\n\n<style>.kadence-column1341_fb2b0f-b6 > .kt-inside-inner-col{box-shadow:0px 0px 14px 0px rgba(0, 0, 0, 0.2);border-top:8px solid var(--global-palette9, #ffffff);border-right:8px solid var(--global-palette9, #ffffff);border-bottom:8px solid var(--global-palette9, #ffffff);border-left:8px solid var(--global-palette9, #ffffff);}.kadence-column1341_fb2b0f-b6 > .kt-inside-inner-col,.kadence-column1341_fb2b0f-b6 > .kt-inside-inner-col:before{border-top-left-radius:6px;border-top-right-radius:6px;border-bottom-right-radius:6px;border-bottom-left-radius:6px;}.kadence-column1341_fb2b0f-b6 > .kt-inside-inner-col{column-gap:var(--global-kb-gap-sm, 1rem);}.kadence-column1341_fb2b0f-b6 > .kt-inside-inner-col{flex-direction:column;}.kadence-column1341_fb2b0f-b6 > .kt-inside-inner-col > .aligncenter{width:100%;}.kadence-column1341_fb2b0f-b6 > .kt-inside-inner-col:before{opacity:0.3;}.kadence-column1341_fb2b0f-b6{position:relative;}.kadence-column1341_fb2b0f-b6, .kt-inside-inner-col > .kadence-column1341_fb2b0f-b6:not(.specificity){margin-top:40px;margin-left:-40px;}@media all and (max-width: 1024px){.kadence-column1341_fb2b0f-b6 > .kt-inside-inner-col{border-top:8px solid var(--global-palette9, #ffffff);border-right:8px solid var(--global-palette9, #ffffff);border-bottom:8px solid var(--global-palette9, #ffffff);border-left:8px solid var(--global-palette9, #ffffff);flex-direction:column;justify-content:center;}}@media all and (max-width: 767px){.kadence-column1341_fb2b0f-b6 > .kt-inside-inner-col{border-top:8px solid var(--global-palette9, #ffffff);border-right:8px solid var(--global-palette9, #ffffff);border-bottom:8px solid var(--global-palette9, #ffffff);border-left:8px solid var(--global-palette9, #ffffff);flex-direction:column;justify-content:center;}.kadence-column1341_fb2b0f-b6, .kt-inside-inner-col > .kadence-column1341_fb2b0f-b6:not(.specificity){margin-top:0px;margin-left:0px;}}<\/style>\n<div class=\"wp-block-kadence-column kadence-column1341_fb2b0f-b6 ramka_hero\"><div class=\"kt-inside-inner-col\">\n<figure class=\"wp-block-image size-full\"><img decoding=\"async\" width=\"1000\" height=\"644\" src=\"https:\/\/aq.dot2.pl\/wp-content\/uploads\/2020\/04\/Hydromasaze-002.jpg\" alt=\"\" class=\"wp-image-1207\" srcset=\"https:\/\/aq.dot2.pl\/wp-content\/uploads\/2020\/04\/Hydromasaze-002.jpg 1000w, https:\/\/aq.dot2.pl\/wp-content\/uploads\/2020\/04\/Hydromasaze-002-300x193.jpg 300w, https:\/\/aq.dot2.pl\/wp-content\/uploads\/2020\/04\/Hydromasaze-002-768x495.jpg 768w\" sizes=\"(max-width: 1000px) 100vw, 1000px\" \/><\/figure>\n<\/div><\/div>\n\n<\/div><\/div>","protected":false},"excerpt":{"rendered":"<p>Sklepik Wszystko na basen, pla\u017c\u0119 i do \u0107wicze\u0144 p\u0142ywania rekreacyjnego i wyczynowego. Je\u015bli nie posiadasz lub zapomnia\u0142e\u015b stroju k\u0105pielowego, okulark\u00f3w, klapek lub innych akcesori\u00f3w do p\u0142ywania dla siebie lub dzieci zapraszamy do naszego doskonale zaopatrzonego sklepu. S\u0142u\u017cymy fachow\u0105 rad\u0105 i bogatym asortymentem na ka\u017cd\u0105 kiesze\u0144. Zajrzyj na funpage Sklep Aqua-Sport tel. 604 222 801 email:&#8230;<\/p>","protected":false},"author":1,"featured_media":1207,"parent":496,"menu_order":0,"comment_status":"closed","ping_status":"closed","template":"","meta":{"_acf_changed":false,"_kad_blocks_custom_css":"","_kad_blocks_head_custom_js":"","_kad_blocks_body_custom_js":"","_kad_blocks_footer_custom_js":"","_kad_post_transparent":"","_kad_post_title":"","_kad_post_layout":"","_kad_post_sidebar_id":"","_kad_post_content_style":"","_kad_post_vertical_padding":"","_kad_post_feature":"","_kad_post_feature_position":"","_kad_post_header":false,"_kad_post_footer":false,"_kad_post_classname":"","footnotes":""},"dzial":[16],"class_list":["post-1341","page","type-page","status-publish","has-post-thumbnail","hentry","dzial-informacje"],"acf":[],"taxonomy_info":{"dzial":[{"value":16,"label":"Informacje"}]},"featured_image_src_large":["https:\/\/aq.dot2.pl\/wp-content\/uploads\/2020\/04\/Hydromasaze-002.jpg",1000,644,false],"author_info":{"display_name":"admin","author_link":"https:\/\/aq.dot2.pl\/en\/author\/admin\/"},"comment_info":0,"_links":{"self":[{"href":"https:\/\/aq.dot2.pl\/en\/wp-json\/wp\/v2\/pages\/1341","targetHints":{"allow":["GET"]}}],"collection":[{"href":"https:\/\/aq.dot2.pl\/en\/wp-json\/wp\/v2\/pages"}],"about":[{"href":"https:\/\/aq.dot2.pl\/en\/wp-json\/wp\/v2\/types\/page"}],"author":[{"embeddable":true,"href":"https:\/\/aq.dot2.pl\/en\/wp-json\/wp\/v2\/users\/1"}],"replies":[{"embeddable":true,"href":"https:\/\/aq.dot2.pl\/en\/wp-json\/wp\/v2\/comments?post=1341"}],"version-history":[{"count":1,"href":"https:\/\/aq.dot2.pl\/en\/wp-json\/wp\/v2\/pages\/1341\/revisions"}],"predecessor-version":[{"id":10467,"href":"https:\/\/aq.dot2.pl\/en\/wp-json\/wp\/v2\/pages\/1341\/revisions\/10467"}],"up":[{"embeddable":true,"href":"https:\/\/aq.dot2.pl\/en\/wp-json\/wp\/v2\/pages\/496"}],"wp:featuredmedia":[{"embeddable":true,"href":"https:\/\/aq.dot2.pl\/en\/wp-json\/wp\/v2\/media\/1207"}],"wp:attachment":[{"href":"https:\/\/aq.dot2.pl\/en\/wp-json\/wp\/v2\/media?parent=1341"}],"wp:term":[{"taxonomy":"dzial","embeddable":true,"href":"https:\/\/aq.dot2.pl\/en\/wp-json\/wp\/v2\/dzial?post=1341"}],"curies":[{"name":"wp","href":"https:\/\/api.w.org\/{rel}","templated":true}]}}