{"id":1493,"date":"2020-04-27T11:18:25","date_gmt":"2020-04-27T09:18:25","guid":{"rendered":"http:\/\/aquaparksopot.pl\/\/?page_id=1493"},"modified":"2025-12-25T11:49:01","modified_gmt":"2025-12-25T10:49:01","slug":"rezerwacja-zabiegow-spa","status":"publish","type":"page","link":"https:\/\/aq.dot2.pl\/en\/rezerwacja-zabiegow-spa\/","title":{"rendered":"Booking of spa treatments"},"content":{"rendered":"<style>.kb-row-layout-id1493_a5894d-56 > .kt-row-column-wrap{align-content:center;}:where(.kb-row-layout-id1493_a5894d-56 > .kt-row-column-wrap) > .wp-block-kadence-column{justify-content:center;}.kb-row-layout-id1493_a5894d-56 > .kt-row-column-wrap{column-gap:var(--global-kb-gap-none, 0rem );row-gap:var(--global-kb-gap-md, 2rem);max-width:var( --global-content-width, 1590px );padding-left:var(--global-content-edge-padding);padding-right:var(--global-content-edge-padding);padding-top:0px;padding-bottom:var(--global-kb-spacing-sm, 1.5rem);grid-template-columns:repeat(2, minmax(0, 1fr));}.kb-row-layout-id1493_a5894d-56 > .kt-row-layout-overlay{opacity:0.30;}@media all and (max-width: 1024px){.kb-row-layout-id1493_a5894d-56 > .kt-row-column-wrap{grid-template-columns:repeat(2, minmax(0, 1fr));}}@media all and (max-width: 767px){.kb-row-layout-id1493_a5894d-56 > .kt-row-column-wrap{grid-template-columns:minmax(0, 1fr);}}<\/style><div class=\"kb-row-layout-wrap kb-row-layout-id1493_a5894d-56 alignnone hero wp-block-kadence-rowlayout\"><div class=\"kt-row-column-wrap kt-has-2-columns kt-row-layout-equal kt-tab-layout-inherit kt-mobile-layout-row kt-row-valign-middle kb-theme-content-width\">\n<style>.kadence-column1493_c438e2-31 > .kt-inside-inner-col{display:flex;}.kadence-column1493_c438e2-31 > .kt-inside-inner-col{padding-top:var(--global-kb-spacing-xxl, 5rem);padding-right:var(--global-kb-spacing-lg, 3rem);padding-bottom:var(--global-kb-spacing-lg, 3rem);padding-left:var(--global-kb-spacing-md, 2rem);}.kadence-column1493_c438e2-31 > .kt-inside-inner-col{min-height:500px;}.kadence-column1493_c438e2-31 > .kt-inside-inner-col,.kadence-column1493_c438e2-31 > .kt-inside-inner-col:before{border-top-left-radius:6px;border-top-right-radius:6px;border-bottom-right-radius:6px;border-bottom-left-radius:6px;}.kadence-column1493_c438e2-31 > .kt-inside-inner-col{column-gap:var(--global-kb-gap-sm, 1rem);}.kadence-column1493_c438e2-31 > .kt-inside-inner-col{flex-direction:column;justify-content:center;}.kadence-column1493_c438e2-31 > .kt-inside-inner-col > .aligncenter{width:100%;}.kt-row-column-wrap > .kadence-column1493_c438e2-31{align-self:center;}.kt-inner-column-height-full:not(.kt-has-1-columns) > .wp-block-kadence-column.kadence-column1493_c438e2-31{align-self:auto;}.kt-inner-column-height-full:not(.kt-has-1-columns) > .wp-block-kadence-column.kadence-column1493_c438e2-31 > .kt-inside-inner-col{flex-direction:column;justify-content:center;}.kadence-column1493_c438e2-31 > .kt-inside-inner-col:before{opacity:0.3;}.kadence-column1493_c438e2-31{position:relative;}@media all and (max-width: 1024px){.kt-row-column-wrap > .kadence-column1493_c438e2-31{align-self:center;}}@media all and (max-width: 1024px){.kt-inner-column-height-full:not(.kt-has-1-columns) > .wp-block-kadence-column.kadence-column1493_c438e2-31{align-self:auto;}}@media all and (max-width: 1024px){.kt-inner-column-height-full:not(.kt-has-1-columns) > .wp-block-kadence-column.kadence-column1493_c438e2-31 > .kt-inside-inner-col{flex-direction:column;justify-content:center;}}@media all and (max-width: 1024px){.kt-row-column-wrap.kt-tab-layout-three-grid > .kadence-column1493_c438e2-31, .kt-row-column-wrap.kt-tab-layout-two-grid > .kadence-column1493_c438e2-31, .kt-row-column-wrap.kt-tab-layout-row > .kadence-column1493_c438e2-31{order:2;}}@media all and (max-width: 1024px){.kadence-column1493_c438e2-31 > .kt-inside-inner-col{flex-direction:column;justify-content:center;}}@media all and (max-width: 767px){.kadence-column1493_c438e2-31 > .kt-inside-inner-col{padding-top:var(--global-kb-spacing-xl, 4rem);padding-bottom:var(--global-kb-spacing-md, 2rem);min-height:200px;flex-direction:column;justify-content:center;}.kt-row-column-wrap > .kadence-column1493_c438e2-31{align-self:center;}.kt-inner-column-height-full:not(.kt-has-1-columns) > .wp-block-kadence-column.kadence-column1493_c438e2-31{align-self:auto;}.kt-inner-column-height-full:not(.kt-has-1-columns) > .wp-block-kadence-column.kadence-column1493_c438e2-31 > .kt-inside-inner-col{flex-direction:column;justify-content:center;}.kt-row-column-wrap.kt-mobile-layout-three-grid > .kadence-column1493_c438e2-31, .kt-row-column-wrap.kt-mobile-layout-two-grid > .kadence-column1493_c438e2-31, .kt-row-column-wrap.kt-mobile-layout-row > .kadence-column1493_c438e2-31{order:2;}}<\/style>\n<div class=\"wp-block-kadence-column kadence-column1493_c438e2-31 hero-left\"><div class=\"kt-inside-inner-col\"><style>.wp-block-kadence-advancedheading.kt-adv-heading1493_2fa5ad-65, .wp-block-kadence-advancedheading.kt-adv-heading1493_2fa5ad-65[data-kb-block=\"kb-adv-heading1493_2fa5ad-65\"]{font-style:normal;}.wp-block-kadence-advancedheading.kt-adv-heading1493_2fa5ad-65 mark.kt-highlight, .wp-block-kadence-advancedheading.kt-adv-heading1493_2fa5ad-65[data-kb-block=\"kb-adv-heading1493_2fa5ad-65\"] mark.kt-highlight{font-style:normal;color:#f76a0c;-webkit-box-decoration-break:clone;box-decoration-break:clone;padding-top:0px;padding-right:0px;padding-bottom:0px;padding-left:0px;}.wp-block-kadence-advancedheading.kt-adv-heading1493_2fa5ad-65 img.kb-inline-image, .wp-block-kadence-advancedheading.kt-adv-heading1493_2fa5ad-65[data-kb-block=\"kb-adv-heading1493_2fa5ad-65\"] img.kb-inline-image{width:150px;vertical-align:baseline;}<\/style>\n<h1 class=\"kt-adv-heading1493_2fa5ad-65 wp-block-kadence-advancedheading\" data-kb-block=\"kb-adv-heading1493_2fa5ad-65\"><strong>Booking:&nbsp;<\/strong><\/h1>\n\n\n\n<p>tel:&nbsp;<a href=\"tel:+48501194193\">+48 501 194 193<\/a><\/p>\n\n\n\n<p>tel:&nbsp;<a href=\"tel:+48503180055\">+48 503 180 055<\/a><\/p>\n\n\n\n<p>e-mail:&nbsp;<a href=\"mailto:sauny@aquaparksopot.pl\">sauny@aquaparksopot.pl<\/a><\/p>\n<\/div><\/div>\n\n\n<style>.kadence-column1493_2caec2-30 > .kt-inside-inner-col{box-shadow:0px 0px 14px 0px rgba(0, 0, 0, 0.2);border-top:8px solid var(--global-palette9, #ffffff);border-right:8px solid var(--global-palette9, #ffffff);border-bottom:8px solid var(--global-palette9, #ffffff);border-left:8px solid var(--global-palette9, #ffffff);}.kadence-column1493_2caec2-30 > .kt-inside-inner-col,.kadence-column1493_2caec2-30 > .kt-inside-inner-col:before{border-top-left-radius:6px;border-top-right-radius:6px;border-bottom-right-radius:6px;border-bottom-left-radius:6px;}.kadence-column1493_2caec2-30 > .kt-inside-inner-col{column-gap:var(--global-kb-gap-sm, 1rem);}.kadence-column1493_2caec2-30 > .kt-inside-inner-col{flex-direction:column;}.kadence-column1493_2caec2-30 > .kt-inside-inner-col > .aligncenter{width:100%;}.kadence-column1493_2caec2-30 > .kt-inside-inner-col:before{opacity:0.3;}.kadence-column1493_2caec2-30{position:relative;}.kadence-column1493_2caec2-30, .kt-inside-inner-col > .kadence-column1493_2caec2-30:not(.specificity){margin-top:40px;margin-left:-40px;}@media all and (max-width: 1024px){.kadence-column1493_2caec2-30 > .kt-inside-inner-col{border-top:8px solid var(--global-palette9, #ffffff);border-right:8px solid var(--global-palette9, #ffffff);border-bottom:8px solid var(--global-palette9, #ffffff);border-left:8px solid var(--global-palette9, #ffffff);flex-direction:column;justify-content:center;}}@media all and (max-width: 767px){.kadence-column1493_2caec2-30 > .kt-inside-inner-col{border-top:8px solid var(--global-palette9, #ffffff);border-right:8px solid var(--global-palette9, #ffffff);border-bottom:8px solid var(--global-palette9, #ffffff);border-left:8px solid var(--global-palette9, #ffffff);flex-direction:column;justify-content:center;}.kadence-column1493_2caec2-30, .kt-inside-inner-col > .kadence-column1493_2caec2-30:not(.specificity){margin-top:0px;margin-left:0px;}}<\/style>\n<div class=\"wp-block-kadence-column kadence-column1493_2caec2-30 ramka_hero\"><div class=\"kt-inside-inner-col\"><style>.kb-image1493_556b75-fc .kb-image-has-overlay:after{opacity:0.3;}<\/style>\n<figure class=\"wp-block-kadence-image kb-image1493_556b75-fc size-large\"><img decoding=\"async\" width=\"1024\" height=\"683\" src=\"https:\/\/spcdn.shortpixel.ai\/spio\/ret_img,q_cdnize,to_webp,s_webp\/aq.dot2.pl\/wp-content\/uploads\/2025\/10\/gabinet-B2-scaled-1-1024x683.jpg\" alt=\"\" class=\"kb-img wp-image-9064\" srcset=\"https:\/\/spcdn.shortpixel.ai\/spio\/ret_img,q_cdnize,to_webp,s_webp\/aq.dot2.pl\/wp-content\/uploads\/2025\/10\/gabinet-B2-scaled-1-1024x683.jpg 1024w, https:\/\/spcdn.shortpixel.ai\/spio\/ret_img,q_cdnize,to_webp,s_webp\/aq.dot2.pl\/wp-content\/uploads\/2025\/10\/gabinet-B2-scaled-1-300x200.jpg 300w, https:\/\/spcdn.shortpixel.ai\/spio\/ret_img,q_cdnize,to_webp,s_webp\/aq.dot2.pl\/wp-content\/uploads\/2025\/10\/gabinet-B2-scaled-1-768x512.jpg 768w, https:\/\/spcdn.shortpixel.ai\/spio\/ret_img,q_cdnize,to_webp,s_webp\/aq.dot2.pl\/wp-content\/uploads\/2025\/10\/gabinet-B2-scaled-1-1536x1024.jpg 1536w, https:\/\/spcdn.shortpixel.ai\/spio\/ret_img,q_cdnize,to_webp,s_webp\/aq.dot2.pl\/wp-content\/uploads\/2025\/10\/gabinet-B2-scaled-1-2048x1366.jpg 2048w\" sizes=\"(max-width: 1024px) 100vw, 1024px\" \/><\/figure>\n<\/div><\/div>\n\n<\/div><\/div>\n\n<style>.kb-row-layout-id1493_129f1b-2a > .kt-row-column-wrap{align-content:start;}:where(.kb-row-layout-id1493_129f1b-2a > .kt-row-column-wrap) > .wp-block-kadence-column{justify-content:start;}.kb-row-layout-id1493_129f1b-2a > .kt-row-column-wrap{column-gap:var(--global-kb-gap-md, 2rem);row-gap:var(--global-kb-gap-md, 2rem);max-width:var( --global-content-width, 1590px );padding-left:var(--global-content-edge-padding);padding-right:var(--global-content-edge-padding);padding-top:var(--global-kb-spacing-sm, 1.5rem);padding-bottom:var(--global-kb-spacing-sm, 1.5rem);grid-template-columns:minmax(0, 1fr);}.kb-row-layout-id1493_129f1b-2a > .kt-row-layout-overlay{opacity:0.30;}@media all and (max-width: 1024px){.kb-row-layout-id1493_129f1b-2a > .kt-row-column-wrap{grid-template-columns:minmax(0, 1fr);}}@media all and (max-width: 767px){.kb-row-layout-id1493_129f1b-2a > .kt-row-column-wrap{grid-template-columns:minmax(0, 1fr);}}<\/style><div class=\"kb-row-layout-wrap kb-row-layout-id1493_129f1b-2a alignnone stylowane wp-block-kadence-rowlayout\"><div class=\"kt-row-column-wrap kt-has-1-columns kt-row-layout-equal kt-tab-layout-inherit kt-mobile-layout-row kt-row-valign-top kb-theme-content-width\">\n<style>.kadence-column1493_581b54-3a > .kt-inside-inner-col,.kadence-column1493_581b54-3a > .kt-inside-inner-col:before{border-top-left-radius:0px;border-top-right-radius:0px;border-bottom-right-radius:0px;border-bottom-left-radius:0px;}.kadence-column1493_581b54-3a > .kt-inside-inner-col{column-gap:var(--global-kb-gap-sm, 1rem);}.kadence-column1493_581b54-3a > .kt-inside-inner-col{flex-direction:column;}.kadence-column1493_581b54-3a > .kt-inside-inner-col > .aligncenter{width:100%;}.kadence-column1493_581b54-3a > .kt-inside-inner-col:before{opacity:0.3;}.kadence-column1493_581b54-3a{position:relative;}@media all and (max-width: 1024px){.kadence-column1493_581b54-3a > .kt-inside-inner-col{flex-direction:column;justify-content:center;}}@media all and (max-width: 767px){.kadence-column1493_581b54-3a > .kt-inside-inner-col{flex-direction:column;justify-content:center;}}<\/style>\n<div class=\"wp-block-kadence-column kadence-column1493_581b54-3a\"><div class=\"kt-inside-inner-col\">\n<p>For clients using only Spa treatments, there is an additional ticket for PLN 1 which allows access to the wellness area for 15 minutes. Time is kept during treatments. Surcharge for each minute exceeded PLN 1.20.<\/p>\n\n\n\n<p>The Spa and Sauna area is open to adults only.<\/p>\n<\/div><\/div>\n\n<\/div><\/div>","protected":false},"excerpt":{"rendered":"<p>Rezerwacja:&nbsp; tel.:&nbsp;+48 501 194 193 tel.:&nbsp;+48 503 180 055 e-mail:&nbsp;sauny@aquaparksopot.pl Dla Klient\u00f3w korzystaj\u0105cych wy\u0142\u0105cznie z zabieg\u00f3w Spa dodatkowo obowi\u0105zuje bilet za 1 z\u0142, kt\u00f3ry umo\u017cliwia wst\u0119p na teren odnowy biologicznej na 15 minut. Podczas trwania zabieg\u00f3w zatrzymywany jest czas. Dop\u0142ata za ka\u017cd\u0105 przekroczon\u0105 minut\u0119 1,20 z\u0142. Strefa Spa oraz Saun jest dost\u0119pna tylko dla os\u00f3b&#8230;<\/p>","protected":false},"author":1,"featured_media":0,"parent":0,"menu_order":0,"comment_status":"closed","ping_status":"closed","template":"","meta":{"_acf_changed":false,"_kad_blocks_custom_css":"","_kad_blocks_head_custom_js":"","_kad_blocks_body_custom_js":"","_kad_blocks_footer_custom_js":"","_kad_post_transparent":"","_kad_post_title":"","_kad_post_layout":"","_kad_post_sidebar_id":"","_kad_post_content_style":"","_kad_post_vertical_padding":"","_kad_post_feature":"","_kad_post_feature_position":"","_kad_post_header":false,"_kad_post_footer":false,"_kad_post_classname":"","footnotes":""},"dzial":[],"class_list":["post-1493","page","type-page","status-publish","hentry"],"acf":[],"taxonomy_info":[],"featured_image_src_large":false,"author_info":{"display_name":"admin","author_link":"https:\/\/aq.dot2.pl\/en\/author\/admin\/"},"comment_info":0,"_links":{"self":[{"href":"https:\/\/aq.dot2.pl\/en\/wp-json\/wp\/v2\/pages\/1493","targetHints":{"allow":["GET"]}}],"collection":[{"href":"https:\/\/aq.dot2.pl\/en\/wp-json\/wp\/v2\/pages"}],"about":[{"href":"https:\/\/aq.dot2.pl\/en\/wp-json\/wp\/v2\/types\/page"}],"author":[{"embeddable":true,"href":"https:\/\/aq.dot2.pl\/en\/wp-json\/wp\/v2\/users\/1"}],"replies":[{"embeddable":true,"href":"https:\/\/aq.dot2.pl\/en\/wp-json\/wp\/v2\/comments?post=1493"}],"version-history":[{"count":0,"href":"https:\/\/aq.dot2.pl\/en\/wp-json\/wp\/v2\/pages\/1493\/revisions"}],"wp:attachment":[{"href":"https:\/\/aq.dot2.pl\/en\/wp-json\/wp\/v2\/media?parent=1493"}],"wp:term":[{"taxonomy":"dzial","embeddable":true,"href":"https:\/\/aq.dot2.pl\/en\/wp-json\/wp\/v2\/dzial?post=1493"}],"curies":[{"name":"wp","href":"https:\/\/api.w.org\/{rel}","templated":true}]}}