{"id":3198,"date":"2021-06-07T08:09:05","date_gmt":"2021-06-07T06:09:05","guid":{"rendered":"http:\/\/aquaparksopot.pl\/?page_id=3198"},"modified":"2026-01-08T12:55:28","modified_gmt":"2026-01-08T11:55:28","slug":"bilety-grupowe","status":"publish","type":"page","link":"https:\/\/aq.dot2.pl\/en\/bilety-grupowe\/","title":{"rendered":"Group Tickets"},"content":{"rendered":"<p class=\"has-text-align-center\"><span style=\"color: #ff0000;\"><strong><strong>Offer valid: 01.10.-31.12.2025 r.<\/strong><\/strong><\/span><\/p>\n\n\n\n<p class=\"has-text-align-center\"><strong>Group entry from 15 people.&nbsp;<\/strong><strong>The chaperone of a group of up to 15 children enters the pool free of charge,<\/strong><\/p>\n\n\n\n<p class=\"has-text-align-center\"><strong>the next carer buys a 3-hour normal ticket according to the price list<\/strong><\/p>\n\n\n\n<p class=\"has-text-align-center\">Daily reduced ticket 3h 85 z\u0142<\/p>\n\n\n\n<p class=\"has-text-align-center\">(price per person)<\/p>\n\n\n<style>.wp-block-kadence-advancedgallery.kb-gallery-wrap-id-3198_4f78cb-84{margin-bottom:var(--global-kb-spacing-lg, 3rem);}.wp-block-kadence-advancedgallery.kb-gallery-wrap-id-3198_4f78cb-84{overflow:hidden;}.kb-gallery-id-3198_4f78cb-84 .kadence-blocks-gallery-item .kb-gal-image-radius, .kb-gallery-id-3198_4f78cb-84 .kb-slide-item .kb-gal-image-radius img{border-radius:0px 0px 0px 0px;;}.kb-gallery-wrap-id-3198_4f78cb-84.wp-block-kadence-advancedgallery{overflow:visible;}.kb-gallery-wrap-id-3198_4f78cb-84.wp-block-kadence-advancedgallery .kt-blocks-carousel{overflow:visible;}<\/style><div class=\"kb-gallery-wrap-id-3198_4f78cb-84 alignnone wp-block-kadence-advancedgallery\"><div class=\"kb-gallery-ul kb-gallery-non-static kb-gallery-type-carousel kb-gallery-id-3198_4f78cb-84 kb-gallery-caption-style-bottom-hover kb-gallery-filter-none\" data-image-filter=\"none\" data-lightbox-caption=\"true\"><div class=\"kt-blocks-carousel splide kt-carousel-container-dotstyle-none\" data-columns-xxl=\"3\" data-columns-xl=\"3\" data-columns-md=\"3\" data-columns-sm=\"2\" data-columns-xs=\"1\" data-columns-ss=\"1\" data-slider-anim-speed=\"400\" data-slider-scroll=\"1\" data-slider-arrows=\"true\" data-slider-dots=\"false\" data-slider-hover-pause=\"false\" data-slider-auto=\"\" data-slider-speed=\"7000\" data-slider-gap=\"10px\" data-slider-gap-tablet=\"10px\" data-slider-gap-mobile=\"10px\" data-show-pause-button=\"false\" aria-label=\"Photo Gallery Carousel\"><div class=\"splide__track\"><ul class=\"kt-blocks-carousel-init kb-gallery-carousel splide__list kt-carousel-arrowstyle-whiteondark kt-carousel-dotstyle-none kb-slider-group-arrow kb-slider-arrow-position-center\"><li class=\"kb-slide-item kb-gallery-carousel-item splide__slide\"><div class=\"kadence-blocks-gallery-item\"><div class=\"kadence-blocks-gallery-item-inner\"><figure class=\"kb-gallery-figure kadence-blocks-gallery-item-hide-caption\"><div class=\"kb-gal-image-radius\"><div class=\"kb-gallery-image-contain kadence-blocks-gallery-intrinsic kb-gallery-image-ratio-land32 kb-has-image-ratio-land32\" ><img decoding=\"async\" src=\"https:\/\/spcdn.shortpixel.ai\/spio\/ret_img,q_cdnize,to_webp,s_webp\/aq.dot2.pl\/wp-content\/uploads\/2025\/10\/DSC00061-scaled-1-1024x742.jpg\" width=\"1024\" height=\"742\" alt=\"\" data-full-image=\"https:\/\/spcdn.shortpixel.ai\/spio\/ret_img,q_cdnize,to_webp,s_webp\/aq.dot2.pl\/wp-content\/uploads\/2025\/10\/DSC00061-scaled-1.jpg\" data-light-image=\"https:\/\/spcdn.shortpixel.ai\/spio\/ret_img,q_cdnize,to_webp,s_webp\/aq.dot2.pl\/wp-content\/uploads\/2025\/10\/DSC00061-scaled-1.jpg\" data-id=\"8990\" class=\"wp-image-8990 skip-lazy\" srcset=\"https:\/\/spcdn.shortpixel.ai\/spio\/ret_img,q_cdnize,to_webp,s_webp\/aq.dot2.pl\/wp-content\/uploads\/2025\/10\/DSC00061-scaled-1-1024x742.jpg 1024w, https:\/\/spcdn.shortpixel.ai\/spio\/ret_img,q_cdnize,to_webp,s_webp\/aq.dot2.pl\/wp-content\/uploads\/2025\/10\/DSC00061-scaled-1-300x217.jpg 300w, https:\/\/spcdn.shortpixel.ai\/spio\/ret_img,q_cdnize,to_webp,s_webp\/aq.dot2.pl\/wp-content\/uploads\/2025\/10\/DSC00061-scaled-1-768x557.jpg 768w, https:\/\/spcdn.shortpixel.ai\/spio\/ret_img,q_cdnize,to_webp,s_webp\/aq.dot2.pl\/wp-content\/uploads\/2025\/10\/DSC00061-scaled-1-1536x1113.jpg 1536w, https:\/\/spcdn.shortpixel.ai\/spio\/ret_img,q_cdnize,to_webp,s_webp\/aq.dot2.pl\/wp-content\/uploads\/2025\/10\/DSC00061-scaled-1.jpg 1932w\" sizes=\"(max-width: 1024px) 100vw, 1024px\" \/><\/div><\/div><\/figure><\/div><\/div><\/li><li class=\"kb-slide-item kb-gallery-carousel-item splide__slide\"><div class=\"kadence-blocks-gallery-item\"><div class=\"kadence-blocks-gallery-item-inner\"><figure class=\"kb-gallery-figure kadence-blocks-gallery-item-hide-caption\"><div class=\"kb-gal-image-radius\"><div class=\"kb-gallery-image-contain kadence-blocks-gallery-intrinsic kb-gallery-image-ratio-land32 kb-has-image-ratio-land32\" ><img decoding=\"async\" src=\"https:\/\/spcdn.shortpixel.ai\/spio\/ret_img,q_cdnize,to_webp,s_webp\/aq.dot2.pl\/wp-content\/uploads\/2025\/10\/DSC02526_aquaparkMB2018-scaled-1-1024x683.jpg\" width=\"1024\" height=\"683\" alt=\"\" data-full-image=\"https:\/\/aq.dot2.pl\/wp-content\/uploads\/2025\/10\/DSC02526_aquaparkMB2018-scaled-1.jpg\" data-light-image=\"https:\/\/aq.dot2.pl\/wp-content\/uploads\/2025\/10\/DSC02526_aquaparkMB2018-scaled-1.jpg\" data-id=\"8991\" class=\"wp-image-8991 skip-lazy\" srcset=\"https:\/\/spcdn.shortpixel.ai\/spio\/ret_img,q_cdnize,to_webp,s_webp\/aq.dot2.pl\/wp-content\/uploads\/2025\/10\/DSC02526_aquaparkMB2018-scaled-1-1024x683.jpg 1024w, https:\/\/spcdn.shortpixel.ai\/spio\/ret_img,q_cdnize,to_webp,s_webp\/aq.dot2.pl\/wp-content\/uploads\/2025\/10\/DSC02526_aquaparkMB2018-scaled-1-300x200.jpg 300w, https:\/\/spcdn.shortpixel.ai\/spio\/ret_img,q_cdnize,to_webp,s_webp\/aq.dot2.pl\/wp-content\/uploads\/2025\/10\/DSC02526_aquaparkMB2018-scaled-1-768x512.jpg 768w, https:\/\/spcdn.shortpixel.ai\/spio\/ret_img,q_cdnize,to_webp,s_webp\/aq.dot2.pl\/wp-content\/uploads\/2025\/10\/DSC02526_aquaparkMB2018-scaled-1-1536x1024.jpg 1536w, https:\/\/spcdn.shortpixel.ai\/spio\/ret_img,q_cdnize,to_webp,s_webp\/aq.dot2.pl\/wp-content\/uploads\/2025\/10\/DSC02526_aquaparkMB2018-scaled-1-2048x1366.jpg 2048w\" sizes=\"(max-width: 1024px) 100vw, 1024px\" \/><\/div><\/div><\/figure><\/div><\/div><\/li><li class=\"kb-slide-item kb-gallery-carousel-item splide__slide\"><div class=\"kadence-blocks-gallery-item\"><div class=\"kadence-blocks-gallery-item-inner\"><figure class=\"kb-gallery-figure kadence-blocks-gallery-item-hide-caption\"><div class=\"kb-gal-image-radius\"><div class=\"kb-gallery-image-contain kadence-blocks-gallery-intrinsic kb-gallery-image-ratio-land32 kb-has-image-ratio-land32\" ><img decoding=\"async\" src=\"https:\/\/spcdn.shortpixel.ai\/spio\/ret_img,q_cdnize,to_webp,s_webp\/aq.dot2.pl\/wp-content\/uploads\/2025\/10\/AQUAPARK_037-scaled-1-1024x672.jpg\" width=\"1024\" height=\"672\" alt=\"\" data-full-image=\"https:\/\/aq.dot2.pl\/wp-content\/uploads\/2025\/10\/AQUAPARK_037-scaled-1.jpg\" data-light-image=\"https:\/\/aq.dot2.pl\/wp-content\/uploads\/2025\/10\/AQUAPARK_037-scaled-1.jpg\" data-id=\"8989\" class=\"wp-image-8989 skip-lazy\" srcset=\"https:\/\/spcdn.shortpixel.ai\/spio\/ret_img,q_cdnize,to_webp,s_webp\/aq.dot2.pl\/wp-content\/uploads\/2025\/10\/AQUAPARK_037-scaled-1-1024x672.jpg 1024w, https:\/\/spcdn.shortpixel.ai\/spio\/ret_img,q_cdnize,to_webp,s_webp\/aq.dot2.pl\/wp-content\/uploads\/2025\/10\/AQUAPARK_037-scaled-1-300x197.jpg 300w, https:\/\/spcdn.shortpixel.ai\/spio\/ret_img,q_cdnize,to_webp,s_webp\/aq.dot2.pl\/wp-content\/uploads\/2025\/10\/AQUAPARK_037-scaled-1-768x504.jpg 768w, https:\/\/spcdn.shortpixel.ai\/spio\/ret_img,q_cdnize,to_webp,s_webp\/aq.dot2.pl\/wp-content\/uploads\/2025\/10\/AQUAPARK_037-scaled-1-1536x1009.jpg 1536w, https:\/\/spcdn.shortpixel.ai\/spio\/ret_img,q_cdnize,to_webp,s_webp\/aq.dot2.pl\/wp-content\/uploads\/2025\/10\/AQUAPARK_037-scaled-1-2048x1345.jpg 2048w\" sizes=\"(max-width: 1024px) 100vw, 1024px\" \/><\/div><\/div><\/figure><\/div><\/div><\/li><\/ul><\/div><\/div><\/div><\/div>\n\n\n<p class=\"has-text-align-center\">During your stay at the pools, it is possible to use the bar in the pool hall.<\/p>\n\n\n\n<p class=\"has-text-align-center\">Orders can only be made by the group chaperone - payment upon settlement at the box office.<\/p>\n\n\n\n<p class=\"has-text-align-center\">We invite you to take advantage of our offer of lunch sets for groups.<\/p>\n\n\n\n<p class=\"has-text-align-center\">Kits are provided in the application - consumption follows a stay at the pools.<\/p>\n\n\n\n<p class=\"has-text-align-center\"><strong>Promotions do not combine<\/strong><\/p>\n\n\n<style>.wp-block-kadence-advancedgallery.kb-gallery-wrap-id-3198_c516b4-b6{overflow:hidden;}.kb-gallery-id-3198_c516b4-b6 .kadence-blocks-gallery-item .kb-gal-image-radius, .kb-gallery-id-3198_c516b4-b6 .kb-slide-item .kb-gal-image-radius img{border-radius:0px 0px 0px 0px;;}.kb-gallery-wrap-id-3198_c516b4-b6.wp-block-kadence-advancedgallery{overflow:visible;}.kb-gallery-wrap-id-3198_c516b4-b6.wp-block-kadence-advancedgallery .kt-blocks-carousel{overflow:visible;}<\/style><div class=\"kb-gallery-wrap-id-3198_c516b4-b6 alignnone wp-block-kadence-advancedgallery\"><div class=\"kb-gallery-ul kb-gallery-non-static kb-gallery-type-carousel kb-gallery-id-3198_c516b4-b6 kb-gallery-caption-style-bottom-hover kb-gallery-filter-none\" data-image-filter=\"none\" data-lightbox-caption=\"true\"><div class=\"kt-blocks-carousel splide kt-carousel-container-dotstyle-dark\" data-columns-xxl=\"4\" data-columns-xl=\"4\" data-columns-md=\"4\" data-columns-sm=\"3\" data-columns-xs=\"2\" data-columns-ss=\"2\" data-slider-anim-speed=\"400\" data-slider-scroll=\"1\" data-slider-arrows=\"true\" data-slider-dots=\"true\" data-slider-hover-pause=\"false\" data-slider-auto=\"\" data-slider-speed=\"7000\" data-slider-gap=\"10px\" data-slider-gap-tablet=\"10px\" data-slider-gap-mobile=\"10px\" data-show-pause-button=\"false\" aria-label=\"Photo Gallery Carousel\"><div class=\"splide__track\"><ul class=\"kt-blocks-carousel-init kb-gallery-carousel splide__list kt-carousel-arrowstyle-whiteondark kt-carousel-dotstyle-dark kb-slider-group-arrow kb-slider-arrow-position-center\"><li class=\"kb-slide-item kb-gallery-carousel-item splide__slide\"><div class=\"kadence-blocks-gallery-item\"><div class=\"kadence-blocks-gallery-item-inner\"><figure class=\"kb-gallery-figure kadence-blocks-gallery-item-hide-caption\"><div class=\"kb-gal-image-radius\"><div class=\"kb-gallery-image-contain kadence-blocks-gallery-intrinsic kb-gallery-image-ratio-land32 kb-has-image-ratio-land32\" ><img decoding=\"async\" src=\"https:\/\/aq.dot2.pl\/wp-content\/uploads\/2022\/04\/DSC02480-scaled-1-788x1024.jpg\" width=\"788\" height=\"1024\" alt=\"\" data-full-image=\"https:\/\/aq.dot2.pl\/wp-content\/uploads\/2022\/04\/DSC02480-scaled-1.jpg\" data-light-image=\"https:\/\/aq.dot2.pl\/wp-content\/uploads\/2022\/04\/DSC02480-scaled-1.jpg\" data-id=\"4765\" class=\"wp-image-4765 skip-lazy\" srcset=\"https:\/\/aq.dot2.pl\/wp-content\/uploads\/2022\/04\/DSC02480-scaled-1-788x1024.jpg 788w, https:\/\/aq.dot2.pl\/wp-content\/uploads\/2022\/04\/DSC02480-scaled-1-231x300.jpg 231w, https:\/\/aq.dot2.pl\/wp-content\/uploads\/2022\/04\/DSC02480-scaled-1-768x998.jpg 768w, https:\/\/aq.dot2.pl\/wp-content\/uploads\/2022\/04\/DSC02480-scaled-1-1182x1536.jpg 1182w, https:\/\/aq.dot2.pl\/wp-content\/uploads\/2022\/04\/DSC02480-scaled-1-1576x2048.jpg 1576w, https:\/\/aq.dot2.pl\/wp-content\/uploads\/2022\/04\/DSC02480-scaled-1.jpg 1920w\" sizes=\"(max-width: 788px) 100vw, 788px\" \/><\/div><\/div><\/figure><\/div><\/div><\/li><li class=\"kb-slide-item kb-gallery-carousel-item splide__slide\"><div class=\"kadence-blocks-gallery-item\"><div class=\"kadence-blocks-gallery-item-inner\"><figure class=\"kb-gallery-figure kadence-blocks-gallery-item-hide-caption\"><div class=\"kb-gal-image-radius\"><div class=\"kb-gallery-image-contain kadence-blocks-gallery-intrinsic kb-gallery-image-ratio-land32 kb-has-image-ratio-land32\" ><img decoding=\"async\" src=\"https:\/\/spcdn.shortpixel.ai\/spio\/ret_img,q_cdnize,to_webp,s_webp\/aq.dot2.pl\/wp-content\/uploads\/2025\/10\/DSC02240-1024x683.jpg\" width=\"1024\" height=\"683\" alt=\"\" data-full-image=\"https:\/\/aq.dot2.pl\/wp-content\/uploads\/2025\/10\/DSC02240.jpg\" data-light-image=\"https:\/\/aq.dot2.pl\/wp-content\/uploads\/2025\/10\/DSC02240.jpg\" data-id=\"8962\" class=\"wp-image-8962 skip-lazy\" srcset=\"https:\/\/spcdn.shortpixel.ai\/spio\/ret_img,q_cdnize,to_webp,s_webp\/aq.dot2.pl\/wp-content\/uploads\/2025\/10\/DSC02240-1024x683.jpg 1024w, https:\/\/spcdn.shortpixel.ai\/spio\/ret_img,q_cdnize,to_webp,s_webp\/aq.dot2.pl\/wp-content\/uploads\/2025\/10\/DSC02240-300x200.jpg 300w, https:\/\/spcdn.shortpixel.ai\/spio\/ret_img,q_cdnize,to_webp,s_webp\/aq.dot2.pl\/wp-content\/uploads\/2025\/10\/DSC02240-768x512.jpg 768w, https:\/\/spcdn.shortpixel.ai\/spio\/ret_img,q_cdnize,to_webp,s_webp\/aq.dot2.pl\/wp-content\/uploads\/2025\/10\/DSC02240-1536x1024.jpg 1536w, https:\/\/spcdn.shortpixel.ai\/spio\/ret_img,q_cdnize,to_webp,s_webp\/aq.dot2.pl\/wp-content\/uploads\/2025\/10\/DSC02240-2048x1366.jpg 2048w\" sizes=\"(max-width: 1024px) 100vw, 1024px\" \/><\/div><\/div><\/figure><\/div><\/div><\/li><li class=\"kb-slide-item kb-gallery-carousel-item splide__slide\"><div class=\"kadence-blocks-gallery-item\"><div class=\"kadence-blocks-gallery-item-inner\"><figure class=\"kb-gallery-figure kadence-blocks-gallery-item-hide-caption\"><div class=\"kb-gal-image-radius\"><div class=\"kb-gallery-image-contain kadence-blocks-gallery-intrinsic kb-gallery-image-ratio-land32 kb-has-image-ratio-land32\" ><img decoding=\"async\" src=\"https:\/\/spcdn.shortpixel.ai\/spio\/ret_img,q_cdnize,to_webp,s_webp\/aq.dot2.pl\/wp-content\/uploads\/2025\/10\/DSC02175-1024x683.jpg\" width=\"1024\" height=\"683\" alt=\"\" data-full-image=\"https:\/\/aq.dot2.pl\/wp-content\/uploads\/2025\/10\/DSC02175.jpg\" data-light-image=\"https:\/\/aq.dot2.pl\/wp-content\/uploads\/2025\/10\/DSC02175.jpg\" data-id=\"8963\" class=\"wp-image-8963 skip-lazy\" srcset=\"https:\/\/spcdn.shortpixel.ai\/spio\/ret_img,q_cdnize,to_webp,s_webp\/aq.dot2.pl\/wp-content\/uploads\/2025\/10\/DSC02175-1024x683.jpg 1024w, https:\/\/spcdn.shortpixel.ai\/spio\/ret_img,q_cdnize,to_webp,s_webp\/aq.dot2.pl\/wp-content\/uploads\/2025\/10\/DSC02175-300x200.jpg 300w, https:\/\/spcdn.shortpixel.ai\/spio\/ret_img,q_cdnize,to_webp,s_webp\/aq.dot2.pl\/wp-content\/uploads\/2025\/10\/DSC02175-768x512.jpg 768w, https:\/\/spcdn.shortpixel.ai\/spio\/ret_img,q_cdnize,to_webp,s_webp\/aq.dot2.pl\/wp-content\/uploads\/2025\/10\/DSC02175-1536x1024.jpg 1536w, https:\/\/spcdn.shortpixel.ai\/spio\/ret_img,q_cdnize,to_webp,s_webp\/aq.dot2.pl\/wp-content\/uploads\/2025\/10\/DSC02175-2048x1366.jpg 2048w\" sizes=\"(max-width: 1024px) 100vw, 1024px\" \/><\/div><\/div><\/figure><\/div><\/div><\/li><li class=\"kb-slide-item kb-gallery-carousel-item splide__slide\"><div class=\"kadence-blocks-gallery-item\"><div class=\"kadence-blocks-gallery-item-inner\"><figure class=\"kb-gallery-figure kadence-blocks-gallery-item-hide-caption\"><div class=\"kb-gal-image-radius\"><div class=\"kb-gallery-image-contain kadence-blocks-gallery-intrinsic kb-gallery-image-ratio-land32 kb-has-image-ratio-land32\" ><img decoding=\"async\" src=\"https:\/\/aq.dot2.pl\/wp-content\/uploads\/2025\/10\/DSC02291-683x1024.jpg\" width=\"683\" height=\"1024\" alt=\"\" data-full-image=\"https:\/\/aq.dot2.pl\/wp-content\/uploads\/2025\/10\/DSC02291.jpg\" data-light-image=\"https:\/\/aq.dot2.pl\/wp-content\/uploads\/2025\/10\/DSC02291.jpg\" data-id=\"8961\" class=\"wp-image-8961 skip-lazy\" srcset=\"https:\/\/aq.dot2.pl\/wp-content\/uploads\/2025\/10\/DSC02291-683x1024.jpg 683w, https:\/\/aq.dot2.pl\/wp-content\/uploads\/2025\/10\/DSC02291-200x300.jpg 200w, https:\/\/aq.dot2.pl\/wp-content\/uploads\/2025\/10\/DSC02291-768x1152.jpg 768w, https:\/\/aq.dot2.pl\/wp-content\/uploads\/2025\/10\/DSC02291-1024x1536.jpg 1024w, https:\/\/aq.dot2.pl\/wp-content\/uploads\/2025\/10\/DSC02291-1366x2048.jpg 1366w, https:\/\/aq.dot2.pl\/wp-content\/uploads\/2025\/10\/DSC02291.jpg 1707w\" sizes=\"(max-width: 683px) 100vw, 683px\" \/><\/div><\/div><\/figure><\/div><\/div><\/li><\/ul><\/div><\/div><\/div><\/div>\n\n\n<p>&nbsp;<\/p>\n\n\n\n<p><strong>Please book and confirm your arrival in writing:<\/strong><\/p>\n\n\n\n<p><strong>Customer Service Office<\/strong><\/p>\n\n\n\n<p><a href=\"mailto:bok@aquaparksopot.pl\"><strong>bok@aquaparksopot.pl<\/strong><\/a><\/p>\n\n\n\n<p><strong>&nbsp;<a href=\"tel:+48501194193\">+48 501 194 193<\/a><\/strong><\/p>\n\n\n\n<p><a href=\"https:\/\/aq.dot2.pl\/wp-content\/uploads\/2025\/10\/Zgloszenie-przyjazdu-grupowego-od-01.10.-do-31.12.2025.docx\">Notification of group arrivals from 01.10.2025 to 31.12.2025<\/a><\/p>\n\n\n\n<p><a href=\"https:\/\/aq.dot2.pl\/wp-content\/uploads\/2025\/10\/ZGLOSZENIE-PRZYJAZDU-GRUPOWEGO-obiady-od-01.10.-do-31.12.2025-1.docx\">Submit lunches for the group. Offer valid from 01.10.2025 to 31.12.2025<\/a><\/p>\n\n\n\n<p>&nbsp;<\/p>\n\n\n\n<p>&nbsp;<\/p>\n\n\n\n<p>&nbsp;<\/p>\n\n\n\n<p><\/p>","protected":false},"excerpt":{"rendered":"<p>Oferta obowi\u0105zuje: 01.10.-31.12.2025 r. Wej\u015bcie grupowe od 15 os\u00f3b.&nbsp;Opiekun grupy do 15 dzieci wchodzi na basen bezp\u0142atnie, kolejny opiekun kupuje bilet 3 h normalny wed\u0142ug cennika Codziennie bilet ulgowy 3h 85 z\u0142 (cena od osoby) W czasie pobytu na basenach istnieje mo\u017cliwo\u015b\u0107 skorzystania z baru na hali basenowej. Zam\u00f3wie\u0144 mo\u017ce dokonywa\u0107 tylko opiekun grupy \u2013&#8230;<\/p>","protected":false},"author":1,"featured_media":0,"parent":0,"menu_order":0,"comment_status":"closed","ping_status":"closed","template":"","meta":{"_acf_changed":false,"_kad_blocks_custom_css":"","_kad_blocks_head_custom_js":"","_kad_blocks_body_custom_js":"","_kad_blocks_footer_custom_js":"","_kad_post_transparent":"","_kad_post_title":"","_kad_post_layout":"","_kad_post_sidebar_id":"","_kad_post_content_style":"","_kad_post_vertical_padding":"","_kad_post_feature":"","_kad_post_feature_position":"","_kad_post_header":false,"_kad_post_footer":false,"_kad_post_classname":"","footnotes":""},"dzial":[],"class_list":["post-3198","page","type-page","status-publish","hentry"],"acf":[],"taxonomy_info":[],"featured_image_src_large":false,"author_info":{"display_name":"admin","author_link":"https:\/\/aq.dot2.pl\/en\/author\/admin\/"},"comment_info":0,"_links":{"self":[{"href":"https:\/\/aq.dot2.pl\/en\/wp-json\/wp\/v2\/pages\/3198","targetHints":{"allow":["GET"]}}],"collection":[{"href":"https:\/\/aq.dot2.pl\/en\/wp-json\/wp\/v2\/pages"}],"about":[{"href":"https:\/\/aq.dot2.pl\/en\/wp-json\/wp\/v2\/types\/page"}],"author":[{"embeddable":true,"href":"https:\/\/aq.dot2.pl\/en\/wp-json\/wp\/v2\/users\/1"}],"replies":[{"embeddable":true,"href":"https:\/\/aq.dot2.pl\/en\/wp-json\/wp\/v2\/comments?post=3198"}],"version-history":[{"count":1,"href":"https:\/\/aq.dot2.pl\/en\/wp-json\/wp\/v2\/pages\/3198\/revisions"}],"predecessor-version":[{"id":10485,"href":"https:\/\/aq.dot2.pl\/en\/wp-json\/wp\/v2\/pages\/3198\/revisions\/10485"}],"wp:attachment":[{"href":"https:\/\/aq.dot2.pl\/en\/wp-json\/wp\/v2\/media?parent=3198"}],"wp:term":[{"taxonomy":"dzial","embeddable":true,"href":"https:\/\/aq.dot2.pl\/en\/wp-json\/wp\/v2\/dzial?post=3198"}],"curies":[{"name":"wp","href":"https:\/\/api.w.org\/{rel}","templated":true}]}}