{"id":3417,"date":"2021-09-16T14:37:28","date_gmt":"2021-09-16T12:37:28","guid":{"rendered":"http:\/\/aquaparksopot.pl\/?page_id=3417"},"modified":"2026-01-07T13:56:19","modified_gmt":"2026-01-07T12:56:19","slug":"kurs-ratownika-wodnego","status":"publish","type":"page","link":"https:\/\/aq.dot2.pl\/en\/aquapark\/kurs-ratownika-wodnego\/","title":{"rendered":"Lifeguard course"},"content":{"rendered":"<style>.kb-row-layout-id3417_4438ca-fc > .kt-row-column-wrap{align-content:start;}:where(.kb-row-layout-id3417_4438ca-fc > .kt-row-column-wrap) > .wp-block-kadence-column{justify-content:start;}.kb-row-layout-id3417_4438ca-fc > .kt-row-column-wrap{column-gap:var(--global-kb-gap-md, 2rem);row-gap:var(--global-kb-gap-md, 2rem);padding-top:var(--global-kb-spacing-sm, 1.5rem);padding-bottom:var(--global-kb-spacing-sm, 1.5rem);grid-template-columns:minmax(0, 1fr);}.kb-row-layout-id3417_4438ca-fc > .kt-row-layout-overlay{opacity:0.30;}@media all and (max-width: 1024px){.kb-row-layout-id3417_4438ca-fc > .kt-row-column-wrap{grid-template-columns:minmax(0, 1fr);}}@media all and (max-width: 767px){.kb-row-layout-id3417_4438ca-fc > .kt-row-column-wrap{grid-template-columns:minmax(0, 1fr);}}<\/style><div class=\"kb-row-layout-wrap kb-row-layout-id3417_4438ca-fc alignnone wp-block-kadence-rowlayout\"><div class=\"kt-row-column-wrap kt-has-1-columns kt-row-layout-equal kt-tab-layout-inherit kt-mobile-layout-row kt-row-valign-top\">\n<style>.kadence-column3417_f20c3c-85 > .kt-inside-inner-col,.kadence-column3417_f20c3c-85 > .kt-inside-inner-col:before{border-top-left-radius:0px;border-top-right-radius:0px;border-bottom-right-radius:0px;border-bottom-left-radius:0px;}.kadence-column3417_f20c3c-85 > .kt-inside-inner-col{column-gap:var(--global-kb-gap-sm, 1rem);}.kadence-column3417_f20c3c-85 > .kt-inside-inner-col{flex-direction:column;}.kadence-column3417_f20c3c-85 > .kt-inside-inner-col > .aligncenter{width:100%;}.kadence-column3417_f20c3c-85 > .kt-inside-inner-col:before{opacity:0.3;}.kadence-column3417_f20c3c-85{position:relative;}@media all and (max-width: 1024px){.kadence-column3417_f20c3c-85 > .kt-inside-inner-col{flex-direction:column;justify-content:center;}}@media all and (max-width: 767px){.kadence-column3417_f20c3c-85 > .kt-inside-inner-col{flex-direction:column;justify-content:center;}}<\/style>\n<div class=\"wp-block-kadence-column kadence-column3417_f20c3c-85\"><div class=\"kt-inside-inner-col\"><style>.wp-block-kadence-advancedheading.kt-adv-heading3417_9e42f9-77, .wp-block-kadence-advancedheading.kt-adv-heading3417_9e42f9-77[data-kb-block=\"kb-adv-heading3417_9e42f9-77\"]{text-align:center;font-style:normal;}.wp-block-kadence-advancedheading.kt-adv-heading3417_9e42f9-77 mark.kt-highlight, .wp-block-kadence-advancedheading.kt-adv-heading3417_9e42f9-77[data-kb-block=\"kb-adv-heading3417_9e42f9-77\"] mark.kt-highlight{font-style:normal;color:#f76a0c;-webkit-box-decoration-break:clone;box-decoration-break:clone;padding-top:0px;padding-right:0px;padding-bottom:0px;padding-left:0px;}.wp-block-kadence-advancedheading.kt-adv-heading3417_9e42f9-77 img.kb-inline-image, .wp-block-kadence-advancedheading.kt-adv-heading3417_9e42f9-77[data-kb-block=\"kb-adv-heading3417_9e42f9-77\"] img.kb-inline-image{width:150px;vertical-align:baseline;}<\/style>\n<h1 class=\"kt-adv-heading3417_9e42f9-77 wp-block-kadence-advancedheading\" data-kb-block=\"kb-adv-heading3417_9e42f9-77\">Lifeguard course<\/h1>\n<\/div><\/div>\n\n<\/div><\/div>\n\n<style>.kb-row-layout-id3417_fa2047-14 > .kt-row-column-wrap{align-content:start;}:where(.kb-row-layout-id3417_fa2047-14 > .kt-row-column-wrap) > .wp-block-kadence-column{justify-content:start;}.kb-row-layout-id3417_fa2047-14 > .kt-row-column-wrap{column-gap:var(--global-kb-gap-md, 2rem);row-gap:var(--global-kb-gap-md, 2rem);padding-top:var(--global-kb-spacing-sm, 1.5rem);padding-bottom:var(--global-kb-spacing-sm, 1.5rem);grid-template-columns:repeat(2, minmax(0, 1fr));}.kb-row-layout-id3417_fa2047-14 > .kt-row-layout-overlay{opacity:0.30;}@media all and (max-width: 1024px){.kb-row-layout-id3417_fa2047-14 > .kt-row-column-wrap{grid-template-columns:repeat(2, minmax(0, 1fr));}}@media all and (max-width: 767px){.kb-row-layout-id3417_fa2047-14 > .kt-row-column-wrap{grid-template-columns:minmax(0, 1fr);}}<\/style><div class=\"kb-row-layout-wrap kb-row-layout-id3417_fa2047-14 alignnone wp-block-kadence-rowlayout\"><div class=\"kt-row-column-wrap kt-has-2-columns kt-row-layout-equal kt-tab-layout-inherit kt-mobile-layout-row kt-row-valign-top\">\n<style>.kadence-column3417_5792b2-73 > .kt-inside-inner-col,.kadence-column3417_5792b2-73 > .kt-inside-inner-col:before{border-top-left-radius:0px;border-top-right-radius:0px;border-bottom-right-radius:0px;border-bottom-left-radius:0px;}.kadence-column3417_5792b2-73 > .kt-inside-inner-col{column-gap:var(--global-kb-gap-sm, 1rem);}.kadence-column3417_5792b2-73 > .kt-inside-inner-col{flex-direction:column;}.kadence-column3417_5792b2-73 > .kt-inside-inner-col > .aligncenter{width:100%;}.kadence-column3417_5792b2-73 > .kt-inside-inner-col:before{opacity:0.3;}.kadence-column3417_5792b2-73{position:relative;}@media all and (max-width: 1024px){.kadence-column3417_5792b2-73 > .kt-inside-inner-col{flex-direction:column;justify-content:center;}}@media all and (max-width: 767px){.kadence-column3417_5792b2-73 > .kt-inside-inner-col{flex-direction:column;justify-content:center;}}<\/style>\n<div class=\"wp-block-kadence-column kadence-column3417_5792b2-73\"><div class=\"kt-inside-inner-col\">\n<p>We would like to invite you to the course of WATER RESERVATION in Aquapark in Sopot<\/p>\n\n\n\n<p>The completion of the Lifeguard course, the course in Qualified First Aid and the acquisition of additional qualifications in lifeguarding, entitles you to gainful employment as a lifeguard at swimming pools and bathing areas. The course is valid indefinitely.<\/p>\n\n\n\n<p>Practical classes take place at Aquapark in Sopot according to the schedule given on the website, through which you can also sign up for the course:<\/p>\n\n\n\n<p><a href=\"http:\/\/wopr.wejherowo.pl\/zostan-ratownikiem\/%22\" target=\"_blank\" rel=\"noreferrer noopener nofollow\">http:\/\/wopr.wejherowo.pl\/zostan-ratownikiem.<\/a><\/p>\n\n\n\n<p>link to sign-up form: <\/p>\n\n\n\n<p><a href=\"https:\/\/docs.google.com\/forms\/d\/e\/1FAIpQLScn_4TQ4J-o0MPiNMC8gMMeU2AorR9Kbr2b5S7kNdXszDjQIA\/viewform\" rel=\"nofollow noopener\" target=\"_blank\">Application form Water Lifeguard Course<\/a><\/p>\n<\/div><\/div>\n\n\n<style>.kadence-column3417_06a9f3-9b > .kt-inside-inner-col,.kadence-column3417_06a9f3-9b > .kt-inside-inner-col:before{border-top-left-radius:0px;border-top-right-radius:0px;border-bottom-right-radius:0px;border-bottom-left-radius:0px;}.kadence-column3417_06a9f3-9b > .kt-inside-inner-col{column-gap:var(--global-kb-gap-sm, 1rem);}.kadence-column3417_06a9f3-9b > .kt-inside-inner-col{flex-direction:column;}.kadence-column3417_06a9f3-9b > .kt-inside-inner-col > .aligncenter{width:100%;}.kadence-column3417_06a9f3-9b > .kt-inside-inner-col:before{opacity:0.3;}.kadence-column3417_06a9f3-9b{position:relative;}@media all and (max-width: 1024px){.kadence-column3417_06a9f3-9b > .kt-inside-inner-col{flex-direction:column;justify-content:center;}}@media all and (max-width: 767px){.kadence-column3417_06a9f3-9b > .kt-inside-inner-col{flex-direction:column;justify-content:center;}}<\/style>\n<div class=\"wp-block-kadence-column kadence-column3417_06a9f3-9b\"><div class=\"kt-inside-inner-col\"><style>.kb-image3417_5ffd04-68 .kb-image-has-overlay:after{opacity:0.3;}<\/style>\n<figure class=\"wp-block-kadence-image kb-image3417_5ffd04-68 size-full\"><img decoding=\"async\" width=\"940\" height=\"788\" src=\"https:\/\/aq.dot2.pl\/wp-content\/uploads\/2021\/09\/kurs-ratownika-wodnego.png\" alt=\"\" class=\"kb-img wp-image-3418\" srcset=\"https:\/\/aq.dot2.pl\/wp-content\/uploads\/2021\/09\/kurs-ratownika-wodnego.png 940w, https:\/\/aq.dot2.pl\/wp-content\/uploads\/2021\/09\/kurs-ratownika-wodnego-300x251.png 300w, https:\/\/aq.dot2.pl\/wp-content\/uploads\/2021\/09\/kurs-ratownika-wodnego-768x644.png 768w\" sizes=\"(max-width: 940px) 100vw, 940px\" \/><\/figure>\n<\/div><\/div>\n\n<\/div><\/div>\n\n\n<p><\/p>","protected":false},"excerpt":{"rendered":"<p>Kurs Ratownika Wodnego Zapraszamy na kurs Ratownika WODNEGO w Aquaparku w Sopocie Odbycie kursu Ratownika Wodnego, &nbsp;kursu Kwalifikowanej Pierwszej Pomocy oraz &nbsp;&nbsp; uzyskanie dodatkowych kwalifikacji w ratownictwie wodnym, daje uprawnienia do pracy zarobkowej jako ratownik na basenach i k\u0105pieliskach. Odbyty kurs jest wa\u017cny bezterminowo. Zaj\u0119cia praktyczne odbywaj\u0105 si\u0119 na Aquaparku w Sopocie wed\u0142ug harmonogramu podanego&#8230;<\/p>","protected":false},"author":1,"featured_media":0,"parent":347,"menu_order":0,"comment_status":"closed","ping_status":"closed","template":"","meta":{"_acf_changed":false,"_kad_blocks_custom_css":"","_kad_blocks_head_custom_js":"","_kad_blocks_body_custom_js":"","_kad_blocks_footer_custom_js":"","_kad_post_transparent":"","_kad_post_title":"","_kad_post_layout":"","_kad_post_sidebar_id":"","_kad_post_content_style":"","_kad_post_vertical_padding":"","_kad_post_feature":"","_kad_post_feature_position":"","_kad_post_header":false,"_kad_post_footer":false,"_kad_post_classname":"","footnotes":""},"dzial":[],"class_list":["post-3417","page","type-page","status-publish","hentry"],"acf":[],"taxonomy_info":[],"featured_image_src_large":false,"author_info":{"display_name":"admin","author_link":"https:\/\/aq.dot2.pl\/en\/author\/admin\/"},"comment_info":0,"_links":{"self":[{"href":"https:\/\/aq.dot2.pl\/en\/wp-json\/wp\/v2\/pages\/3417","targetHints":{"allow":["GET"]}}],"collection":[{"href":"https:\/\/aq.dot2.pl\/en\/wp-json\/wp\/v2\/pages"}],"about":[{"href":"https:\/\/aq.dot2.pl\/en\/wp-json\/wp\/v2\/types\/page"}],"author":[{"embeddable":true,"href":"https:\/\/aq.dot2.pl\/en\/wp-json\/wp\/v2\/users\/1"}],"replies":[{"embeddable":true,"href":"https:\/\/aq.dot2.pl\/en\/wp-json\/wp\/v2\/comments?post=3417"}],"version-history":[{"count":0,"href":"https:\/\/aq.dot2.pl\/en\/wp-json\/wp\/v2\/pages\/3417\/revisions"}],"up":[{"embeddable":true,"href":"https:\/\/aq.dot2.pl\/en\/wp-json\/wp\/v2\/pages\/347"}],"wp:attachment":[{"href":"https:\/\/aq.dot2.pl\/en\/wp-json\/wp\/v2\/media?parent=3417"}],"wp:term":[{"taxonomy":"dzial","embeddable":true,"href":"https:\/\/aq.dot2.pl\/en\/wp-json\/wp\/v2\/dzial?post=3417"}],"curies":[{"name":"wp","href":"https:\/\/api.w.org\/{rel}","templated":true}]}}