{"id":3425,"date":"2021-09-16T15:22:27","date_gmt":"2021-09-16T13:22:27","guid":{"rendered":"http:\/\/aquaparksopot.pl\/?page_id=3425"},"modified":"2026-01-05T11:25:41","modified_gmt":"2026-01-05T10:25:41","slug":"urodziny-na-basenie","status":"publish","type":"page","link":"https:\/\/aq.dot2.pl\/en\/aquapark\/baseny\/urodziny-na-basenie\/","title":{"rendered":"Birthday party at the swimming pool"},"content":{"rendered":"<style>.kb-row-layout-id3425_62f73e-c4 > .kt-row-column-wrap{align-content:center;}:where(.kb-row-layout-id3425_62f73e-c4 > .kt-row-column-wrap) > .wp-block-kadence-column{justify-content:center;}.kb-row-layout-id3425_62f73e-c4 > .kt-row-column-wrap{column-gap:var(--global-kb-gap-none, 0rem );row-gap:var(--global-kb-gap-md, 2rem);max-width:var( --global-content-width, 1590px );padding-left:var(--global-content-edge-padding);padding-right:var(--global-content-edge-padding);padding-top:0px;padding-bottom:var(--global-kb-spacing-sm, 1.5rem);grid-template-columns:repeat(2, minmax(0, 1fr));}.kb-row-layout-id3425_62f73e-c4 > .kt-row-layout-overlay{opacity:0.30;}@media all and (max-width: 1024px){.kb-row-layout-id3425_62f73e-c4 > .kt-row-column-wrap{grid-template-columns:repeat(2, minmax(0, 1fr));}}@media all and (max-width: 767px){.kb-row-layout-id3425_62f73e-c4 > .kt-row-column-wrap{grid-template-columns:minmax(0, 1fr);}}<\/style><div class=\"kb-row-layout-wrap kb-row-layout-id3425_62f73e-c4 alignnone hero wp-block-kadence-rowlayout\"><div class=\"kt-row-column-wrap kt-has-2-columns kt-row-layout-equal kt-tab-layout-inherit kt-mobile-layout-row kt-row-valign-middle kb-theme-content-width\">\n<style>.kadence-column3425_17d49c-27 > .kt-inside-inner-col{display:flex;}.kadence-column3425_17d49c-27 > .kt-inside-inner-col{padding-top:var(--global-kb-spacing-xxl, 5rem);padding-right:var(--global-kb-spacing-lg, 3rem);padding-bottom:var(--global-kb-spacing-lg, 3rem);padding-left:var(--global-kb-spacing-md, 2rem);}.kadence-column3425_17d49c-27 > .kt-inside-inner-col{min-height:500px;}.kadence-column3425_17d49c-27 > .kt-inside-inner-col,.kadence-column3425_17d49c-27 > .kt-inside-inner-col:before{border-top-left-radius:6px;border-top-right-radius:6px;border-bottom-right-radius:6px;border-bottom-left-radius:6px;}.kadence-column3425_17d49c-27 > .kt-inside-inner-col{column-gap:var(--global-kb-gap-sm, 1rem);}.kadence-column3425_17d49c-27 > .kt-inside-inner-col{flex-direction:column;justify-content:center;}.kadence-column3425_17d49c-27 > .kt-inside-inner-col > .aligncenter{width:100%;}.kt-row-column-wrap > .kadence-column3425_17d49c-27{align-self:center;}.kt-inner-column-height-full:not(.kt-has-1-columns) > .wp-block-kadence-column.kadence-column3425_17d49c-27{align-self:auto;}.kt-inner-column-height-full:not(.kt-has-1-columns) > .wp-block-kadence-column.kadence-column3425_17d49c-27 > .kt-inside-inner-col{flex-direction:column;justify-content:center;}.kadence-column3425_17d49c-27 > .kt-inside-inner-col:before{opacity:0.3;}.kadence-column3425_17d49c-27{position:relative;}@media all and (max-width: 1024px){.kadence-column3425_17d49c-27 > .kt-inside-inner-col{padding-top:0px;padding-right:0px;padding-bottom:0px;padding-left:0px;flex-direction:column;justify-content:center;}}@media all and (max-width: 1024px){.kt-row-column-wrap > .kadence-column3425_17d49c-27{align-self:center;}}@media all and (max-width: 1024px){.kt-inner-column-height-full:not(.kt-has-1-columns) > .wp-block-kadence-column.kadence-column3425_17d49c-27{align-self:auto;}}@media all and (max-width: 1024px){.kt-inner-column-height-full:not(.kt-has-1-columns) > .wp-block-kadence-column.kadence-column3425_17d49c-27 > .kt-inside-inner-col{flex-direction:column;justify-content:center;}}@media all and (max-width: 1024px){.kt-row-column-wrap.kt-tab-layout-three-grid > .kadence-column3425_17d49c-27, .kt-row-column-wrap.kt-tab-layout-two-grid > .kadence-column3425_17d49c-27, .kt-row-column-wrap.kt-tab-layout-row > .kadence-column3425_17d49c-27{order:2;}}@media all and (max-width: 767px){.kadence-column3425_17d49c-27 > .kt-inside-inner-col{padding-top:var(--global-kb-spacing-xl, 4rem);padding-bottom:var(--global-kb-spacing-md, 2rem);min-height:200px;flex-direction:column;justify-content:center;}.kt-row-column-wrap > .kadence-column3425_17d49c-27{align-self:center;}.kt-inner-column-height-full:not(.kt-has-1-columns) > .wp-block-kadence-column.kadence-column3425_17d49c-27{align-self:auto;}.kt-inner-column-height-full:not(.kt-has-1-columns) > .wp-block-kadence-column.kadence-column3425_17d49c-27 > .kt-inside-inner-col{flex-direction:column;justify-content:center;}.kt-row-column-wrap.kt-mobile-layout-three-grid > .kadence-column3425_17d49c-27, .kt-row-column-wrap.kt-mobile-layout-two-grid > .kadence-column3425_17d49c-27, .kt-row-column-wrap.kt-mobile-layout-row > .kadence-column3425_17d49c-27{order:2;}}<\/style>\n<div class=\"wp-block-kadence-column kadence-column3425_17d49c-27 hero-left\"><div class=\"kt-inside-inner-col\"><style>.wp-block-kadence-advancedheading.kt-adv-heading3425_b849c6-b6, .wp-block-kadence-advancedheading.kt-adv-heading3425_b849c6-b6[data-kb-block=\"kb-adv-heading3425_b849c6-b6\"]{font-style:normal;}.wp-block-kadence-advancedheading.kt-adv-heading3425_b849c6-b6 mark.kt-highlight, .wp-block-kadence-advancedheading.kt-adv-heading3425_b849c6-b6[data-kb-block=\"kb-adv-heading3425_b849c6-b6\"] mark.kt-highlight{font-style:normal;color:#f76a0c;-webkit-box-decoration-break:clone;box-decoration-break:clone;padding-top:0px;padding-right:0px;padding-bottom:0px;padding-left:0px;}.wp-block-kadence-advancedheading.kt-adv-heading3425_b849c6-b6 img.kb-inline-image, .wp-block-kadence-advancedheading.kt-adv-heading3425_b849c6-b6[data-kb-block=\"kb-adv-heading3425_b849c6-b6\"] img.kb-inline-image{width:150px;vertical-align:baseline;}<\/style>\n<h1 class=\"kt-adv-heading3425_b849c6-b6 wp-block-kadence-advancedheading\" data-kb-block=\"kb-adv-heading3425_b849c6-b6\">Birthday party at the swimming pool<\/h1>\n\n\n\n<p>We'll organise your child's birthday party at the pool!<\/p>\n\n\n\n<p>Two offers to choose from!<\/p>\n\n\n\n<p>Minimum number of participants: 10 persons<\/p>\n\n\n\n<p><a href=\"https:\/\/aquaparksopot.pl\/wp-content\/uploads\/2025\/04\/URODZINKI-BASEN-129-zl.ods\" rel=\"nofollow noopener\" target=\"_blank\">BIRTHDAYS (PLN 129\/person)<\/a><\/p>\n\n\n\n<p><a href=\"https:\/\/aquaparksopot.pl\/wp-content\/uploads\/2025\/04\/URODZINKI-BASEN-159-zl.ods\" rel=\"nofollow noopener\" target=\"_blank\">BIRTHDAYS (159 PLN\/person)<\/a><\/p>\n\n\n\n<p><a href=\"https:\/\/aquaparksopot.pl\/wp-content\/uploads\/2025\/09\/Regulamin-urodziny-basen.pdf\" rel=\"nofollow noopener\" target=\"_blank\">Birthday pool regulations<\/a><\/p>\n<\/div><\/div>\n\n\n<style>.kadence-column3425_61834a-5c > .kt-inside-inner-col{box-shadow:0px 0px 14px 0px rgba(0, 0, 0, 0.2);border-top:8px solid var(--global-palette9, #ffffff);border-right:8px solid var(--global-palette9, #ffffff);border-bottom:8px solid var(--global-palette9, #ffffff);border-left:8px solid var(--global-palette9, #ffffff);}.kadence-column3425_61834a-5c > .kt-inside-inner-col,.kadence-column3425_61834a-5c > .kt-inside-inner-col:before{border-top-left-radius:6px;border-top-right-radius:6px;border-bottom-right-radius:6px;border-bottom-left-radius:6px;}.kadence-column3425_61834a-5c > .kt-inside-inner-col{column-gap:var(--global-kb-gap-sm, 1rem);}.kadence-column3425_61834a-5c > .kt-inside-inner-col{flex-direction:column;}.kadence-column3425_61834a-5c > .kt-inside-inner-col > .aligncenter{width:100%;}.kadence-column3425_61834a-5c > .kt-inside-inner-col:before{opacity:0.3;}.kadence-column3425_61834a-5c{position:relative;}.kadence-column3425_61834a-5c, .kt-inside-inner-col > .kadence-column3425_61834a-5c:not(.specificity){margin-top:40px;margin-left:-40px;}@media all and (max-width: 1024px){.kadence-column3425_61834a-5c > .kt-inside-inner-col{border-top:8px solid var(--global-palette9, #ffffff);border-right:8px solid var(--global-palette9, #ffffff);border-bottom:8px solid var(--global-palette9, #ffffff);border-left:8px solid var(--global-palette9, #ffffff);flex-direction:column;justify-content:center;}}@media all and (max-width: 767px){.kadence-column3425_61834a-5c > .kt-inside-inner-col{border-top:8px solid var(--global-palette9, #ffffff);border-right:8px solid var(--global-palette9, #ffffff);border-bottom:8px solid var(--global-palette9, #ffffff);border-left:8px solid var(--global-palette9, #ffffff);flex-direction:column;justify-content:center;}.kadence-column3425_61834a-5c, .kt-inside-inner-col > .kadence-column3425_61834a-5c:not(.specificity){margin-top:0px;margin-left:0px;}}<\/style>\n<div class=\"wp-block-kadence-column kadence-column3425_61834a-5c ramka_hero\"><div class=\"kt-inside-inner-col\"><style>.kb-image3425_f5e1c6-4a .kb-image-has-overlay:after{opacity:0.3;}<\/style>\n<figure class=\"wp-block-kadence-image kb-image3425_f5e1c6-4a size-large\"><img decoding=\"async\" width=\"1024\" height=\"683\" src=\"https:\/\/spcdn.shortpixel.ai\/spio\/ret_img,q_cdnize,to_webp,s_webp\/aq.dot2.pl\/wp-content\/uploads\/2022\/03\/DSC02526_aquaparkMB2018-scaled-1-1024x683.jpg\" alt=\"\" class=\"kb-img wp-image-4681\" srcset=\"https:\/\/spcdn.shortpixel.ai\/spio\/ret_img,q_cdnize,to_webp,s_webp\/aq.dot2.pl\/wp-content\/uploads\/2022\/03\/DSC02526_aquaparkMB2018-scaled-1-1024x683.jpg 1024w, https:\/\/spcdn.shortpixel.ai\/spio\/ret_img,q_cdnize,to_webp,s_webp\/aq.dot2.pl\/wp-content\/uploads\/2022\/03\/DSC02526_aquaparkMB2018-scaled-1-300x200.jpg 300w, https:\/\/spcdn.shortpixel.ai\/spio\/ret_img,q_cdnize,to_webp,s_webp\/aq.dot2.pl\/wp-content\/uploads\/2022\/03\/DSC02526_aquaparkMB2018-scaled-1-768x512.jpg 768w, https:\/\/spcdn.shortpixel.ai\/spio\/ret_img,q_cdnize,to_webp,s_webp\/aq.dot2.pl\/wp-content\/uploads\/2022\/03\/DSC02526_aquaparkMB2018-scaled-1-1536x1024.jpg 1536w, https:\/\/spcdn.shortpixel.ai\/spio\/ret_img,q_cdnize,to_webp,s_webp\/aq.dot2.pl\/wp-content\/uploads\/2022\/03\/DSC02526_aquaparkMB2018-scaled-1-2048x1366.jpg 2048w\" sizes=\"(max-width: 1024px) 100vw, 1024px\" \/><\/figure>\n<\/div><\/div>\n\n<\/div><\/div>\n\n<style>.kb-row-layout-id3425_840fd6-3a > .kt-row-column-wrap{align-content:start;}:where(.kb-row-layout-id3425_840fd6-3a > .kt-row-column-wrap) > .wp-block-kadence-column{justify-content:start;}.kb-row-layout-id3425_840fd6-3a > .kt-row-column-wrap{column-gap:var(--global-kb-gap-none, 0rem );row-gap:var(--global-kb-gap-md, 2rem);max-width:var( --global-content-width, 1590px );padding-left:var(--global-content-edge-padding);padding-right:var(--global-content-edge-padding);padding-top:0px;padding-bottom:var(--global-kb-spacing-sm, 1.5rem);grid-template-columns:repeat(2, minmax(0, 1fr));}.kb-row-layout-id3425_840fd6-3a > .kt-row-layout-overlay{opacity:0.30;}@media all and (max-width: 1024px){.kb-row-layout-id3425_840fd6-3a > .kt-row-column-wrap{grid-template-columns:repeat(2, minmax(0, 1fr));}}@media all and (max-width: 767px){.kb-row-layout-id3425_840fd6-3a > .kt-row-column-wrap{grid-template-columns:minmax(0, 1fr);}}<\/style><div class=\"kb-row-layout-wrap kb-row-layout-id3425_840fd6-3a alignnone wp-block-kadence-rowlayout\"><div class=\"kt-row-column-wrap kt-has-2-columns kt-row-layout-equal kt-tab-layout-inherit kt-mobile-layout-row kt-row-valign-top kb-theme-content-width\">\n<style>.kadence-column3425_863e8a-07 > .kt-inside-inner-col{display:flex;}.kadence-column3425_863e8a-07 > .kt-inside-inner-col{padding-top:0px;padding-right:0px;padding-left:0px;}.kadence-column3425_863e8a-07 > .kt-inside-inner-col{box-shadow:0px 0px 14px 0px rgba(0, 0, 0, 0.2);border-top:8px solid var(--global-palette9, #ffffff);border-right:8px solid var(--global-palette9, #ffffff);border-bottom:8px solid var(--global-palette9, #ffffff);border-left:8px solid var(--global-palette9, #ffffff);}.kadence-column3425_863e8a-07 > .kt-inside-inner-col,.kadence-column3425_863e8a-07 > .kt-inside-inner-col:before{border-top-left-radius:6px;border-top-right-radius:6px;border-bottom-right-radius:6px;border-bottom-left-radius:6px;}.kadence-column3425_863e8a-07 > .kt-inside-inner-col{column-gap:var(--global-kb-gap-sm, 1rem);}.kadence-column3425_863e8a-07 > .kt-inside-inner-col{flex-direction:column;justify-content:flex-start;}.kadence-column3425_863e8a-07 > .kt-inside-inner-col > .aligncenter{width:100%;}.kt-row-column-wrap > .kadence-column3425_863e8a-07{align-self:flex-start;}.kt-inner-column-height-full:not(.kt-has-1-columns) > .wp-block-kadence-column.kadence-column3425_863e8a-07{align-self:auto;}.kt-inner-column-height-full:not(.kt-has-1-columns) > .wp-block-kadence-column.kadence-column3425_863e8a-07 > .kt-inside-inner-col{flex-direction:column;justify-content:flex-start;}.kadence-column3425_863e8a-07 > .kt-inside-inner-col:before{opacity:0.3;}.kadence-column3425_863e8a-07{position:relative;}.kadence-column3425_863e8a-07, .kt-inside-inner-col > .kadence-column3425_863e8a-07:not(.specificity){margin-right:0px;}@media all and (max-width: 1024px){.kadence-column3425_863e8a-07 > .kt-inside-inner-col{border-top:8px solid var(--global-palette9, #ffffff);border-right:8px solid var(--global-palette9, #ffffff);border-bottom:8px solid var(--global-palette9, #ffffff);border-left:8px solid var(--global-palette9, #ffffff);flex-direction:column;justify-content:flex-start;}}@media all and (max-width: 1024px){.kt-row-column-wrap > .kadence-column3425_863e8a-07{align-self:flex-start;}}@media all and (max-width: 1024px){.kt-inner-column-height-full:not(.kt-has-1-columns) > .wp-block-kadence-column.kadence-column3425_863e8a-07{align-self:auto;}}@media all and (max-width: 1024px){.kt-inner-column-height-full:not(.kt-has-1-columns) > .wp-block-kadence-column.kadence-column3425_863e8a-07 > .kt-inside-inner-col{flex-direction:column;justify-content:flex-start;}}@media all and (max-width: 1024px){.kt-row-column-wrap.kt-tab-layout-three-grid > .kadence-column3425_863e8a-07, .kt-row-column-wrap.kt-tab-layout-two-grid > .kadence-column3425_863e8a-07, .kt-row-column-wrap.kt-tab-layout-row > .kadence-column3425_863e8a-07{order:2;}}@media all and (max-width: 767px){.kadence-column3425_863e8a-07 > .kt-inside-inner-col{padding-top:var(--global-kb-spacing-xl, 4rem);padding-bottom:var(--global-kb-spacing-md, 2rem);min-height:200px;border-top:8px solid var(--global-palette9, #ffffff);border-right:8px solid var(--global-palette9, #ffffff);border-bottom:8px solid var(--global-palette9, #ffffff);border-left:8px solid var(--global-palette9, #ffffff);flex-direction:column;justify-content:flex-start;}.kt-row-column-wrap > .kadence-column3425_863e8a-07{align-self:flex-start;}.kt-inner-column-height-full:not(.kt-has-1-columns) > .wp-block-kadence-column.kadence-column3425_863e8a-07{align-self:auto;}.kt-inner-column-height-full:not(.kt-has-1-columns) > .wp-block-kadence-column.kadence-column3425_863e8a-07 > .kt-inside-inner-col{flex-direction:column;justify-content:flex-start;}.kt-row-column-wrap.kt-mobile-layout-three-grid > .kadence-column3425_863e8a-07, .kt-row-column-wrap.kt-mobile-layout-two-grid > .kadence-column3425_863e8a-07, .kt-row-column-wrap.kt-mobile-layout-row > .kadence-column3425_863e8a-07{order:2;}}<\/style>\n<div class=\"wp-block-kadence-column kadence-column3425_863e8a-07\"><div class=\"kt-inside-inner-col\"><style>.kb-image3425_b3fd5b-b9 .kb-image-has-overlay:after{opacity:0.3;}<\/style>\n<figure class=\"wp-block-kadence-image kb-image3425_b3fd5b-b9 size-large\"><img decoding=\"async\" width=\"1024\" height=\"683\" src=\"https:\/\/spcdn.shortpixel.ai\/spio\/ret_img,q_cdnize,to_webp,s_webp\/aq.dot2.pl\/wp-content\/uploads\/2020\/09\/DSC02537_aquaparkMB2018-scaled-1-1024x683.jpg\" alt=\"\" class=\"kb-img wp-image-2502\" srcset=\"https:\/\/spcdn.shortpixel.ai\/spio\/ret_img,q_cdnize,to_webp,s_webp\/aq.dot2.pl\/wp-content\/uploads\/2020\/09\/DSC02537_aquaparkMB2018-scaled-1-1024x683.jpg 1024w, https:\/\/spcdn.shortpixel.ai\/spio\/ret_img,q_cdnize,to_webp,s_webp\/aq.dot2.pl\/wp-content\/uploads\/2020\/09\/DSC02537_aquaparkMB2018-scaled-1-300x200.jpg 300w, https:\/\/spcdn.shortpixel.ai\/spio\/ret_img,q_cdnize,to_webp,s_webp\/aq.dot2.pl\/wp-content\/uploads\/2020\/09\/DSC02537_aquaparkMB2018-scaled-1-768x512.jpg 768w, https:\/\/spcdn.shortpixel.ai\/spio\/ret_img,q_cdnize,to_webp,s_webp\/aq.dot2.pl\/wp-content\/uploads\/2020\/09\/DSC02537_aquaparkMB2018-scaled-1-1536x1024.jpg 1536w, https:\/\/spcdn.shortpixel.ai\/spio\/ret_img,q_cdnize,to_webp,s_webp\/aq.dot2.pl\/wp-content\/uploads\/2020\/09\/DSC02537_aquaparkMB2018-scaled-1-2048x1366.jpg 2048w\" sizes=\"(max-width: 1024px) 100vw, 1024px\" \/><\/figure>\n<\/div><\/div>\n\n\n<style>.kadence-column3425_00457f-c8 > .kt-inside-inner-col{display:flex;}.kadence-column3425_00457f-c8 > .kt-inside-inner-col{padding-top:var(--global-kb-spacing-lg, 3rem);padding-right:var(--global-kb-spacing-lg, 3rem);padding-left:var(--global-kb-spacing-md, 2rem);}.kadence-column3425_00457f-c8 > .kt-inside-inner-col{min-height:500px;}.kadence-column3425_00457f-c8 > .kt-inside-inner-col,.kadence-column3425_00457f-c8 > .kt-inside-inner-col:before{border-top-left-radius:6px;border-top-right-radius:6px;border-bottom-right-radius:6px;border-bottom-left-radius:6px;}.kadence-column3425_00457f-c8 > .kt-inside-inner-col{column-gap:var(--global-kb-gap-sm, 1rem);}.kadence-column3425_00457f-c8 > .kt-inside-inner-col{flex-direction:column;justify-content:center;}.kadence-column3425_00457f-c8 > .kt-inside-inner-col > .aligncenter{width:100%;}.kt-row-column-wrap > .kadence-column3425_00457f-c8{align-self:center;}.kt-inner-column-height-full:not(.kt-has-1-columns) > .wp-block-kadence-column.kadence-column3425_00457f-c8{align-self:auto;}.kt-inner-column-height-full:not(.kt-has-1-columns) > .wp-block-kadence-column.kadence-column3425_00457f-c8 > .kt-inside-inner-col{flex-direction:column;justify-content:center;}.kadence-column3425_00457f-c8 > .kt-inside-inner-col:before{opacity:0.3;}.kadence-column3425_00457f-c8{position:relative;}@media all and (max-width: 1024px){.kt-row-column-wrap > .kadence-column3425_00457f-c8{align-self:center;}}@media all and (max-width: 1024px){.kt-inner-column-height-full:not(.kt-has-1-columns) > .wp-block-kadence-column.kadence-column3425_00457f-c8{align-self:auto;}}@media all and (max-width: 1024px){.kt-inner-column-height-full:not(.kt-has-1-columns) > .wp-block-kadence-column.kadence-column3425_00457f-c8 > .kt-inside-inner-col{flex-direction:column;justify-content:center;}}@media all and (max-width: 1024px){.kt-row-column-wrap.kt-tab-layout-three-grid > .kadence-column3425_00457f-c8, .kt-row-column-wrap.kt-tab-layout-two-grid > .kadence-column3425_00457f-c8, .kt-row-column-wrap.kt-tab-layout-row > .kadence-column3425_00457f-c8{order:2;}}@media all and (max-width: 1024px){.kadence-column3425_00457f-c8 > .kt-inside-inner-col{flex-direction:column;justify-content:center;}}@media all and (max-width: 767px){.kadence-column3425_00457f-c8 > .kt-inside-inner-col{padding-top:var(--global-kb-spacing-xl, 4rem);padding-bottom:var(--global-kb-spacing-md, 2rem);min-height:200px;flex-direction:column;justify-content:center;}.kt-row-column-wrap > .kadence-column3425_00457f-c8{align-self:center;}.kt-inner-column-height-full:not(.kt-has-1-columns) > .wp-block-kadence-column.kadence-column3425_00457f-c8{align-self:auto;}.kt-inner-column-height-full:not(.kt-has-1-columns) > .wp-block-kadence-column.kadence-column3425_00457f-c8 > .kt-inside-inner-col{flex-direction:column;justify-content:center;}.kt-row-column-wrap.kt-mobile-layout-three-grid > .kadence-column3425_00457f-c8, .kt-row-column-wrap.kt-mobile-layout-two-grid > .kadence-column3425_00457f-c8, .kt-row-column-wrap.kt-mobile-layout-row > .kadence-column3425_00457f-c8{order:2;}}<\/style>\n<div class=\"wp-block-kadence-column kadence-column3425_00457f-c8 stylowane\"><div class=\"kt-inside-inner-col\"><style>.wp-block-kadence-advancedheading.kt-adv-heading3425_024e55-88, .wp-block-kadence-advancedheading.kt-adv-heading3425_024e55-88[data-kb-block=\"kb-adv-heading3425_024e55-88\"]{font-style:normal;}.wp-block-kadence-advancedheading.kt-adv-heading3425_024e55-88 mark.kt-highlight, .wp-block-kadence-advancedheading.kt-adv-heading3425_024e55-88[data-kb-block=\"kb-adv-heading3425_024e55-88\"] mark.kt-highlight{font-style:normal;color:#f76a0c;-webkit-box-decoration-break:clone;box-decoration-break:clone;padding-top:0px;padding-right:0px;padding-bottom:0px;padding-left:0px;}.wp-block-kadence-advancedheading.kt-adv-heading3425_024e55-88 img.kb-inline-image, .wp-block-kadence-advancedheading.kt-adv-heading3425_024e55-88[data-kb-block=\"kb-adv-heading3425_024e55-88\"] img.kb-inline-image{width:150px;vertical-align:baseline;}<\/style>\n<h2 class=\"kt-adv-heading3425_024e55-88 wp-block-kadence-advancedheading\" data-kb-block=\"kb-adv-heading3425_024e55-88\">Birthday offer<\/h2>\n\n\n\n<ul class=\"wp-block-list\">\n<li>three hours of fun in the pool with an animator<\/li>\n\n\n\n<li>waffles (packet 1 and 2)<\/li>\n\n\n\n<li>set of choices (package 2)<\/li>\n\n\n\n<li>invitations<\/li>\n\n\n\n<li>decoration<\/li>\n\n\n\n<li>gift for the Jubilarian (3h ticket to the swimming pool)<\/li>\n\n\n\n<li>gift for participants (1h ticket for the swimming pool)<\/li>\n<\/ul>\n<\/div><\/div>\n\n<\/div><\/div>","protected":false},"excerpt":{"rendered":"<p>Urodziny na basenie Zorganizujemy urodziny Twojego dziecka na basenie! Dwie oferty do wyboru! Minimalna ilo\u015b\u0107 uczestnik\u00f3w: 10 os\u00f3b URODZINKI (129 z\u0142\/os.) URODZINKI (159 z\u0142\/os.) Regulamin urodziny basen Oferta urodzinowa<\/p>","protected":false},"author":1,"featured_media":4681,"parent":356,"menu_order":0,"comment_status":"closed","ping_status":"closed","template":"","meta":{"_acf_changed":false,"_kad_blocks_custom_css":"","_kad_blocks_head_custom_js":"","_kad_blocks_body_custom_js":"","_kad_blocks_footer_custom_js":"","_kad_post_transparent":"","_kad_post_title":"","_kad_post_layout":"","_kad_post_sidebar_id":"","_kad_post_content_style":"","_kad_post_vertical_padding":"","_kad_post_feature":"","_kad_post_feature_position":"","_kad_post_header":false,"_kad_post_footer":false,"_kad_post_classname":"","footnotes":""},"dzial":[8],"class_list":["post-3425","page","type-page","status-publish","has-post-thumbnail","hentry","dzial-baseny"],"acf":[],"taxonomy_info":{"dzial":[{"value":8,"label":"Baseny"}]},"featured_image_src_large":["https:\/\/aq.dot2.pl\/wp-content\/uploads\/2022\/03\/DSC02526_aquaparkMB2018-scaled-1-1024x683.jpg",1024,683,true],"author_info":{"display_name":"admin","author_link":"https:\/\/aq.dot2.pl\/en\/author\/admin\/"},"comment_info":0,"_links":{"self":[{"href":"https:\/\/aq.dot2.pl\/en\/wp-json\/wp\/v2\/pages\/3425","targetHints":{"allow":["GET"]}}],"collection":[{"href":"https:\/\/aq.dot2.pl\/en\/wp-json\/wp\/v2\/pages"}],"about":[{"href":"https:\/\/aq.dot2.pl\/en\/wp-json\/wp\/v2\/types\/page"}],"author":[{"embeddable":true,"href":"https:\/\/aq.dot2.pl\/en\/wp-json\/wp\/v2\/users\/1"}],"replies":[{"embeddable":true,"href":"https:\/\/aq.dot2.pl\/en\/wp-json\/wp\/v2\/comments?post=3425"}],"version-history":[{"count":0,"href":"https:\/\/aq.dot2.pl\/en\/wp-json\/wp\/v2\/pages\/3425\/revisions"}],"up":[{"embeddable":true,"href":"https:\/\/aq.dot2.pl\/en\/wp-json\/wp\/v2\/pages\/356"}],"wp:featuredmedia":[{"embeddable":true,"href":"https:\/\/aq.dot2.pl\/en\/wp-json\/wp\/v2\/media\/4681"}],"wp:attachment":[{"href":"https:\/\/aq.dot2.pl\/en\/wp-json\/wp\/v2\/media?parent=3425"}],"wp:term":[{"taxonomy":"dzial","embeddable":true,"href":"https:\/\/aq.dot2.pl\/en\/wp-json\/wp\/v2\/dzial?post=3425"}],"curies":[{"name":"wp","href":"https:\/\/api.w.org\/{rel}","templated":true}]}}