{"id":351,"date":"2020-03-23T11:56:10","date_gmt":"2020-03-23T10:56:10","guid":{"rendered":"http:\/\/aquaparksopot.pl\/\/?page_id=351"},"modified":"2025-12-24T14:29:15","modified_gmt":"2025-12-24T13:29:15","slug":"sezonowy-basen-dla-najmlodszych","status":"publish","type":"page","link":"https:\/\/aq.dot2.pl\/en\/aquapark\/baseny\/sezonowy-basen-dla-najmlodszych\/","title":{"rendered":"Seasonal children's pool"},"content":{"rendered":"<style>.kb-row-layout-id351_64920b-31 > .kt-row-column-wrap{align-content:center;}:where(.kb-row-layout-id351_64920b-31 > .kt-row-column-wrap) > .wp-block-kadence-column{justify-content:center;}.kb-row-layout-id351_64920b-31 > .kt-row-column-wrap{column-gap:var(--global-kb-gap-none, 0rem );row-gap:var(--global-kb-gap-md, 2rem);max-width:var( --global-content-width, 1590px );padding-left:var(--global-content-edge-padding);padding-right:var(--global-content-edge-padding);padding-top:0px;padding-bottom:var(--global-kb-spacing-sm, 1.5rem);grid-template-columns:repeat(2, minmax(0, 1fr));}.kb-row-layout-id351_64920b-31 > .kt-row-layout-overlay{opacity:0.30;}@media all and (max-width: 1024px){.kb-row-layout-id351_64920b-31 > .kt-row-column-wrap{grid-template-columns:repeat(2, minmax(0, 1fr));}}@media all and (max-width: 767px){.kb-row-layout-id351_64920b-31 > .kt-row-column-wrap{grid-template-columns:minmax(0, 1fr);}}<\/style><div class=\"kb-row-layout-wrap kb-row-layout-id351_64920b-31 alignnone hero wp-block-kadence-rowlayout\"><div class=\"kt-row-column-wrap kt-has-2-columns kt-row-layout-equal kt-tab-layout-inherit kt-mobile-layout-row kt-row-valign-middle kb-theme-content-width\">\n<style>.kadence-column351_0ab027-b8 > .kt-inside-inner-col{display:flex;}.kadence-column351_0ab027-b8 > .kt-inside-inner-col{padding-top:var(--global-kb-spacing-xxl, 5rem);padding-right:var(--global-kb-spacing-lg, 3rem);padding-bottom:var(--global-kb-spacing-lg, 3rem);padding-left:var(--global-kb-spacing-md, 2rem);}.kadence-column351_0ab027-b8 > .kt-inside-inner-col{min-height:500px;}.kadence-column351_0ab027-b8 > .kt-inside-inner-col,.kadence-column351_0ab027-b8 > .kt-inside-inner-col:before{border-top-left-radius:6px;border-top-right-radius:6px;border-bottom-right-radius:6px;border-bottom-left-radius:6px;}.kadence-column351_0ab027-b8 > .kt-inside-inner-col{column-gap:var(--global-kb-gap-sm, 1rem);}.kadence-column351_0ab027-b8 > .kt-inside-inner-col{flex-direction:column;justify-content:center;}.kadence-column351_0ab027-b8 > .kt-inside-inner-col > .aligncenter{width:100%;}.kt-row-column-wrap > .kadence-column351_0ab027-b8{align-self:center;}.kt-inner-column-height-full:not(.kt-has-1-columns) > .wp-block-kadence-column.kadence-column351_0ab027-b8{align-self:auto;}.kt-inner-column-height-full:not(.kt-has-1-columns) > .wp-block-kadence-column.kadence-column351_0ab027-b8 > .kt-inside-inner-col{flex-direction:column;justify-content:center;}.kadence-column351_0ab027-b8 > .kt-inside-inner-col:before{opacity:0.3;}.kadence-column351_0ab027-b8{position:relative;}@media all and (max-width: 1024px){.kt-row-column-wrap > .kadence-column351_0ab027-b8{align-self:center;}}@media all and (max-width: 1024px){.kt-inner-column-height-full:not(.kt-has-1-columns) > .wp-block-kadence-column.kadence-column351_0ab027-b8{align-self:auto;}}@media all and (max-width: 1024px){.kt-inner-column-height-full:not(.kt-has-1-columns) > .wp-block-kadence-column.kadence-column351_0ab027-b8 > .kt-inside-inner-col{flex-direction:column;justify-content:center;}}@media all and (max-width: 1024px){.kt-row-column-wrap.kt-tab-layout-three-grid > .kadence-column351_0ab027-b8, .kt-row-column-wrap.kt-tab-layout-two-grid > .kadence-column351_0ab027-b8, .kt-row-column-wrap.kt-tab-layout-row > .kadence-column351_0ab027-b8{order:2;}}@media all and (max-width: 1024px){.kadence-column351_0ab027-b8 > .kt-inside-inner-col{flex-direction:column;justify-content:center;}}@media all and (max-width: 767px){.kadence-column351_0ab027-b8 > .kt-inside-inner-col{padding-top:var(--global-kb-spacing-xl, 4rem);padding-bottom:var(--global-kb-spacing-md, 2rem);min-height:200px;flex-direction:column;justify-content:center;}.kt-row-column-wrap > .kadence-column351_0ab027-b8{align-self:center;}.kt-inner-column-height-full:not(.kt-has-1-columns) > .wp-block-kadence-column.kadence-column351_0ab027-b8{align-self:auto;}.kt-inner-column-height-full:not(.kt-has-1-columns) > .wp-block-kadence-column.kadence-column351_0ab027-b8 > .kt-inside-inner-col{flex-direction:column;justify-content:center;}.kt-row-column-wrap.kt-mobile-layout-three-grid > .kadence-column351_0ab027-b8, .kt-row-column-wrap.kt-mobile-layout-two-grid > .kadence-column351_0ab027-b8, .kt-row-column-wrap.kt-mobile-layout-row > .kadence-column351_0ab027-b8{order:2;}}<\/style>\n<div class=\"wp-block-kadence-column kadence-column351_0ab027-b8 hero-left\"><div class=\"kt-inside-inner-col\"><style>.wp-block-kadence-advancedheading.kt-adv-heading351_7a1d87-22, .wp-block-kadence-advancedheading.kt-adv-heading351_7a1d87-22[data-kb-block=\"kb-adv-heading351_7a1d87-22\"]{font-style:normal;}.wp-block-kadence-advancedheading.kt-adv-heading351_7a1d87-22 mark.kt-highlight, .wp-block-kadence-advancedheading.kt-adv-heading351_7a1d87-22[data-kb-block=\"kb-adv-heading351_7a1d87-22\"] mark.kt-highlight{font-style:normal;color:#f76a0c;-webkit-box-decoration-break:clone;box-decoration-break:clone;padding-top:0px;padding-right:0px;padding-bottom:0px;padding-left:0px;}.wp-block-kadence-advancedheading.kt-adv-heading351_7a1d87-22 img.kb-inline-image, .wp-block-kadence-advancedheading.kt-adv-heading351_7a1d87-22[data-kb-block=\"kb-adv-heading351_7a1d87-22\"] img.kb-inline-image{width:150px;vertical-align:baseline;}<\/style>\n<h1 class=\"kt-adv-heading351_7a1d87-22 wp-block-kadence-advancedheading\" data-kb-block=\"kb-adv-heading351_7a1d87-22\">Seasonal children's pool<\/h1>\n\n\n\n<p>An outdoor leisure pool with a maximum depth of 130 cm. You can slide into the pool on a three-track eight-metre slide. Adults can relax and sunbathe with impunity on the deckchairs around the pool while the little ones have fun in the water.  For the little ones, the pool has a colourful construction for interactive play that is sure to provide an unforgettable experience.<\/p>\n<\/div><\/div>\n\n\n<style>.kadence-column351_36ed90-52 > .kt-inside-inner-col{box-shadow:0px 0px 14px 0px rgba(0, 0, 0, 0.2);border-top:8px solid var(--global-palette9, #ffffff);border-right:8px solid var(--global-palette9, #ffffff);border-bottom:8px solid var(--global-palette9, #ffffff);border-left:8px solid var(--global-palette9, #ffffff);}.kadence-column351_36ed90-52 > .kt-inside-inner-col,.kadence-column351_36ed90-52 > .kt-inside-inner-col:before{border-top-left-radius:6px;border-top-right-radius:6px;border-bottom-right-radius:6px;border-bottom-left-radius:6px;}.kadence-column351_36ed90-52 > .kt-inside-inner-col{column-gap:var(--global-kb-gap-sm, 1rem);}.kadence-column351_36ed90-52 > .kt-inside-inner-col{flex-direction:column;}.kadence-column351_36ed90-52 > .kt-inside-inner-col > .aligncenter{width:100%;}.kadence-column351_36ed90-52 > .kt-inside-inner-col:before{opacity:0.3;}.kadence-column351_36ed90-52{position:relative;}.kadence-column351_36ed90-52, .kt-inside-inner-col > .kadence-column351_36ed90-52:not(.specificity){margin-top:40px;margin-left:-40px;}@media all and (max-width: 1024px){.kadence-column351_36ed90-52 > .kt-inside-inner-col{border-top:8px solid var(--global-palette9, #ffffff);border-right:8px solid var(--global-palette9, #ffffff);border-bottom:8px solid var(--global-palette9, #ffffff);border-left:8px solid var(--global-palette9, #ffffff);flex-direction:column;justify-content:center;}}@media all and (max-width: 767px){.kadence-column351_36ed90-52 > .kt-inside-inner-col{border-top:8px solid var(--global-palette9, #ffffff);border-right:8px solid var(--global-palette9, #ffffff);border-bottom:8px solid var(--global-palette9, #ffffff);border-left:8px solid var(--global-palette9, #ffffff);flex-direction:column;justify-content:center;}.kadence-column351_36ed90-52, .kt-inside-inner-col > .kadence-column351_36ed90-52:not(.specificity){margin-top:0px;margin-left:0px;}}<\/style>\n<div class=\"wp-block-kadence-column kadence-column351_36ed90-52 ramka_hero\"><div class=\"kt-inside-inner-col\"><style>.kb-image351_7a869e-c9 .kb-image-has-overlay:after{opacity:0.3;}<\/style>\n<figure class=\"wp-block-kadence-image kb-image351_7a869e-c9 size-full\"><img decoding=\"async\" width=\"1000\" height=\"666\" src=\"https:\/\/aq.dot2.pl\/wp-content\/uploads\/2020\/04\/basen-dla-najmlodszych-001-1.jpg\" alt=\"\" class=\"kb-img wp-image-1212\" srcset=\"https:\/\/aq.dot2.pl\/wp-content\/uploads\/2020\/04\/basen-dla-najmlodszych-001-1.jpg 1000w, https:\/\/aq.dot2.pl\/wp-content\/uploads\/2020\/04\/basen-dla-najmlodszych-001-1-300x200.jpg 300w, https:\/\/aq.dot2.pl\/wp-content\/uploads\/2020\/04\/basen-dla-najmlodszych-001-1-768x511.jpg 768w\" sizes=\"(max-width: 1000px) 100vw, 1000px\" \/><\/figure>\n<\/div><\/div>\n\n<\/div><\/div>\n\n<style>.kb-row-layout-id351_7e2ccf-80 > .kt-row-column-wrap{align-content:start;}:where(.kb-row-layout-id351_7e2ccf-80 > .kt-row-column-wrap) > .wp-block-kadence-column{justify-content:start;}.kb-row-layout-id351_7e2ccf-80 > .kt-row-column-wrap{column-gap:var(--global-kb-gap-none, 0rem );row-gap:var(--global-kb-gap-md, 2rem);max-width:var( --global-content-width, 1590px );padding-left:var(--global-content-edge-padding);padding-right:var(--global-content-edge-padding);padding-top:0px;padding-bottom:var(--global-kb-spacing-sm, 1.5rem);grid-template-columns:repeat(2, minmax(0, 1fr));}.kb-row-layout-id351_7e2ccf-80 > .kt-row-layout-overlay{opacity:0.30;}@media all and (max-width: 1024px){.kb-row-layout-id351_7e2ccf-80 > .kt-row-column-wrap{grid-template-columns:repeat(2, minmax(0, 1fr));}}@media all and (max-width: 767px){.kb-row-layout-id351_7e2ccf-80 > .kt-row-column-wrap{grid-template-columns:minmax(0, 1fr);}}<\/style><div class=\"kb-row-layout-wrap kb-row-layout-id351_7e2ccf-80 alignnone wp-block-kadence-rowlayout\"><div class=\"kt-row-column-wrap kt-has-2-columns kt-row-layout-equal kt-tab-layout-inherit kt-mobile-layout-row kt-row-valign-top kb-theme-content-width\">\n<style>.kadence-column351_86cc99-85 > .kt-inside-inner-col{display:flex;}.kadence-column351_86cc99-85 > .kt-inside-inner-col{padding-top:0px;padding-right:0px;padding-left:0px;}.kadence-column351_86cc99-85 > .kt-inside-inner-col{box-shadow:0px 0px 14px 0px rgba(0, 0, 0, 0.2);border-top:8px solid var(--global-palette9, #ffffff);border-right:8px solid var(--global-palette9, #ffffff);border-bottom:8px solid var(--global-palette9, #ffffff);border-left:8px solid var(--global-palette9, #ffffff);}.kadence-column351_86cc99-85 > .kt-inside-inner-col,.kadence-column351_86cc99-85 > .kt-inside-inner-col:before{border-top-left-radius:6px;border-top-right-radius:6px;border-bottom-right-radius:6px;border-bottom-left-radius:6px;}.kadence-column351_86cc99-85 > .kt-inside-inner-col{column-gap:var(--global-kb-gap-sm, 1rem);}.kadence-column351_86cc99-85 > .kt-inside-inner-col{flex-direction:column;justify-content:flex-start;}.kadence-column351_86cc99-85 > .kt-inside-inner-col > .aligncenter{width:100%;}.kt-row-column-wrap > .kadence-column351_86cc99-85{align-self:flex-start;}.kt-inner-column-height-full:not(.kt-has-1-columns) > .wp-block-kadence-column.kadence-column351_86cc99-85{align-self:auto;}.kt-inner-column-height-full:not(.kt-has-1-columns) > .wp-block-kadence-column.kadence-column351_86cc99-85 > .kt-inside-inner-col{flex-direction:column;justify-content:flex-start;}.kadence-column351_86cc99-85 > .kt-inside-inner-col:before{opacity:0.3;}.kadence-column351_86cc99-85{position:relative;}.kadence-column351_86cc99-85, .kt-inside-inner-col > .kadence-column351_86cc99-85:not(.specificity){margin-right:0px;}@media all and (max-width: 1024px){.kadence-column351_86cc99-85 > .kt-inside-inner-col{border-top:8px solid var(--global-palette9, #ffffff);border-right:8px solid var(--global-palette9, #ffffff);border-bottom:8px solid var(--global-palette9, #ffffff);border-left:8px solid var(--global-palette9, #ffffff);flex-direction:column;justify-content:flex-start;}}@media all and (max-width: 1024px){.kt-row-column-wrap > .kadence-column351_86cc99-85{align-self:flex-start;}}@media all and (max-width: 1024px){.kt-inner-column-height-full:not(.kt-has-1-columns) > .wp-block-kadence-column.kadence-column351_86cc99-85{align-self:auto;}}@media all and (max-width: 1024px){.kt-inner-column-height-full:not(.kt-has-1-columns) > .wp-block-kadence-column.kadence-column351_86cc99-85 > .kt-inside-inner-col{flex-direction:column;justify-content:flex-start;}}@media all and (max-width: 1024px){.kt-row-column-wrap.kt-tab-layout-three-grid > .kadence-column351_86cc99-85, .kt-row-column-wrap.kt-tab-layout-two-grid > .kadence-column351_86cc99-85, .kt-row-column-wrap.kt-tab-layout-row > .kadence-column351_86cc99-85{order:2;}}@media all and (max-width: 767px){.kadence-column351_86cc99-85 > .kt-inside-inner-col{padding-top:var(--global-kb-spacing-xl, 4rem);padding-bottom:var(--global-kb-spacing-md, 2rem);min-height:200px;border-top:8px solid var(--global-palette9, #ffffff);border-right:8px solid var(--global-palette9, #ffffff);border-bottom:8px solid var(--global-palette9, #ffffff);border-left:8px solid var(--global-palette9, #ffffff);flex-direction:column;justify-content:flex-start;}.kt-row-column-wrap > .kadence-column351_86cc99-85{align-self:flex-start;}.kt-inner-column-height-full:not(.kt-has-1-columns) > .wp-block-kadence-column.kadence-column351_86cc99-85{align-self:auto;}.kt-inner-column-height-full:not(.kt-has-1-columns) > .wp-block-kadence-column.kadence-column351_86cc99-85 > .kt-inside-inner-col{flex-direction:column;justify-content:flex-start;}.kt-row-column-wrap.kt-mobile-layout-three-grid > .kadence-column351_86cc99-85, .kt-row-column-wrap.kt-mobile-layout-two-grid > .kadence-column351_86cc99-85, .kt-row-column-wrap.kt-mobile-layout-row > .kadence-column351_86cc99-85{order:2;}}<\/style>\n<div class=\"wp-block-kadence-column kadence-column351_86cc99-85\"><div class=\"kt-inside-inner-col\"><style>.kb-image351_688bd5-4f .kb-image-has-overlay:after{opacity:0.3;}<\/style>\n<figure class=\"wp-block-kadence-image kb-image351_688bd5-4f size-full\"><img decoding=\"async\" width=\"1000\" height=\"666\" src=\"https:\/\/aq.dot2.pl\/wp-content\/uploads\/2020\/04\/basen-dla-najmlodszych-002-1.jpg\" alt=\"\" class=\"kb-img wp-image-1213\" srcset=\"https:\/\/aq.dot2.pl\/wp-content\/uploads\/2020\/04\/basen-dla-najmlodszych-002-1.jpg 1000w, https:\/\/aq.dot2.pl\/wp-content\/uploads\/2020\/04\/basen-dla-najmlodszych-002-1-300x200.jpg 300w, https:\/\/aq.dot2.pl\/wp-content\/uploads\/2020\/04\/basen-dla-najmlodszych-002-1-768x511.jpg 768w\" sizes=\"(max-width: 1000px) 100vw, 1000px\" \/><\/figure>\n<\/div><\/div>\n\n\n<style>.kadence-column351_152445-d3 > .kt-inside-inner-col{display:flex;}.kadence-column351_152445-d3 > .kt-inside-inner-col{padding-top:var(--global-kb-spacing-lg, 3rem);padding-right:var(--global-kb-spacing-lg, 3rem);padding-left:var(--global-kb-spacing-md, 2rem);}.kadence-column351_152445-d3 > .kt-inside-inner-col{min-height:500px;}.kadence-column351_152445-d3 > .kt-inside-inner-col,.kadence-column351_152445-d3 > .kt-inside-inner-col:before{border-top-left-radius:6px;border-top-right-radius:6px;border-bottom-right-radius:6px;border-bottom-left-radius:6px;}.kadence-column351_152445-d3 > .kt-inside-inner-col{column-gap:var(--global-kb-gap-sm, 1rem);}.kadence-column351_152445-d3 > .kt-inside-inner-col{flex-direction:column;justify-content:center;}.kadence-column351_152445-d3 > .kt-inside-inner-col > .aligncenter{width:100%;}.kt-row-column-wrap > .kadence-column351_152445-d3{align-self:center;}.kt-inner-column-height-full:not(.kt-has-1-columns) > .wp-block-kadence-column.kadence-column351_152445-d3{align-self:auto;}.kt-inner-column-height-full:not(.kt-has-1-columns) > .wp-block-kadence-column.kadence-column351_152445-d3 > .kt-inside-inner-col{flex-direction:column;justify-content:center;}.kadence-column351_152445-d3 > .kt-inside-inner-col:before{opacity:0.3;}.kadence-column351_152445-d3{position:relative;}@media all and (max-width: 1024px){.kt-row-column-wrap > .kadence-column351_152445-d3{align-self:center;}}@media all and (max-width: 1024px){.kt-inner-column-height-full:not(.kt-has-1-columns) > .wp-block-kadence-column.kadence-column351_152445-d3{align-self:auto;}}@media all and (max-width: 1024px){.kt-inner-column-height-full:not(.kt-has-1-columns) > .wp-block-kadence-column.kadence-column351_152445-d3 > .kt-inside-inner-col{flex-direction:column;justify-content:center;}}@media all and (max-width: 1024px){.kt-row-column-wrap.kt-tab-layout-three-grid > .kadence-column351_152445-d3, .kt-row-column-wrap.kt-tab-layout-two-grid > .kadence-column351_152445-d3, .kt-row-column-wrap.kt-tab-layout-row > .kadence-column351_152445-d3{order:2;}}@media all and (max-width: 1024px){.kadence-column351_152445-d3 > .kt-inside-inner-col{flex-direction:column;justify-content:center;}}@media all and (max-width: 767px){.kadence-column351_152445-d3 > .kt-inside-inner-col{padding-top:var(--global-kb-spacing-xl, 4rem);padding-bottom:var(--global-kb-spacing-md, 2rem);min-height:200px;flex-direction:column;justify-content:center;}.kt-row-column-wrap > .kadence-column351_152445-d3{align-self:center;}.kt-inner-column-height-full:not(.kt-has-1-columns) > .wp-block-kadence-column.kadence-column351_152445-d3{align-self:auto;}.kt-inner-column-height-full:not(.kt-has-1-columns) > .wp-block-kadence-column.kadence-column351_152445-d3 > .kt-inside-inner-col{flex-direction:column;justify-content:center;}.kt-row-column-wrap.kt-mobile-layout-three-grid > .kadence-column351_152445-d3, .kt-row-column-wrap.kt-mobile-layout-two-grid > .kadence-column351_152445-d3, .kt-row-column-wrap.kt-mobile-layout-row > .kadence-column351_152445-d3{order:2;}}<\/style>\n<div class=\"wp-block-kadence-column kadence-column351_152445-d3 stylowane\"><div class=\"kt-inside-inner-col\"><style>.wp-block-kadence-advancedheading.kt-adv-heading351_7d2f84-23, .wp-block-kadence-advancedheading.kt-adv-heading351_7d2f84-23[data-kb-block=\"kb-adv-heading351_7d2f84-23\"]{font-style:normal;}.wp-block-kadence-advancedheading.kt-adv-heading351_7d2f84-23 mark.kt-highlight, .wp-block-kadence-advancedheading.kt-adv-heading351_7d2f84-23[data-kb-block=\"kb-adv-heading351_7d2f84-23\"] mark.kt-highlight{font-style:normal;color:#f76a0c;-webkit-box-decoration-break:clone;box-decoration-break:clone;padding-top:0px;padding-right:0px;padding-bottom:0px;padding-left:0px;}.wp-block-kadence-advancedheading.kt-adv-heading351_7d2f84-23 img.kb-inline-image, .wp-block-kadence-advancedheading.kt-adv-heading351_7d2f84-23[data-kb-block=\"kb-adv-heading351_7d2f84-23\"] img.kb-inline-image{width:150px;vertical-align:baseline;}<\/style>\n<h2 class=\"kt-adv-heading351_7d2f84-23 wp-block-kadence-advancedheading\" data-kb-block=\"kb-adv-heading351_7d2f84-23\">Features<\/h2>\n\n\n\n<ul class=\"wp-block-list\">\n<li>colourful water playground<\/li>\n\n\n\n<li>three-track 8-metre slide<\/li>\n\n\n\n<li>maximum depth 130 cm<\/li>\n<\/ul>\n\n\n\n<p>Swimming pool open during the holiday season. Out of season, the pool is closed. In the event of bad weather conditions, there is a risk that the pool will be closed.<\/p>\n<\/div><\/div>\n\n<\/div><\/div>","protected":false},"excerpt":{"rendered":"<p>Sezonowy basen dla najm\u0142odszych Zewn\u0119trzny basen rekreacyjny, w kt\u00f3rym g\u0142\u0119boko\u015b\u0107 maksymalna wynosi 130 cm. Do basenu mo\u017cna zjecha\u0107 trzytorow\u0105 o\u015bmiometrow\u0105 zje\u017cd\u017calni\u0105. Doro\u015bli mog\u0105 bezkarnie wypoczywa\u0107 i opala\u0107 si\u0119 na le\u017cakach umiejscowionych wok\u00f3\u0142 basenu, podczas gdy dzieciaczki \u015bwietnie bawi\u0105 si\u0119 w wodzie.&nbsp; Z my\u015bl\u0105 o najm\u0142odszych w basenie zainstalowano kolorow\u0105 konstrukcj\u0119 do interaktywnych zabaw, kt\u00f3ra z&#8230;<\/p>","protected":false},"author":1,"featured_media":1212,"parent":356,"menu_order":0,"comment_status":"closed","ping_status":"closed","template":"","meta":{"_acf_changed":false,"_kad_blocks_custom_css":"","_kad_blocks_head_custom_js":"","_kad_blocks_body_custom_js":"","_kad_blocks_footer_custom_js":"","_kad_post_transparent":"","_kad_post_title":"","_kad_post_layout":"","_kad_post_sidebar_id":"","_kad_post_content_style":"","_kad_post_vertical_padding":"","_kad_post_feature":"","_kad_post_feature_position":"","_kad_post_header":false,"_kad_post_footer":false,"_kad_post_classname":"","footnotes":""},"dzial":[8],"class_list":["post-351","page","type-page","status-publish","has-post-thumbnail","hentry","dzial-baseny"],"acf":[],"taxonomy_info":{"dzial":[{"value":8,"label":"Baseny"}]},"featured_image_src_large":["https:\/\/aq.dot2.pl\/wp-content\/uploads\/2020\/04\/basen-dla-najmlodszych-001-1.jpg",1000,666,false],"author_info":{"display_name":"admin","author_link":"https:\/\/aq.dot2.pl\/en\/author\/admin\/"},"comment_info":0,"_links":{"self":[{"href":"https:\/\/aq.dot2.pl\/en\/wp-json\/wp\/v2\/pages\/351","targetHints":{"allow":["GET"]}}],"collection":[{"href":"https:\/\/aq.dot2.pl\/en\/wp-json\/wp\/v2\/pages"}],"about":[{"href":"https:\/\/aq.dot2.pl\/en\/wp-json\/wp\/v2\/types\/page"}],"author":[{"embeddable":true,"href":"https:\/\/aq.dot2.pl\/en\/wp-json\/wp\/v2\/users\/1"}],"replies":[{"embeddable":true,"href":"https:\/\/aq.dot2.pl\/en\/wp-json\/wp\/v2\/comments?post=351"}],"version-history":[{"count":0,"href":"https:\/\/aq.dot2.pl\/en\/wp-json\/wp\/v2\/pages\/351\/revisions"}],"up":[{"embeddable":true,"href":"https:\/\/aq.dot2.pl\/en\/wp-json\/wp\/v2\/pages\/356"}],"wp:featuredmedia":[{"embeddable":true,"href":"https:\/\/aq.dot2.pl\/en\/wp-json\/wp\/v2\/media\/1212"}],"wp:attachment":[{"href":"https:\/\/aq.dot2.pl\/en\/wp-json\/wp\/v2\/media?parent=351"}],"wp:term":[{"taxonomy":"dzial","embeddable":true,"href":"https:\/\/aq.dot2.pl\/en\/wp-json\/wp\/v2\/dzial?post=351"}],"curies":[{"name":"wp","href":"https:\/\/api.w.org\/{rel}","templated":true}]}}