{"id":368,"date":"2020-03-23T12:40:15","date_gmt":"2020-03-23T11:40:15","guid":{"rendered":"http:\/\/aquaparksopot.pl\/\/?page_id=368"},"modified":"2025-12-24T12:11:54","modified_gmt":"2025-12-24T11:11:54","slug":"hydromasaze","status":"publish","type":"page","link":"https:\/\/aq.dot2.pl\/en\/aquapark\/baseny\/hydromasaze\/","title":{"rendered":"Hydromassages"},"content":{"rendered":"<style>.kb-row-layout-id368_8cbc9a-3a > .kt-row-column-wrap{align-content:center;}:where(.kb-row-layout-id368_8cbc9a-3a > .kt-row-column-wrap) > .wp-block-kadence-column{justify-content:center;}.kb-row-layout-id368_8cbc9a-3a > .kt-row-column-wrap{column-gap:var(--global-kb-gap-none, 0rem );row-gap:var(--global-kb-gap-md, 2rem);padding-top:0px;padding-bottom:var(--global-kb-spacing-sm, 1.5rem);grid-template-columns:repeat(2, minmax(0, 1fr));}.kb-row-layout-id368_8cbc9a-3a > .kt-row-layout-overlay{opacity:0.30;}@media all and (max-width: 1024px){.kb-row-layout-id368_8cbc9a-3a > .kt-row-column-wrap{grid-template-columns:repeat(2, minmax(0, 1fr));}}@media all and (max-width: 767px){.kb-row-layout-id368_8cbc9a-3a > .kt-row-column-wrap{grid-template-columns:minmax(0, 1fr);}}<\/style><div class=\"kb-row-layout-wrap kb-row-layout-id368_8cbc9a-3a alignnone hero wp-block-kadence-rowlayout\"><div class=\"kt-row-column-wrap kt-has-2-columns kt-row-layout-equal kt-tab-layout-inherit kt-mobile-layout-row kt-row-valign-middle\">\n<style>.kadence-column368_a388a1-b2 > .kt-inside-inner-col{display:flex;}.kadence-column368_a388a1-b2 > .kt-inside-inner-col{padding-top:var(--global-kb-spacing-lg, 3rem);padding-right:var(--global-kb-spacing-lg, 3rem);padding-left:var(--global-kb-spacing-md, 2rem);}.kadence-column368_a388a1-b2 > .kt-inside-inner-col{min-height:500px;}.kadence-column368_a388a1-b2 > .kt-inside-inner-col,.kadence-column368_a388a1-b2 > .kt-inside-inner-col:before{border-top-left-radius:6px;border-top-right-radius:6px;border-bottom-right-radius:6px;border-bottom-left-radius:6px;}.kadence-column368_a388a1-b2 > .kt-inside-inner-col{column-gap:var(--global-kb-gap-sm, 1rem);}.kadence-column368_a388a1-b2 > .kt-inside-inner-col{flex-direction:column;justify-content:center;}.kadence-column368_a388a1-b2 > .kt-inside-inner-col > .aligncenter{width:100%;}.kt-row-column-wrap > .kadence-column368_a388a1-b2{align-self:center;}.kt-inner-column-height-full:not(.kt-has-1-columns) > .wp-block-kadence-column.kadence-column368_a388a1-b2{align-self:auto;}.kt-inner-column-height-full:not(.kt-has-1-columns) > .wp-block-kadence-column.kadence-column368_a388a1-b2 > .kt-inside-inner-col{flex-direction:column;justify-content:center;}.kadence-column368_a388a1-b2 > .kt-inside-inner-col:before{opacity:0.3;}.kadence-column368_a388a1-b2{position:relative;}@media all and (max-width: 1024px){.kt-row-column-wrap > .kadence-column368_a388a1-b2{align-self:center;}}@media all and (max-width: 1024px){.kt-inner-column-height-full:not(.kt-has-1-columns) > .wp-block-kadence-column.kadence-column368_a388a1-b2{align-self:auto;}}@media all and (max-width: 1024px){.kt-inner-column-height-full:not(.kt-has-1-columns) > .wp-block-kadence-column.kadence-column368_a388a1-b2 > .kt-inside-inner-col{flex-direction:column;justify-content:center;}}@media all and (max-width: 1024px){.kt-row-column-wrap.kt-tab-layout-three-grid > .kadence-column368_a388a1-b2, .kt-row-column-wrap.kt-tab-layout-two-grid > .kadence-column368_a388a1-b2, .kt-row-column-wrap.kt-tab-layout-row > .kadence-column368_a388a1-b2{order:2;}}@media all and (max-width: 1024px){.kadence-column368_a388a1-b2 > .kt-inside-inner-col{flex-direction:column;justify-content:center;}}@media all and (max-width: 767px){.kadence-column368_a388a1-b2 > .kt-inside-inner-col{padding-top:var(--global-kb-spacing-xl, 4rem);padding-bottom:var(--global-kb-spacing-md, 2rem);min-height:200px;flex-direction:column;justify-content:center;}.kt-row-column-wrap > .kadence-column368_a388a1-b2{align-self:center;}.kt-inner-column-height-full:not(.kt-has-1-columns) > .wp-block-kadence-column.kadence-column368_a388a1-b2{align-self:auto;}.kt-inner-column-height-full:not(.kt-has-1-columns) > .wp-block-kadence-column.kadence-column368_a388a1-b2 > .kt-inside-inner-col{flex-direction:column;justify-content:center;}.kt-row-column-wrap.kt-mobile-layout-three-grid > .kadence-column368_a388a1-b2, .kt-row-column-wrap.kt-mobile-layout-two-grid > .kadence-column368_a388a1-b2, .kt-row-column-wrap.kt-mobile-layout-row > .kadence-column368_a388a1-b2{order:2;}}<\/style>\n<div class=\"wp-block-kadence-column kadence-column368_a388a1-b2 hero-left\"><div class=\"kt-inside-inner-col\"><style>.wp-block-kadence-advancedheading.kt-adv-heading368_fa8d3c-c2, .wp-block-kadence-advancedheading.kt-adv-heading368_fa8d3c-c2[data-kb-block=\"kb-adv-heading368_fa8d3c-c2\"]{font-style:normal;}.wp-block-kadence-advancedheading.kt-adv-heading368_fa8d3c-c2 mark.kt-highlight, .wp-block-kadence-advancedheading.kt-adv-heading368_fa8d3c-c2[data-kb-block=\"kb-adv-heading368_fa8d3c-c2\"] mark.kt-highlight{font-style:normal;color:#f76a0c;-webkit-box-decoration-break:clone;box-decoration-break:clone;padding-top:0px;padding-right:0px;padding-bottom:0px;padding-left:0px;}.wp-block-kadence-advancedheading.kt-adv-heading368_fa8d3c-c2 img.kb-inline-image, .wp-block-kadence-advancedheading.kt-adv-heading368_fa8d3c-c2[data-kb-block=\"kb-adv-heading368_fa8d3c-c2\"] img.kb-inline-image{width:150px;vertical-align:baseline;}<\/style>\n<h1 class=\"kt-adv-heading368_fa8d3c-c2 has--font-size wp-block-kadence-advancedheading\" data-kb-block=\"kb-adv-heading368_fa8d3c-c2\">Hydromassages<\/h1>\n\n\n\n<p>There are numerous places in the pool hall where you can enjoy the benefits of hydromassage. These are characterised by water jets of varying pressure and intensity. These include water umbrellas, a water grotto, massage loungers and water spouts.<\/p>\n<\/div><\/div>\n\n\n<style>.kadence-column368_025f45-c9 > .kt-inside-inner-col{box-shadow:0px 0px 14px 0px rgba(0, 0, 0, 0.2);border-top:8px solid var(--global-palette9, #ffffff);border-right:8px solid var(--global-palette9, #ffffff);border-bottom:8px solid var(--global-palette9, #ffffff);border-left:8px solid var(--global-palette9, #ffffff);}.kadence-column368_025f45-c9 > .kt-inside-inner-col,.kadence-column368_025f45-c9 > .kt-inside-inner-col:before{border-top-left-radius:6px;border-top-right-radius:6px;border-bottom-right-radius:6px;border-bottom-left-radius:6px;}.kadence-column368_025f45-c9 > .kt-inside-inner-col{column-gap:var(--global-kb-gap-sm, 1rem);}.kadence-column368_025f45-c9 > .kt-inside-inner-col{flex-direction:column;}.kadence-column368_025f45-c9 > .kt-inside-inner-col > .aligncenter{width:100%;}.kadence-column368_025f45-c9 > .kt-inside-inner-col:before{opacity:0.3;}.kadence-column368_025f45-c9{position:relative;}.kadence-column368_025f45-c9, .kt-inside-inner-col > .kadence-column368_025f45-c9:not(.specificity){margin-top:40px;margin-left:-40px;}@media all and (max-width: 1024px){.kadence-column368_025f45-c9 > .kt-inside-inner-col{border-top:8px solid var(--global-palette9, #ffffff);border-right:8px solid var(--global-palette9, #ffffff);border-bottom:8px solid var(--global-palette9, #ffffff);border-left:8px solid var(--global-palette9, #ffffff);flex-direction:column;justify-content:center;}}@media all and (max-width: 767px){.kadence-column368_025f45-c9 > .kt-inside-inner-col{border-top:8px solid var(--global-palette9, #ffffff);border-right:8px solid var(--global-palette9, #ffffff);border-bottom:8px solid var(--global-palette9, #ffffff);border-left:8px solid var(--global-palette9, #ffffff);flex-direction:column;justify-content:center;}.kadence-column368_025f45-c9, .kt-inside-inner-col > .kadence-column368_025f45-c9:not(.specificity){margin-top:0px;margin-left:0px;}}<\/style>\n<div class=\"wp-block-kadence-column kadence-column368_025f45-c9 ramka_hero\"><div class=\"kt-inside-inner-col\"><style>.kb-image368_aeee16-01 .kb-image-has-overlay:after{opacity:0.3;}<\/style>\n<figure class=\"wp-block-kadence-image kb-image368_aeee16-01 size-full\"><img decoding=\"async\" width=\"1000\" height=\"667\" src=\"https:\/\/aq.dot2.pl\/wp-content\/uploads\/2020\/04\/Hydromasaze-001.jpg\" alt=\"\" class=\"kb-img wp-image-1206\" srcset=\"https:\/\/aq.dot2.pl\/wp-content\/uploads\/2020\/04\/Hydromasaze-001.jpg 1000w, https:\/\/aq.dot2.pl\/wp-content\/uploads\/2020\/04\/Hydromasaze-001-300x200.jpg 300w, https:\/\/aq.dot2.pl\/wp-content\/uploads\/2020\/04\/Hydromasaze-001-768x512.jpg 768w\" sizes=\"(max-width: 1000px) 100vw, 1000px\" \/><\/figure>\n<\/div><\/div>\n\n<\/div><\/div>\n\n<style>.kb-row-layout-id368_342d6c-57 > .kt-row-column-wrap{align-content:start;}:where(.kb-row-layout-id368_342d6c-57 > .kt-row-column-wrap) > .wp-block-kadence-column{justify-content:start;}.kb-row-layout-id368_342d6c-57 > .kt-row-column-wrap{column-gap:var(--global-kb-gap-none, 0rem );row-gap:var(--global-kb-gap-md, 2rem);max-width:var( --global-content-width, 1590px );padding-left:var(--global-content-edge-padding);padding-right:var(--global-content-edge-padding);padding-top:0px;padding-bottom:var(--global-kb-spacing-sm, 1.5rem);grid-template-columns:repeat(2, minmax(0, 1fr));}.kb-row-layout-id368_342d6c-57 > .kt-row-layout-overlay{opacity:0.30;}@media all and (max-width: 1024px){.kb-row-layout-id368_342d6c-57 > .kt-row-column-wrap{grid-template-columns:repeat(2, minmax(0, 1fr));}}@media all and (max-width: 767px){.kb-row-layout-id368_342d6c-57 > .kt-row-column-wrap{grid-template-columns:minmax(0, 1fr);}}<\/style><div class=\"kb-row-layout-wrap kb-row-layout-id368_342d6c-57 alignnone wp-block-kadence-rowlayout\"><div class=\"kt-row-column-wrap kt-has-2-columns kt-row-layout-equal kt-tab-layout-inherit kt-mobile-layout-row kt-row-valign-top kb-theme-content-width\">\n<style>.kadence-column368_17b853-99 > .kt-inside-inner-col{display:flex;}.kadence-column368_17b853-99 > .kt-inside-inner-col{padding-top:0px;padding-right:0px;padding-left:0px;}.kadence-column368_17b853-99 > .kt-inside-inner-col{box-shadow:0px 0px 14px 0px rgba(0, 0, 0, 0.2);border-top:8px solid var(--global-palette9, #ffffff);border-right:8px solid var(--global-palette9, #ffffff);border-bottom:8px solid var(--global-palette9, #ffffff);border-left:8px solid var(--global-palette9, #ffffff);}.kadence-column368_17b853-99 > .kt-inside-inner-col,.kadence-column368_17b853-99 > .kt-inside-inner-col:before{border-top-left-radius:6px;border-top-right-radius:6px;border-bottom-right-radius:6px;border-bottom-left-radius:6px;}.kadence-column368_17b853-99 > .kt-inside-inner-col{column-gap:var(--global-kb-gap-sm, 1rem);}.kadence-column368_17b853-99 > .kt-inside-inner-col{flex-direction:column;justify-content:flex-start;}.kadence-column368_17b853-99 > .kt-inside-inner-col > .aligncenter{width:100%;}.kt-row-column-wrap > .kadence-column368_17b853-99{align-self:flex-start;}.kt-inner-column-height-full:not(.kt-has-1-columns) > .wp-block-kadence-column.kadence-column368_17b853-99{align-self:auto;}.kt-inner-column-height-full:not(.kt-has-1-columns) > .wp-block-kadence-column.kadence-column368_17b853-99 > .kt-inside-inner-col{flex-direction:column;justify-content:flex-start;}.kadence-column368_17b853-99 > .kt-inside-inner-col:before{opacity:0.3;}.kadence-column368_17b853-99{position:relative;}.kadence-column368_17b853-99, .kt-inside-inner-col > .kadence-column368_17b853-99:not(.specificity){margin-right:0px;}@media all and (max-width: 1024px){.kadence-column368_17b853-99 > .kt-inside-inner-col{border-top:8px solid var(--global-palette9, #ffffff);border-right:8px solid var(--global-palette9, #ffffff);border-bottom:8px solid var(--global-palette9, #ffffff);border-left:8px solid var(--global-palette9, #ffffff);flex-direction:column;justify-content:flex-start;}}@media all and (max-width: 1024px){.kt-row-column-wrap > .kadence-column368_17b853-99{align-self:flex-start;}}@media all and (max-width: 1024px){.kt-inner-column-height-full:not(.kt-has-1-columns) > .wp-block-kadence-column.kadence-column368_17b853-99{align-self:auto;}}@media all and (max-width: 1024px){.kt-inner-column-height-full:not(.kt-has-1-columns) > .wp-block-kadence-column.kadence-column368_17b853-99 > .kt-inside-inner-col{flex-direction:column;justify-content:flex-start;}}@media all and (max-width: 1024px){.kt-row-column-wrap.kt-tab-layout-three-grid > .kadence-column368_17b853-99, .kt-row-column-wrap.kt-tab-layout-two-grid > .kadence-column368_17b853-99, .kt-row-column-wrap.kt-tab-layout-row > .kadence-column368_17b853-99{order:2;}}@media all and (max-width: 767px){.kadence-column368_17b853-99 > .kt-inside-inner-col{padding-top:var(--global-kb-spacing-xl, 4rem);padding-bottom:var(--global-kb-spacing-md, 2rem);min-height:200px;border-top:8px solid var(--global-palette9, #ffffff);border-right:8px solid var(--global-palette9, #ffffff);border-bottom:8px solid var(--global-palette9, #ffffff);border-left:8px solid var(--global-palette9, #ffffff);flex-direction:column;justify-content:flex-start;}.kt-row-column-wrap > .kadence-column368_17b853-99{align-self:flex-start;}.kt-inner-column-height-full:not(.kt-has-1-columns) > .wp-block-kadence-column.kadence-column368_17b853-99{align-self:auto;}.kt-inner-column-height-full:not(.kt-has-1-columns) > .wp-block-kadence-column.kadence-column368_17b853-99 > .kt-inside-inner-col{flex-direction:column;justify-content:flex-start;}.kt-row-column-wrap.kt-mobile-layout-three-grid > .kadence-column368_17b853-99, .kt-row-column-wrap.kt-mobile-layout-two-grid > .kadence-column368_17b853-99, .kt-row-column-wrap.kt-mobile-layout-row > .kadence-column368_17b853-99{order:2;}}<\/style>\n<div class=\"wp-block-kadence-column kadence-column368_17b853-99\"><div class=\"kt-inside-inner-col\"><style>.kb-image368_57abb0-e6 .kb-image-has-overlay:after{opacity:0.3;}<\/style>\n<figure class=\"wp-block-kadence-image kb-image368_57abb0-e6 size-full\"><img decoding=\"async\" width=\"1000\" height=\"644\" src=\"https:\/\/aq.dot2.pl\/wp-content\/uploads\/2020\/04\/Hydromasaze-002.jpg\" alt=\"\" class=\"kb-img wp-image-1207\" srcset=\"https:\/\/aq.dot2.pl\/wp-content\/uploads\/2020\/04\/Hydromasaze-002.jpg 1000w, https:\/\/aq.dot2.pl\/wp-content\/uploads\/2020\/04\/Hydromasaze-002-300x193.jpg 300w, https:\/\/aq.dot2.pl\/wp-content\/uploads\/2020\/04\/Hydromasaze-002-768x495.jpg 768w\" sizes=\"(max-width: 1000px) 100vw, 1000px\" \/><\/figure>\n<\/div><\/div>\n\n\n<style>.kadence-column368_a43df6-3f > .kt-inside-inner-col{display:flex;}.kadence-column368_a43df6-3f > .kt-inside-inner-col{padding-top:var(--global-kb-spacing-lg, 3rem);padding-right:var(--global-kb-spacing-lg, 3rem);padding-left:var(--global-kb-spacing-md, 2rem);}.kadence-column368_a43df6-3f > .kt-inside-inner-col{min-height:500px;}.kadence-column368_a43df6-3f > .kt-inside-inner-col,.kadence-column368_a43df6-3f > .kt-inside-inner-col:before{border-top-left-radius:6px;border-top-right-radius:6px;border-bottom-right-radius:6px;border-bottom-left-radius:6px;}.kadence-column368_a43df6-3f > .kt-inside-inner-col{column-gap:var(--global-kb-gap-sm, 1rem);}.kadence-column368_a43df6-3f > .kt-inside-inner-col{flex-direction:column;justify-content:center;}.kadence-column368_a43df6-3f > .kt-inside-inner-col > .aligncenter{width:100%;}.kt-row-column-wrap > .kadence-column368_a43df6-3f{align-self:center;}.kt-inner-column-height-full:not(.kt-has-1-columns) > .wp-block-kadence-column.kadence-column368_a43df6-3f{align-self:auto;}.kt-inner-column-height-full:not(.kt-has-1-columns) > .wp-block-kadence-column.kadence-column368_a43df6-3f > .kt-inside-inner-col{flex-direction:column;justify-content:center;}.kadence-column368_a43df6-3f > .kt-inside-inner-col:before{opacity:0.3;}.kadence-column368_a43df6-3f{position:relative;}@media all and (max-width: 1024px){.kt-row-column-wrap > .kadence-column368_a43df6-3f{align-self:center;}}@media all and (max-width: 1024px){.kt-inner-column-height-full:not(.kt-has-1-columns) > .wp-block-kadence-column.kadence-column368_a43df6-3f{align-self:auto;}}@media all and (max-width: 1024px){.kt-inner-column-height-full:not(.kt-has-1-columns) > .wp-block-kadence-column.kadence-column368_a43df6-3f > .kt-inside-inner-col{flex-direction:column;justify-content:center;}}@media all and (max-width: 1024px){.kt-row-column-wrap.kt-tab-layout-three-grid > .kadence-column368_a43df6-3f, .kt-row-column-wrap.kt-tab-layout-two-grid > .kadence-column368_a43df6-3f, .kt-row-column-wrap.kt-tab-layout-row > .kadence-column368_a43df6-3f{order:2;}}@media all and (max-width: 1024px){.kadence-column368_a43df6-3f > .kt-inside-inner-col{flex-direction:column;justify-content:center;}}@media all and (max-width: 767px){.kadence-column368_a43df6-3f > .kt-inside-inner-col{padding-top:var(--global-kb-spacing-xl, 4rem);padding-bottom:var(--global-kb-spacing-md, 2rem);min-height:200px;flex-direction:column;justify-content:center;}.kt-row-column-wrap > .kadence-column368_a43df6-3f{align-self:center;}.kt-inner-column-height-full:not(.kt-has-1-columns) > .wp-block-kadence-column.kadence-column368_a43df6-3f{align-self:auto;}.kt-inner-column-height-full:not(.kt-has-1-columns) > .wp-block-kadence-column.kadence-column368_a43df6-3f > .kt-inside-inner-col{flex-direction:column;justify-content:center;}.kt-row-column-wrap.kt-mobile-layout-three-grid > .kadence-column368_a43df6-3f, .kt-row-column-wrap.kt-mobile-layout-two-grid > .kadence-column368_a43df6-3f, .kt-row-column-wrap.kt-mobile-layout-row > .kadence-column368_a43df6-3f{order:2;}}<\/style>\n<div class=\"wp-block-kadence-column kadence-column368_a43df6-3f stylowane\"><div class=\"kt-inside-inner-col\"><style>.wp-block-kadence-advancedheading.kt-adv-heading368_336c1a-6a, .wp-block-kadence-advancedheading.kt-adv-heading368_336c1a-6a[data-kb-block=\"kb-adv-heading368_336c1a-6a\"]{font-style:normal;}.wp-block-kadence-advancedheading.kt-adv-heading368_336c1a-6a mark.kt-highlight, .wp-block-kadence-advancedheading.kt-adv-heading368_336c1a-6a[data-kb-block=\"kb-adv-heading368_336c1a-6a\"] mark.kt-highlight{font-style:normal;color:#f76a0c;-webkit-box-decoration-break:clone;box-decoration-break:clone;padding-top:0px;padding-right:0px;padding-bottom:0px;padding-left:0px;}.wp-block-kadence-advancedheading.kt-adv-heading368_336c1a-6a img.kb-inline-image, .wp-block-kadence-advancedheading.kt-adv-heading368_336c1a-6a[data-kb-block=\"kb-adv-heading368_336c1a-6a\"] img.kb-inline-image{width:150px;vertical-align:baseline;}<\/style>\n<h2 class=\"kt-adv-heading368_336c1a-6a wp-block-kadence-advancedheading\" data-kb-block=\"kb-adv-heading368_336c1a-6a\">Features<\/h2>\n\n\n\n<ul class=\"wp-block-list\">\n<li>Hydromassages have many health benefits. The water has a relaxing and muscle-relaxing effect, making breathing deeper, which in turn results in better oxygenation of the body. This prevents infections and dangerous lung diseases.<\/li>\n\n\n\n<li>The hydromassage in combination with the water temperature stimulates and balances the blood pressure by dilating or constricting the blood vessels (warm water lowers and cold water raises the pressure). It also influences the oxygenation of the circulatory system and therefore the blood supply and oxygenation of the whole body. The hot bath facilitates the excretion of harmful substances from the body through the skin by dilating the capillaries and opening the pores.<\/li>\n<\/ul>\n<\/div><\/div>\n\n<\/div><\/div>","protected":false},"excerpt":{"rendered":"<p>Hydromasa\u017ce Na hali basenowej znajduj\u0105 si\u0119 liczne miejsca, gdzie mo\u017cna skorzysta\u0107 z dobroczynnych w\u0142a\u015bciwo\u015bci hydromasa\u017cu. Charakteryzuj\u0105 si\u0119 one wyp\u0142ywem strumienia wody o r\u00f3\u017cnym ci\u015bnieniu i intensywno\u015bci. S\u0105 to mi\u0119dzy innymi: parasole wodne, grota wodna, le\u017canki masuj\u0105ce oraz bicze wodne. Cechy<\/p>","protected":false},"author":1,"featured_media":1206,"parent":356,"menu_order":0,"comment_status":"closed","ping_status":"closed","template":"","meta":{"_acf_changed":false,"_kad_blocks_custom_css":"","_kad_blocks_head_custom_js":"","_kad_blocks_body_custom_js":"","_kad_blocks_footer_custom_js":"","_kad_post_transparent":"","_kad_post_title":"","_kad_post_layout":"","_kad_post_sidebar_id":"","_kad_post_content_style":"","_kad_post_vertical_padding":"","_kad_post_feature":"","_kad_post_feature_position":"","_kad_post_header":false,"_kad_post_footer":false,"_kad_post_classname":"","footnotes":""},"dzial":[8],"class_list":["post-368","page","type-page","status-publish","has-post-thumbnail","hentry","dzial-baseny"],"acf":[],"taxonomy_info":{"dzial":[{"value":8,"label":"Baseny"}]},"featured_image_src_large":["https:\/\/aq.dot2.pl\/wp-content\/uploads\/2020\/04\/Hydromasaze-001.jpg",1000,667,false],"author_info":{"display_name":"admin","author_link":"https:\/\/aq.dot2.pl\/en\/author\/admin\/"},"comment_info":0,"_links":{"self":[{"href":"https:\/\/aq.dot2.pl\/en\/wp-json\/wp\/v2\/pages\/368","targetHints":{"allow":["GET"]}}],"collection":[{"href":"https:\/\/aq.dot2.pl\/en\/wp-json\/wp\/v2\/pages"}],"about":[{"href":"https:\/\/aq.dot2.pl\/en\/wp-json\/wp\/v2\/types\/page"}],"author":[{"embeddable":true,"href":"https:\/\/aq.dot2.pl\/en\/wp-json\/wp\/v2\/users\/1"}],"replies":[{"embeddable":true,"href":"https:\/\/aq.dot2.pl\/en\/wp-json\/wp\/v2\/comments?post=368"}],"version-history":[{"count":0,"href":"https:\/\/aq.dot2.pl\/en\/wp-json\/wp\/v2\/pages\/368\/revisions"}],"up":[{"embeddable":true,"href":"https:\/\/aq.dot2.pl\/en\/wp-json\/wp\/v2\/pages\/356"}],"wp:featuredmedia":[{"embeddable":true,"href":"https:\/\/aq.dot2.pl\/en\/wp-json\/wp\/v2\/media\/1206"}],"wp:attachment":[{"href":"https:\/\/aq.dot2.pl\/en\/wp-json\/wp\/v2\/media?parent=368"}],"wp:term":[{"taxonomy":"dzial","embeddable":true,"href":"https:\/\/aq.dot2.pl\/en\/wp-json\/wp\/v2\/dzial?post=368"}],"curies":[{"name":"wp","href":"https:\/\/api.w.org\/{rel}","templated":true}]}}