{"id":371,"date":"2020-03-23T12:40:54","date_gmt":"2020-03-23T11:40:54","guid":{"rendered":"http:\/\/aquaparksopot.pl\/\/?page_id=371"},"modified":"2026-01-08T12:53:11","modified_gmt":"2026-01-08T11:53:11","slug":"whirpool","status":"publish","type":"page","link":"https:\/\/aq.dot2.pl\/en\/aquapark\/baseny\/whirpool\/","title":{"rendered":"Whirpool"},"content":{"rendered":"<style>.kb-row-layout-id371_b44471-76 > .kt-row-column-wrap{align-content:start;}:where(.kb-row-layout-id371_b44471-76 > .kt-row-column-wrap) > .wp-block-kadence-column{justify-content:start;}.kb-row-layout-id371_b44471-76 > .kt-row-column-wrap{column-gap:var(--global-kb-gap-md, 2rem);row-gap:var(--global-kb-gap-md, 2rem);padding-top:var(--global-kb-spacing-sm, 1.5rem);padding-bottom:var(--global-kb-spacing-sm, 1.5rem);grid-template-columns:minmax(0, 1fr);}.kb-row-layout-id371_b44471-76 > .kt-row-layout-overlay{opacity:0.30;}@media all and (max-width: 1024px){.kb-row-layout-id371_b44471-76 > .kt-row-column-wrap{grid-template-columns:minmax(0, 1fr);}}@media all and (max-width: 767px){.kb-row-layout-id371_b44471-76 > .kt-row-column-wrap{grid-template-columns:minmax(0, 1fr);}}<\/style><div class=\"kb-row-layout-wrap kb-row-layout-id371_b44471-76 alignnone wp-block-kadence-rowlayout\"><div class=\"kt-row-column-wrap kt-has-1-columns kt-row-layout-equal kt-tab-layout-inherit kt-mobile-layout-row kt-row-valign-top\">\n<style>.kadence-column371_eecaae-54 > .kt-inside-inner-col,.kadence-column371_eecaae-54 > .kt-inside-inner-col:before{border-top-left-radius:0px;border-top-right-radius:0px;border-bottom-right-radius:0px;border-bottom-left-radius:0px;}.kadence-column371_eecaae-54 > .kt-inside-inner-col{column-gap:var(--global-kb-gap-sm, 1rem);}.kadence-column371_eecaae-54 > .kt-inside-inner-col{flex-direction:column;}.kadence-column371_eecaae-54 > .kt-inside-inner-col > .aligncenter{width:100%;}.kadence-column371_eecaae-54 > .kt-inside-inner-col:before{opacity:0.3;}.kadence-column371_eecaae-54{position:relative;}@media all and (max-width: 1024px){.kadence-column371_eecaae-54 > .kt-inside-inner-col{flex-direction:column;justify-content:center;}}@media all and (max-width: 767px){.kadence-column371_eecaae-54 > .kt-inside-inner-col{flex-direction:column;justify-content:center;}}<\/style>\n<div class=\"wp-block-kadence-column kadence-column371_eecaae-54\"><div class=\"kt-inside-inner-col\"><style>.kb-row-layout-id371_9ddc02-e5 > .kt-row-column-wrap{align-content:center;}:where(.kb-row-layout-id371_9ddc02-e5 > .kt-row-column-wrap) > .wp-block-kadence-column{justify-content:center;}.kb-row-layout-id371_9ddc02-e5 > .kt-row-column-wrap{column-gap:var(--global-kb-gap-none, 0rem );row-gap:var(--global-kb-gap-md, 2rem);max-width:var( --global-content-width, 1590px );padding-left:var(--global-content-edge-padding);padding-right:var(--global-content-edge-padding);padding-top:0px;padding-bottom:var(--global-kb-spacing-sm, 1.5rem);grid-template-columns:repeat(2, minmax(0, 1fr));}.kb-row-layout-id371_9ddc02-e5 > .kt-row-layout-overlay{opacity:0.30;}@media all and (max-width: 1024px){.kb-row-layout-id371_9ddc02-e5 > .kt-row-column-wrap{grid-template-columns:repeat(2, minmax(0, 1fr));}}@media all and (max-width: 767px){.kb-row-layout-id371_9ddc02-e5 > .kt-row-column-wrap{grid-template-columns:minmax(0, 1fr);}}<\/style><div class=\"kb-row-layout-wrap kb-row-layout-id371_9ddc02-e5 alignnone hero wp-block-kadence-rowlayout\"><div class=\"kt-row-column-wrap kt-has-2-columns kt-row-layout-equal kt-tab-layout-inherit kt-mobile-layout-row kt-row-valign-middle kb-theme-content-width\">\n<style>.kadence-column371_0d0470-e7 > .kt-inside-inner-col{display:flex;}.kadence-column371_0d0470-e7 > .kt-inside-inner-col{padding-top:var(--global-kb-spacing-lg, 3rem);padding-right:var(--global-kb-spacing-lg, 3rem);padding-left:var(--global-kb-spacing-md, 2rem);}.kadence-column371_0d0470-e7 > .kt-inside-inner-col{min-height:500px;}.kadence-column371_0d0470-e7 > .kt-inside-inner-col,.kadence-column371_0d0470-e7 > .kt-inside-inner-col:before{border-top-left-radius:6px;border-top-right-radius:6px;border-bottom-right-radius:6px;border-bottom-left-radius:6px;}.kadence-column371_0d0470-e7 > .kt-inside-inner-col{column-gap:var(--global-kb-gap-sm, 1rem);}.kadence-column371_0d0470-e7 > .kt-inside-inner-col{flex-direction:column;justify-content:center;}.kadence-column371_0d0470-e7 > .kt-inside-inner-col > .aligncenter{width:100%;}.kt-row-column-wrap > .kadence-column371_0d0470-e7{align-self:center;}.kt-inner-column-height-full:not(.kt-has-1-columns) > .wp-block-kadence-column.kadence-column371_0d0470-e7{align-self:auto;}.kt-inner-column-height-full:not(.kt-has-1-columns) > .wp-block-kadence-column.kadence-column371_0d0470-e7 > .kt-inside-inner-col{flex-direction:column;justify-content:center;}.kadence-column371_0d0470-e7 > .kt-inside-inner-col:before{opacity:0.3;}.kadence-column371_0d0470-e7{position:relative;}@media all and (max-width: 1024px){.kt-row-column-wrap > .kadence-column371_0d0470-e7{align-self:center;}}@media all and (max-width: 1024px){.kt-inner-column-height-full:not(.kt-has-1-columns) > .wp-block-kadence-column.kadence-column371_0d0470-e7{align-self:auto;}}@media all and (max-width: 1024px){.kt-inner-column-height-full:not(.kt-has-1-columns) > .wp-block-kadence-column.kadence-column371_0d0470-e7 > .kt-inside-inner-col{flex-direction:column;justify-content:center;}}@media all and (max-width: 1024px){.kt-row-column-wrap.kt-tab-layout-three-grid > .kadence-column371_0d0470-e7, .kt-row-column-wrap.kt-tab-layout-two-grid > .kadence-column371_0d0470-e7, .kt-row-column-wrap.kt-tab-layout-row > .kadence-column371_0d0470-e7{order:2;}}@media all and (max-width: 1024px){.kadence-column371_0d0470-e7 > .kt-inside-inner-col{flex-direction:column;justify-content:center;}}@media all and (max-width: 767px){.kadence-column371_0d0470-e7 > .kt-inside-inner-col{padding-top:var(--global-kb-spacing-xl, 4rem);padding-bottom:var(--global-kb-spacing-md, 2rem);min-height:200px;flex-direction:column;justify-content:center;}.kt-row-column-wrap > .kadence-column371_0d0470-e7{align-self:center;}.kt-inner-column-height-full:not(.kt-has-1-columns) > .wp-block-kadence-column.kadence-column371_0d0470-e7{align-self:auto;}.kt-inner-column-height-full:not(.kt-has-1-columns) > .wp-block-kadence-column.kadence-column371_0d0470-e7 > .kt-inside-inner-col{flex-direction:column;justify-content:center;}.kt-row-column-wrap.kt-mobile-layout-three-grid > .kadence-column371_0d0470-e7, .kt-row-column-wrap.kt-mobile-layout-two-grid > .kadence-column371_0d0470-e7, .kt-row-column-wrap.kt-mobile-layout-row > .kadence-column371_0d0470-e7{order:2;}}<\/style>\n<div class=\"wp-block-kadence-column kadence-column371_0d0470-e7 hero-left\"><div class=\"kt-inside-inner-col\"><style>.wp-block-kadence-advancedheading.kt-adv-heading371_3df94c-7c, .wp-block-kadence-advancedheading.kt-adv-heading371_3df94c-7c[data-kb-block=\"kb-adv-heading371_3df94c-7c\"]{font-style:normal;}.wp-block-kadence-advancedheading.kt-adv-heading371_3df94c-7c mark.kt-highlight, .wp-block-kadence-advancedheading.kt-adv-heading371_3df94c-7c[data-kb-block=\"kb-adv-heading371_3df94c-7c\"] mark.kt-highlight{font-style:normal;color:#f76a0c;-webkit-box-decoration-break:clone;box-decoration-break:clone;padding-top:0px;padding-right:0px;padding-bottom:0px;padding-left:0px;}.wp-block-kadence-advancedheading.kt-adv-heading371_3df94c-7c img.kb-inline-image, .wp-block-kadence-advancedheading.kt-adv-heading371_3df94c-7c[data-kb-block=\"kb-adv-heading371_3df94c-7c\"] img.kb-inline-image{width:150px;vertical-align:baseline;}<\/style>\n<h1 class=\"kt-adv-heading371_3df94c-7c wp-block-kadence-advancedheading\" data-kb-block=\"kb-adv-heading371_3df94c-7c\">Whirpool<\/h1>\n\n\n\n<p>Aquapark Sopot provides 5 whirlpools for its customers. Two of them offer pearl massage (air massage - air bubbles coming out of the jets gently massage the whole body). In three whirlpools, the massage is carried out using water and air, which is forced through the jets at high pressure and massages individual parts of the body.<\/p>\n<\/div><\/div>\n\n\n<style>.kadence-column371_b76e5d-a7 > .kt-inside-inner-col{box-shadow:0px 0px 14px 0px rgba(0, 0, 0, 0.2);border-top:6px solid var(--global-palette9, #ffffff);border-right:6px solid var(--global-palette9, #ffffff);border-bottom:6px solid var(--global-palette9, #ffffff);border-left:6px solid var(--global-palette9, #ffffff);}.kadence-column371_b76e5d-a7 > .kt-inside-inner-col,.kadence-column371_b76e5d-a7 > .kt-inside-inner-col:before{border-top-left-radius:6px;border-top-right-radius:6px;border-bottom-right-radius:6px;border-bottom-left-radius:6px;}.kadence-column371_b76e5d-a7 > .kt-inside-inner-col{column-gap:var(--global-kb-gap-sm, 1rem);}.kadence-column371_b76e5d-a7 > .kt-inside-inner-col{flex-direction:column;}.kadence-column371_b76e5d-a7 > .kt-inside-inner-col > .aligncenter{width:100%;}.kadence-column371_b76e5d-a7 > .kt-inside-inner-col:before{opacity:0.3;}.kadence-column371_b76e5d-a7{position:relative;}.kadence-column371_b76e5d-a7, .kt-inside-inner-col > .kadence-column371_b76e5d-a7:not(.specificity){margin-top:40px;margin-left:-40px;}@media all and (max-width: 1024px){.kadence-column371_b76e5d-a7 > .kt-inside-inner-col{border-top:6px solid var(--global-palette9, #ffffff);border-right:6px solid var(--global-palette9, #ffffff);border-bottom:6px solid var(--global-palette9, #ffffff);border-left:6px solid var(--global-palette9, #ffffff);flex-direction:column;justify-content:center;}}@media all and (max-width: 767px){.kadence-column371_b76e5d-a7 > .kt-inside-inner-col{border-top:6px solid var(--global-palette9, #ffffff);border-right:6px solid var(--global-palette9, #ffffff);border-bottom:6px solid var(--global-palette9, #ffffff);border-left:6px solid var(--global-palette9, #ffffff);flex-direction:column;justify-content:center;}.kadence-column371_b76e5d-a7, .kt-inside-inner-col > .kadence-column371_b76e5d-a7:not(.specificity){margin-top:0px;margin-left:0px;}}<\/style>\n<div class=\"wp-block-kadence-column kadence-column371_b76e5d-a7 ramka_hero\"><div class=\"kt-inside-inner-col\"><style>.kb-gallery-id-371_c38829-28 .kadence-blocks-gallery-item .kb-gal-image-radius, .kb-gallery-id-371_c38829-28 .kb-slide-item .kb-gal-image-radius img{border-radius:0px 0px 0px 0px;;}.kb-gallery-wrap-id-371_c38829-28.wp-block-kadence-advancedgallery{overflow:visible;}.kb-gallery-wrap-id-371_c38829-28.wp-block-kadence-advancedgallery .kt-blocks-carousel{overflow:visible;}.kb-gallery-id-371_c38829-28 .splide__arrow{font-size:var(--global-kb-font-size-sm, 0.9rem);}.kb-gallery-id-371_c38829-28 .splide__arrows{margin-right:var(--global-kb-spacing-xs, 1rem);}@media all and (max-width: 767px){.kb-gallery-id-371_c38829-28 .splide__arrows{margin-right:var(--global-kb-spacing-xxs, 0.5rem);}}<\/style><div class=\"kb-gallery-wrap-id-371_c38829-28 alignnone wp-block-kadence-advancedgallery\"><div class=\"kb-gallery-ul kb-gallery-non-static kb-gallery-type-slider kb-gallery-id-371_c38829-28 kb-gallery-caption-style-bottom-hover kb-gallery-filter-none\" data-image-filter=\"none\" data-lightbox-caption=\"true\"><div class=\"kt-blocks-carousel splide kt-carousel-container-dotstyle-none\" data-slider-anim-speed=\"400\" data-slider-scroll=\"1\" data-slider-arrows=\"true\" data-slider-fade=\"true\" data-slider-dots=\"false\" data-slider-type=\"slider\" data-slider-hover-pause=\"false\" data-slider-auto=\"1\" data-slider-speed=\"5000\" data-show-pause-button=\"false\"><div class=\"splide__track\"><ul class=\"kt-blocks-carousel-init kb-blocks-slider splide__list kt-carousel-arrowstyle-whiteondark kt-carousel-dotstyle-none kb-slider-group-arrows kb-slider-arrow-position-top-right\"><li class=\"kb-slide-item kb-gallery-slide-item splide__slide\"><div class=\"kadence-blocks-gallery-item\"><div class=\"kadence-blocks-gallery-item-inner\"><figure class=\"kb-gallery-figure kadence-blocks-gallery-item-hide-caption\"><div class=\"kb-gal-image-radius\"><div class=\"kb-gallery-image-contain kadence-blocks-gallery-intrinsic kb-gallery-image-ratio-land32 kb-has-image-ratio-land32\" ><img decoding=\"async\" src=\"https:\/\/aq.dot2.pl\/wp-content\/uploads\/2020\/04\/Whirpool-001.jpg\" width=\"1000\" height=\"667\" alt=\"\" data-full-image=\"https:\/\/aq.dot2.pl\/wp-content\/uploads\/2020\/04\/Whirpool-001.jpg\" data-light-image=\"https:\/\/aq.dot2.pl\/wp-content\/uploads\/2020\/04\/Whirpool-001.jpg\" data-id=\"1202\" class=\"wp-image-1202 skip-lazy\" srcset=\"https:\/\/aq.dot2.pl\/wp-content\/uploads\/2020\/04\/Whirpool-001.jpg 1000w, https:\/\/aq.dot2.pl\/wp-content\/uploads\/2020\/04\/Whirpool-001-300x200.jpg 300w, https:\/\/aq.dot2.pl\/wp-content\/uploads\/2020\/04\/Whirpool-001-768x512.jpg 768w\" sizes=\"(max-width: 1000px) 100vw, 1000px\" \/><\/div><\/div><\/figure><\/div><\/div><\/li><li class=\"kb-slide-item kb-gallery-slide-item splide__slide\"><div class=\"kadence-blocks-gallery-item\"><div class=\"kadence-blocks-gallery-item-inner\"><figure class=\"kb-gallery-figure kadence-blocks-gallery-item-hide-caption\"><div class=\"kb-gal-image-radius\"><div class=\"kb-gallery-image-contain kadence-blocks-gallery-intrinsic kb-gallery-image-ratio-land32 kb-has-image-ratio-land32\" ><img decoding=\"async\" src=\"https:\/\/aq.dot2.pl\/wp-content\/uploads\/2020\/04\/Whirpool-002.jpg\" width=\"1000\" height=\"667\" alt=\"\" data-full-image=\"https:\/\/aq.dot2.pl\/wp-content\/uploads\/2020\/04\/Whirpool-002.jpg\" data-light-image=\"https:\/\/aq.dot2.pl\/wp-content\/uploads\/2020\/04\/Whirpool-002.jpg\" data-id=\"1204\" class=\"wp-image-1204 skip-lazy\" srcset=\"https:\/\/aq.dot2.pl\/wp-content\/uploads\/2020\/04\/Whirpool-002.jpg 1000w, https:\/\/aq.dot2.pl\/wp-content\/uploads\/2020\/04\/Whirpool-002-300x200.jpg 300w, https:\/\/aq.dot2.pl\/wp-content\/uploads\/2020\/04\/Whirpool-002-768x512.jpg 768w\" sizes=\"(max-width: 1000px) 100vw, 1000px\" \/><\/div><\/div><\/figure><\/div><\/div><\/li><\/ul><\/div><\/div><\/div><\/div><\/div><\/div>\n\n<\/div><\/div><\/div><\/div>\n\n<\/div><\/div>\n\n<style>.kb-row-layout-id371_b85e55-fe > .kt-row-column-wrap{align-content:start;}:where(.kb-row-layout-id371_b85e55-fe > .kt-row-column-wrap) > .wp-block-kadence-column{justify-content:start;}.kb-row-layout-id371_b85e55-fe > .kt-row-column-wrap{column-gap:var(--global-kb-gap-none, 0rem );row-gap:var(--global-kb-gap-md, 2rem);max-width:var( --global-content-width, 1590px );padding-left:var(--global-content-edge-padding);padding-right:var(--global-content-edge-padding);padding-top:0px;padding-bottom:var(--global-kb-spacing-sm, 1.5rem);grid-template-columns:repeat(2, minmax(0, 1fr));}.kb-row-layout-id371_b85e55-fe > .kt-row-layout-overlay{opacity:0.30;}@media all and (max-width: 1024px){.kb-row-layout-id371_b85e55-fe > .kt-row-column-wrap{grid-template-columns:repeat(2, minmax(0, 1fr));}}@media all and (max-width: 767px){.kb-row-layout-id371_b85e55-fe > .kt-row-column-wrap{grid-template-columns:minmax(0, 1fr);}}<\/style><div class=\"kb-row-layout-wrap kb-row-layout-id371_b85e55-fe alignnone wp-block-kadence-rowlayout\"><div class=\"kt-row-column-wrap kt-has-2-columns kt-row-layout-equal kt-tab-layout-inherit kt-mobile-layout-row kt-row-valign-top kb-theme-content-width\">\n<style>.kadence-column371_244347-e9 > .kt-inside-inner-col{display:flex;}.kadence-column371_244347-e9 > .kt-inside-inner-col{padding-top:0px;padding-right:0px;padding-left:0px;}.kadence-column371_244347-e9 > .kt-inside-inner-col{box-shadow:0px 0px 14px 0px rgba(0, 0, 0, 0.2);border-top:8px solid var(--global-palette9, #ffffff);border-right:8px solid var(--global-palette9, #ffffff);border-bottom:8px solid var(--global-palette9, #ffffff);border-left:8px solid var(--global-palette9, #ffffff);}.kadence-column371_244347-e9 > .kt-inside-inner-col,.kadence-column371_244347-e9 > .kt-inside-inner-col:before{border-top-left-radius:6px;border-top-right-radius:6px;border-bottom-right-radius:6px;border-bottom-left-radius:6px;}.kadence-column371_244347-e9 > .kt-inside-inner-col{column-gap:var(--global-kb-gap-sm, 1rem);}.kadence-column371_244347-e9 > .kt-inside-inner-col{flex-direction:column;justify-content:flex-start;}.kadence-column371_244347-e9 > .kt-inside-inner-col > .aligncenter{width:100%;}.kt-row-column-wrap > .kadence-column371_244347-e9{align-self:flex-start;}.kt-inner-column-height-full:not(.kt-has-1-columns) > .wp-block-kadence-column.kadence-column371_244347-e9{align-self:auto;}.kt-inner-column-height-full:not(.kt-has-1-columns) > .wp-block-kadence-column.kadence-column371_244347-e9 > .kt-inside-inner-col{flex-direction:column;justify-content:flex-start;}.kadence-column371_244347-e9 > .kt-inside-inner-col:before{opacity:0.3;}.kadence-column371_244347-e9{position:relative;}.kadence-column371_244347-e9, .kt-inside-inner-col > .kadence-column371_244347-e9:not(.specificity){margin-right:0px;}@media all and (max-width: 1024px){.kadence-column371_244347-e9 > .kt-inside-inner-col{border-top:8px solid var(--global-palette9, #ffffff);border-right:8px solid var(--global-palette9, #ffffff);border-bottom:8px solid var(--global-palette9, #ffffff);border-left:8px solid var(--global-palette9, #ffffff);flex-direction:column;justify-content:flex-start;}}@media all and (max-width: 1024px){.kt-row-column-wrap > .kadence-column371_244347-e9{align-self:flex-start;}}@media all and (max-width: 1024px){.kt-inner-column-height-full:not(.kt-has-1-columns) > .wp-block-kadence-column.kadence-column371_244347-e9{align-self:auto;}}@media all and (max-width: 1024px){.kt-inner-column-height-full:not(.kt-has-1-columns) > .wp-block-kadence-column.kadence-column371_244347-e9 > .kt-inside-inner-col{flex-direction:column;justify-content:flex-start;}}@media all and (max-width: 1024px){.kt-row-column-wrap.kt-tab-layout-three-grid > .kadence-column371_244347-e9, .kt-row-column-wrap.kt-tab-layout-two-grid > .kadence-column371_244347-e9, .kt-row-column-wrap.kt-tab-layout-row > .kadence-column371_244347-e9{order:2;}}@media all and (max-width: 767px){.kadence-column371_244347-e9 > .kt-inside-inner-col{padding-top:var(--global-kb-spacing-xl, 4rem);padding-bottom:var(--global-kb-spacing-md, 2rem);min-height:200px;border-top:8px solid var(--global-palette9, #ffffff);border-right:8px solid var(--global-palette9, #ffffff);border-bottom:8px solid var(--global-palette9, #ffffff);border-left:8px solid var(--global-palette9, #ffffff);flex-direction:column;justify-content:flex-start;}.kt-row-column-wrap > .kadence-column371_244347-e9{align-self:flex-start;}.kt-inner-column-height-full:not(.kt-has-1-columns) > .wp-block-kadence-column.kadence-column371_244347-e9{align-self:auto;}.kt-inner-column-height-full:not(.kt-has-1-columns) > .wp-block-kadence-column.kadence-column371_244347-e9 > .kt-inside-inner-col{flex-direction:column;justify-content:flex-start;}.kt-row-column-wrap.kt-mobile-layout-three-grid > .kadence-column371_244347-e9, .kt-row-column-wrap.kt-mobile-layout-two-grid > .kadence-column371_244347-e9, .kt-row-column-wrap.kt-mobile-layout-row > .kadence-column371_244347-e9{order:2;}}<\/style>\n<div class=\"wp-block-kadence-column kadence-column371_244347-e9\"><div class=\"kt-inside-inner-col\"><style>.kb-image371_e99b59-0f .kb-image-has-overlay:after{opacity:0.3;}<\/style>\n<figure class=\"wp-block-kadence-image kb-image371_e99b59-0f size-full\"><img decoding=\"async\" width=\"1000\" height=\"665\" src=\"https:\/\/aq.dot2.pl\/wp-content\/uploads\/2020\/04\/Whirpool-003.jpg\" alt=\"\" class=\"kb-img wp-image-1203\" srcset=\"https:\/\/aq.dot2.pl\/wp-content\/uploads\/2020\/04\/Whirpool-003.jpg 1000w, https:\/\/aq.dot2.pl\/wp-content\/uploads\/2020\/04\/Whirpool-003-300x200.jpg 300w, https:\/\/aq.dot2.pl\/wp-content\/uploads\/2020\/04\/Whirpool-003-768x511.jpg 768w\" sizes=\"(max-width: 1000px) 100vw, 1000px\" \/><\/figure>\n<\/div><\/div>\n\n\n<style>.kadence-column371_186f25-4d > .kt-inside-inner-col{display:flex;}.kadence-column371_186f25-4d > .kt-inside-inner-col{padding-top:var(--global-kb-spacing-lg, 3rem);padding-right:var(--global-kb-spacing-lg, 3rem);padding-left:var(--global-kb-spacing-md, 2rem);}.kadence-column371_186f25-4d > .kt-inside-inner-col{min-height:500px;}.kadence-column371_186f25-4d > .kt-inside-inner-col,.kadence-column371_186f25-4d > .kt-inside-inner-col:before{border-top-left-radius:6px;border-top-right-radius:6px;border-bottom-right-radius:6px;border-bottom-left-radius:6px;}.kadence-column371_186f25-4d > .kt-inside-inner-col{column-gap:var(--global-kb-gap-sm, 1rem);}.kadence-column371_186f25-4d > .kt-inside-inner-col{flex-direction:column;justify-content:center;}.kadence-column371_186f25-4d > .kt-inside-inner-col > .aligncenter{width:100%;}.kt-row-column-wrap > .kadence-column371_186f25-4d{align-self:center;}.kt-inner-column-height-full:not(.kt-has-1-columns) > .wp-block-kadence-column.kadence-column371_186f25-4d{align-self:auto;}.kt-inner-column-height-full:not(.kt-has-1-columns) > .wp-block-kadence-column.kadence-column371_186f25-4d > .kt-inside-inner-col{flex-direction:column;justify-content:center;}.kadence-column371_186f25-4d > .kt-inside-inner-col:before{opacity:0.3;}.kadence-column371_186f25-4d{position:relative;}@media all and (max-width: 1024px){.kt-row-column-wrap > .kadence-column371_186f25-4d{align-self:center;}}@media all and (max-width: 1024px){.kt-inner-column-height-full:not(.kt-has-1-columns) > .wp-block-kadence-column.kadence-column371_186f25-4d{align-self:auto;}}@media all and (max-width: 1024px){.kt-inner-column-height-full:not(.kt-has-1-columns) > .wp-block-kadence-column.kadence-column371_186f25-4d > .kt-inside-inner-col{flex-direction:column;justify-content:center;}}@media all and (max-width: 1024px){.kt-row-column-wrap.kt-tab-layout-three-grid > .kadence-column371_186f25-4d, .kt-row-column-wrap.kt-tab-layout-two-grid > .kadence-column371_186f25-4d, .kt-row-column-wrap.kt-tab-layout-row > .kadence-column371_186f25-4d{order:2;}}@media all and (max-width: 1024px){.kadence-column371_186f25-4d > .kt-inside-inner-col{flex-direction:column;justify-content:center;}}@media all and (max-width: 767px){.kadence-column371_186f25-4d > .kt-inside-inner-col{padding-top:var(--global-kb-spacing-xl, 4rem);padding-bottom:var(--global-kb-spacing-md, 2rem);min-height:200px;flex-direction:column;justify-content:center;}.kt-row-column-wrap > .kadence-column371_186f25-4d{align-self:center;}.kt-inner-column-height-full:not(.kt-has-1-columns) > .wp-block-kadence-column.kadence-column371_186f25-4d{align-self:auto;}.kt-inner-column-height-full:not(.kt-has-1-columns) > .wp-block-kadence-column.kadence-column371_186f25-4d > .kt-inside-inner-col{flex-direction:column;justify-content:center;}.kt-row-column-wrap.kt-mobile-layout-three-grid > .kadence-column371_186f25-4d, .kt-row-column-wrap.kt-mobile-layout-two-grid > .kadence-column371_186f25-4d, .kt-row-column-wrap.kt-mobile-layout-row > .kadence-column371_186f25-4d{order:2;}}<\/style>\n<div class=\"wp-block-kadence-column kadence-column371_186f25-4d stylowane\"><div class=\"kt-inside-inner-col\"><style>.wp-block-kadence-advancedheading.kt-adv-heading371_3ac2e3-5d, .wp-block-kadence-advancedheading.kt-adv-heading371_3ac2e3-5d[data-kb-block=\"kb-adv-heading371_3ac2e3-5d\"]{font-style:normal;}.wp-block-kadence-advancedheading.kt-adv-heading371_3ac2e3-5d mark.kt-highlight, .wp-block-kadence-advancedheading.kt-adv-heading371_3ac2e3-5d[data-kb-block=\"kb-adv-heading371_3ac2e3-5d\"] mark.kt-highlight{font-style:normal;color:#f76a0c;-webkit-box-decoration-break:clone;box-decoration-break:clone;padding-top:0px;padding-right:0px;padding-bottom:0px;padding-left:0px;}.wp-block-kadence-advancedheading.kt-adv-heading371_3ac2e3-5d img.kb-inline-image, .wp-block-kadence-advancedheading.kt-adv-heading371_3ac2e3-5d[data-kb-block=\"kb-adv-heading371_3ac2e3-5d\"] img.kb-inline-image{width:150px;vertical-align:baseline;}<\/style>\n<h2 class=\"kt-adv-heading371_3ac2e3-5d wp-block-kadence-advancedheading\" data-kb-block=\"kb-adv-heading371_3ac2e3-5d\">Features<\/h2>\n\n\n\n<ul class=\"wp-block-list\">\n<li>water up to 34\u00b0C<\/li>\n\n\n\n<li>relaxing effect on the skin and muscles<\/li>\n\n\n\n<li>relaxing baths to reduce muscle tension, purify the body, reduce cellulite<\/li>\n\n\n\n<li>alleviates the effects of arthritis and post-traumatic conditions<\/li>\n\n\n\n<li>removes fatigue, regenerates strength<\/li>\n\n\n\n<li>activates metabolic processes<\/li>\n\n\n\n<li>A single stay in the whirlpool should not exceed 15 minutes!<\/li>\n\n\n\n<li>5 whirlpool baths<\/li>\n\n\n\n<li>2 of them offer bubble massages<\/li>\n\n\n\n<li>in the 3 whirlpools, the massage is carried out using water and air, which, after being pressed through high-pressure jets, massages individual parts of the body <\/li>\n<\/ul>\n\n\n\n<p>WHIRLPOOL baths are very popular due to their beneficial effects on the human body and psyche.<\/p>\n<\/div><\/div>\n\n<\/div><\/div>","protected":false},"excerpt":{"rendered":"<p>Whirpool Aquapark Sopot udost\u0119pnia dla swoich klient\u00f3w 5 wanien z hydromasa\u017cem. W dw\u00f3ch z nich mo\u017cna skorzysta\u0107 z masa\u017cy pere\u0142kowych (masa\u017c powietrzny \u2013 wydobywaj\u0105ce si\u0119 z dysz p\u0119cherzyki powietrza \u0142agodnie masuj\u0105 ca\u0142e cia\u0142o). W trzech whirlpoolach masa\u017c wykonywany jest za pomoc\u0105 wody i powietrza, kt\u00f3re po wt\u0142oczeniu poprzez dysze pod du\u017cym ci\u015bnieniem masuj\u0105 poszczeg\u00f3lne partie&#8230;<\/p>","protected":false},"author":1,"featured_media":1202,"parent":356,"menu_order":0,"comment_status":"closed","ping_status":"closed","template":"","meta":{"_acf_changed":false,"_kad_blocks_custom_css":"","_kad_blocks_head_custom_js":"","_kad_blocks_body_custom_js":"","_kad_blocks_footer_custom_js":"","_kad_post_transparent":"","_kad_post_title":"","_kad_post_layout":"","_kad_post_sidebar_id":"","_kad_post_content_style":"","_kad_post_vertical_padding":"","_kad_post_feature":"","_kad_post_feature_position":"","_kad_post_header":false,"_kad_post_footer":false,"_kad_post_classname":"","footnotes":""},"dzial":[8],"class_list":["post-371","page","type-page","status-publish","has-post-thumbnail","hentry","dzial-baseny"],"acf":[],"taxonomy_info":{"dzial":[{"value":8,"label":"Baseny"}]},"featured_image_src_large":["https:\/\/aq.dot2.pl\/wp-content\/uploads\/2020\/04\/Whirpool-001.jpg",1000,667,false],"author_info":{"display_name":"admin","author_link":"https:\/\/aq.dot2.pl\/en\/author\/admin\/"},"comment_info":0,"_links":{"self":[{"href":"https:\/\/aq.dot2.pl\/en\/wp-json\/wp\/v2\/pages\/371","targetHints":{"allow":["GET"]}}],"collection":[{"href":"https:\/\/aq.dot2.pl\/en\/wp-json\/wp\/v2\/pages"}],"about":[{"href":"https:\/\/aq.dot2.pl\/en\/wp-json\/wp\/v2\/types\/page"}],"author":[{"embeddable":true,"href":"https:\/\/aq.dot2.pl\/en\/wp-json\/wp\/v2\/users\/1"}],"replies":[{"embeddable":true,"href":"https:\/\/aq.dot2.pl\/en\/wp-json\/wp\/v2\/comments?post=371"}],"version-history":[{"count":2,"href":"https:\/\/aq.dot2.pl\/en\/wp-json\/wp\/v2\/pages\/371\/revisions"}],"predecessor-version":[{"id":10486,"href":"https:\/\/aq.dot2.pl\/en\/wp-json\/wp\/v2\/pages\/371\/revisions\/10486"}],"up":[{"embeddable":true,"href":"https:\/\/aq.dot2.pl\/en\/wp-json\/wp\/v2\/pages\/356"}],"wp:featuredmedia":[{"embeddable":true,"href":"https:\/\/aq.dot2.pl\/en\/wp-json\/wp\/v2\/media\/1202"}],"wp:attachment":[{"href":"https:\/\/aq.dot2.pl\/en\/wp-json\/wp\/v2\/media?parent=371"}],"wp:term":[{"taxonomy":"dzial","embeddable":true,"href":"https:\/\/aq.dot2.pl\/en\/wp-json\/wp\/v2\/dzial?post=371"}],"curies":[{"name":"wp","href":"https:\/\/api.w.org\/{rel}","templated":true}]}}