{"id":374,"date":"2020-03-23T12:47:06","date_gmt":"2020-03-23T11:47:06","guid":{"rendered":"http:\/\/aquaparksopot.pl\/\/?page_id=374"},"modified":"2026-01-08T12:45:54","modified_gmt":"2026-01-08T11:45:54","slug":"basen-dla-najmlodszych","status":"publish","type":"page","link":"https:\/\/aq.dot2.pl\/en\/aquapark\/baseny\/basen-dla-najmlodszych\/","title":{"rendered":"Baby pool"},"content":{"rendered":"<style>.kb-row-layout-id374_49e773-67 > .kt-row-column-wrap{align-content:start;}:where(.kb-row-layout-id374_49e773-67 > .kt-row-column-wrap) > .wp-block-kadence-column{justify-content:start;}.kb-row-layout-id374_49e773-67 > .kt-row-column-wrap{column-gap:var(--global-kb-gap-md, 2rem);row-gap:var(--global-kb-gap-md, 2rem);padding-top:var(--global-kb-spacing-sm, 1.5rem);padding-bottom:var(--global-kb-spacing-sm, 1.5rem);grid-template-columns:minmax(0, 1fr);}.kb-row-layout-id374_49e773-67 > .kt-row-layout-overlay{opacity:0.30;}@media all and (max-width: 1024px){.kb-row-layout-id374_49e773-67 > .kt-row-column-wrap{grid-template-columns:minmax(0, 1fr);}}@media all and (max-width: 767px){.kb-row-layout-id374_49e773-67 > .kt-row-column-wrap{grid-template-columns:minmax(0, 1fr);}}<\/style><div class=\"kb-row-layout-wrap kb-row-layout-id374_49e773-67 alignnone wp-block-kadence-rowlayout\"><div class=\"kt-row-column-wrap kt-has-1-columns kt-row-layout-equal kt-tab-layout-inherit kt-mobile-layout-row kt-row-valign-top\">\n<style>.kadence-column374_a88d0a-34 > .kt-inside-inner-col,.kadence-column374_a88d0a-34 > .kt-inside-inner-col:before{border-top-left-radius:0px;border-top-right-radius:0px;border-bottom-right-radius:0px;border-bottom-left-radius:0px;}.kadence-column374_a88d0a-34 > .kt-inside-inner-col{column-gap:var(--global-kb-gap-sm, 1rem);}.kadence-column374_a88d0a-34 > .kt-inside-inner-col{flex-direction:column;}.kadence-column374_a88d0a-34 > .kt-inside-inner-col > .aligncenter{width:100%;}.kadence-column374_a88d0a-34 > .kt-inside-inner-col:before{opacity:0.3;}.kadence-column374_a88d0a-34{position:relative;}@media all and (max-width: 1024px){.kadence-column374_a88d0a-34 > .kt-inside-inner-col{flex-direction:column;justify-content:center;}}@media all and (max-width: 767px){.kadence-column374_a88d0a-34 > .kt-inside-inner-col{flex-direction:column;justify-content:center;}}<\/style>\n<div class=\"wp-block-kadence-column kadence-column374_a88d0a-34\"><div class=\"kt-inside-inner-col\"><style>.kb-row-layout-id374_b90e9f-b8 > .kt-row-column-wrap{align-content:center;}:where(.kb-row-layout-id374_b90e9f-b8 > .kt-row-column-wrap) > .wp-block-kadence-column{justify-content:center;}.kb-row-layout-id374_b90e9f-b8 > .kt-row-column-wrap{column-gap:var(--global-kb-gap-none, 0rem );row-gap:var(--global-kb-gap-md, 2rem);max-width:var( --global-content-width, 1590px );padding-left:var(--global-content-edge-padding);padding-right:var(--global-content-edge-padding);padding-top:0px;padding-bottom:var(--global-kb-spacing-sm, 1.5rem);grid-template-columns:repeat(2, minmax(0, 1fr));}.kb-row-layout-id374_b90e9f-b8 > .kt-row-layout-overlay{opacity:0.30;}@media all and (max-width: 1024px){.kb-row-layout-id374_b90e9f-b8 > .kt-row-column-wrap{grid-template-columns:repeat(2, minmax(0, 1fr));}}@media all and (max-width: 767px){.kb-row-layout-id374_b90e9f-b8 > .kt-row-column-wrap{grid-template-columns:minmax(0, 1fr);}}<\/style><div class=\"kb-row-layout-wrap kb-row-layout-id374_b90e9f-b8 alignnone hero wp-block-kadence-rowlayout\"><div class=\"kt-row-column-wrap kt-has-2-columns kt-row-layout-equal kt-tab-layout-inherit kt-mobile-layout-row kt-row-valign-middle kb-theme-content-width\">\n<style>.kadence-column374_801464-c0 > .kt-inside-inner-col{display:flex;}.kadence-column374_801464-c0 > .kt-inside-inner-col{padding-top:var(--global-kb-spacing-lg, 3rem);padding-right:var(--global-kb-spacing-lg, 3rem);padding-left:var(--global-kb-spacing-md, 2rem);}.kadence-column374_801464-c0 > .kt-inside-inner-col{min-height:500px;}.kadence-column374_801464-c0 > .kt-inside-inner-col,.kadence-column374_801464-c0 > .kt-inside-inner-col:before{border-top-left-radius:6px;border-top-right-radius:6px;border-bottom-right-radius:6px;border-bottom-left-radius:6px;}.kadence-column374_801464-c0 > .kt-inside-inner-col{column-gap:var(--global-kb-gap-sm, 1rem);}.kadence-column374_801464-c0 > .kt-inside-inner-col{flex-direction:column;justify-content:center;}.kadence-column374_801464-c0 > .kt-inside-inner-col > .aligncenter{width:100%;}.kt-row-column-wrap > .kadence-column374_801464-c0{align-self:center;}.kt-inner-column-height-full:not(.kt-has-1-columns) > .wp-block-kadence-column.kadence-column374_801464-c0{align-self:auto;}.kt-inner-column-height-full:not(.kt-has-1-columns) > .wp-block-kadence-column.kadence-column374_801464-c0 > .kt-inside-inner-col{flex-direction:column;justify-content:center;}.kadence-column374_801464-c0 > .kt-inside-inner-col:before{opacity:0.3;}.kadence-column374_801464-c0{position:relative;}@media all and (max-width: 1024px){.kt-row-column-wrap > .kadence-column374_801464-c0{align-self:center;}}@media all and (max-width: 1024px){.kt-inner-column-height-full:not(.kt-has-1-columns) > .wp-block-kadence-column.kadence-column374_801464-c0{align-self:auto;}}@media all and (max-width: 1024px){.kt-inner-column-height-full:not(.kt-has-1-columns) > .wp-block-kadence-column.kadence-column374_801464-c0 > .kt-inside-inner-col{flex-direction:column;justify-content:center;}}@media all and (max-width: 1024px){.kt-row-column-wrap.kt-tab-layout-three-grid > .kadence-column374_801464-c0, .kt-row-column-wrap.kt-tab-layout-two-grid > .kadence-column374_801464-c0, .kt-row-column-wrap.kt-tab-layout-row > .kadence-column374_801464-c0{order:2;}}@media all and (max-width: 1024px){.kadence-column374_801464-c0 > .kt-inside-inner-col{flex-direction:column;justify-content:center;}}@media all and (max-width: 767px){.kadence-column374_801464-c0 > .kt-inside-inner-col{padding-top:var(--global-kb-spacing-xl, 4rem);padding-bottom:var(--global-kb-spacing-md, 2rem);min-height:200px;flex-direction:column;justify-content:center;}.kt-row-column-wrap > .kadence-column374_801464-c0{align-self:center;}.kt-inner-column-height-full:not(.kt-has-1-columns) > .wp-block-kadence-column.kadence-column374_801464-c0{align-self:auto;}.kt-inner-column-height-full:not(.kt-has-1-columns) > .wp-block-kadence-column.kadence-column374_801464-c0 > .kt-inside-inner-col{flex-direction:column;justify-content:center;}.kt-row-column-wrap.kt-mobile-layout-three-grid > .kadence-column374_801464-c0, .kt-row-column-wrap.kt-mobile-layout-two-grid > .kadence-column374_801464-c0, .kt-row-column-wrap.kt-mobile-layout-row > .kadence-column374_801464-c0{order:2;}}<\/style>\n<div class=\"wp-block-kadence-column kadence-column374_801464-c0 hero-left\"><div class=\"kt-inside-inner-col\"><style>.wp-block-kadence-advancedheading.kt-adv-heading374_a741d4-21, .wp-block-kadence-advancedheading.kt-adv-heading374_a741d4-21[data-kb-block=\"kb-adv-heading374_a741d4-21\"]{font-style:normal;}.wp-block-kadence-advancedheading.kt-adv-heading374_a741d4-21 mark.kt-highlight, .wp-block-kadence-advancedheading.kt-adv-heading374_a741d4-21[data-kb-block=\"kb-adv-heading374_a741d4-21\"] mark.kt-highlight{font-style:normal;color:#f76a0c;-webkit-box-decoration-break:clone;box-decoration-break:clone;padding-top:0px;padding-right:0px;padding-bottom:0px;padding-left:0px;}.wp-block-kadence-advancedheading.kt-adv-heading374_a741d4-21 img.kb-inline-image, .wp-block-kadence-advancedheading.kt-adv-heading374_a741d4-21[data-kb-block=\"kb-adv-heading374_a741d4-21\"] img.kb-inline-image{width:150px;vertical-align:baseline;}<\/style>\n<h1 class=\"kt-adv-heading374_a741d4-21 wp-block-kadence-advancedheading\" data-kb-block=\"kb-adv-heading374_a741d4-21\">Baby pool<\/h1>\n\n\n\n<p>The water temperature is between 30 and 32 degrees C.<br>The water depth varies: 0-30 cm and 30-60 cm.<\/p>\n<\/div><\/div>\n\n\n<style>.kadence-column374_f27f61-5a > .kt-inside-inner-col{box-shadow:0px 0px 14px 0px rgba(0, 0, 0, 0.2);border-top:6px solid var(--global-palette9, #ffffff);border-right:6px solid var(--global-palette9, #ffffff);border-bottom:6px solid var(--global-palette9, #ffffff);border-left:6px solid var(--global-palette9, #ffffff);}.kadence-column374_f27f61-5a > .kt-inside-inner-col,.kadence-column374_f27f61-5a > .kt-inside-inner-col:before{border-top-left-radius:6px;border-top-right-radius:6px;border-bottom-right-radius:6px;border-bottom-left-radius:6px;}.kadence-column374_f27f61-5a > .kt-inside-inner-col{column-gap:var(--global-kb-gap-sm, 1rem);}.kadence-column374_f27f61-5a > .kt-inside-inner-col{flex-direction:column;}.kadence-column374_f27f61-5a > .kt-inside-inner-col > .aligncenter{width:100%;}.kadence-column374_f27f61-5a > .kt-inside-inner-col:before{opacity:0.3;}.kadence-column374_f27f61-5a{position:relative;}.kadence-column374_f27f61-5a, .kt-inside-inner-col > .kadence-column374_f27f61-5a:not(.specificity){margin-top:40px;margin-left:-40px;}@media all and (max-width: 1024px){.kadence-column374_f27f61-5a > .kt-inside-inner-col{border-top:6px solid var(--global-palette9, #ffffff);border-right:6px solid var(--global-palette9, #ffffff);border-bottom:6px solid var(--global-palette9, #ffffff);border-left:6px solid var(--global-palette9, #ffffff);flex-direction:column;justify-content:center;}}@media all and (max-width: 767px){.kadence-column374_f27f61-5a > .kt-inside-inner-col{border-top:6px solid var(--global-palette9, #ffffff);border-right:6px solid var(--global-palette9, #ffffff);border-bottom:6px solid var(--global-palette9, #ffffff);border-left:6px solid var(--global-palette9, #ffffff);flex-direction:column;justify-content:center;}.kadence-column374_f27f61-5a, .kt-inside-inner-col > .kadence-column374_f27f61-5a:not(.specificity){margin-top:0px;margin-left:0px;}}<\/style>\n<div class=\"wp-block-kadence-column kadence-column374_f27f61-5a ramka_hero\"><div class=\"kt-inside-inner-col\"><style>.kb-gallery-id-374_8b3645-94 .kadence-blocks-gallery-item .kb-gal-image-radius, .kb-gallery-id-374_8b3645-94 .kb-slide-item .kb-gal-image-radius img{border-radius:0px 0px 0px 0px;;}.kb-gallery-wrap-id-374_8b3645-94.wp-block-kadence-advancedgallery{overflow:visible;}.kb-gallery-wrap-id-374_8b3645-94.wp-block-kadence-advancedgallery .kt-blocks-carousel{overflow:visible;}.kb-gallery-id-374_8b3645-94 .splide__arrow{font-size:var(--global-kb-font-size-sm, 0.9rem);}.kb-gallery-id-374_8b3645-94 .splide__arrows{margin-right:var(--global-kb-spacing-xs, 1rem);}@media all and (max-width: 767px){.kb-gallery-id-374_8b3645-94 .splide__arrows{margin-right:var(--global-kb-spacing-xxs, 0.5rem);}}<\/style><div class=\"kb-gallery-wrap-id-374_8b3645-94 alignnone wp-block-kadence-advancedgallery\"><div class=\"kb-gallery-ul kb-gallery-non-static kb-gallery-type-slider kb-gallery-id-374_8b3645-94 kb-gallery-caption-style-bottom-hover kb-gallery-filter-none\" data-image-filter=\"none\" data-lightbox-caption=\"true\"><div class=\"kt-blocks-carousel splide kt-carousel-container-dotstyle-none\" data-slider-anim-speed=\"400\" data-slider-scroll=\"1\" data-slider-arrows=\"true\" data-slider-fade=\"true\" data-slider-dots=\"false\" data-slider-type=\"slider\" data-slider-hover-pause=\"false\" data-slider-auto=\"1\" data-slider-speed=\"5000\" data-show-pause-button=\"false\"><div class=\"splide__track\"><ul class=\"kt-blocks-carousel-init kb-blocks-slider splide__list kt-carousel-arrowstyle-whiteondark kt-carousel-dotstyle-none kb-slider-group-arrows kb-slider-arrow-position-top-right\"><li class=\"kb-slide-item kb-gallery-slide-item splide__slide\"><div class=\"kadence-blocks-gallery-item\"><div class=\"kadence-blocks-gallery-item-inner\"><figure class=\"kb-gallery-figure kadence-blocks-gallery-item-hide-caption\"><div class=\"kb-gal-image-radius\"><div class=\"kb-gallery-image-contain kadence-blocks-gallery-intrinsic kb-gallery-image-ratio-land32 kb-has-image-ratio-land32\" ><img decoding=\"async\" src=\"https:\/\/aq.dot2.pl\/wp-content\/uploads\/2020\/04\/Basen-dla-najmlodszych-001.jpg\" width=\"1000\" height=\"667\" alt=\"\" data-full-image=\"https:\/\/aq.dot2.pl\/wp-content\/uploads\/2020\/04\/Basen-dla-najmlodszych-001.jpg\" data-light-image=\"https:\/\/aq.dot2.pl\/wp-content\/uploads\/2020\/04\/Basen-dla-najmlodszych-001.jpg\" data-id=\"1197\" class=\"wp-image-1197 skip-lazy\" srcset=\"https:\/\/aq.dot2.pl\/wp-content\/uploads\/2020\/04\/Basen-dla-najmlodszych-001.jpg 1000w, https:\/\/aq.dot2.pl\/wp-content\/uploads\/2020\/04\/Basen-dla-najmlodszych-001-300x200.jpg 300w, https:\/\/aq.dot2.pl\/wp-content\/uploads\/2020\/04\/Basen-dla-najmlodszych-001-768x512.jpg 768w\" sizes=\"(max-width: 1000px) 100vw, 1000px\" \/><\/div><\/div><\/figure><\/div><\/div><\/li><li class=\"kb-slide-item kb-gallery-slide-item splide__slide\"><div class=\"kadence-blocks-gallery-item\"><div class=\"kadence-blocks-gallery-item-inner\"><figure class=\"kb-gallery-figure kadence-blocks-gallery-item-hide-caption\"><div class=\"kb-gal-image-radius\"><div class=\"kb-gallery-image-contain kadence-blocks-gallery-intrinsic kb-gallery-image-ratio-land32 kb-has-image-ratio-land32\" ><img decoding=\"async\" src=\"https:\/\/aq.dot2.pl\/wp-content\/uploads\/2020\/04\/Basen-dla-najmlodszych-003.jpg\" width=\"1000\" height=\"667\" alt=\"\" data-full-image=\"https:\/\/aq.dot2.pl\/wp-content\/uploads\/2020\/04\/Basen-dla-najmlodszych-003.jpg\" data-light-image=\"https:\/\/aq.dot2.pl\/wp-content\/uploads\/2020\/04\/Basen-dla-najmlodszych-003.jpg\" data-id=\"1200\" class=\"wp-image-1200 skip-lazy\" srcset=\"https:\/\/aq.dot2.pl\/wp-content\/uploads\/2020\/04\/Basen-dla-najmlodszych-003.jpg 1000w, https:\/\/aq.dot2.pl\/wp-content\/uploads\/2020\/04\/Basen-dla-najmlodszych-003-300x200.jpg 300w, https:\/\/aq.dot2.pl\/wp-content\/uploads\/2020\/04\/Basen-dla-najmlodszych-003-768x512.jpg 768w\" sizes=\"(max-width: 1000px) 100vw, 1000px\" \/><\/div><\/div><\/figure><\/div><\/div><\/li><\/ul><\/div><\/div><\/div><\/div><\/div><\/div>\n\n<\/div><\/div><\/div><\/div>\n\n<\/div><\/div>\n\n<style>.kb-row-layout-id374_3641a4-d1 > .kt-row-column-wrap{align-content:center;}:where(.kb-row-layout-id374_3641a4-d1 > .kt-row-column-wrap) > .wp-block-kadence-column{justify-content:center;}.kb-row-layout-id374_3641a4-d1 > .kt-row-column-wrap{column-gap:var(--global-kb-gap-none, 0rem );row-gap:var(--global-kb-gap-md, 2rem);max-width:var( --global-content-width, 1590px );padding-left:var(--global-content-edge-padding);padding-right:var(--global-content-edge-padding);padding-top:0px;padding-bottom:var(--global-kb-spacing-sm, 1.5rem);grid-template-columns:repeat(2, minmax(0, 1fr));}.kb-row-layout-id374_3641a4-d1 > .kt-row-layout-overlay{opacity:0.30;}@media all and (max-width: 1024px){.kb-row-layout-id374_3641a4-d1 > .kt-row-column-wrap{grid-template-columns:repeat(2, minmax(0, 1fr));}}@media all and (max-width: 767px){.kb-row-layout-id374_3641a4-d1 > .kt-row-column-wrap{grid-template-columns:minmax(0, 1fr);}}<\/style><div class=\"kb-row-layout-wrap kb-row-layout-id374_3641a4-d1 alignnone wp-block-kadence-rowlayout\"><div class=\"kt-row-column-wrap kt-has-2-columns kt-row-layout-equal kt-tab-layout-inherit kt-mobile-layout-row kt-row-valign-middle kb-theme-content-width\">\n<style>.kadence-column374_1ebb52-21 > .kt-inside-inner-col{display:flex;}.kadence-column374_1ebb52-21 > .kt-inside-inner-col{padding-top:0px;padding-right:0px;padding-left:0px;}.kadence-column374_1ebb52-21 > .kt-inside-inner-col{box-shadow:0px 0px 14px 0px rgba(0, 0, 0, 0.2);border-top:8px solid var(--global-palette9, #ffffff);border-right:8px solid var(--global-palette9, #ffffff);border-bottom:8px solid var(--global-palette9, #ffffff);border-left:8px solid var(--global-palette9, #ffffff);}.kadence-column374_1ebb52-21 > .kt-inside-inner-col,.kadence-column374_1ebb52-21 > .kt-inside-inner-col:before{border-top-left-radius:6px;border-top-right-radius:6px;border-bottom-right-radius:6px;border-bottom-left-radius:6px;}.kadence-column374_1ebb52-21 > .kt-inside-inner-col{column-gap:var(--global-kb-gap-sm, 1rem);}.kadence-column374_1ebb52-21 > .kt-inside-inner-col{flex-direction:column;justify-content:center;}.kadence-column374_1ebb52-21 > .kt-inside-inner-col > .aligncenter{width:100%;}.kt-row-column-wrap > .kadence-column374_1ebb52-21{align-self:center;}.kt-inner-column-height-full:not(.kt-has-1-columns) > .wp-block-kadence-column.kadence-column374_1ebb52-21{align-self:auto;}.kt-inner-column-height-full:not(.kt-has-1-columns) > .wp-block-kadence-column.kadence-column374_1ebb52-21 > .kt-inside-inner-col{flex-direction:column;justify-content:center;}.kadence-column374_1ebb52-21 > .kt-inside-inner-col:before{opacity:0.3;}.kadence-column374_1ebb52-21{position:relative;}.kadence-column374_1ebb52-21, .kt-inside-inner-col > .kadence-column374_1ebb52-21:not(.specificity){margin-right:0px;}@media all and (max-width: 1024px){.kadence-column374_1ebb52-21 > .kt-inside-inner-col{border-top:8px solid var(--global-palette9, #ffffff);border-right:8px solid var(--global-palette9, #ffffff);border-bottom:8px solid var(--global-palette9, #ffffff);border-left:8px solid var(--global-palette9, #ffffff);flex-direction:column;justify-content:center;}}@media all and (max-width: 1024px){.kt-row-column-wrap > .kadence-column374_1ebb52-21{align-self:center;}}@media all and (max-width: 1024px){.kt-inner-column-height-full:not(.kt-has-1-columns) > .wp-block-kadence-column.kadence-column374_1ebb52-21{align-self:auto;}}@media all and (max-width: 1024px){.kt-inner-column-height-full:not(.kt-has-1-columns) > .wp-block-kadence-column.kadence-column374_1ebb52-21 > .kt-inside-inner-col{flex-direction:column;justify-content:center;}}@media all and (max-width: 1024px){.kt-row-column-wrap.kt-tab-layout-three-grid > .kadence-column374_1ebb52-21, .kt-row-column-wrap.kt-tab-layout-two-grid > .kadence-column374_1ebb52-21, .kt-row-column-wrap.kt-tab-layout-row > .kadence-column374_1ebb52-21{order:2;}}@media all and (max-width: 767px){.kadence-column374_1ebb52-21 > .kt-inside-inner-col{padding-top:var(--global-kb-spacing-xl, 4rem);padding-bottom:var(--global-kb-spacing-md, 2rem);min-height:200px;border-top:8px solid var(--global-palette9, #ffffff);border-right:8px solid var(--global-palette9, #ffffff);border-bottom:8px solid var(--global-palette9, #ffffff);border-left:8px solid var(--global-palette9, #ffffff);flex-direction:column;justify-content:center;}.kt-row-column-wrap > .kadence-column374_1ebb52-21{align-self:center;}.kt-inner-column-height-full:not(.kt-has-1-columns) > .wp-block-kadence-column.kadence-column374_1ebb52-21{align-self:auto;}.kt-inner-column-height-full:not(.kt-has-1-columns) > .wp-block-kadence-column.kadence-column374_1ebb52-21 > .kt-inside-inner-col{flex-direction:column;justify-content:center;}.kt-row-column-wrap.kt-mobile-layout-three-grid > .kadence-column374_1ebb52-21, .kt-row-column-wrap.kt-mobile-layout-two-grid > .kadence-column374_1ebb52-21, .kt-row-column-wrap.kt-mobile-layout-row > .kadence-column374_1ebb52-21{order:2;}}<\/style>\n<div class=\"wp-block-kadence-column kadence-column374_1ebb52-21\"><div class=\"kt-inside-inner-col\"><style>.kb-image374_813051-84 .kb-image-has-overlay:after{opacity:0.3;}<\/style>\n<figure class=\"wp-block-kadence-image kb-image374_813051-84 size-full\"><img decoding=\"async\" width=\"1000\" height=\"667\" src=\"https:\/\/aq.dot2.pl\/wp-content\/uploads\/2020\/04\/Basen-dla-najmlodszych-002.jpg\" alt=\"\" class=\"kb-img wp-image-1198\" srcset=\"https:\/\/aq.dot2.pl\/wp-content\/uploads\/2020\/04\/Basen-dla-najmlodszych-002.jpg 1000w, https:\/\/aq.dot2.pl\/wp-content\/uploads\/2020\/04\/Basen-dla-najmlodszych-002-300x200.jpg 300w, https:\/\/aq.dot2.pl\/wp-content\/uploads\/2020\/04\/Basen-dla-najmlodszych-002-768x512.jpg 768w\" sizes=\"(max-width: 1000px) 100vw, 1000px\" \/><\/figure>\n<\/div><\/div>\n\n\n<style>.kadence-column374_bee375-77 > .kt-inside-inner-col{display:flex;}.kadence-column374_bee375-77 > .kt-inside-inner-col{padding-top:var(--global-kb-spacing-lg, 3rem);padding-right:var(--global-kb-spacing-lg, 3rem);padding-left:var(--global-kb-spacing-md, 2rem);}.kadence-column374_bee375-77 > .kt-inside-inner-col{min-height:500px;}.kadence-column374_bee375-77 > .kt-inside-inner-col,.kadence-column374_bee375-77 > .kt-inside-inner-col:before{border-top-left-radius:6px;border-top-right-radius:6px;border-bottom-right-radius:6px;border-bottom-left-radius:6px;}.kadence-column374_bee375-77 > .kt-inside-inner-col{column-gap:var(--global-kb-gap-sm, 1rem);}.kadence-column374_bee375-77 > .kt-inside-inner-col{flex-direction:column;justify-content:center;}.kadence-column374_bee375-77 > .kt-inside-inner-col > .aligncenter{width:100%;}.kt-row-column-wrap > .kadence-column374_bee375-77{align-self:center;}.kt-inner-column-height-full:not(.kt-has-1-columns) > .wp-block-kadence-column.kadence-column374_bee375-77{align-self:auto;}.kt-inner-column-height-full:not(.kt-has-1-columns) > .wp-block-kadence-column.kadence-column374_bee375-77 > .kt-inside-inner-col{flex-direction:column;justify-content:center;}.kadence-column374_bee375-77 > .kt-inside-inner-col:before{opacity:0.3;}.kadence-column374_bee375-77{position:relative;}@media all and (max-width: 1024px){.kt-row-column-wrap > .kadence-column374_bee375-77{align-self:center;}}@media all and (max-width: 1024px){.kt-inner-column-height-full:not(.kt-has-1-columns) > .wp-block-kadence-column.kadence-column374_bee375-77{align-self:auto;}}@media all and (max-width: 1024px){.kt-inner-column-height-full:not(.kt-has-1-columns) > .wp-block-kadence-column.kadence-column374_bee375-77 > .kt-inside-inner-col{flex-direction:column;justify-content:center;}}@media all and (max-width: 1024px){.kt-row-column-wrap.kt-tab-layout-three-grid > .kadence-column374_bee375-77, .kt-row-column-wrap.kt-tab-layout-two-grid > .kadence-column374_bee375-77, .kt-row-column-wrap.kt-tab-layout-row > .kadence-column374_bee375-77{order:2;}}@media all and (max-width: 1024px){.kadence-column374_bee375-77 > .kt-inside-inner-col{flex-direction:column;justify-content:center;}}@media all and (max-width: 767px){.kadence-column374_bee375-77 > .kt-inside-inner-col{padding-top:var(--global-kb-spacing-xl, 4rem);padding-bottom:var(--global-kb-spacing-md, 2rem);min-height:200px;flex-direction:column;justify-content:center;}.kt-row-column-wrap > .kadence-column374_bee375-77{align-self:center;}.kt-inner-column-height-full:not(.kt-has-1-columns) > .wp-block-kadence-column.kadence-column374_bee375-77{align-self:auto;}.kt-inner-column-height-full:not(.kt-has-1-columns) > .wp-block-kadence-column.kadence-column374_bee375-77 > .kt-inside-inner-col{flex-direction:column;justify-content:center;}.kt-row-column-wrap.kt-mobile-layout-three-grid > .kadence-column374_bee375-77, .kt-row-column-wrap.kt-mobile-layout-two-grid > .kadence-column374_bee375-77, .kt-row-column-wrap.kt-mobile-layout-row > .kadence-column374_bee375-77{order:2;}}<\/style>\n<div class=\"wp-block-kadence-column kadence-column374_bee375-77 stylowane\"><div class=\"kt-inside-inner-col\"><style>.wp-block-kadence-advancedheading.kt-adv-heading374_5a9d70-e5, .wp-block-kadence-advancedheading.kt-adv-heading374_5a9d70-e5[data-kb-block=\"kb-adv-heading374_5a9d70-e5\"]{font-style:normal;}.wp-block-kadence-advancedheading.kt-adv-heading374_5a9d70-e5 mark.kt-highlight, .wp-block-kadence-advancedheading.kt-adv-heading374_5a9d70-e5[data-kb-block=\"kb-adv-heading374_5a9d70-e5\"] mark.kt-highlight{font-style:normal;color:#f76a0c;-webkit-box-decoration-break:clone;box-decoration-break:clone;padding-top:0px;padding-right:0px;padding-bottom:0px;padding-left:0px;}.wp-block-kadence-advancedheading.kt-adv-heading374_5a9d70-e5 img.kb-inline-image, .wp-block-kadence-advancedheading.kt-adv-heading374_5a9d70-e5[data-kb-block=\"kb-adv-heading374_5a9d70-e5\"] img.kb-inline-image{width:150px;vertical-align:baseline;}<\/style>\n<h2 class=\"kt-adv-heading374_5a9d70-e5 wp-block-kadence-advancedheading\" data-kb-block=\"kb-adv-heading374_5a9d70-e5\">These include<\/h2>\n\n\n\n<ul class=\"wp-block-list\">\n<li>water cannons<\/li>\n\n\n\n<li>animals spouting water<\/li>\n\n\n\n<li>slides for toddlers<\/li>\n\n\n\n<li>geysers<\/li>\n<\/ul>\n<\/div><\/div>\n\n<\/div><\/div>","protected":false},"excerpt":{"rendered":"<p>Basen dla najm\u0142odszych Temperatura wody wynosi od 30 do 32 stopni C.G\u0142\u0119boko\u015b\u0107 wody jest zr\u00f3\u017cnicowana: 0-30 cm i 30-60 cm. Znajduj\u0105 si\u0119 tu<\/p>","protected":false},"author":1,"featured_media":1197,"parent":356,"menu_order":0,"comment_status":"closed","ping_status":"closed","template":"","meta":{"_acf_changed":false,"_kad_blocks_custom_css":"","_kad_blocks_head_custom_js":"","_kad_blocks_body_custom_js":"","_kad_blocks_footer_custom_js":"","_kad_post_transparent":"","_kad_post_title":"","_kad_post_layout":"","_kad_post_sidebar_id":"","_kad_post_content_style":"","_kad_post_vertical_padding":"","_kad_post_feature":"","_kad_post_feature_position":"","_kad_post_header":false,"_kad_post_footer":false,"_kad_post_classname":"","footnotes":""},"dzial":[8],"class_list":["post-374","page","type-page","status-publish","has-post-thumbnail","hentry","dzial-baseny"],"acf":[],"taxonomy_info":{"dzial":[{"value":8,"label":"Baseny"}]},"featured_image_src_large":["https:\/\/aq.dot2.pl\/wp-content\/uploads\/2020\/04\/Basen-dla-najmlodszych-001.jpg",1000,667,false],"author_info":{"display_name":"admin","author_link":"https:\/\/aq.dot2.pl\/en\/author\/admin\/"},"comment_info":0,"_links":{"self":[{"href":"https:\/\/aq.dot2.pl\/en\/wp-json\/wp\/v2\/pages\/374","targetHints":{"allow":["GET"]}}],"collection":[{"href":"https:\/\/aq.dot2.pl\/en\/wp-json\/wp\/v2\/pages"}],"about":[{"href":"https:\/\/aq.dot2.pl\/en\/wp-json\/wp\/v2\/types\/page"}],"author":[{"embeddable":true,"href":"https:\/\/aq.dot2.pl\/en\/wp-json\/wp\/v2\/users\/1"}],"replies":[{"embeddable":true,"href":"https:\/\/aq.dot2.pl\/en\/wp-json\/wp\/v2\/comments?post=374"}],"version-history":[{"count":1,"href":"https:\/\/aq.dot2.pl\/en\/wp-json\/wp\/v2\/pages\/374\/revisions"}],"predecessor-version":[{"id":10482,"href":"https:\/\/aq.dot2.pl\/en\/wp-json\/wp\/v2\/pages\/374\/revisions\/10482"}],"up":[{"embeddable":true,"href":"https:\/\/aq.dot2.pl\/en\/wp-json\/wp\/v2\/pages\/356"}],"wp:featuredmedia":[{"embeddable":true,"href":"https:\/\/aq.dot2.pl\/en\/wp-json\/wp\/v2\/media\/1197"}],"wp:attachment":[{"href":"https:\/\/aq.dot2.pl\/en\/wp-json\/wp\/v2\/media?parent=374"}],"wp:term":[{"taxonomy":"dzial","embeddable":true,"href":"https:\/\/aq.dot2.pl\/en\/wp-json\/wp\/v2\/dzial?post=374"}],"curies":[{"name":"wp","href":"https:\/\/api.w.org\/{rel}","templated":true}]}}