{"id":385,"date":"2020-03-23T13:00:24","date_gmt":"2020-03-23T12:00:24","guid":{"rendered":"http:\/\/aquaparksopot.pl\/\/?page_id=385"},"modified":"2025-12-25T10:37:42","modified_gmt":"2025-12-25T09:37:42","slug":"wodny-plac-zabaw","status":"publish","type":"page","link":"https:\/\/aq.dot2.pl\/en\/aquapark\/atrakcje-wodne\/wodny-plac-zabaw\/","title":{"rendered":"Water playground"},"content":{"rendered":"<style>.kb-row-layout-id385_3d4ca8-7b > .kt-row-column-wrap{align-content:center;}:where(.kb-row-layout-id385_3d4ca8-7b > .kt-row-column-wrap) > .wp-block-kadence-column{justify-content:center;}.kb-row-layout-id385_3d4ca8-7b > .kt-row-column-wrap{column-gap:var(--global-kb-gap-none, 0rem );row-gap:var(--global-kb-gap-md, 2rem);max-width:var( --global-content-width, 1590px );padding-left:var(--global-content-edge-padding);padding-right:var(--global-content-edge-padding);padding-top:0px;padding-bottom:var(--global-kb-spacing-sm, 1.5rem);grid-template-columns:repeat(2, minmax(0, 1fr));}.kb-row-layout-id385_3d4ca8-7b > .kt-row-layout-overlay{opacity:0.30;}@media all and (max-width: 1024px){.kb-row-layout-id385_3d4ca8-7b > .kt-row-column-wrap{grid-template-columns:repeat(2, minmax(0, 1fr));}}@media all and (max-width: 767px){.kb-row-layout-id385_3d4ca8-7b > .kt-row-column-wrap{grid-template-columns:minmax(0, 1fr);}}<\/style><div class=\"kb-row-layout-wrap kb-row-layout-id385_3d4ca8-7b alignnone hero wp-block-kadence-rowlayout\"><div class=\"kt-row-column-wrap kt-has-2-columns kt-row-layout-equal kt-tab-layout-inherit kt-mobile-layout-row kt-row-valign-middle kb-theme-content-width\">\n<style>.kadence-column385_b18797-64 > .kt-inside-inner-col{display:flex;}.kadence-column385_b18797-64 > .kt-inside-inner-col{padding-top:var(--global-kb-spacing-xxl, 5rem);padding-right:var(--global-kb-spacing-lg, 3rem);padding-bottom:var(--global-kb-spacing-lg, 3rem);padding-left:var(--global-kb-spacing-md, 2rem);}.kadence-column385_b18797-64 > .kt-inside-inner-col{min-height:500px;}.kadence-column385_b18797-64 > .kt-inside-inner-col,.kadence-column385_b18797-64 > .kt-inside-inner-col:before{border-top-left-radius:6px;border-top-right-radius:6px;border-bottom-right-radius:6px;border-bottom-left-radius:6px;}.kadence-column385_b18797-64 > .kt-inside-inner-col{column-gap:var(--global-kb-gap-sm, 1rem);}.kadence-column385_b18797-64 > .kt-inside-inner-col{flex-direction:column;justify-content:center;}.kadence-column385_b18797-64 > .kt-inside-inner-col > .aligncenter{width:100%;}.kt-row-column-wrap > .kadence-column385_b18797-64{align-self:center;}.kt-inner-column-height-full:not(.kt-has-1-columns) > .wp-block-kadence-column.kadence-column385_b18797-64{align-self:auto;}.kt-inner-column-height-full:not(.kt-has-1-columns) > .wp-block-kadence-column.kadence-column385_b18797-64 > .kt-inside-inner-col{flex-direction:column;justify-content:center;}.kadence-column385_b18797-64 > .kt-inside-inner-col:before{opacity:0.3;}.kadence-column385_b18797-64{position:relative;}@media all and (max-width: 1024px){.kt-row-column-wrap > .kadence-column385_b18797-64{align-self:center;}}@media all and (max-width: 1024px){.kt-inner-column-height-full:not(.kt-has-1-columns) > .wp-block-kadence-column.kadence-column385_b18797-64{align-self:auto;}}@media all and (max-width: 1024px){.kt-inner-column-height-full:not(.kt-has-1-columns) > .wp-block-kadence-column.kadence-column385_b18797-64 > .kt-inside-inner-col{flex-direction:column;justify-content:center;}}@media all and (max-width: 1024px){.kt-row-column-wrap.kt-tab-layout-three-grid > .kadence-column385_b18797-64, .kt-row-column-wrap.kt-tab-layout-two-grid > .kadence-column385_b18797-64, .kt-row-column-wrap.kt-tab-layout-row > .kadence-column385_b18797-64{order:2;}}@media all and (max-width: 1024px){.kadence-column385_b18797-64 > .kt-inside-inner-col{flex-direction:column;justify-content:center;}}@media all and (max-width: 767px){.kadence-column385_b18797-64 > .kt-inside-inner-col{padding-top:var(--global-kb-spacing-xl, 4rem);padding-bottom:var(--global-kb-spacing-md, 2rem);min-height:200px;flex-direction:column;justify-content:center;}.kt-row-column-wrap > .kadence-column385_b18797-64{align-self:center;}.kt-inner-column-height-full:not(.kt-has-1-columns) > .wp-block-kadence-column.kadence-column385_b18797-64{align-self:auto;}.kt-inner-column-height-full:not(.kt-has-1-columns) > .wp-block-kadence-column.kadence-column385_b18797-64 > .kt-inside-inner-col{flex-direction:column;justify-content:center;}.kt-row-column-wrap.kt-mobile-layout-three-grid > .kadence-column385_b18797-64, .kt-row-column-wrap.kt-mobile-layout-two-grid > .kadence-column385_b18797-64, .kt-row-column-wrap.kt-mobile-layout-row > .kadence-column385_b18797-64{order:2;}}<\/style>\n<div class=\"wp-block-kadence-column kadence-column385_b18797-64 hero-left\"><div class=\"kt-inside-inner-col\"><style>.wp-block-kadence-advancedheading.kt-adv-heading385_408087-17, .wp-block-kadence-advancedheading.kt-adv-heading385_408087-17[data-kb-block=\"kb-adv-heading385_408087-17\"]{font-style:normal;}.wp-block-kadence-advancedheading.kt-adv-heading385_408087-17 mark.kt-highlight, .wp-block-kadence-advancedheading.kt-adv-heading385_408087-17[data-kb-block=\"kb-adv-heading385_408087-17\"] mark.kt-highlight{font-style:normal;color:#f76a0c;-webkit-box-decoration-break:clone;box-decoration-break:clone;padding-top:0px;padding-right:0px;padding-bottom:0px;padding-left:0px;}.wp-block-kadence-advancedheading.kt-adv-heading385_408087-17 img.kb-inline-image, .wp-block-kadence-advancedheading.kt-adv-heading385_408087-17[data-kb-block=\"kb-adv-heading385_408087-17\"] img.kb-inline-image{width:150px;vertical-align:baseline;}<\/style>\n<h1 class=\"kt-adv-heading385_408087-17 wp-block-kadence-advancedheading\" data-kb-block=\"kb-adv-heading385_408087-17\"><span class=\"kb-inline-dynamic\">Water playground<\/span><\/h1>\n\n\n\n<p>Adults can relax and sunbathe with impunity on the sun loungers positioned around the pool, while the children have fun in the water. For the little ones, the pool has a colourful construction for interactive play that is sure to provide an unforgettable experience.<\/p>\n<\/div><\/div>\n\n\n<style>.kadence-column385_ca0ecc-03 > .kt-inside-inner-col{box-shadow:0px 0px 14px 0px rgba(0, 0, 0, 0.2);border-top:8px solid var(--global-palette9, #ffffff);border-right:8px solid var(--global-palette9, #ffffff);border-bottom:8px solid var(--global-palette9, #ffffff);border-left:8px solid var(--global-palette9, #ffffff);}.kadence-column385_ca0ecc-03 > .kt-inside-inner-col,.kadence-column385_ca0ecc-03 > .kt-inside-inner-col:before{border-top-left-radius:6px;border-top-right-radius:6px;border-bottom-right-radius:6px;border-bottom-left-radius:6px;}.kadence-column385_ca0ecc-03 > .kt-inside-inner-col{column-gap:var(--global-kb-gap-sm, 1rem);}.kadence-column385_ca0ecc-03 > .kt-inside-inner-col{flex-direction:column;}.kadence-column385_ca0ecc-03 > .kt-inside-inner-col > .aligncenter{width:100%;}.kadence-column385_ca0ecc-03 > .kt-inside-inner-col:before{opacity:0.3;}.kadence-column385_ca0ecc-03{position:relative;}.kadence-column385_ca0ecc-03, .kt-inside-inner-col > .kadence-column385_ca0ecc-03:not(.specificity){margin-top:40px;margin-left:-40px;}@media all and (max-width: 1024px){.kadence-column385_ca0ecc-03 > .kt-inside-inner-col{border-top:8px solid var(--global-palette9, #ffffff);border-right:8px solid var(--global-palette9, #ffffff);border-bottom:8px solid var(--global-palette9, #ffffff);border-left:8px solid var(--global-palette9, #ffffff);flex-direction:column;justify-content:center;}}@media all and (max-width: 767px){.kadence-column385_ca0ecc-03 > .kt-inside-inner-col{border-top:8px solid var(--global-palette9, #ffffff);border-right:8px solid var(--global-palette9, #ffffff);border-bottom:8px solid var(--global-palette9, #ffffff);border-left:8px solid var(--global-palette9, #ffffff);flex-direction:column;justify-content:center;}.kadence-column385_ca0ecc-03, .kt-inside-inner-col > .kadence-column385_ca0ecc-03:not(.specificity){margin-top:0px;margin-left:0px;}}<\/style>\n<div class=\"wp-block-kadence-column kadence-column385_ca0ecc-03 ramka_hero\"><div class=\"kt-inside-inner-col\"><style>.kb-image385_3822d4-68 .kb-image-has-overlay:after{opacity:0.3;}<\/style>\n<figure class=\"wp-block-kadence-image kb-image385_3822d4-68 size-full\"><img decoding=\"async\" width=\"1000\" height=\"595\" src=\"https:\/\/aq.dot2.pl\/wp-content\/uploads\/2020\/04\/Wodny-plac-zabaw-001.jpg\" alt=\"\" class=\"kb-img wp-image-1229\" srcset=\"https:\/\/aq.dot2.pl\/wp-content\/uploads\/2020\/04\/Wodny-plac-zabaw-001.jpg 1000w, https:\/\/aq.dot2.pl\/wp-content\/uploads\/2020\/04\/Wodny-plac-zabaw-001-300x179.jpg 300w, https:\/\/aq.dot2.pl\/wp-content\/uploads\/2020\/04\/Wodny-plac-zabaw-001-768x457.jpg 768w\" sizes=\"(max-width: 1000px) 100vw, 1000px\" \/><\/figure>\n<\/div><\/div>\n\n<\/div><\/div>\n\n<style>.kb-row-layout-id385_690312-65 > .kt-row-column-wrap{align-content:center;}:where(.kb-row-layout-id385_690312-65 > .kt-row-column-wrap) > .wp-block-kadence-column{justify-content:center;}.kb-row-layout-id385_690312-65 > .kt-row-column-wrap{column-gap:var(--global-kb-gap-none, 0rem );row-gap:var(--global-kb-gap-md, 2rem);max-width:var( --global-content-width, 1590px );padding-left:var(--global-content-edge-padding);padding-right:var(--global-content-edge-padding);padding-top:0px;padding-bottom:var(--global-kb-spacing-sm, 1.5rem);grid-template-columns:repeat(2, minmax(0, 1fr));}.kb-row-layout-id385_690312-65 > .kt-row-layout-overlay{opacity:0.30;}@media all and (max-width: 1024px){.kb-row-layout-id385_690312-65 > .kt-row-column-wrap{grid-template-columns:repeat(2, minmax(0, 1fr));}}@media all and (max-width: 767px){.kb-row-layout-id385_690312-65 > .kt-row-column-wrap{grid-template-columns:minmax(0, 1fr);}}<\/style><div class=\"kb-row-layout-wrap kb-row-layout-id385_690312-65 alignnone wp-block-kadence-rowlayout\"><div class=\"kt-row-column-wrap kt-has-2-columns kt-row-layout-equal kt-tab-layout-inherit kt-mobile-layout-row kt-row-valign-middle kb-theme-content-width\">\n<style>.kadence-column385_4e0ba7-93 > .kt-inside-inner-col{display:flex;}.kadence-column385_4e0ba7-93 > .kt-inside-inner-col{padding-top:0px;padding-right:0px;padding-left:0px;}.kadence-column385_4e0ba7-93 > .kt-inside-inner-col{box-shadow:0px 0px 14px 0px rgba(0, 0, 0, 0.2);border-top:8px solid var(--global-palette9, #ffffff);border-right:8px solid var(--global-palette9, #ffffff);border-bottom:8px solid var(--global-palette9, #ffffff);border-left:8px solid var(--global-palette9, #ffffff);}.kadence-column385_4e0ba7-93 > .kt-inside-inner-col,.kadence-column385_4e0ba7-93 > .kt-inside-inner-col:before{border-top-left-radius:6px;border-top-right-radius:6px;border-bottom-right-radius:6px;border-bottom-left-radius:6px;}.kadence-column385_4e0ba7-93 > .kt-inside-inner-col{column-gap:var(--global-kb-gap-sm, 1rem);}.kadence-column385_4e0ba7-93 > .kt-inside-inner-col{flex-direction:column;justify-content:center;}.kadence-column385_4e0ba7-93 > .kt-inside-inner-col > .aligncenter{width:100%;}.kt-row-column-wrap > .kadence-column385_4e0ba7-93{align-self:center;}.kt-inner-column-height-full:not(.kt-has-1-columns) > .wp-block-kadence-column.kadence-column385_4e0ba7-93{align-self:auto;}.kt-inner-column-height-full:not(.kt-has-1-columns) > .wp-block-kadence-column.kadence-column385_4e0ba7-93 > .kt-inside-inner-col{flex-direction:column;justify-content:center;}.kadence-column385_4e0ba7-93 > .kt-inside-inner-col:before{opacity:0.3;}.kadence-column385_4e0ba7-93{position:relative;}.kadence-column385_4e0ba7-93, .kt-inside-inner-col > .kadence-column385_4e0ba7-93:not(.specificity){margin-right:0px;}@media all and (max-width: 1024px){.kadence-column385_4e0ba7-93 > .kt-inside-inner-col{border-top:8px solid var(--global-palette9, #ffffff);border-right:8px solid var(--global-palette9, #ffffff);border-bottom:8px solid var(--global-palette9, #ffffff);border-left:8px solid var(--global-palette9, #ffffff);flex-direction:column;justify-content:center;}}@media all and (max-width: 1024px){.kt-row-column-wrap > .kadence-column385_4e0ba7-93{align-self:center;}}@media all and (max-width: 1024px){.kt-inner-column-height-full:not(.kt-has-1-columns) > .wp-block-kadence-column.kadence-column385_4e0ba7-93{align-self:auto;}}@media all and (max-width: 1024px){.kt-inner-column-height-full:not(.kt-has-1-columns) > .wp-block-kadence-column.kadence-column385_4e0ba7-93 > .kt-inside-inner-col{flex-direction:column;justify-content:center;}}@media all and (max-width: 1024px){.kt-row-column-wrap.kt-tab-layout-three-grid > .kadence-column385_4e0ba7-93, .kt-row-column-wrap.kt-tab-layout-two-grid > .kadence-column385_4e0ba7-93, .kt-row-column-wrap.kt-tab-layout-row > .kadence-column385_4e0ba7-93{order:2;}}@media all and (max-width: 767px){.kadence-column385_4e0ba7-93 > .kt-inside-inner-col{padding-top:var(--global-kb-spacing-xl, 4rem);padding-bottom:var(--global-kb-spacing-md, 2rem);min-height:200px;border-top:8px solid var(--global-palette9, #ffffff);border-right:8px solid var(--global-palette9, #ffffff);border-bottom:8px solid var(--global-palette9, #ffffff);border-left:8px solid var(--global-palette9, #ffffff);flex-direction:column;justify-content:center;}.kt-row-column-wrap > .kadence-column385_4e0ba7-93{align-self:center;}.kt-inner-column-height-full:not(.kt-has-1-columns) > .wp-block-kadence-column.kadence-column385_4e0ba7-93{align-self:auto;}.kt-inner-column-height-full:not(.kt-has-1-columns) > .wp-block-kadence-column.kadence-column385_4e0ba7-93 > .kt-inside-inner-col{flex-direction:column;justify-content:center;}.kt-row-column-wrap.kt-mobile-layout-three-grid > .kadence-column385_4e0ba7-93, .kt-row-column-wrap.kt-mobile-layout-two-grid > .kadence-column385_4e0ba7-93, .kt-row-column-wrap.kt-mobile-layout-row > .kadence-column385_4e0ba7-93{order:2;}}<\/style>\n<div class=\"wp-block-kadence-column kadence-column385_4e0ba7-93\"><div class=\"kt-inside-inner-col\"><style>.kb-image385_0b6113-7d .kb-image-has-overlay:after{opacity:0.3;}<\/style>\n<figure class=\"wp-block-kadence-image kb-image385_0b6113-7d size-full\"><img decoding=\"async\" width=\"1000\" height=\"666\" src=\"https:\/\/aq.dot2.pl\/wp-content\/uploads\/2020\/04\/basen-dla-najmlodszych-002-1.jpg\" alt=\"\" class=\"kb-img wp-image-1213\" srcset=\"https:\/\/aq.dot2.pl\/wp-content\/uploads\/2020\/04\/basen-dla-najmlodszych-002-1.jpg 1000w, https:\/\/aq.dot2.pl\/wp-content\/uploads\/2020\/04\/basen-dla-najmlodszych-002-1-300x200.jpg 300w, https:\/\/aq.dot2.pl\/wp-content\/uploads\/2020\/04\/basen-dla-najmlodszych-002-1-768x511.jpg 768w\" sizes=\"(max-width: 1000px) 100vw, 1000px\" \/><\/figure>\n<\/div><\/div>\n\n\n<style>.kadence-column385_2289e1-af > .kt-inside-inner-col{display:flex;}.kadence-column385_2289e1-af > .kt-inside-inner-col{padding-top:var(--global-kb-spacing-lg, 3rem);padding-right:var(--global-kb-spacing-lg, 3rem);padding-left:var(--global-kb-spacing-md, 2rem);}.kadence-column385_2289e1-af > .kt-inside-inner-col{min-height:500px;}.kadence-column385_2289e1-af > .kt-inside-inner-col,.kadence-column385_2289e1-af > .kt-inside-inner-col:before{border-top-left-radius:6px;border-top-right-radius:6px;border-bottom-right-radius:6px;border-bottom-left-radius:6px;}.kadence-column385_2289e1-af > .kt-inside-inner-col{column-gap:var(--global-kb-gap-sm, 1rem);}.kadence-column385_2289e1-af > .kt-inside-inner-col{flex-direction:column;justify-content:center;}.kadence-column385_2289e1-af > .kt-inside-inner-col > .aligncenter{width:100%;}.kt-row-column-wrap > .kadence-column385_2289e1-af{align-self:center;}.kt-inner-column-height-full:not(.kt-has-1-columns) > .wp-block-kadence-column.kadence-column385_2289e1-af{align-self:auto;}.kt-inner-column-height-full:not(.kt-has-1-columns) > .wp-block-kadence-column.kadence-column385_2289e1-af > .kt-inside-inner-col{flex-direction:column;justify-content:center;}.kadence-column385_2289e1-af > .kt-inside-inner-col:before{opacity:0.3;}.kadence-column385_2289e1-af{position:relative;}@media all and (max-width: 1024px){.kt-row-column-wrap > .kadence-column385_2289e1-af{align-self:center;}}@media all and (max-width: 1024px){.kt-inner-column-height-full:not(.kt-has-1-columns) > .wp-block-kadence-column.kadence-column385_2289e1-af{align-self:auto;}}@media all and (max-width: 1024px){.kt-inner-column-height-full:not(.kt-has-1-columns) > .wp-block-kadence-column.kadence-column385_2289e1-af > .kt-inside-inner-col{flex-direction:column;justify-content:center;}}@media all and (max-width: 1024px){.kt-row-column-wrap.kt-tab-layout-three-grid > .kadence-column385_2289e1-af, .kt-row-column-wrap.kt-tab-layout-two-grid > .kadence-column385_2289e1-af, .kt-row-column-wrap.kt-tab-layout-row > .kadence-column385_2289e1-af{order:2;}}@media all and (max-width: 1024px){.kadence-column385_2289e1-af > .kt-inside-inner-col{flex-direction:column;justify-content:center;}}@media all and (max-width: 767px){.kadence-column385_2289e1-af > .kt-inside-inner-col{padding-top:var(--global-kb-spacing-xl, 4rem);padding-bottom:var(--global-kb-spacing-md, 2rem);min-height:200px;flex-direction:column;justify-content:center;}.kt-row-column-wrap > .kadence-column385_2289e1-af{align-self:center;}.kt-inner-column-height-full:not(.kt-has-1-columns) > .wp-block-kadence-column.kadence-column385_2289e1-af{align-self:auto;}.kt-inner-column-height-full:not(.kt-has-1-columns) > .wp-block-kadence-column.kadence-column385_2289e1-af > .kt-inside-inner-col{flex-direction:column;justify-content:center;}.kt-row-column-wrap.kt-mobile-layout-three-grid > .kadence-column385_2289e1-af, .kt-row-column-wrap.kt-mobile-layout-two-grid > .kadence-column385_2289e1-af, .kt-row-column-wrap.kt-mobile-layout-row > .kadence-column385_2289e1-af{order:2;}}<\/style>\n<div class=\"wp-block-kadence-column kadence-column385_2289e1-af stylowane\"><div class=\"kt-inside-inner-col\"><style>.wp-block-kadence-advancedheading.kt-adv-heading385_3447d6-6a, .wp-block-kadence-advancedheading.kt-adv-heading385_3447d6-6a[data-kb-block=\"kb-adv-heading385_3447d6-6a\"]{font-style:normal;}.wp-block-kadence-advancedheading.kt-adv-heading385_3447d6-6a mark.kt-highlight, .wp-block-kadence-advancedheading.kt-adv-heading385_3447d6-6a[data-kb-block=\"kb-adv-heading385_3447d6-6a\"] mark.kt-highlight{font-style:normal;color:#f76a0c;-webkit-box-decoration-break:clone;box-decoration-break:clone;padding-top:0px;padding-right:0px;padding-bottom:0px;padding-left:0px;}.wp-block-kadence-advancedheading.kt-adv-heading385_3447d6-6a img.kb-inline-image, .wp-block-kadence-advancedheading.kt-adv-heading385_3447d6-6a[data-kb-block=\"kb-adv-heading385_3447d6-6a\"] img.kb-inline-image{width:150px;vertical-align:baseline;}<\/style>\n<h2 class=\"kt-adv-heading385_3447d6-6a wp-block-kadence-advancedheading\" data-kb-block=\"kb-adv-heading385_3447d6-6a\">Features<\/h2>\n\n\n\n<ul class=\"wp-block-list\">\n<li>leads to the outdoor leisure pool<\/li>\n\n\n\n<li>the outdoor leisure pool has a maximum depth of 130 cm<\/li>\n<\/ul>\n\n\n\n<p>Open during the summer season.<\/p>\n<\/div><\/div>\n\n<\/div><\/div>","protected":false},"excerpt":{"rendered":"<p>Wodny plac zabaw Doro\u015bli mog\u0105 bezkarnie wypoczywa\u0107 i opala\u0107 si\u0119 na le\u017cakach umiejscowionych wok\u00f3\u0142 basenu, podczas gdy dzieci \u015bwietnie bawi\u0105 si\u0119 w wodzie. Z my\u015bl\u0105 o najm\u0142odszych w basenie zainstalowano kolorow\u0105 konstrukcj\u0119 do interaktywnych zabaw, kt\u00f3ra z pewno\u015bci\u0105 dostarczy niezapomnianych wra\u017ce\u0144. Cechy Otwarte w sezonie letnim.<\/p>","protected":false},"author":1,"featured_media":1229,"parent":358,"menu_order":0,"comment_status":"closed","ping_status":"closed","template":"","meta":{"_acf_changed":false,"_kad_blocks_custom_css":"","_kad_blocks_head_custom_js":"","_kad_blocks_body_custom_js":"","_kad_blocks_footer_custom_js":"","_kad_post_transparent":"","_kad_post_title":"","_kad_post_layout":"","_kad_post_sidebar_id":"","_kad_post_content_style":"","_kad_post_vertical_padding":"","_kad_post_feature":"","_kad_post_feature_position":"","_kad_post_header":false,"_kad_post_footer":false,"_kad_post_classname":"","footnotes":""},"dzial":[9],"class_list":["post-385","page","type-page","status-publish","has-post-thumbnail","hentry","dzial-zjezdzalnie"],"acf":[],"taxonomy_info":{"dzial":[{"value":9,"label":"Zje\u017cd\u017calnie"}]},"featured_image_src_large":["https:\/\/aq.dot2.pl\/wp-content\/uploads\/2020\/04\/Wodny-plac-zabaw-001.jpg",1000,595,false],"author_info":{"display_name":"admin","author_link":"https:\/\/aq.dot2.pl\/en\/author\/admin\/"},"comment_info":0,"_links":{"self":[{"href":"https:\/\/aq.dot2.pl\/en\/wp-json\/wp\/v2\/pages\/385","targetHints":{"allow":["GET"]}}],"collection":[{"href":"https:\/\/aq.dot2.pl\/en\/wp-json\/wp\/v2\/pages"}],"about":[{"href":"https:\/\/aq.dot2.pl\/en\/wp-json\/wp\/v2\/types\/page"}],"author":[{"embeddable":true,"href":"https:\/\/aq.dot2.pl\/en\/wp-json\/wp\/v2\/users\/1"}],"replies":[{"embeddable":true,"href":"https:\/\/aq.dot2.pl\/en\/wp-json\/wp\/v2\/comments?post=385"}],"version-history":[{"count":0,"href":"https:\/\/aq.dot2.pl\/en\/wp-json\/wp\/v2\/pages\/385\/revisions"}],"up":[{"embeddable":true,"href":"https:\/\/aq.dot2.pl\/en\/wp-json\/wp\/v2\/pages\/358"}],"wp:featuredmedia":[{"embeddable":true,"href":"https:\/\/aq.dot2.pl\/en\/wp-json\/wp\/v2\/media\/1229"}],"wp:attachment":[{"href":"https:\/\/aq.dot2.pl\/en\/wp-json\/wp\/v2\/media?parent=385"}],"wp:term":[{"taxonomy":"dzial","embeddable":true,"href":"https:\/\/aq.dot2.pl\/en\/wp-json\/wp\/v2\/dzial?post=385"}],"curies":[{"name":"wp","href":"https:\/\/api.w.org\/{rel}","templated":true}]}}