{"id":410,"date":"2020-03-24T14:06:54","date_gmt":"2020-03-24T13:06:54","guid":{"rendered":"http:\/\/aquaparksopot.pl\/\/?page_id=410"},"modified":"2026-01-05T09:10:36","modified_gmt":"2026-01-05T08:10:36","slug":"steam-bath","status":"publish","type":"page","link":"https:\/\/aq.dot2.pl\/en\/sauny-spa\/sauny\/steam-bath\/","title":{"rendered":"Steam Bath"},"content":{"rendered":"<style>.kb-row-layout-id410_9eec3c-85 > .kt-row-column-wrap{align-content:center;}:where(.kb-row-layout-id410_9eec3c-85 > .kt-row-column-wrap) > .wp-block-kadence-column{justify-content:center;}.kb-row-layout-id410_9eec3c-85 > .kt-row-column-wrap{column-gap:var(--global-kb-gap-none, 0rem );row-gap:var(--global-kb-gap-md, 2rem);max-width:var( --global-content-width, 1590px );padding-left:var(--global-content-edge-padding);padding-right:var(--global-content-edge-padding);padding-top:0px;padding-bottom:var(--global-kb-spacing-sm, 1.5rem);grid-template-columns:repeat(2, minmax(0, 1fr));}.kb-row-layout-id410_9eec3c-85 > .kt-row-layout-overlay{opacity:0.30;}@media all and (max-width: 1024px){.kb-row-layout-id410_9eec3c-85 > .kt-row-column-wrap{grid-template-columns:repeat(2, minmax(0, 1fr));}}@media all and (max-width: 767px){.kb-row-layout-id410_9eec3c-85 > .kt-row-column-wrap{grid-template-columns:minmax(0, 1fr);}}<\/style><div class=\"kb-row-layout-wrap kb-row-layout-id410_9eec3c-85 alignnone hero wp-block-kadence-rowlayout\"><div class=\"kt-row-column-wrap kt-has-2-columns kt-row-layout-equal kt-tab-layout-inherit kt-mobile-layout-row kt-row-valign-middle kb-theme-content-width\">\n<style>.kadence-column410_3cb794-ef > .kt-inside-inner-col{display:flex;}.kadence-column410_3cb794-ef > .kt-inside-inner-col{padding-top:var(--global-kb-spacing-xxl, 5rem);padding-right:var(--global-kb-spacing-lg, 3rem);padding-bottom:var(--global-kb-spacing-lg, 3rem);padding-left:var(--global-kb-spacing-md, 2rem);}.kadence-column410_3cb794-ef > .kt-inside-inner-col{min-height:500px;}.kadence-column410_3cb794-ef > .kt-inside-inner-col,.kadence-column410_3cb794-ef > .kt-inside-inner-col:before{border-top-left-radius:6px;border-top-right-radius:6px;border-bottom-right-radius:6px;border-bottom-left-radius:6px;}.kadence-column410_3cb794-ef > .kt-inside-inner-col{column-gap:var(--global-kb-gap-sm, 1rem);}.kadence-column410_3cb794-ef > .kt-inside-inner-col{flex-direction:column;justify-content:center;}.kadence-column410_3cb794-ef > .kt-inside-inner-col > .aligncenter{width:100%;}.kt-row-column-wrap > .kadence-column410_3cb794-ef{align-self:center;}.kt-inner-column-height-full:not(.kt-has-1-columns) > .wp-block-kadence-column.kadence-column410_3cb794-ef{align-self:auto;}.kt-inner-column-height-full:not(.kt-has-1-columns) > .wp-block-kadence-column.kadence-column410_3cb794-ef > .kt-inside-inner-col{flex-direction:column;justify-content:center;}.kadence-column410_3cb794-ef > .kt-inside-inner-col:before{opacity:0.3;}.kadence-column410_3cb794-ef{position:relative;}@media all and (max-width: 1024px){.kt-row-column-wrap > .kadence-column410_3cb794-ef{align-self:center;}}@media all and (max-width: 1024px){.kt-inner-column-height-full:not(.kt-has-1-columns) > .wp-block-kadence-column.kadence-column410_3cb794-ef{align-self:auto;}}@media all and (max-width: 1024px){.kt-inner-column-height-full:not(.kt-has-1-columns) > .wp-block-kadence-column.kadence-column410_3cb794-ef > .kt-inside-inner-col{flex-direction:column;justify-content:center;}}@media all and (max-width: 1024px){.kt-row-column-wrap.kt-tab-layout-three-grid > .kadence-column410_3cb794-ef, .kt-row-column-wrap.kt-tab-layout-two-grid > .kadence-column410_3cb794-ef, .kt-row-column-wrap.kt-tab-layout-row > .kadence-column410_3cb794-ef{order:2;}}@media all and (max-width: 1024px){.kadence-column410_3cb794-ef > .kt-inside-inner-col{flex-direction:column;justify-content:center;}}@media all and (max-width: 767px){.kadence-column410_3cb794-ef > .kt-inside-inner-col{padding-top:var(--global-kb-spacing-xl, 4rem);padding-bottom:var(--global-kb-spacing-md, 2rem);min-height:200px;flex-direction:column;justify-content:center;}.kt-row-column-wrap > .kadence-column410_3cb794-ef{align-self:center;}.kt-inner-column-height-full:not(.kt-has-1-columns) > .wp-block-kadence-column.kadence-column410_3cb794-ef{align-self:auto;}.kt-inner-column-height-full:not(.kt-has-1-columns) > .wp-block-kadence-column.kadence-column410_3cb794-ef > .kt-inside-inner-col{flex-direction:column;justify-content:center;}.kt-row-column-wrap.kt-mobile-layout-three-grid > .kadence-column410_3cb794-ef, .kt-row-column-wrap.kt-mobile-layout-two-grid > .kadence-column410_3cb794-ef, .kt-row-column-wrap.kt-mobile-layout-row > .kadence-column410_3cb794-ef{order:2;}}<\/style>\n<div class=\"wp-block-kadence-column kadence-column410_3cb794-ef hero-left\"><div class=\"kt-inside-inner-col\"><style>.wp-block-kadence-advancedheading.kt-adv-heading410_b2e0e1-c4, .wp-block-kadence-advancedheading.kt-adv-heading410_b2e0e1-c4[data-kb-block=\"kb-adv-heading410_b2e0e1-c4\"]{font-style:normal;}.wp-block-kadence-advancedheading.kt-adv-heading410_b2e0e1-c4 mark.kt-highlight, .wp-block-kadence-advancedheading.kt-adv-heading410_b2e0e1-c4[data-kb-block=\"kb-adv-heading410_b2e0e1-c4\"] mark.kt-highlight{font-style:normal;color:#f76a0c;-webkit-box-decoration-break:clone;box-decoration-break:clone;padding-top:0px;padding-right:0px;padding-bottom:0px;padding-left:0px;}.wp-block-kadence-advancedheading.kt-adv-heading410_b2e0e1-c4 img.kb-inline-image, .wp-block-kadence-advancedheading.kt-adv-heading410_b2e0e1-c4[data-kb-block=\"kb-adv-heading410_b2e0e1-c4\"] img.kb-inline-image{width:150px;vertical-align:baseline;}<\/style>\n<h1 class=\"kt-adv-heading410_b2e0e1-c4 wp-block-kadence-advancedheading\" data-kb-block=\"kb-adv-heading410_b2e0e1-c4\">Steam Bath<\/h1>\n\n\n\n<p>Steam Bath is a steam sauna with natural aromas. It has a regenerative effect on the whole body and hair and, thanks to the additional effect of the scents, has a positive impact on the body's respiratory system. It increases metabolism by accelerating the burning of carbohydrates and lipids. The blood in the blood vessels starts to flow faster, thus supplying the organs with the necessary nutrients and, above all, transporting the blood more efficiently.<\/p>\n<\/div><\/div>\n\n\n<style>.kadence-column410_a719bb-32 > .kt-inside-inner-col{box-shadow:0px 0px 14px 0px rgba(0, 0, 0, 0.2);border-top:8px solid var(--global-palette9, #ffffff);border-right:8px solid var(--global-palette9, #ffffff);border-bottom:8px solid var(--global-palette9, #ffffff);border-left:8px solid var(--global-palette9, #ffffff);}.kadence-column410_a719bb-32 > .kt-inside-inner-col,.kadence-column410_a719bb-32 > .kt-inside-inner-col:before{border-top-left-radius:6px;border-top-right-radius:6px;border-bottom-right-radius:6px;border-bottom-left-radius:6px;}.kadence-column410_a719bb-32 > .kt-inside-inner-col{column-gap:var(--global-kb-gap-sm, 1rem);}.kadence-column410_a719bb-32 > .kt-inside-inner-col{flex-direction:column;}.kadence-column410_a719bb-32 > .kt-inside-inner-col > .aligncenter{width:100%;}.kadence-column410_a719bb-32 > .kt-inside-inner-col:before{opacity:0.3;}.kadence-column410_a719bb-32{position:relative;}.kadence-column410_a719bb-32, .kt-inside-inner-col > .kadence-column410_a719bb-32:not(.specificity){margin-top:40px;margin-left:-40px;}@media all and (max-width: 1024px){.kadence-column410_a719bb-32 > .kt-inside-inner-col{border-top:8px solid var(--global-palette9, #ffffff);border-right:8px solid var(--global-palette9, #ffffff);border-bottom:8px solid var(--global-palette9, #ffffff);border-left:8px solid var(--global-palette9, #ffffff);flex-direction:column;justify-content:center;}}@media all and (max-width: 767px){.kadence-column410_a719bb-32 > .kt-inside-inner-col{border-top:8px solid var(--global-palette9, #ffffff);border-right:8px solid var(--global-palette9, #ffffff);border-bottom:8px solid var(--global-palette9, #ffffff);border-left:8px solid var(--global-palette9, #ffffff);flex-direction:column;justify-content:center;}.kadence-column410_a719bb-32, .kt-inside-inner-col > .kadence-column410_a719bb-32:not(.specificity){margin-top:0px;margin-left:0px;}}<\/style>\n<div class=\"wp-block-kadence-column kadence-column410_a719bb-32 ramka_hero\"><div class=\"kt-inside-inner-col\"><style>.kb-image410_80aee3-2c .kb-image-has-overlay:after{opacity:0.3;}<\/style>\n<figure class=\"wp-block-kadence-image kb-image410_80aee3-2c size-full\"><img decoding=\"async\" width=\"1000\" height=\"780\" src=\"https:\/\/aq.dot2.pl\/wp-content\/uploads\/2020\/04\/Steam-Bath-001.jpg\" alt=\"\" class=\"kb-img wp-image-1262\" srcset=\"https:\/\/aq.dot2.pl\/wp-content\/uploads\/2020\/04\/Steam-Bath-001.jpg 1000w, https:\/\/aq.dot2.pl\/wp-content\/uploads\/2020\/04\/Steam-Bath-001-300x234.jpg 300w, https:\/\/aq.dot2.pl\/wp-content\/uploads\/2020\/04\/Steam-Bath-001-768x599.jpg 768w\" sizes=\"(max-width: 1000px) 100vw, 1000px\" \/><\/figure>\n<\/div><\/div>\n\n<\/div><\/div>\n\n<style>.kb-row-layout-id410_341320-c6 > .kt-row-column-wrap{align-content:start;}:where(.kb-row-layout-id410_341320-c6 > .kt-row-column-wrap) > .wp-block-kadence-column{justify-content:start;}.kb-row-layout-id410_341320-c6 > .kt-row-column-wrap{column-gap:var(--global-kb-gap-none, 0rem );row-gap:var(--global-kb-gap-md, 2rem);max-width:var( --global-content-width, 1590px );padding-left:var(--global-content-edge-padding);padding-right:var(--global-content-edge-padding);padding-top:0px;padding-bottom:var(--global-kb-spacing-sm, 1.5rem);grid-template-columns:repeat(2, minmax(0, 1fr));}.kb-row-layout-id410_341320-c6 > .kt-row-layout-overlay{opacity:0.30;}@media all and (max-width: 1024px){.kb-row-layout-id410_341320-c6 > .kt-row-column-wrap{grid-template-columns:repeat(2, minmax(0, 1fr));}}@media all and (max-width: 767px){.kb-row-layout-id410_341320-c6 > .kt-row-column-wrap{grid-template-columns:minmax(0, 1fr);}}<\/style><div class=\"kb-row-layout-wrap kb-row-layout-id410_341320-c6 alignnone wp-block-kadence-rowlayout\"><div class=\"kt-row-column-wrap kt-has-2-columns kt-row-layout-equal kt-tab-layout-inherit kt-mobile-layout-row kt-row-valign-top kb-theme-content-width\">\n<style>.kadence-column410_e2a887-b5 > .kt-inside-inner-col{display:flex;}.kadence-column410_e2a887-b5 > .kt-inside-inner-col{padding-top:0px;padding-right:0px;padding-left:0px;}.kadence-column410_e2a887-b5 > .kt-inside-inner-col{box-shadow:0px 0px 14px 0px rgba(0, 0, 0, 0.2);border-top:8px solid var(--global-palette9, #ffffff);border-right:8px solid var(--global-palette9, #ffffff);border-bottom:8px solid var(--global-palette9, #ffffff);border-left:8px solid var(--global-palette9, #ffffff);}.kadence-column410_e2a887-b5 > .kt-inside-inner-col,.kadence-column410_e2a887-b5 > .kt-inside-inner-col:before{border-top-left-radius:6px;border-top-right-radius:6px;border-bottom-right-radius:6px;border-bottom-left-radius:6px;}.kadence-column410_e2a887-b5 > .kt-inside-inner-col{column-gap:var(--global-kb-gap-sm, 1rem);}.kadence-column410_e2a887-b5 > .kt-inside-inner-col{flex-direction:column;justify-content:flex-start;}.kadence-column410_e2a887-b5 > .kt-inside-inner-col > .aligncenter{width:100%;}.kt-row-column-wrap > .kadence-column410_e2a887-b5{align-self:flex-start;}.kt-inner-column-height-full:not(.kt-has-1-columns) > .wp-block-kadence-column.kadence-column410_e2a887-b5{align-self:auto;}.kt-inner-column-height-full:not(.kt-has-1-columns) > .wp-block-kadence-column.kadence-column410_e2a887-b5 > .kt-inside-inner-col{flex-direction:column;justify-content:flex-start;}.kadence-column410_e2a887-b5 > .kt-inside-inner-col:before{opacity:0.3;}.kadence-column410_e2a887-b5{position:relative;}.kadence-column410_e2a887-b5, .kt-inside-inner-col > .kadence-column410_e2a887-b5:not(.specificity){margin-right:0px;}@media all and (max-width: 1024px){.kadence-column410_e2a887-b5 > .kt-inside-inner-col{border-top:8px solid var(--global-palette9, #ffffff);border-right:8px solid var(--global-palette9, #ffffff);border-bottom:8px solid var(--global-palette9, #ffffff);border-left:8px solid var(--global-palette9, #ffffff);flex-direction:column;justify-content:flex-start;}}@media all and (max-width: 1024px){.kt-row-column-wrap > .kadence-column410_e2a887-b5{align-self:flex-start;}}@media all and (max-width: 1024px){.kt-inner-column-height-full:not(.kt-has-1-columns) > .wp-block-kadence-column.kadence-column410_e2a887-b5{align-self:auto;}}@media all and (max-width: 1024px){.kt-inner-column-height-full:not(.kt-has-1-columns) > .wp-block-kadence-column.kadence-column410_e2a887-b5 > .kt-inside-inner-col{flex-direction:column;justify-content:flex-start;}}@media all and (max-width: 1024px){.kt-row-column-wrap.kt-tab-layout-three-grid > .kadence-column410_e2a887-b5, .kt-row-column-wrap.kt-tab-layout-two-grid > .kadence-column410_e2a887-b5, .kt-row-column-wrap.kt-tab-layout-row > .kadence-column410_e2a887-b5{order:2;}}@media all and (max-width: 767px){.kadence-column410_e2a887-b5 > .kt-inside-inner-col{padding-top:var(--global-kb-spacing-xl, 4rem);padding-bottom:var(--global-kb-spacing-md, 2rem);min-height:200px;border-top:8px solid var(--global-palette9, #ffffff);border-right:8px solid var(--global-palette9, #ffffff);border-bottom:8px solid var(--global-palette9, #ffffff);border-left:8px solid var(--global-palette9, #ffffff);flex-direction:column;justify-content:flex-start;}.kt-row-column-wrap > .kadence-column410_e2a887-b5{align-self:flex-start;}.kt-inner-column-height-full:not(.kt-has-1-columns) > .wp-block-kadence-column.kadence-column410_e2a887-b5{align-self:auto;}.kt-inner-column-height-full:not(.kt-has-1-columns) > .wp-block-kadence-column.kadence-column410_e2a887-b5 > .kt-inside-inner-col{flex-direction:column;justify-content:flex-start;}.kt-row-column-wrap.kt-mobile-layout-three-grid > .kadence-column410_e2a887-b5, .kt-row-column-wrap.kt-mobile-layout-two-grid > .kadence-column410_e2a887-b5, .kt-row-column-wrap.kt-mobile-layout-row > .kadence-column410_e2a887-b5{order:2;}}<\/style>\n<div class=\"wp-block-kadence-column kadence-column410_e2a887-b5\"><div class=\"kt-inside-inner-col\"><style>.kb-image410_825b42-53 .kb-image-has-overlay:after{opacity:0.3;}<\/style>\n<figure class=\"wp-block-kadence-image kb-image410_825b42-53 size-full\"><img decoding=\"async\" width=\"1000\" height=\"780\" src=\"https:\/\/aq.dot2.pl\/wp-content\/uploads\/2020\/04\/Steam-Bath-001.jpg\" alt=\"\" class=\"kb-img wp-image-1262\" srcset=\"https:\/\/aq.dot2.pl\/wp-content\/uploads\/2020\/04\/Steam-Bath-001.jpg 1000w, https:\/\/aq.dot2.pl\/wp-content\/uploads\/2020\/04\/Steam-Bath-001-300x234.jpg 300w, https:\/\/aq.dot2.pl\/wp-content\/uploads\/2020\/04\/Steam-Bath-001-768x599.jpg 768w\" sizes=\"(max-width: 1000px) 100vw, 1000px\" \/><\/figure>\n<\/div><\/div>\n\n\n<style>.kadence-column410_ba53cf-c2 > .kt-inside-inner-col{display:flex;}.kadence-column410_ba53cf-c2 > .kt-inside-inner-col{padding-top:var(--global-kb-spacing-lg, 3rem);padding-right:var(--global-kb-spacing-lg, 3rem);padding-left:var(--global-kb-spacing-md, 2rem);}.kadence-column410_ba53cf-c2 > .kt-inside-inner-col{min-height:500px;border-top:0px solid var(--global-palette9, #ffffff);border-right:0px solid var(--global-palette9, #ffffff);border-bottom:0px solid var(--global-palette9, #ffffff);border-left:0px solid var(--global-palette9, #ffffff);}.kadence-column410_ba53cf-c2 > .kt-inside-inner-col,.kadence-column410_ba53cf-c2 > .kt-inside-inner-col:before{border-top-left-radius:0px;border-top-right-radius:0px;border-bottom-right-radius:0px;border-bottom-left-radius:0px;}.kadence-column410_ba53cf-c2 > .kt-inside-inner-col{column-gap:var(--global-kb-gap-sm, 1rem);}.kadence-column410_ba53cf-c2 > .kt-inside-inner-col{flex-direction:column;justify-content:center;}.kadence-column410_ba53cf-c2 > .kt-inside-inner-col > .aligncenter{width:100%;}.kt-row-column-wrap > .kadence-column410_ba53cf-c2{align-self:center;}.kt-inner-column-height-full:not(.kt-has-1-columns) > .wp-block-kadence-column.kadence-column410_ba53cf-c2{align-self:auto;}.kt-inner-column-height-full:not(.kt-has-1-columns) > .wp-block-kadence-column.kadence-column410_ba53cf-c2 > .kt-inside-inner-col{flex-direction:column;justify-content:center;}.kadence-column410_ba53cf-c2 > .kt-inside-inner-col:before{opacity:0.3;}.kadence-column410_ba53cf-c2{position:relative;}.kadence-column410_ba53cf-c2, .kt-inside-inner-col > .kadence-column410_ba53cf-c2:not(.specificity){margin-right:0px;}@media all and (max-width: 1024px){.kadence-column410_ba53cf-c2 > .kt-inside-inner-col{border-top:0px solid var(--global-palette9, #ffffff);border-right:0px solid var(--global-palette9, #ffffff);border-bottom:0px solid var(--global-palette9, #ffffff);border-left:0px solid var(--global-palette9, #ffffff);flex-direction:column;justify-content:center;}}@media all and (max-width: 1024px){.kt-row-column-wrap > .kadence-column410_ba53cf-c2{align-self:center;}}@media all and (max-width: 1024px){.kt-inner-column-height-full:not(.kt-has-1-columns) > .wp-block-kadence-column.kadence-column410_ba53cf-c2{align-self:auto;}}@media all and (max-width: 1024px){.kt-inner-column-height-full:not(.kt-has-1-columns) > .wp-block-kadence-column.kadence-column410_ba53cf-c2 > .kt-inside-inner-col{flex-direction:column;justify-content:center;}}@media all and (max-width: 1024px){.kt-row-column-wrap.kt-tab-layout-three-grid > .kadence-column410_ba53cf-c2, .kt-row-column-wrap.kt-tab-layout-two-grid > .kadence-column410_ba53cf-c2, .kt-row-column-wrap.kt-tab-layout-row > .kadence-column410_ba53cf-c2{order:2;}}@media all and (max-width: 767px){.kadence-column410_ba53cf-c2 > .kt-inside-inner-col{padding-top:var(--global-kb-spacing-xl, 4rem);padding-bottom:var(--global-kb-spacing-md, 2rem);min-height:200px;border-top:0px solid var(--global-palette9, #ffffff);border-right:0px solid var(--global-palette9, #ffffff);border-bottom:0px solid var(--global-palette9, #ffffff);border-left:0px solid var(--global-palette9, #ffffff);flex-direction:column;justify-content:center;}.kt-row-column-wrap > .kadence-column410_ba53cf-c2{align-self:center;}.kt-inner-column-height-full:not(.kt-has-1-columns) > .wp-block-kadence-column.kadence-column410_ba53cf-c2{align-self:auto;}.kt-inner-column-height-full:not(.kt-has-1-columns) > .wp-block-kadence-column.kadence-column410_ba53cf-c2 > .kt-inside-inner-col{flex-direction:column;justify-content:center;}.kt-row-column-wrap.kt-mobile-layout-three-grid > .kadence-column410_ba53cf-c2, .kt-row-column-wrap.kt-mobile-layout-two-grid > .kadence-column410_ba53cf-c2, .kt-row-column-wrap.kt-mobile-layout-row > .kadence-column410_ba53cf-c2{order:2;}}<\/style>\n<div class=\"wp-block-kadence-column kadence-column410_ba53cf-c2 stylowane\"><div class=\"kt-inside-inner-col\"><style>.wp-block-kadence-advancedheading.kt-adv-heading410_207dda-d2, .wp-block-kadence-advancedheading.kt-adv-heading410_207dda-d2[data-kb-block=\"kb-adv-heading410_207dda-d2\"]{font-style:normal;}.wp-block-kadence-advancedheading.kt-adv-heading410_207dda-d2 mark.kt-highlight, .wp-block-kadence-advancedheading.kt-adv-heading410_207dda-d2[data-kb-block=\"kb-adv-heading410_207dda-d2\"] mark.kt-highlight{font-style:normal;color:#f76a0c;-webkit-box-decoration-break:clone;box-decoration-break:clone;padding-top:0px;padding-right:0px;padding-bottom:0px;padding-left:0px;}.wp-block-kadence-advancedheading.kt-adv-heading410_207dda-d2 img.kb-inline-image, .wp-block-kadence-advancedheading.kt-adv-heading410_207dda-d2[data-kb-block=\"kb-adv-heading410_207dda-d2\"] img.kb-inline-image{width:150px;vertical-align:baseline;}<\/style>\n<h2 class=\"kt-adv-heading410_207dda-d2 wp-block-kadence-advancedheading\" data-kb-block=\"kb-adv-heading410_207dda-d2\">Features<\/h2>\n\n\n\n<ul class=\"wp-block-list\">\n<li>relaxation area<\/li>\n\n\n\n<li>room temperature in the range 45\u00b0C, humidity 100%<\/li>\n\n\n\n<li>room climate: humid<\/li>\n\n\n\n<li>positive effect on metabolism<\/li>\n\n\n\n<li>has a positive effect on the respiratory system thanks to the additional effect of the fragrances<\/li>\n\n\n\n<li>recommended duration: 5-15 minutes (should not exceed 30 minutes per day), e.g. 2\u00d715 minutes 2-3 x weekly<\/li>\n<\/ul>\n<\/div><\/div>\n\n<\/div><\/div>","protected":false},"excerpt":{"rendered":"<p>Steam Bath Steam Bath to sauna parowa z dodatkiem naturalnych zapach\u00f3w. Wp\u0142ywa regeneruj\u0105co na ca\u0142e cia\u0142o oraz w\u0142osy, a dzi\u0119ki dodatkowemu dzia\u0142aniu zapach\u00f3w ma pozytywny wp\u0142yw na uk\u0142ad oddechowy organizmu. Podnosi metabolizm powoduj\u0105c przyspieszanie spalania w\u0119glowodan\u00f3w i lipid\u00f3w. Krew w naczyniach krwiono\u015bnych zaczyna szybciej p\u0142yn\u0105\u0107 dostarczaj\u0105c tym samym do narz\u0105d\u00f3w niezb\u0119dnych sk\u0142adnik\u00f3w od\u017cywczych a przede&#8230;<\/p>","protected":false},"author":1,"featured_media":1262,"parent":565,"menu_order":0,"comment_status":"closed","ping_status":"closed","template":"","meta":{"_acf_changed":false,"_kad_blocks_custom_css":"","_kad_blocks_head_custom_js":"","_kad_blocks_body_custom_js":"","_kad_blocks_footer_custom_js":"","_kad_post_transparent":"","_kad_post_title":"","_kad_post_layout":"","_kad_post_sidebar_id":"","_kad_post_content_style":"","_kad_post_vertical_padding":"","_kad_post_feature":"","_kad_post_feature_position":"","_kad_post_header":false,"_kad_post_footer":false,"_kad_post_classname":"","footnotes":""},"dzial":[10],"class_list":["post-410","page","type-page","status-publish","has-post-thumbnail","hentry","dzial-sauny"],"acf":[],"taxonomy_info":{"dzial":[{"value":10,"label":"Sauny"}]},"featured_image_src_large":["https:\/\/aq.dot2.pl\/wp-content\/uploads\/2020\/04\/Steam-Bath-001.jpg",1000,780,false],"author_info":{"display_name":"admin","author_link":"https:\/\/aq.dot2.pl\/en\/author\/admin\/"},"comment_info":0,"_links":{"self":[{"href":"https:\/\/aq.dot2.pl\/en\/wp-json\/wp\/v2\/pages\/410","targetHints":{"allow":["GET"]}}],"collection":[{"href":"https:\/\/aq.dot2.pl\/en\/wp-json\/wp\/v2\/pages"}],"about":[{"href":"https:\/\/aq.dot2.pl\/en\/wp-json\/wp\/v2\/types\/page"}],"author":[{"embeddable":true,"href":"https:\/\/aq.dot2.pl\/en\/wp-json\/wp\/v2\/users\/1"}],"replies":[{"embeddable":true,"href":"https:\/\/aq.dot2.pl\/en\/wp-json\/wp\/v2\/comments?post=410"}],"version-history":[{"count":0,"href":"https:\/\/aq.dot2.pl\/en\/wp-json\/wp\/v2\/pages\/410\/revisions"}],"up":[{"embeddable":true,"href":"https:\/\/aq.dot2.pl\/en\/wp-json\/wp\/v2\/pages\/565"}],"wp:featuredmedia":[{"embeddable":true,"href":"https:\/\/aq.dot2.pl\/en\/wp-json\/wp\/v2\/media\/1262"}],"wp:attachment":[{"href":"https:\/\/aq.dot2.pl\/en\/wp-json\/wp\/v2\/media?parent=410"}],"wp:term":[{"taxonomy":"dzial","embeddable":true,"href":"https:\/\/aq.dot2.pl\/en\/wp-json\/wp\/v2\/dzial?post=410"}],"curies":[{"name":"wp","href":"https:\/\/api.w.org\/{rel}","templated":true}]}}