{"id":413,"date":"2020-03-24T14:07:34","date_gmt":"2020-03-24T13:07:34","guid":{"rendered":"http:\/\/aquaparksopot.pl\/\/?page_id=413"},"modified":"2026-01-05T08:02:01","modified_gmt":"2026-01-05T07:02:01","slug":"biosauna","status":"publish","type":"page","link":"https:\/\/aq.dot2.pl\/en\/sauny-spa\/sauny\/biosauna\/","title":{"rendered":"Biosauna"},"content":{"rendered":"<style>.kb-row-layout-id413_ed2938-9b > .kt-row-column-wrap{align-content:center;}:where(.kb-row-layout-id413_ed2938-9b > .kt-row-column-wrap) > .wp-block-kadence-column{justify-content:center;}.kb-row-layout-id413_ed2938-9b > .kt-row-column-wrap{column-gap:var(--global-kb-gap-none, 0rem );row-gap:var(--global-kb-gap-md, 2rem);max-width:var( --global-content-width, 1590px );padding-left:var(--global-content-edge-padding);padding-right:var(--global-content-edge-padding);padding-top:0px;padding-bottom:var(--global-kb-spacing-sm, 1.5rem);grid-template-columns:repeat(2, minmax(0, 1fr));}.kb-row-layout-id413_ed2938-9b > .kt-row-layout-overlay{opacity:0.30;}@media all and (max-width: 1024px){.kb-row-layout-id413_ed2938-9b > .kt-row-column-wrap{grid-template-columns:repeat(2, minmax(0, 1fr));}}@media all and (max-width: 767px){.kb-row-layout-id413_ed2938-9b > .kt-row-column-wrap{grid-template-columns:minmax(0, 1fr);}}<\/style><div class=\"kb-row-layout-wrap kb-row-layout-id413_ed2938-9b alignnone hero wp-block-kadence-rowlayout\"><div class=\"kt-row-column-wrap kt-has-2-columns kt-row-layout-equal kt-tab-layout-inherit kt-mobile-layout-row kt-row-valign-middle kb-theme-content-width\">\n<style>.kadence-column413_fe2851-a5 > .kt-inside-inner-col{display:flex;}.kadence-column413_fe2851-a5 > .kt-inside-inner-col{padding-top:var(--global-kb-spacing-xxl, 5rem);padding-right:var(--global-kb-spacing-lg, 3rem);padding-bottom:var(--global-kb-spacing-lg, 3rem);padding-left:var(--global-kb-spacing-md, 2rem);}.kadence-column413_fe2851-a5 > .kt-inside-inner-col{min-height:500px;}.kadence-column413_fe2851-a5 > .kt-inside-inner-col,.kadence-column413_fe2851-a5 > .kt-inside-inner-col:before{border-top-left-radius:6px;border-top-right-radius:6px;border-bottom-right-radius:6px;border-bottom-left-radius:6px;}.kadence-column413_fe2851-a5 > .kt-inside-inner-col{column-gap:var(--global-kb-gap-sm, 1rem);}.kadence-column413_fe2851-a5 > .kt-inside-inner-col{flex-direction:column;justify-content:center;}.kadence-column413_fe2851-a5 > .kt-inside-inner-col > .aligncenter{width:100%;}.kt-row-column-wrap > .kadence-column413_fe2851-a5{align-self:center;}.kt-inner-column-height-full:not(.kt-has-1-columns) > .wp-block-kadence-column.kadence-column413_fe2851-a5{align-self:auto;}.kt-inner-column-height-full:not(.kt-has-1-columns) > .wp-block-kadence-column.kadence-column413_fe2851-a5 > .kt-inside-inner-col{flex-direction:column;justify-content:center;}.kadence-column413_fe2851-a5 > .kt-inside-inner-col:before{opacity:0.3;}.kadence-column413_fe2851-a5{position:relative;}@media all and (max-width: 1024px){.kt-row-column-wrap > .kadence-column413_fe2851-a5{align-self:center;}}@media all and (max-width: 1024px){.kt-inner-column-height-full:not(.kt-has-1-columns) > .wp-block-kadence-column.kadence-column413_fe2851-a5{align-self:auto;}}@media all and (max-width: 1024px){.kt-inner-column-height-full:not(.kt-has-1-columns) > .wp-block-kadence-column.kadence-column413_fe2851-a5 > .kt-inside-inner-col{flex-direction:column;justify-content:center;}}@media all and (max-width: 1024px){.kt-row-column-wrap.kt-tab-layout-three-grid > .kadence-column413_fe2851-a5, .kt-row-column-wrap.kt-tab-layout-two-grid > .kadence-column413_fe2851-a5, .kt-row-column-wrap.kt-tab-layout-row > .kadence-column413_fe2851-a5{order:2;}}@media all and (max-width: 1024px){.kadence-column413_fe2851-a5 > .kt-inside-inner-col{flex-direction:column;justify-content:center;}}@media all and (max-width: 767px){.kadence-column413_fe2851-a5 > .kt-inside-inner-col{padding-top:var(--global-kb-spacing-xl, 4rem);padding-bottom:var(--global-kb-spacing-md, 2rem);min-height:200px;flex-direction:column;justify-content:center;}.kt-row-column-wrap > .kadence-column413_fe2851-a5{align-self:center;}.kt-inner-column-height-full:not(.kt-has-1-columns) > .wp-block-kadence-column.kadence-column413_fe2851-a5{align-self:auto;}.kt-inner-column-height-full:not(.kt-has-1-columns) > .wp-block-kadence-column.kadence-column413_fe2851-a5 > .kt-inside-inner-col{flex-direction:column;justify-content:center;}.kt-row-column-wrap.kt-mobile-layout-three-grid > .kadence-column413_fe2851-a5, .kt-row-column-wrap.kt-mobile-layout-two-grid > .kadence-column413_fe2851-a5, .kt-row-column-wrap.kt-mobile-layout-row > .kadence-column413_fe2851-a5{order:2;}}<\/style>\n<div class=\"wp-block-kadence-column kadence-column413_fe2851-a5 hero-left\"><div class=\"kt-inside-inner-col\"><style>.wp-block-kadence-advancedheading.kt-adv-heading413_97ca5b-11, .wp-block-kadence-advancedheading.kt-adv-heading413_97ca5b-11[data-kb-block=\"kb-adv-heading413_97ca5b-11\"]{font-style:normal;}.wp-block-kadence-advancedheading.kt-adv-heading413_97ca5b-11 mark.kt-highlight, .wp-block-kadence-advancedheading.kt-adv-heading413_97ca5b-11[data-kb-block=\"kb-adv-heading413_97ca5b-11\"] mark.kt-highlight{font-style:normal;color:#f76a0c;-webkit-box-decoration-break:clone;box-decoration-break:clone;padding-top:0px;padding-right:0px;padding-bottom:0px;padding-left:0px;}.wp-block-kadence-advancedheading.kt-adv-heading413_97ca5b-11 img.kb-inline-image, .wp-block-kadence-advancedheading.kt-adv-heading413_97ca5b-11[data-kb-block=\"kb-adv-heading413_97ca5b-11\"] img.kb-inline-image{width:150px;vertical-align:baseline;}<\/style>\n<h1 class=\"kt-adv-heading413_97ca5b-11 wp-block-kadence-advancedheading\" data-kb-block=\"kb-adv-heading413_97ca5b-11\">Biosauna<\/h1>\n\n\n\n<p>The biosauna is a variation of the Finnish sauna with a lower temperature. It is ideal for people who find the classic Finnish sauna too warm. It has a great effect on our nervous system - at first we are stimulated to feel relaxed later. It is an excellent sauna for people with hypertension and hypersensitivity of blood vessels.<\/p>\n<\/div><\/div>\n\n\n<style>.kadence-column413_2f5e05-99 > .kt-inside-inner-col{box-shadow:0px 0px 14px 0px rgba(0, 0, 0, 0.2);border-top:8px solid var(--global-palette9, #ffffff);border-right:8px solid var(--global-palette9, #ffffff);border-bottom:8px solid var(--global-palette9, #ffffff);border-left:8px solid var(--global-palette9, #ffffff);}.kadence-column413_2f5e05-99 > .kt-inside-inner-col,.kadence-column413_2f5e05-99 > .kt-inside-inner-col:before{border-top-left-radius:6px;border-top-right-radius:6px;border-bottom-right-radius:6px;border-bottom-left-radius:6px;}.kadence-column413_2f5e05-99 > .kt-inside-inner-col{column-gap:var(--global-kb-gap-sm, 1rem);}.kadence-column413_2f5e05-99 > .kt-inside-inner-col{flex-direction:column;}.kadence-column413_2f5e05-99 > .kt-inside-inner-col > .aligncenter{width:100%;}.kadence-column413_2f5e05-99 > .kt-inside-inner-col:before{opacity:0.3;}.kadence-column413_2f5e05-99{position:relative;}.kadence-column413_2f5e05-99, .kt-inside-inner-col > .kadence-column413_2f5e05-99:not(.specificity){margin-top:40px;margin-left:-40px;}@media all and (max-width: 1024px){.kadence-column413_2f5e05-99 > .kt-inside-inner-col{border-top:8px solid var(--global-palette9, #ffffff);border-right:8px solid var(--global-palette9, #ffffff);border-bottom:8px solid var(--global-palette9, #ffffff);border-left:8px solid var(--global-palette9, #ffffff);flex-direction:column;justify-content:center;}}@media all and (max-width: 767px){.kadence-column413_2f5e05-99 > .kt-inside-inner-col{border-top:8px solid var(--global-palette9, #ffffff);border-right:8px solid var(--global-palette9, #ffffff);border-bottom:8px solid var(--global-palette9, #ffffff);border-left:8px solid var(--global-palette9, #ffffff);flex-direction:column;justify-content:center;}.kadence-column413_2f5e05-99, .kt-inside-inner-col > .kadence-column413_2f5e05-99:not(.specificity){margin-top:0px;margin-left:0px;}}<\/style>\n<div class=\"wp-block-kadence-column kadence-column413_2f5e05-99 ramka_hero\"><div class=\"kt-inside-inner-col\"><style>.kb-image413_bf7c51-05 .kb-image-has-overlay:after{opacity:0.3;}<\/style>\n<figure class=\"wp-block-kadence-image kb-image413_bf7c51-05 size-full\"><img decoding=\"async\" width=\"1000\" height=\"632\" src=\"https:\/\/aq.dot2.pl\/wp-content\/uploads\/2020\/04\/Biosauna-002.jpg\" alt=\"\" class=\"kb-img wp-image-1259\" srcset=\"https:\/\/aq.dot2.pl\/wp-content\/uploads\/2020\/04\/Biosauna-002.jpg 1000w, https:\/\/aq.dot2.pl\/wp-content\/uploads\/2020\/04\/Biosauna-002-300x190.jpg 300w, https:\/\/aq.dot2.pl\/wp-content\/uploads\/2020\/04\/Biosauna-002-768x485.jpg 768w\" sizes=\"(max-width: 1000px) 100vw, 1000px\" \/><\/figure>\n<\/div><\/div>\n\n<\/div><\/div>\n\n<style>.kb-row-layout-id413_cf0f76-de > .kt-row-column-wrap{align-content:center;}:where(.kb-row-layout-id413_cf0f76-de > .kt-row-column-wrap) > .wp-block-kadence-column{justify-content:center;}.kb-row-layout-id413_cf0f76-de > .kt-row-column-wrap{column-gap:var(--global-kb-gap-none, 0rem );row-gap:var(--global-kb-gap-md, 2rem);max-width:var( --global-content-width, 1590px );padding-left:var(--global-content-edge-padding);padding-right:var(--global-content-edge-padding);padding-top:0px;padding-bottom:var(--global-kb-spacing-sm, 1.5rem);grid-template-columns:repeat(2, minmax(0, 1fr));}.kb-row-layout-id413_cf0f76-de > .kt-row-layout-overlay{opacity:0.30;}@media all and (max-width: 1024px){.kb-row-layout-id413_cf0f76-de > .kt-row-column-wrap{grid-template-columns:repeat(2, minmax(0, 1fr));}}@media all and (max-width: 767px){.kb-row-layout-id413_cf0f76-de > .kt-row-column-wrap{grid-template-columns:minmax(0, 1fr);}}<\/style><div class=\"kb-row-layout-wrap kb-row-layout-id413_cf0f76-de alignnone wp-block-kadence-rowlayout\"><div class=\"kt-row-column-wrap kt-has-2-columns kt-row-layout-equal kt-tab-layout-inherit kt-mobile-layout-row kt-row-valign-middle kb-theme-content-width\">\n<style>.kadence-column413_fcabc4-00 > .kt-inside-inner-col{display:flex;}.kadence-column413_fcabc4-00 > .kt-inside-inner-col{padding-top:0px;padding-right:0px;padding-left:0px;}.kadence-column413_fcabc4-00 > .kt-inside-inner-col{box-shadow:0px 0px 14px 0px rgba(0, 0, 0, 0.2);border-top:8px solid var(--global-palette9, #ffffff);border-right:8px solid var(--global-palette9, #ffffff);border-bottom:8px solid var(--global-palette9, #ffffff);border-left:8px solid var(--global-palette9, #ffffff);}.kadence-column413_fcabc4-00 > .kt-inside-inner-col,.kadence-column413_fcabc4-00 > .kt-inside-inner-col:before{border-top-left-radius:6px;border-top-right-radius:6px;border-bottom-right-radius:6px;border-bottom-left-radius:6px;}.kadence-column413_fcabc4-00 > .kt-inside-inner-col{column-gap:var(--global-kb-gap-sm, 1rem);}.kadence-column413_fcabc4-00 > .kt-inside-inner-col{flex-direction:column;justify-content:flex-start;}.kadence-column413_fcabc4-00 > .kt-inside-inner-col > .aligncenter{width:100%;}.kt-row-column-wrap > .kadence-column413_fcabc4-00{align-self:flex-start;}.kt-inner-column-height-full:not(.kt-has-1-columns) > .wp-block-kadence-column.kadence-column413_fcabc4-00{align-self:auto;}.kt-inner-column-height-full:not(.kt-has-1-columns) > .wp-block-kadence-column.kadence-column413_fcabc4-00 > .kt-inside-inner-col{flex-direction:column;justify-content:flex-start;}.kadence-column413_fcabc4-00 > .kt-inside-inner-col:before{opacity:0.3;}.kadence-column413_fcabc4-00{position:relative;}.kadence-column413_fcabc4-00, .kt-inside-inner-col > .kadence-column413_fcabc4-00:not(.specificity){margin-right:0px;}@media all and (max-width: 1024px){.kadence-column413_fcabc4-00 > .kt-inside-inner-col{border-top:8px solid var(--global-palette9, #ffffff);border-right:8px solid var(--global-palette9, #ffffff);border-bottom:8px solid var(--global-palette9, #ffffff);border-left:8px solid var(--global-palette9, #ffffff);flex-direction:column;justify-content:flex-start;}}@media all and (max-width: 1024px){.kt-row-column-wrap > .kadence-column413_fcabc4-00{align-self:flex-start;}}@media all and (max-width: 1024px){.kt-inner-column-height-full:not(.kt-has-1-columns) > .wp-block-kadence-column.kadence-column413_fcabc4-00{align-self:auto;}}@media all and (max-width: 1024px){.kt-inner-column-height-full:not(.kt-has-1-columns) > .wp-block-kadence-column.kadence-column413_fcabc4-00 > .kt-inside-inner-col{flex-direction:column;justify-content:flex-start;}}@media all and (max-width: 1024px){.kt-row-column-wrap.kt-tab-layout-three-grid > .kadence-column413_fcabc4-00, .kt-row-column-wrap.kt-tab-layout-two-grid > .kadence-column413_fcabc4-00, .kt-row-column-wrap.kt-tab-layout-row > .kadence-column413_fcabc4-00{order:2;}}@media all and (max-width: 767px){.kadence-column413_fcabc4-00 > .kt-inside-inner-col{padding-top:var(--global-kb-spacing-xl, 4rem);padding-bottom:var(--global-kb-spacing-md, 2rem);min-height:200px;border-top:8px solid var(--global-palette9, #ffffff);border-right:8px solid var(--global-palette9, #ffffff);border-bottom:8px solid var(--global-palette9, #ffffff);border-left:8px solid var(--global-palette9, #ffffff);flex-direction:column;justify-content:flex-start;}.kt-row-column-wrap > .kadence-column413_fcabc4-00{align-self:flex-start;}.kt-inner-column-height-full:not(.kt-has-1-columns) > .wp-block-kadence-column.kadence-column413_fcabc4-00{align-self:auto;}.kt-inner-column-height-full:not(.kt-has-1-columns) > .wp-block-kadence-column.kadence-column413_fcabc4-00 > .kt-inside-inner-col{flex-direction:column;justify-content:flex-start;}.kt-row-column-wrap.kt-mobile-layout-three-grid > .kadence-column413_fcabc4-00, .kt-row-column-wrap.kt-mobile-layout-two-grid > .kadence-column413_fcabc4-00, .kt-row-column-wrap.kt-mobile-layout-row > .kadence-column413_fcabc4-00{order:2;}}<\/style>\n<div class=\"wp-block-kadence-column kadence-column413_fcabc4-00\"><div class=\"kt-inside-inner-col\"><style>.kb-image413_52ef7c-ab .kb-image-has-overlay:after{opacity:0.3;}<\/style>\n<figure class=\"wp-block-kadence-image kb-image413_52ef7c-ab size-full\"><img decoding=\"async\" width=\"1000\" height=\"831\" src=\"https:\/\/aq.dot2.pl\/wp-content\/uploads\/2020\/04\/Biosauna-001.jpg\" alt=\"\" class=\"kb-img wp-image-1260\" srcset=\"https:\/\/aq.dot2.pl\/wp-content\/uploads\/2020\/04\/Biosauna-001.jpg 1000w, https:\/\/aq.dot2.pl\/wp-content\/uploads\/2020\/04\/Biosauna-001-300x249.jpg 300w, https:\/\/aq.dot2.pl\/wp-content\/uploads\/2020\/04\/Biosauna-001-768x638.jpg 768w\" sizes=\"(max-width: 1000px) 100vw, 1000px\" \/><\/figure>\n<\/div><\/div>\n\n\n<style>.kadence-column413_e58b37-60 > .kt-inside-inner-col{display:flex;}.kadence-column413_e58b37-60 > .kt-inside-inner-col{padding-top:var(--global-kb-spacing-lg, 3rem);padding-right:var(--global-kb-spacing-lg, 3rem);padding-left:var(--global-kb-spacing-md, 2rem);}.kadence-column413_e58b37-60 > .kt-inside-inner-col{min-height:500px;border-top:0px solid var(--global-palette9, #ffffff);border-right:0px solid var(--global-palette9, #ffffff);border-bottom:0px solid var(--global-palette9, #ffffff);border-left:0px solid var(--global-palette9, #ffffff);}.kadence-column413_e58b37-60 > .kt-inside-inner-col{column-gap:var(--global-kb-gap-sm, 1rem);}.kadence-column413_e58b37-60 > .kt-inside-inner-col{flex-direction:column;justify-content:center;}.kadence-column413_e58b37-60 > .kt-inside-inner-col > .aligncenter{width:100%;}.kt-row-column-wrap > .kadence-column413_e58b37-60{align-self:center;}.kt-inner-column-height-full:not(.kt-has-1-columns) > .wp-block-kadence-column.kadence-column413_e58b37-60{align-self:auto;}.kt-inner-column-height-full:not(.kt-has-1-columns) > .wp-block-kadence-column.kadence-column413_e58b37-60 > .kt-inside-inner-col{flex-direction:column;justify-content:center;}.kadence-column413_e58b37-60 > .kt-inside-inner-col:before{opacity:0.3;}.kadence-column413_e58b37-60{position:relative;}.kadence-column413_e58b37-60, .kt-inside-inner-col > .kadence-column413_e58b37-60:not(.specificity){margin-right:0px;}@media all and (max-width: 1024px){.kadence-column413_e58b37-60 > .kt-inside-inner-col{border-top:0px solid var(--global-palette9, #ffffff);border-right:0px solid var(--global-palette9, #ffffff);border-bottom:0px solid var(--global-palette9, #ffffff);border-left:0px solid var(--global-palette9, #ffffff);flex-direction:column;justify-content:center;}}@media all and (max-width: 1024px){.kt-row-column-wrap > .kadence-column413_e58b37-60{align-self:center;}}@media all and (max-width: 1024px){.kt-inner-column-height-full:not(.kt-has-1-columns) > .wp-block-kadence-column.kadence-column413_e58b37-60{align-self:auto;}}@media all and (max-width: 1024px){.kt-inner-column-height-full:not(.kt-has-1-columns) > .wp-block-kadence-column.kadence-column413_e58b37-60 > .kt-inside-inner-col{flex-direction:column;justify-content:center;}}@media all and (max-width: 1024px){.kt-row-column-wrap.kt-tab-layout-three-grid > .kadence-column413_e58b37-60, .kt-row-column-wrap.kt-tab-layout-two-grid > .kadence-column413_e58b37-60, .kt-row-column-wrap.kt-tab-layout-row > .kadence-column413_e58b37-60{order:2;}}@media all and (max-width: 767px){.kadence-column413_e58b37-60 > .kt-inside-inner-col{padding-top:var(--global-kb-spacing-xl, 4rem);padding-bottom:var(--global-kb-spacing-md, 2rem);min-height:200px;border-top:0px solid var(--global-palette9, #ffffff);border-right:0px solid var(--global-palette9, #ffffff);border-bottom:0px solid var(--global-palette9, #ffffff);border-left:0px solid var(--global-palette9, #ffffff);flex-direction:column;justify-content:center;}.kt-row-column-wrap > .kadence-column413_e58b37-60{align-self:center;}.kt-inner-column-height-full:not(.kt-has-1-columns) > .wp-block-kadence-column.kadence-column413_e58b37-60{align-self:auto;}.kt-inner-column-height-full:not(.kt-has-1-columns) > .wp-block-kadence-column.kadence-column413_e58b37-60 > .kt-inside-inner-col{flex-direction:column;justify-content:center;}.kt-row-column-wrap.kt-mobile-layout-three-grid > .kadence-column413_e58b37-60, .kt-row-column-wrap.kt-mobile-layout-two-grid > .kadence-column413_e58b37-60, .kt-row-column-wrap.kt-mobile-layout-row > .kadence-column413_e58b37-60{order:2;}}<\/style>\n<div class=\"wp-block-kadence-column kadence-column413_e58b37-60 stylowane\"><div class=\"kt-inside-inner-col\"><style>.wp-block-kadence-advancedheading.kt-adv-heading413_a8aa3e-62, .wp-block-kadence-advancedheading.kt-adv-heading413_a8aa3e-62[data-kb-block=\"kb-adv-heading413_a8aa3e-62\"]{font-style:normal;}.wp-block-kadence-advancedheading.kt-adv-heading413_a8aa3e-62 mark.kt-highlight, .wp-block-kadence-advancedheading.kt-adv-heading413_a8aa3e-62[data-kb-block=\"kb-adv-heading413_a8aa3e-62\"] mark.kt-highlight{font-style:normal;color:#f76a0c;-webkit-box-decoration-break:clone;box-decoration-break:clone;padding-top:0px;padding-right:0px;padding-bottom:0px;padding-left:0px;}.wp-block-kadence-advancedheading.kt-adv-heading413_a8aa3e-62 img.kb-inline-image, .wp-block-kadence-advancedheading.kt-adv-heading413_a8aa3e-62[data-kb-block=\"kb-adv-heading413_a8aa3e-62\"] img.kb-inline-image{width:150px;vertical-align:baseline;}<\/style>\n<h2 class=\"kt-adv-heading413_a8aa3e-62 wp-block-kadence-advancedheading\" data-kb-block=\"kb-adv-heading413_a8aa3e-62\">Features<\/h2>\n\n\n\n<ul class=\"wp-block-list\">\n<li>relaxation area<\/li>\n\n\n\n<li>room temperature in the range of 65\u00b0C<\/li>\n\n\n\n<li>room climate: dry<\/li>\n\n\n\n<li>ideal regenerative and restorative effect on the immune system<\/li>\n\n\n\n<li>recommended duration: 20-30 minutes 2-3 x weekly<\/li>\n<\/ul>\n<\/div><\/div>\n\n<\/div><\/div>","protected":false},"excerpt":{"rendered":"<p>Biosauna Biosauna jest odmian\u0105 sauny fi\u0144skiej o ni\u017cszej temperaturze. Idealne miejsce dla os\u00f3b, kt\u00f3rym w klasycznej saunie fi\u0144skiej jest zbyt ciep\u0142o. \u015awietnie wp\u0142ywa na nasz uk\u0142ad nerwowy \u2013 najpierw zostajemy pobudzeni aby p\u00f3\u017aniej poczu\u0107 rozlu\u017anienie. Jest to doskona\u0142a sauna dla os\u00f3b z nadci\u015bnieniem oraz nadwra\u017cliwo\u015bci\u0105 naczynek krwiono\u015bnych. Cechy<\/p>","protected":false},"author":1,"featured_media":1259,"parent":565,"menu_order":0,"comment_status":"closed","ping_status":"closed","template":"","meta":{"_acf_changed":false,"_kad_blocks_custom_css":"","_kad_blocks_head_custom_js":"","_kad_blocks_body_custom_js":"","_kad_blocks_footer_custom_js":"","_kad_post_transparent":"","_kad_post_title":"","_kad_post_layout":"","_kad_post_sidebar_id":"","_kad_post_content_style":"","_kad_post_vertical_padding":"","_kad_post_feature":"","_kad_post_feature_position":"","_kad_post_header":false,"_kad_post_footer":false,"_kad_post_classname":"","footnotes":""},"dzial":[10],"class_list":["post-413","page","type-page","status-publish","has-post-thumbnail","hentry","dzial-sauny"],"acf":[],"taxonomy_info":{"dzial":[{"value":10,"label":"Sauny"}]},"featured_image_src_large":["https:\/\/aq.dot2.pl\/wp-content\/uploads\/2020\/04\/Biosauna-002.jpg",1000,632,false],"author_info":{"display_name":"admin","author_link":"https:\/\/aq.dot2.pl\/en\/author\/admin\/"},"comment_info":0,"_links":{"self":[{"href":"https:\/\/aq.dot2.pl\/en\/wp-json\/wp\/v2\/pages\/413","targetHints":{"allow":["GET"]}}],"collection":[{"href":"https:\/\/aq.dot2.pl\/en\/wp-json\/wp\/v2\/pages"}],"about":[{"href":"https:\/\/aq.dot2.pl\/en\/wp-json\/wp\/v2\/types\/page"}],"author":[{"embeddable":true,"href":"https:\/\/aq.dot2.pl\/en\/wp-json\/wp\/v2\/users\/1"}],"replies":[{"embeddable":true,"href":"https:\/\/aq.dot2.pl\/en\/wp-json\/wp\/v2\/comments?post=413"}],"version-history":[{"count":0,"href":"https:\/\/aq.dot2.pl\/en\/wp-json\/wp\/v2\/pages\/413\/revisions"}],"up":[{"embeddable":true,"href":"https:\/\/aq.dot2.pl\/en\/wp-json\/wp\/v2\/pages\/565"}],"wp:featuredmedia":[{"embeddable":true,"href":"https:\/\/aq.dot2.pl\/en\/wp-json\/wp\/v2\/media\/1259"}],"wp:attachment":[{"href":"https:\/\/aq.dot2.pl\/en\/wp-json\/wp\/v2\/media?parent=413"}],"wp:term":[{"taxonomy":"dzial","embeddable":true,"href":"https:\/\/aq.dot2.pl\/en\/wp-json\/wp\/v2\/dzial?post=413"}],"curies":[{"name":"wp","href":"https:\/\/api.w.org\/{rel}","templated":true}]}}