{"id":416,"date":"2020-03-24T14:08:13","date_gmt":"2020-03-24T13:08:13","guid":{"rendered":"http:\/\/aquaparksopot.pl\/\/?page_id=416"},"modified":"2026-01-05T09:08:18","modified_gmt":"2026-01-05T08:08:18","slug":"aroma-sauna","status":"publish","type":"page","link":"https:\/\/aq.dot2.pl\/en\/sauny-spa\/sauny\/aroma-sauna\/","title":{"rendered":"Aroma Sauna"},"content":{"rendered":"<style>.kb-row-layout-id416_66101e-70 > .kt-row-column-wrap{align-content:center;}:where(.kb-row-layout-id416_66101e-70 > .kt-row-column-wrap) > .wp-block-kadence-column{justify-content:center;}.kb-row-layout-id416_66101e-70 > .kt-row-column-wrap{column-gap:var(--global-kb-gap-none, 0rem );row-gap:var(--global-kb-gap-md, 2rem);max-width:var( --global-content-width, 1590px );padding-left:var(--global-content-edge-padding);padding-right:var(--global-content-edge-padding);padding-top:0px;padding-bottom:var(--global-kb-spacing-sm, 1.5rem);grid-template-columns:repeat(2, minmax(0, 1fr));}.kb-row-layout-id416_66101e-70 > .kt-row-layout-overlay{opacity:0.30;}@media all and (max-width: 1024px){.kb-row-layout-id416_66101e-70 > .kt-row-column-wrap{grid-template-columns:repeat(2, minmax(0, 1fr));}}@media all and (max-width: 767px){.kb-row-layout-id416_66101e-70 > .kt-row-column-wrap{grid-template-columns:minmax(0, 1fr);}}<\/style><div class=\"kb-row-layout-wrap kb-row-layout-id416_66101e-70 alignnone hero wp-block-kadence-rowlayout\"><div class=\"kt-row-column-wrap kt-has-2-columns kt-row-layout-equal kt-tab-layout-inherit kt-mobile-layout-row kt-row-valign-middle kb-theme-content-width\">\n<style>.kadence-column416_5a5868-48 > .kt-inside-inner-col{display:flex;}.kadence-column416_5a5868-48 > .kt-inside-inner-col{padding-top:var(--global-kb-spacing-xxl, 5rem);padding-right:var(--global-kb-spacing-lg, 3rem);padding-bottom:var(--global-kb-spacing-lg, 3rem);padding-left:var(--global-kb-spacing-md, 2rem);}.kadence-column416_5a5868-48 > .kt-inside-inner-col{min-height:500px;}.kadence-column416_5a5868-48 > .kt-inside-inner-col,.kadence-column416_5a5868-48 > .kt-inside-inner-col:before{border-top-left-radius:6px;border-top-right-radius:6px;border-bottom-right-radius:6px;border-bottom-left-radius:6px;}.kadence-column416_5a5868-48 > .kt-inside-inner-col{column-gap:var(--global-kb-gap-sm, 1rem);}.kadence-column416_5a5868-48 > .kt-inside-inner-col{flex-direction:column;justify-content:center;}.kadence-column416_5a5868-48 > .kt-inside-inner-col > .aligncenter{width:100%;}.kt-row-column-wrap > .kadence-column416_5a5868-48{align-self:center;}.kt-inner-column-height-full:not(.kt-has-1-columns) > .wp-block-kadence-column.kadence-column416_5a5868-48{align-self:auto;}.kt-inner-column-height-full:not(.kt-has-1-columns) > .wp-block-kadence-column.kadence-column416_5a5868-48 > .kt-inside-inner-col{flex-direction:column;justify-content:center;}.kadence-column416_5a5868-48 > .kt-inside-inner-col:before{opacity:0.3;}.kadence-column416_5a5868-48{position:relative;}@media all and (max-width: 1024px){.kt-row-column-wrap > .kadence-column416_5a5868-48{align-self:center;}}@media all and (max-width: 1024px){.kt-inner-column-height-full:not(.kt-has-1-columns) > .wp-block-kadence-column.kadence-column416_5a5868-48{align-self:auto;}}@media all and (max-width: 1024px){.kt-inner-column-height-full:not(.kt-has-1-columns) > .wp-block-kadence-column.kadence-column416_5a5868-48 > .kt-inside-inner-col{flex-direction:column;justify-content:center;}}@media all and (max-width: 1024px){.kt-row-column-wrap.kt-tab-layout-three-grid > .kadence-column416_5a5868-48, .kt-row-column-wrap.kt-tab-layout-two-grid > .kadence-column416_5a5868-48, .kt-row-column-wrap.kt-tab-layout-row > .kadence-column416_5a5868-48{order:2;}}@media all and (max-width: 1024px){.kadence-column416_5a5868-48 > .kt-inside-inner-col{flex-direction:column;justify-content:center;}}@media all and (max-width: 767px){.kadence-column416_5a5868-48 > .kt-inside-inner-col{padding-top:var(--global-kb-spacing-xl, 4rem);padding-bottom:var(--global-kb-spacing-md, 2rem);min-height:200px;flex-direction:column;justify-content:center;}.kt-row-column-wrap > .kadence-column416_5a5868-48{align-self:center;}.kt-inner-column-height-full:not(.kt-has-1-columns) > .wp-block-kadence-column.kadence-column416_5a5868-48{align-self:auto;}.kt-inner-column-height-full:not(.kt-has-1-columns) > .wp-block-kadence-column.kadence-column416_5a5868-48 > .kt-inside-inner-col{flex-direction:column;justify-content:center;}.kt-row-column-wrap.kt-mobile-layout-three-grid > .kadence-column416_5a5868-48, .kt-row-column-wrap.kt-mobile-layout-two-grid > .kadence-column416_5a5868-48, .kt-row-column-wrap.kt-mobile-layout-row > .kadence-column416_5a5868-48{order:2;}}<\/style>\n<div class=\"wp-block-kadence-column kadence-column416_5a5868-48 hero-left\"><div class=\"kt-inside-inner-col\"><style>.wp-block-kadence-advancedheading.kt-adv-heading416_2b7248-96, .wp-block-kadence-advancedheading.kt-adv-heading416_2b7248-96[data-kb-block=\"kb-adv-heading416_2b7248-96\"]{font-style:normal;}.wp-block-kadence-advancedheading.kt-adv-heading416_2b7248-96 mark.kt-highlight, .wp-block-kadence-advancedheading.kt-adv-heading416_2b7248-96[data-kb-block=\"kb-adv-heading416_2b7248-96\"] mark.kt-highlight{font-style:normal;color:#f76a0c;-webkit-box-decoration-break:clone;box-decoration-break:clone;padding-top:0px;padding-right:0px;padding-bottom:0px;padding-left:0px;}.wp-block-kadence-advancedheading.kt-adv-heading416_2b7248-96 img.kb-inline-image, .wp-block-kadence-advancedheading.kt-adv-heading416_2b7248-96[data-kb-block=\"kb-adv-heading416_2b7248-96\"] img.kb-inline-image{width:150px;vertical-align:baseline;}<\/style>\n<h1 class=\"kt-adv-heading416_2b7248-96 wp-block-kadence-advancedheading\" data-kb-block=\"kb-adv-heading416_2b7248-96\">Aroma Sauna<\/h1>\n\n\n\n<p>The Aroma Sauna is a variation of the dry sauna based on the therapeutic effect of fragrance on the whole body. The humidity and heat in the aroma cave cleanse the skin and respiratory tract in a gentle but thorough manner. Blood circulation is stimulated, muscle tension is reduced, stress is relieved and pain in limbs and joints is relieved. The cleansing effect is further supported by special vapours from natural herbs. In the aroma sauna, we spray the scent of eucalyptus with mint.<\/p>\n<\/div><\/div>\n\n\n<style>.kadence-column416_836643-04 > .kt-inside-inner-col{box-shadow:0px 0px 14px 0px rgba(0, 0, 0, 0.2);border-top:8px solid var(--global-palette9, #ffffff);border-right:8px solid var(--global-palette9, #ffffff);border-bottom:8px solid var(--global-palette9, #ffffff);border-left:8px solid var(--global-palette9, #ffffff);}.kadence-column416_836643-04 > .kt-inside-inner-col,.kadence-column416_836643-04 > .kt-inside-inner-col:before{border-top-left-radius:6px;border-top-right-radius:6px;border-bottom-right-radius:6px;border-bottom-left-radius:6px;}.kadence-column416_836643-04 > .kt-inside-inner-col{column-gap:var(--global-kb-gap-sm, 1rem);}.kadence-column416_836643-04 > .kt-inside-inner-col{flex-direction:column;}.kadence-column416_836643-04 > .kt-inside-inner-col > .aligncenter{width:100%;}.kadence-column416_836643-04 > .kt-inside-inner-col:before{opacity:0.3;}.kadence-column416_836643-04{position:relative;}.kadence-column416_836643-04, .kt-inside-inner-col > .kadence-column416_836643-04:not(.specificity){margin-top:40px;margin-left:-40px;}@media all and (max-width: 1024px){.kadence-column416_836643-04 > .kt-inside-inner-col{border-top:8px solid var(--global-palette9, #ffffff);border-right:8px solid var(--global-palette9, #ffffff);border-bottom:8px solid var(--global-palette9, #ffffff);border-left:8px solid var(--global-palette9, #ffffff);flex-direction:column;justify-content:center;}}@media all and (max-width: 767px){.kadence-column416_836643-04 > .kt-inside-inner-col{border-top:8px solid var(--global-palette9, #ffffff);border-right:8px solid var(--global-palette9, #ffffff);border-bottom:8px solid var(--global-palette9, #ffffff);border-left:8px solid var(--global-palette9, #ffffff);flex-direction:column;justify-content:center;}.kadence-column416_836643-04, .kt-inside-inner-col > .kadence-column416_836643-04:not(.specificity){margin-top:0px;margin-left:0px;}}<\/style>\n<div class=\"wp-block-kadence-column kadence-column416_836643-04 ramka_hero\"><div class=\"kt-inside-inner-col\"><style>.kb-image416_e2809c-e0 .kb-image-has-overlay:after{opacity:0.3;}<\/style>\n<figure class=\"wp-block-kadence-image kb-image416_e2809c-e0 size-full\"><img decoding=\"async\" width=\"1000\" height=\"623\" src=\"https:\/\/aq.dot2.pl\/wp-content\/uploads\/2020\/04\/Aroma-Sauna-001.jpg\" alt=\"\" class=\"kb-img wp-image-1257\" srcset=\"https:\/\/aq.dot2.pl\/wp-content\/uploads\/2020\/04\/Aroma-Sauna-001.jpg 1000w, https:\/\/aq.dot2.pl\/wp-content\/uploads\/2020\/04\/Aroma-Sauna-001-300x187.jpg 300w, https:\/\/aq.dot2.pl\/wp-content\/uploads\/2020\/04\/Aroma-Sauna-001-768x478.jpg 768w\" sizes=\"(max-width: 1000px) 100vw, 1000px\" \/><\/figure>\n<\/div><\/div>\n\n<\/div><\/div>\n\n<style>.kb-row-layout-id416_e41700-e8 > .kt-row-column-wrap{align-content:start;}:where(.kb-row-layout-id416_e41700-e8 > .kt-row-column-wrap) > .wp-block-kadence-column{justify-content:start;}.kb-row-layout-id416_e41700-e8 > .kt-row-column-wrap{column-gap:var(--global-kb-gap-none, 0rem );row-gap:var(--global-kb-gap-md, 2rem);max-width:var( --global-content-width, 1590px );padding-left:var(--global-content-edge-padding);padding-right:var(--global-content-edge-padding);padding-top:0px;padding-bottom:var(--global-kb-spacing-sm, 1.5rem);grid-template-columns:repeat(2, minmax(0, 1fr));}.kb-row-layout-id416_e41700-e8 > .kt-row-layout-overlay{opacity:0.30;}@media all and (max-width: 1024px){.kb-row-layout-id416_e41700-e8 > .kt-row-column-wrap{grid-template-columns:repeat(2, minmax(0, 1fr));}}@media all and (max-width: 767px){.kb-row-layout-id416_e41700-e8 > .kt-row-column-wrap{grid-template-columns:minmax(0, 1fr);}}<\/style><div class=\"kb-row-layout-wrap kb-row-layout-id416_e41700-e8 alignnone wp-block-kadence-rowlayout\"><div class=\"kt-row-column-wrap kt-has-2-columns kt-row-layout-equal kt-tab-layout-inherit kt-mobile-layout-row kt-row-valign-top kb-theme-content-width\">\n<style>.kadence-column416_c7a883-64 > .kt-inside-inner-col{display:flex;}.kadence-column416_c7a883-64 > .kt-inside-inner-col{padding-top:0px;padding-right:0px;padding-left:0px;}.kadence-column416_c7a883-64 > .kt-inside-inner-col{box-shadow:0px 0px 14px 0px rgba(0, 0, 0, 0.2);border-top:8px solid var(--global-palette9, #ffffff);border-right:8px solid var(--global-palette9, #ffffff);border-bottom:8px solid var(--global-palette9, #ffffff);border-left:8px solid var(--global-palette9, #ffffff);}.kadence-column416_c7a883-64 > .kt-inside-inner-col,.kadence-column416_c7a883-64 > .kt-inside-inner-col:before{border-top-left-radius:6px;border-top-right-radius:6px;border-bottom-right-radius:6px;border-bottom-left-radius:6px;}.kadence-column416_c7a883-64 > .kt-inside-inner-col{column-gap:var(--global-kb-gap-sm, 1rem);}.kadence-column416_c7a883-64 > .kt-inside-inner-col{flex-direction:column;justify-content:flex-start;}.kadence-column416_c7a883-64 > .kt-inside-inner-col > .aligncenter{width:100%;}.kt-row-column-wrap > .kadence-column416_c7a883-64{align-self:flex-start;}.kt-inner-column-height-full:not(.kt-has-1-columns) > .wp-block-kadence-column.kadence-column416_c7a883-64{align-self:auto;}.kt-inner-column-height-full:not(.kt-has-1-columns) > .wp-block-kadence-column.kadence-column416_c7a883-64 > .kt-inside-inner-col{flex-direction:column;justify-content:flex-start;}.kadence-column416_c7a883-64 > .kt-inside-inner-col:before{opacity:0.3;}.kadence-column416_c7a883-64{position:relative;}.kadence-column416_c7a883-64, .kt-inside-inner-col > .kadence-column416_c7a883-64:not(.specificity){margin-right:0px;}@media all and (max-width: 1024px){.kadence-column416_c7a883-64 > .kt-inside-inner-col{border-top:8px solid var(--global-palette9, #ffffff);border-right:8px solid var(--global-palette9, #ffffff);border-bottom:8px solid var(--global-palette9, #ffffff);border-left:8px solid var(--global-palette9, #ffffff);flex-direction:column;justify-content:flex-start;}}@media all and (max-width: 1024px){.kt-row-column-wrap > .kadence-column416_c7a883-64{align-self:flex-start;}}@media all and (max-width: 1024px){.kt-inner-column-height-full:not(.kt-has-1-columns) > .wp-block-kadence-column.kadence-column416_c7a883-64{align-self:auto;}}@media all and (max-width: 1024px){.kt-inner-column-height-full:not(.kt-has-1-columns) > .wp-block-kadence-column.kadence-column416_c7a883-64 > .kt-inside-inner-col{flex-direction:column;justify-content:flex-start;}}@media all and (max-width: 1024px){.kt-row-column-wrap.kt-tab-layout-three-grid > .kadence-column416_c7a883-64, .kt-row-column-wrap.kt-tab-layout-two-grid > .kadence-column416_c7a883-64, .kt-row-column-wrap.kt-tab-layout-row > .kadence-column416_c7a883-64{order:2;}}@media all and (max-width: 767px){.kadence-column416_c7a883-64 > .kt-inside-inner-col{padding-top:var(--global-kb-spacing-xl, 4rem);padding-bottom:var(--global-kb-spacing-md, 2rem);min-height:200px;border-top:8px solid var(--global-palette9, #ffffff);border-right:8px solid var(--global-palette9, #ffffff);border-bottom:8px solid var(--global-palette9, #ffffff);border-left:8px solid var(--global-palette9, #ffffff);flex-direction:column;justify-content:flex-start;}.kt-row-column-wrap > .kadence-column416_c7a883-64{align-self:flex-start;}.kt-inner-column-height-full:not(.kt-has-1-columns) > .wp-block-kadence-column.kadence-column416_c7a883-64{align-self:auto;}.kt-inner-column-height-full:not(.kt-has-1-columns) > .wp-block-kadence-column.kadence-column416_c7a883-64 > .kt-inside-inner-col{flex-direction:column;justify-content:flex-start;}.kt-row-column-wrap.kt-mobile-layout-three-grid > .kadence-column416_c7a883-64, .kt-row-column-wrap.kt-mobile-layout-two-grid > .kadence-column416_c7a883-64, .kt-row-column-wrap.kt-mobile-layout-row > .kadence-column416_c7a883-64{order:2;}}<\/style>\n<div class=\"wp-block-kadence-column kadence-column416_c7a883-64\"><div class=\"kt-inside-inner-col\"><style>.kb-image416_4b088f-69 .kb-image-has-overlay:after{opacity:0.3;}<\/style>\n<figure class=\"wp-block-kadence-image kb-image416_4b088f-69 size-full\"><img decoding=\"async\" width=\"1000\" height=\"667\" src=\"https:\/\/aq.dot2.pl\/wp-content\/uploads\/2020\/04\/Aroma-Sauna-002.jpg\" alt=\"\" class=\"kb-img wp-image-1256\" srcset=\"https:\/\/aq.dot2.pl\/wp-content\/uploads\/2020\/04\/Aroma-Sauna-002.jpg 1000w, https:\/\/aq.dot2.pl\/wp-content\/uploads\/2020\/04\/Aroma-Sauna-002-300x200.jpg 300w, https:\/\/aq.dot2.pl\/wp-content\/uploads\/2020\/04\/Aroma-Sauna-002-768x512.jpg 768w\" sizes=\"(max-width: 1000px) 100vw, 1000px\" \/><\/figure>\n<\/div><\/div>\n\n\n<style>.kadence-column416_9f2069-46 > .kt-inside-inner-col{display:flex;}.kadence-column416_9f2069-46 > .kt-inside-inner-col{padding-top:var(--global-kb-spacing-lg, 3rem);padding-right:var(--global-kb-spacing-lg, 3rem);padding-left:var(--global-kb-spacing-md, 2rem);}.kadence-column416_9f2069-46 > .kt-inside-inner-col{min-height:500px;border-top:0px solid var(--global-palette9, #ffffff);border-right:0px solid var(--global-palette9, #ffffff);border-bottom:0px solid var(--global-palette9, #ffffff);border-left:0px solid var(--global-palette9, #ffffff);}.kadence-column416_9f2069-46 > .kt-inside-inner-col,.kadence-column416_9f2069-46 > .kt-inside-inner-col:before{border-top-left-radius:6px;border-top-right-radius:6px;border-bottom-right-radius:6px;border-bottom-left-radius:6px;}.kadence-column416_9f2069-46 > .kt-inside-inner-col{column-gap:var(--global-kb-gap-sm, 1rem);}.kadence-column416_9f2069-46 > .kt-inside-inner-col{flex-direction:column;justify-content:center;}.kadence-column416_9f2069-46 > .kt-inside-inner-col > .aligncenter{width:100%;}.kt-row-column-wrap > .kadence-column416_9f2069-46{align-self:center;}.kt-inner-column-height-full:not(.kt-has-1-columns) > .wp-block-kadence-column.kadence-column416_9f2069-46{align-self:auto;}.kt-inner-column-height-full:not(.kt-has-1-columns) > .wp-block-kadence-column.kadence-column416_9f2069-46 > .kt-inside-inner-col{flex-direction:column;justify-content:center;}.kadence-column416_9f2069-46 > .kt-inside-inner-col:before{opacity:0.3;}.kadence-column416_9f2069-46{position:relative;}.kadence-column416_9f2069-46, .kt-inside-inner-col > .kadence-column416_9f2069-46:not(.specificity){margin-right:0px;}@media all and (max-width: 1024px){.kadence-column416_9f2069-46 > .kt-inside-inner-col{border-top:0px solid var(--global-palette9, #ffffff);border-right:0px solid var(--global-palette9, #ffffff);border-bottom:0px solid var(--global-palette9, #ffffff);border-left:0px solid var(--global-palette9, #ffffff);flex-direction:column;justify-content:center;}}@media all and (max-width: 1024px){.kt-row-column-wrap > .kadence-column416_9f2069-46{align-self:center;}}@media all and (max-width: 1024px){.kt-inner-column-height-full:not(.kt-has-1-columns) > .wp-block-kadence-column.kadence-column416_9f2069-46{align-self:auto;}}@media all and (max-width: 1024px){.kt-inner-column-height-full:not(.kt-has-1-columns) > .wp-block-kadence-column.kadence-column416_9f2069-46 > .kt-inside-inner-col{flex-direction:column;justify-content:center;}}@media all and (max-width: 1024px){.kt-row-column-wrap.kt-tab-layout-three-grid > .kadence-column416_9f2069-46, .kt-row-column-wrap.kt-tab-layout-two-grid > .kadence-column416_9f2069-46, .kt-row-column-wrap.kt-tab-layout-row > .kadence-column416_9f2069-46{order:2;}}@media all and (max-width: 767px){.kadence-column416_9f2069-46 > .kt-inside-inner-col{padding-top:var(--global-kb-spacing-xl, 4rem);padding-bottom:var(--global-kb-spacing-md, 2rem);min-height:200px;border-top:0px solid var(--global-palette9, #ffffff);border-right:0px solid var(--global-palette9, #ffffff);border-bottom:0px solid var(--global-palette9, #ffffff);border-left:0px solid var(--global-palette9, #ffffff);flex-direction:column;justify-content:center;}.kt-row-column-wrap > .kadence-column416_9f2069-46{align-self:center;}.kt-inner-column-height-full:not(.kt-has-1-columns) > .wp-block-kadence-column.kadence-column416_9f2069-46{align-self:auto;}.kt-inner-column-height-full:not(.kt-has-1-columns) > .wp-block-kadence-column.kadence-column416_9f2069-46 > .kt-inside-inner-col{flex-direction:column;justify-content:center;}.kt-row-column-wrap.kt-mobile-layout-three-grid > .kadence-column416_9f2069-46, .kt-row-column-wrap.kt-mobile-layout-two-grid > .kadence-column416_9f2069-46, .kt-row-column-wrap.kt-mobile-layout-row > .kadence-column416_9f2069-46{order:2;}}<\/style>\n<div class=\"wp-block-kadence-column kadence-column416_9f2069-46 stylowane\"><div class=\"kt-inside-inner-col\"><style>.wp-block-kadence-advancedheading.kt-adv-heading416_402f0b-b3, .wp-block-kadence-advancedheading.kt-adv-heading416_402f0b-b3[data-kb-block=\"kb-adv-heading416_402f0b-b3\"]{font-style:normal;}.wp-block-kadence-advancedheading.kt-adv-heading416_402f0b-b3 mark.kt-highlight, .wp-block-kadence-advancedheading.kt-adv-heading416_402f0b-b3[data-kb-block=\"kb-adv-heading416_402f0b-b3\"] mark.kt-highlight{font-style:normal;color:#f76a0c;-webkit-box-decoration-break:clone;box-decoration-break:clone;padding-top:0px;padding-right:0px;padding-bottom:0px;padding-left:0px;}.wp-block-kadence-advancedheading.kt-adv-heading416_402f0b-b3 img.kb-inline-image, .wp-block-kadence-advancedheading.kt-adv-heading416_402f0b-b3[data-kb-block=\"kb-adv-heading416_402f0b-b3\"] img.kb-inline-image{width:150px;vertical-align:baseline;}<\/style>\n<h2 class=\"kt-adv-heading416_402f0b-b3 wp-block-kadence-advancedheading\" data-kb-block=\"kb-adv-heading416_402f0b-b3\">Features<\/h2>\n\n\n\n<ul class=\"wp-block-list\">\n<li>relaxation area<\/li>\n\n\n\n<li>temperature: 70-80\u00b0C, humidity 10%<\/li>\n\n\n\n<li>room climate: dry (steam with natural essences of herbs)<\/li>\n\n\n\n<li>ideal cleansing effect on the skin and respiratory tract<\/li>\n\n\n\n<li>has a purifying and stimulating effect and moisturises the skin<\/li>\n\n\n\n<li>recommended duration: 20 minutes 2-3 x weekly, just after 20-30 minutes of rest<\/li>\n<\/ul>\n<\/div><\/div>\n\n<\/div><\/div>","protected":false},"excerpt":{"rendered":"<p>Aroma Sauna Aroma Sauna to odmiana sauny suchej opieraj\u0105ca si\u0119 na terapeutycznym wp\u0142ywie zapachu na ca\u0142y organizm. Wilgo\u0107 i ciep\u0142o panuj\u0105ce w grocie aromatycznej sprawiaj\u0105, \u017ce sk\u00f3ra oraz drogi oddechowe s\u0105 oczyszczane w \u0142agodny, lecz dok\u0142adny spos\u00f3b. Nast\u0119puje stymulacja ukrwienia, redukcja napi\u0119cia mi\u0119\u015bni, roz\u0142adowanie stresu, u\u015bmierzenie b\u00f3lu ko\u0144czyn i staw\u00f3w. Dzia\u0142anie oczyszczaj\u0105ce wspomagane jest dodatkowo&#8230;<\/p>","protected":false},"author":1,"featured_media":1256,"parent":565,"menu_order":0,"comment_status":"closed","ping_status":"closed","template":"","meta":{"_acf_changed":false,"_kad_blocks_custom_css":"","_kad_blocks_head_custom_js":"","_kad_blocks_body_custom_js":"","_kad_blocks_footer_custom_js":"","_kad_post_transparent":"","_kad_post_title":"","_kad_post_layout":"","_kad_post_sidebar_id":"","_kad_post_content_style":"","_kad_post_vertical_padding":"","_kad_post_feature":"","_kad_post_feature_position":"","_kad_post_header":false,"_kad_post_footer":false,"_kad_post_classname":"","footnotes":""},"dzial":[10],"class_list":["post-416","page","type-page","status-publish","has-post-thumbnail","hentry","dzial-sauny"],"acf":[],"taxonomy_info":{"dzial":[{"value":10,"label":"Sauny"}]},"featured_image_src_large":["https:\/\/aq.dot2.pl\/wp-content\/uploads\/2020\/04\/Aroma-Sauna-002.jpg",1000,667,false],"author_info":{"display_name":"admin","author_link":"https:\/\/aq.dot2.pl\/en\/author\/admin\/"},"comment_info":0,"_links":{"self":[{"href":"https:\/\/aq.dot2.pl\/en\/wp-json\/wp\/v2\/pages\/416","targetHints":{"allow":["GET"]}}],"collection":[{"href":"https:\/\/aq.dot2.pl\/en\/wp-json\/wp\/v2\/pages"}],"about":[{"href":"https:\/\/aq.dot2.pl\/en\/wp-json\/wp\/v2\/types\/page"}],"author":[{"embeddable":true,"href":"https:\/\/aq.dot2.pl\/en\/wp-json\/wp\/v2\/users\/1"}],"replies":[{"embeddable":true,"href":"https:\/\/aq.dot2.pl\/en\/wp-json\/wp\/v2\/comments?post=416"}],"version-history":[{"count":0,"href":"https:\/\/aq.dot2.pl\/en\/wp-json\/wp\/v2\/pages\/416\/revisions"}],"up":[{"embeddable":true,"href":"https:\/\/aq.dot2.pl\/en\/wp-json\/wp\/v2\/pages\/565"}],"wp:featuredmedia":[{"embeddable":true,"href":"https:\/\/aq.dot2.pl\/en\/wp-json\/wp\/v2\/media\/1256"}],"wp:attachment":[{"href":"https:\/\/aq.dot2.pl\/en\/wp-json\/wp\/v2\/media?parent=416"}],"wp:term":[{"taxonomy":"dzial","embeddable":true,"href":"https:\/\/aq.dot2.pl\/en\/wp-json\/wp\/v2\/dzial?post=416"}],"curies":[{"name":"wp","href":"https:\/\/api.w.org\/{rel}","templated":true}]}}