{"id":431,"date":"2023-06-27T14:14:10","date_gmt":"2023-06-27T12:14:10","guid":{"rendered":"http:\/\/aquaparksopot.pl\/\/?page_id=431"},"modified":"2026-01-05T08:10:05","modified_gmt":"2026-01-05T07:10:05","slug":"laconium","status":"publish","type":"page","link":"https:\/\/aq.dot2.pl\/en\/sauny-spa\/sauny\/laconium\/","title":{"rendered":"Laconium"},"content":{"rendered":"<style>.kb-row-layout-id431_08eb16-b8 > .kt-row-column-wrap{align-content:center;}:where(.kb-row-layout-id431_08eb16-b8 > .kt-row-column-wrap) > .wp-block-kadence-column{justify-content:center;}.kb-row-layout-id431_08eb16-b8 > .kt-row-column-wrap{column-gap:var(--global-kb-gap-none, 0rem );row-gap:var(--global-kb-gap-md, 2rem);max-width:var( --global-content-width, 1590px );padding-left:var(--global-content-edge-padding);padding-right:var(--global-content-edge-padding);padding-top:0px;padding-bottom:var(--global-kb-spacing-sm, 1.5rem);grid-template-columns:repeat(2, minmax(0, 1fr));}.kb-row-layout-id431_08eb16-b8 > .kt-row-layout-overlay{opacity:0.30;}@media all and (max-width: 1024px){.kb-row-layout-id431_08eb16-b8 > .kt-row-column-wrap{grid-template-columns:repeat(2, minmax(0, 1fr));}}@media all and (max-width: 767px){.kb-row-layout-id431_08eb16-b8 > .kt-row-column-wrap{grid-template-columns:minmax(0, 1fr);}}<\/style><div class=\"kb-row-layout-wrap kb-row-layout-id431_08eb16-b8 alignnone hero wp-block-kadence-rowlayout\"><div class=\"kt-row-column-wrap kt-has-2-columns kt-row-layout-equal kt-tab-layout-inherit kt-mobile-layout-row kt-row-valign-middle kb-theme-content-width\">\n<style>.kadence-column431_c56aa6-a0 > .kt-inside-inner-col{display:flex;}.kadence-column431_c56aa6-a0 > .kt-inside-inner-col{padding-top:var(--global-kb-spacing-xxl, 5rem);padding-right:var(--global-kb-spacing-lg, 3rem);padding-bottom:var(--global-kb-spacing-lg, 3rem);padding-left:var(--global-kb-spacing-md, 2rem);}.kadence-column431_c56aa6-a0 > .kt-inside-inner-col{min-height:500px;}.kadence-column431_c56aa6-a0 > .kt-inside-inner-col,.kadence-column431_c56aa6-a0 > .kt-inside-inner-col:before{border-top-left-radius:6px;border-top-right-radius:6px;border-bottom-right-radius:6px;border-bottom-left-radius:6px;}.kadence-column431_c56aa6-a0 > .kt-inside-inner-col{column-gap:var(--global-kb-gap-sm, 1rem);}.kadence-column431_c56aa6-a0 > .kt-inside-inner-col{flex-direction:column;justify-content:center;}.kadence-column431_c56aa6-a0 > .kt-inside-inner-col > .aligncenter{width:100%;}.kt-row-column-wrap > .kadence-column431_c56aa6-a0{align-self:center;}.kt-inner-column-height-full:not(.kt-has-1-columns) > .wp-block-kadence-column.kadence-column431_c56aa6-a0{align-self:auto;}.kt-inner-column-height-full:not(.kt-has-1-columns) > .wp-block-kadence-column.kadence-column431_c56aa6-a0 > .kt-inside-inner-col{flex-direction:column;justify-content:center;}.kadence-column431_c56aa6-a0 > .kt-inside-inner-col:before{opacity:0.3;}.kadence-column431_c56aa6-a0{position:relative;}@media all and (max-width: 1024px){.kt-row-column-wrap > .kadence-column431_c56aa6-a0{align-self:center;}}@media all and (max-width: 1024px){.kt-inner-column-height-full:not(.kt-has-1-columns) > .wp-block-kadence-column.kadence-column431_c56aa6-a0{align-self:auto;}}@media all and (max-width: 1024px){.kt-inner-column-height-full:not(.kt-has-1-columns) > .wp-block-kadence-column.kadence-column431_c56aa6-a0 > .kt-inside-inner-col{flex-direction:column;justify-content:center;}}@media all and (max-width: 1024px){.kt-row-column-wrap.kt-tab-layout-three-grid > .kadence-column431_c56aa6-a0, .kt-row-column-wrap.kt-tab-layout-two-grid > .kadence-column431_c56aa6-a0, .kt-row-column-wrap.kt-tab-layout-row > .kadence-column431_c56aa6-a0{order:2;}}@media all and (max-width: 1024px){.kadence-column431_c56aa6-a0 > .kt-inside-inner-col{flex-direction:column;justify-content:center;}}@media all and (max-width: 767px){.kadence-column431_c56aa6-a0 > .kt-inside-inner-col{padding-top:var(--global-kb-spacing-xl, 4rem);padding-bottom:var(--global-kb-spacing-md, 2rem);min-height:200px;flex-direction:column;justify-content:center;}.kt-row-column-wrap > .kadence-column431_c56aa6-a0{align-self:center;}.kt-inner-column-height-full:not(.kt-has-1-columns) > .wp-block-kadence-column.kadence-column431_c56aa6-a0{align-self:auto;}.kt-inner-column-height-full:not(.kt-has-1-columns) > .wp-block-kadence-column.kadence-column431_c56aa6-a0 > .kt-inside-inner-col{flex-direction:column;justify-content:center;}.kt-row-column-wrap.kt-mobile-layout-three-grid > .kadence-column431_c56aa6-a0, .kt-row-column-wrap.kt-mobile-layout-two-grid > .kadence-column431_c56aa6-a0, .kt-row-column-wrap.kt-mobile-layout-row > .kadence-column431_c56aa6-a0{order:2;}}<\/style>\n<div class=\"wp-block-kadence-column kadence-column431_c56aa6-a0 hero-left\"><div class=\"kt-inside-inner-col\"><style>.wp-block-kadence-advancedheading.kt-adv-heading431_f5cabc-c9, .wp-block-kadence-advancedheading.kt-adv-heading431_f5cabc-c9[data-kb-block=\"kb-adv-heading431_f5cabc-c9\"]{font-style:normal;}.wp-block-kadence-advancedheading.kt-adv-heading431_f5cabc-c9 mark.kt-highlight, .wp-block-kadence-advancedheading.kt-adv-heading431_f5cabc-c9[data-kb-block=\"kb-adv-heading431_f5cabc-c9\"] mark.kt-highlight{font-style:normal;color:#f76a0c;-webkit-box-decoration-break:clone;box-decoration-break:clone;padding-top:0px;padding-right:0px;padding-bottom:0px;padding-left:0px;}.wp-block-kadence-advancedheading.kt-adv-heading431_f5cabc-c9 img.kb-inline-image, .wp-block-kadence-advancedheading.kt-adv-heading431_f5cabc-c9[data-kb-block=\"kb-adv-heading431_f5cabc-c9\"] img.kb-inline-image{width:150px;vertical-align:baseline;}<\/style>\n<h1 class=\"kt-adv-heading431_f5cabc-c9 wp-block-kadence-advancedheading\" data-kb-block=\"kb-adv-heading431_f5cabc-c9\">Laconium<\/h1>\n\n\n\n<p>Laconium - a place of relaxation&nbsp;<br>The dry bath, which has a temperature of approx. 40 - 42\u00b0C, is similar in appearance to a steam bath, but is not affected by steam. The heat comes from the heating system located in the benches and walls. The relaxing effect is enhanced by the special, body-adapted shape of the seats. The humidity is approximately 10% and the recommended duration of stay is 15-20min in 2-3 cycles.<\/p>\n\n\n\n<p>A stay in Laconium promotes deep relaxation, reduces stress and muscle tension. It supports the detoxification process of the body.<\/p>\n\n\n\n<p>Regular sessions benefit the nervous and circulatory systems.<\/p>\n<\/div><\/div>\n\n\n<style>.kadence-column431_ce61da-14 > .kt-inside-inner-col{box-shadow:0px 0px 14px 0px rgba(0, 0, 0, 0.2);border-top:8px solid var(--global-palette9, #ffffff);border-right:8px solid var(--global-palette9, #ffffff);border-bottom:8px solid var(--global-palette9, #ffffff);border-left:8px solid var(--global-palette9, #ffffff);}.kadence-column431_ce61da-14 > .kt-inside-inner-col,.kadence-column431_ce61da-14 > .kt-inside-inner-col:before{border-top-left-radius:6px;border-top-right-radius:6px;border-bottom-right-radius:6px;border-bottom-left-radius:6px;}.kadence-column431_ce61da-14 > .kt-inside-inner-col{column-gap:var(--global-kb-gap-sm, 1rem);}.kadence-column431_ce61da-14 > .kt-inside-inner-col{flex-direction:column;}.kadence-column431_ce61da-14 > .kt-inside-inner-col > .aligncenter{width:100%;}.kadence-column431_ce61da-14 > .kt-inside-inner-col:before{opacity:0.3;}.kadence-column431_ce61da-14{position:relative;}.kadence-column431_ce61da-14, .kt-inside-inner-col > .kadence-column431_ce61da-14:not(.specificity){margin-top:40px;margin-left:-40px;}@media all and (max-width: 1024px){.kadence-column431_ce61da-14 > .kt-inside-inner-col{border-top:8px solid var(--global-palette9, #ffffff);border-right:8px solid var(--global-palette9, #ffffff);border-bottom:8px solid var(--global-palette9, #ffffff);border-left:8px solid var(--global-palette9, #ffffff);flex-direction:column;justify-content:center;}}@media all and (max-width: 767px){.kadence-column431_ce61da-14 > .kt-inside-inner-col{border-top:8px solid var(--global-palette9, #ffffff);border-right:8px solid var(--global-palette9, #ffffff);border-bottom:8px solid var(--global-palette9, #ffffff);border-left:8px solid var(--global-palette9, #ffffff);flex-direction:column;justify-content:center;}.kadence-column431_ce61da-14, .kt-inside-inner-col > .kadence-column431_ce61da-14:not(.specificity){margin-top:0px;margin-left:0px;}}<\/style>\n<div class=\"wp-block-kadence-column kadence-column431_ce61da-14 ramka_hero\"><div class=\"kt-inside-inner-col\"><style>.kb-image431_783242-68 .kb-image-has-overlay:after{opacity:0.3;}<\/style>\n<figure class=\"wp-block-kadence-image kb-image431_783242-68\"><img decoding=\"async\" width=\"1376\" height=\"768\" src=\"https:\/\/aq.dot2.pl\/wp-content\/uploads\/2026\/01\/Laconium-wieksze.jpg\" class=\"kb-img wp-image-10094\" srcset=\"https:\/\/aq.dot2.pl\/wp-content\/uploads\/2026\/01\/Laconium-wieksze.jpg 1376w, https:\/\/aq.dot2.pl\/wp-content\/uploads\/2026\/01\/Laconium-wieksze-300x167.jpg 300w, https:\/\/aq.dot2.pl\/wp-content\/uploads\/2026\/01\/Laconium-wieksze-1024x572.jpg 1024w, https:\/\/aq.dot2.pl\/wp-content\/uploads\/2026\/01\/Laconium-wieksze-768x429.jpg 768w\" sizes=\"(max-width: 1376px) 100vw, 1376px\" \/><\/figure>\n<\/div><\/div>\n\n<\/div><\/div>","protected":false},"excerpt":{"rendered":"<p>Laconium Laconium \u2013 miejsce relaksu&nbsp;\u0141a\u017ania sucha o temperaturze ok 40- 42\u00b0C, jest&nbsp; zbli\u017cona wygl\u0105dem do \u0142a\u017ani parowej,&nbsp; jednak nie ma w niej oddzia\u0142ywania pary wodnej. Ciep\u0142o pochodzi z systemu ogrzewania umiejscowionego w \u0142aweczkach i \u015bcianach. Efekt relaksacyjny wzmacniany jest specjalnym, dostosowanym do cia\u0142a kszta\u0142tem siedzisk. Wilgotno\u015b\u0107 wynosi ok 10%, a zalecany czas przebywania to 15-20min&#8230;<\/p>","protected":false},"author":1,"featured_media":1243,"parent":565,"menu_order":0,"comment_status":"closed","ping_status":"closed","template":"","meta":{"_acf_changed":false,"_kad_blocks_custom_css":"","_kad_blocks_head_custom_js":"","_kad_blocks_body_custom_js":"","_kad_blocks_footer_custom_js":"","_kad_post_transparent":"","_kad_post_title":"","_kad_post_layout":"","_kad_post_sidebar_id":"","_kad_post_content_style":"","_kad_post_vertical_padding":"","_kad_post_feature":"","_kad_post_feature_position":"","_kad_post_header":false,"_kad_post_footer":false,"_kad_post_classname":"","footnotes":""},"dzial":[10],"class_list":["post-431","page","type-page","status-publish","has-post-thumbnail","hentry","dzial-sauny"],"acf":[],"taxonomy_info":{"dzial":[{"value":10,"label":"Sauny"}]},"featured_image_src_large":["https:\/\/aq.dot2.pl\/wp-content\/uploads\/2020\/04\/Laconium-002.jpg",1000,665,false],"author_info":{"display_name":"admin","author_link":"https:\/\/aq.dot2.pl\/en\/author\/admin\/"},"comment_info":0,"_links":{"self":[{"href":"https:\/\/aq.dot2.pl\/en\/wp-json\/wp\/v2\/pages\/431","targetHints":{"allow":["GET"]}}],"collection":[{"href":"https:\/\/aq.dot2.pl\/en\/wp-json\/wp\/v2\/pages"}],"about":[{"href":"https:\/\/aq.dot2.pl\/en\/wp-json\/wp\/v2\/types\/page"}],"author":[{"embeddable":true,"href":"https:\/\/aq.dot2.pl\/en\/wp-json\/wp\/v2\/users\/1"}],"replies":[{"embeddable":true,"href":"https:\/\/aq.dot2.pl\/en\/wp-json\/wp\/v2\/comments?post=431"}],"version-history":[{"count":0,"href":"https:\/\/aq.dot2.pl\/en\/wp-json\/wp\/v2\/pages\/431\/revisions"}],"up":[{"embeddable":true,"href":"https:\/\/aq.dot2.pl\/en\/wp-json\/wp\/v2\/pages\/565"}],"wp:featuredmedia":[{"embeddable":true,"href":"https:\/\/aq.dot2.pl\/en\/wp-json\/wp\/v2\/media\/1243"}],"wp:attachment":[{"href":"https:\/\/aq.dot2.pl\/en\/wp-json\/wp\/v2\/media?parent=431"}],"wp:term":[{"taxonomy":"dzial","embeddable":true,"href":"https:\/\/aq.dot2.pl\/en\/wp-json\/wp\/v2\/dzial?post=431"}],"curies":[{"name":"wp","href":"https:\/\/api.w.org\/{rel}","templated":true}]}}