{"id":434,"date":"2020-03-24T14:16:30","date_gmt":"2020-03-24T13:16:30","guid":{"rendered":"http:\/\/aquaparksopot.pl\/\/?page_id=434"},"modified":"2026-01-05T07:58:15","modified_gmt":"2026-01-05T06:58:15","slug":"serail-bath","status":"publish","type":"page","link":"https:\/\/aq.dot2.pl\/en\/sauny-spa\/sauny\/serail-bath\/","title":{"rendered":"Serail Bath"},"content":{"rendered":"<style>.kb-row-layout-id434_9c0ffd-85 > .kt-row-column-wrap{align-content:center;}:where(.kb-row-layout-id434_9c0ffd-85 > .kt-row-column-wrap) > .wp-block-kadence-column{justify-content:center;}.kb-row-layout-id434_9c0ffd-85 > .kt-row-column-wrap{column-gap:var(--global-kb-gap-none, 0rem );row-gap:var(--global-kb-gap-md, 2rem);max-width:var( --global-content-width, 1590px );padding-left:var(--global-content-edge-padding);padding-right:var(--global-content-edge-padding);padding-top:0px;padding-bottom:var(--global-kb-spacing-sm, 1.5rem);grid-template-columns:repeat(2, minmax(0, 1fr));}.kb-row-layout-id434_9c0ffd-85 > .kt-row-layout-overlay{opacity:0.30;}@media all and (max-width: 1024px){.kb-row-layout-id434_9c0ffd-85 > .kt-row-column-wrap{grid-template-columns:repeat(2, minmax(0, 1fr));}}@media all and (max-width: 767px){.kb-row-layout-id434_9c0ffd-85 > .kt-row-column-wrap{grid-template-columns:minmax(0, 1fr);}}<\/style><div class=\"kb-row-layout-wrap kb-row-layout-id434_9c0ffd-85 alignnone hero wp-block-kadence-rowlayout\"><div class=\"kt-row-column-wrap kt-has-2-columns kt-row-layout-equal kt-tab-layout-inherit kt-mobile-layout-row kt-row-valign-middle kb-theme-content-width\">\n<style>.kadence-column434_4404c2-b4 > .kt-inside-inner-col{display:flex;}.kadence-column434_4404c2-b4 > .kt-inside-inner-col{padding-top:var(--global-kb-spacing-xxl, 5rem);padding-right:var(--global-kb-spacing-lg, 3rem);padding-bottom:var(--global-kb-spacing-lg, 3rem);padding-left:var(--global-kb-spacing-md, 2rem);}.kadence-column434_4404c2-b4 > .kt-inside-inner-col{min-height:500px;}.kadence-column434_4404c2-b4 > .kt-inside-inner-col,.kadence-column434_4404c2-b4 > .kt-inside-inner-col:before{border-top-left-radius:6px;border-top-right-radius:6px;border-bottom-right-radius:6px;border-bottom-left-radius:6px;}.kadence-column434_4404c2-b4 > .kt-inside-inner-col{column-gap:var(--global-kb-gap-sm, 1rem);}.kadence-column434_4404c2-b4 > .kt-inside-inner-col{flex-direction:column;justify-content:center;}.kadence-column434_4404c2-b4 > .kt-inside-inner-col > .aligncenter{width:100%;}.kt-row-column-wrap > .kadence-column434_4404c2-b4{align-self:center;}.kt-inner-column-height-full:not(.kt-has-1-columns) > .wp-block-kadence-column.kadence-column434_4404c2-b4{align-self:auto;}.kt-inner-column-height-full:not(.kt-has-1-columns) > .wp-block-kadence-column.kadence-column434_4404c2-b4 > .kt-inside-inner-col{flex-direction:column;justify-content:center;}.kadence-column434_4404c2-b4 > .kt-inside-inner-col:before{opacity:0.3;}.kadence-column434_4404c2-b4{position:relative;}@media all and (max-width: 1024px){.kt-row-column-wrap > .kadence-column434_4404c2-b4{align-self:center;}}@media all and (max-width: 1024px){.kt-inner-column-height-full:not(.kt-has-1-columns) > .wp-block-kadence-column.kadence-column434_4404c2-b4{align-self:auto;}}@media all and (max-width: 1024px){.kt-inner-column-height-full:not(.kt-has-1-columns) > .wp-block-kadence-column.kadence-column434_4404c2-b4 > .kt-inside-inner-col{flex-direction:column;justify-content:center;}}@media all and (max-width: 1024px){.kt-row-column-wrap.kt-tab-layout-three-grid > .kadence-column434_4404c2-b4, .kt-row-column-wrap.kt-tab-layout-two-grid > .kadence-column434_4404c2-b4, .kt-row-column-wrap.kt-tab-layout-row > .kadence-column434_4404c2-b4{order:2;}}@media all and (max-width: 1024px){.kadence-column434_4404c2-b4 > .kt-inside-inner-col{flex-direction:column;justify-content:center;}}@media all and (max-width: 767px){.kadence-column434_4404c2-b4 > .kt-inside-inner-col{padding-top:var(--global-kb-spacing-xl, 4rem);padding-bottom:var(--global-kb-spacing-md, 2rem);min-height:200px;flex-direction:column;justify-content:center;}.kt-row-column-wrap > .kadence-column434_4404c2-b4{align-self:center;}.kt-inner-column-height-full:not(.kt-has-1-columns) > .wp-block-kadence-column.kadence-column434_4404c2-b4{align-self:auto;}.kt-inner-column-height-full:not(.kt-has-1-columns) > .wp-block-kadence-column.kadence-column434_4404c2-b4 > .kt-inside-inner-col{flex-direction:column;justify-content:center;}.kt-row-column-wrap.kt-mobile-layout-three-grid > .kadence-column434_4404c2-b4, .kt-row-column-wrap.kt-mobile-layout-two-grid > .kadence-column434_4404c2-b4, .kt-row-column-wrap.kt-mobile-layout-row > .kadence-column434_4404c2-b4{order:2;}}<\/style>\n<div class=\"wp-block-kadence-column kadence-column434_4404c2-b4 hero-left\"><div class=\"kt-inside-inner-col\"><style>.wp-block-kadence-advancedheading.kt-adv-heading434_b966ab-0c, .wp-block-kadence-advancedheading.kt-adv-heading434_b966ab-0c[data-kb-block=\"kb-adv-heading434_b966ab-0c\"]{font-style:normal;}.wp-block-kadence-advancedheading.kt-adv-heading434_b966ab-0c mark.kt-highlight, .wp-block-kadence-advancedheading.kt-adv-heading434_b966ab-0c[data-kb-block=\"kb-adv-heading434_b966ab-0c\"] mark.kt-highlight{font-style:normal;color:#f76a0c;-webkit-box-decoration-break:clone;box-decoration-break:clone;padding-top:0px;padding-right:0px;padding-bottom:0px;padding-left:0px;}.wp-block-kadence-advancedheading.kt-adv-heading434_b966ab-0c img.kb-inline-image, .wp-block-kadence-advancedheading.kt-adv-heading434_b966ab-0c[data-kb-block=\"kb-adv-heading434_b966ab-0c\"] img.kb-inline-image{width:150px;vertical-align:baseline;}<\/style>\n<h1 class=\"kt-adv-heading434_b966ab-0c wp-block-kadence-advancedheading\" data-kb-block=\"kb-adv-heading434_b966ab-0c\">Serail Bath<\/h1>\n\n\n\n<p>The heat in the sauna has a relaxing effect on the whole body. It influences the body's defence mechanisms, improves blood circulation and prevents the development of bacterial and viral infections.<\/p>\n<\/div><\/div>\n\n\n<style>.kadence-column434_93a51a-32 > .kt-inside-inner-col{box-shadow:0px 0px 14px 0px rgba(0, 0, 0, 0.2);border-top:8px solid var(--global-palette9, #ffffff);border-right:8px solid var(--global-palette9, #ffffff);border-bottom:8px solid var(--global-palette9, #ffffff);border-left:8px solid var(--global-palette9, #ffffff);}.kadence-column434_93a51a-32 > .kt-inside-inner-col,.kadence-column434_93a51a-32 > .kt-inside-inner-col:before{border-top-left-radius:6px;border-top-right-radius:6px;border-bottom-right-radius:6px;border-bottom-left-radius:6px;}.kadence-column434_93a51a-32 > .kt-inside-inner-col{column-gap:var(--global-kb-gap-sm, 1rem);}.kadence-column434_93a51a-32 > .kt-inside-inner-col{flex-direction:column;}.kadence-column434_93a51a-32 > .kt-inside-inner-col > .aligncenter{width:100%;}.kadence-column434_93a51a-32 > .kt-inside-inner-col:before{opacity:0.3;}.kadence-column434_93a51a-32{position:relative;}.kadence-column434_93a51a-32, .kt-inside-inner-col > .kadence-column434_93a51a-32:not(.specificity){margin-top:40px;margin-left:-40px;}@media all and (max-width: 1024px){.kadence-column434_93a51a-32 > .kt-inside-inner-col{border-top:8px solid var(--global-palette9, #ffffff);border-right:8px solid var(--global-palette9, #ffffff);border-bottom:8px solid var(--global-palette9, #ffffff);border-left:8px solid var(--global-palette9, #ffffff);flex-direction:column;justify-content:center;}}@media all and (max-width: 767px){.kadence-column434_93a51a-32 > .kt-inside-inner-col{border-top:8px solid var(--global-palette9, #ffffff);border-right:8px solid var(--global-palette9, #ffffff);border-bottom:8px solid var(--global-palette9, #ffffff);border-left:8px solid var(--global-palette9, #ffffff);flex-direction:column;justify-content:center;}.kadence-column434_93a51a-32, .kt-inside-inner-col > .kadence-column434_93a51a-32:not(.specificity){margin-top:0px;margin-left:0px;}}<\/style>\n<div class=\"wp-block-kadence-column kadence-column434_93a51a-32 ramka_hero\"><div class=\"kt-inside-inner-col\"><style>.kb-image434_e6a3aa-06 .kb-image-has-overlay:after{opacity:0.3;}<\/style>\n<figure class=\"wp-block-kadence-image kb-image434_e6a3aa-06 size-full\"><img decoding=\"async\" width=\"1000\" height=\"665\" src=\"https:\/\/aq.dot2.pl\/wp-content\/uploads\/2020\/04\/Serail-Bath-001.jpg\" alt=\"\" class=\"kb-img wp-image-1240\" srcset=\"https:\/\/aq.dot2.pl\/wp-content\/uploads\/2020\/04\/Serail-Bath-001.jpg 1000w, https:\/\/aq.dot2.pl\/wp-content\/uploads\/2020\/04\/Serail-Bath-001-300x200.jpg 300w, https:\/\/aq.dot2.pl\/wp-content\/uploads\/2020\/04\/Serail-Bath-001-768x511.jpg 768w\" sizes=\"(max-width: 1000px) 100vw, 1000px\" \/><\/figure>\n<\/div><\/div>\n\n<\/div><\/div>\n\n<style>.kb-row-layout-id434_5f51b2-d2 > .kt-row-column-wrap{align-content:start;}:where(.kb-row-layout-id434_5f51b2-d2 > .kt-row-column-wrap) > .wp-block-kadence-column{justify-content:start;}.kb-row-layout-id434_5f51b2-d2 > .kt-row-column-wrap{column-gap:var(--global-kb-gap-md, 2rem);row-gap:var(--global-kb-gap-md, 2rem);max-width:var( --global-content-width, 1590px );padding-left:var(--global-content-edge-padding);padding-right:var(--global-content-edge-padding);padding-top:var(--global-kb-spacing-sm, 1.5rem);padding-bottom:var(--global-kb-spacing-sm, 1.5rem);grid-template-columns:minmax(0, 1fr);}.kb-row-layout-id434_5f51b2-d2 > .kt-row-layout-overlay{opacity:0.30;}@media all and (max-width: 1024px){.kb-row-layout-id434_5f51b2-d2 > .kt-row-column-wrap{grid-template-columns:minmax(0, 1fr);}}@media all and (max-width: 767px){.kb-row-layout-id434_5f51b2-d2 > .kt-row-column-wrap{grid-template-columns:minmax(0, 1fr);}}<\/style><div class=\"kb-row-layout-wrap kb-row-layout-id434_5f51b2-d2 alignnone stylowane wp-block-kadence-rowlayout\"><div class=\"kt-row-column-wrap kt-has-1-columns kt-row-layout-equal kt-tab-layout-inherit kt-mobile-layout-row kt-row-valign-top kb-theme-content-width\">\n<style>.kadence-column434_628e04-64 > .kt-inside-inner-col,.kadence-column434_628e04-64 > .kt-inside-inner-col:before{border-top-left-radius:0px;border-top-right-radius:0px;border-bottom-right-radius:0px;border-bottom-left-radius:0px;}.kadence-column434_628e04-64 > .kt-inside-inner-col{column-gap:var(--global-kb-gap-sm, 1rem);}.kadence-column434_628e04-64 > .kt-inside-inner-col{flex-direction:column;}.kadence-column434_628e04-64 > .kt-inside-inner-col > .aligncenter{width:100%;}.kadence-column434_628e04-64 > .kt-inside-inner-col:before{opacity:0.3;}.kadence-column434_628e04-64{position:relative;}@media all and (max-width: 1024px){.kadence-column434_628e04-64 > .kt-inside-inner-col{flex-direction:column;justify-content:center;}}@media all and (max-width: 767px){.kadence-column434_628e04-64 > .kt-inside-inner-col{flex-direction:column;justify-content:center;}}<\/style>\n<div class=\"wp-block-kadence-column kadence-column434_628e04-64\"><div class=\"kt-inside-inner-col\">\n<p>A stay at the Serail Bath has many health benefits. The main one is the beneficial effect on the mental sphere, i.e. the improvement in well-being. After the treatment, you immediately feel relaxed and rid of accumulated tension. It also alleviates muscular and even rheumatic pains. In addition to this, toxins accumulated in the body are expelled through the skin, which means that a mud-bath treatment can be an excellent complement to the body's detoxification process.<\/p>\n\n\n\n<p>The entire treatment that takes place here can be divided into 3 stages: heating, moisturising and sprinkling. Before entering the mud bath, the body should be rinsed of sweat and cosmetics previously applied and then gently dried with a towel. Thanks to this procedure, the skin will be properly prepared to receive as many valuable substances contained in the mineral clays and mud paste as possible.<br>Mud sauna treatments are recommended for people who need relaxation, suffer from regular muscular-articular pains or skin inflammations. Visits to the sauna should be avoided by people with circulatory ailments or those affected by various infections.<\/p>\n\n\n\n<p>A stay in the Serail Bath is also an excellent ritual for couples, due to the relaxing and intimate atmosphere that prevails during the treatment. It can be a prelude to further skincare treatments, as the skin is perfectly cleansed after a ritual in the mud bath, which aids the absorption of nutrients, moisturisers, regeneration and cosmetics.<\/p>\n<\/div><\/div>\n\n<\/div><\/div>\n\n<style>.kb-row-layout-id434_854524-12 > .kt-row-column-wrap{align-content:start;}:where(.kb-row-layout-id434_854524-12 > .kt-row-column-wrap) > .wp-block-kadence-column{justify-content:start;}.kb-row-layout-id434_854524-12 > .kt-row-column-wrap{column-gap:var(--global-kb-gap-none, 0rem );row-gap:var(--global-kb-gap-md, 2rem);max-width:var( --global-content-width, 1590px );padding-left:var(--global-content-edge-padding);padding-right:var(--global-content-edge-padding);padding-top:0px;padding-bottom:var(--global-kb-spacing-sm, 1.5rem);grid-template-columns:minmax(0, calc(45% - ((var(--global-kb-gap-none, 0rem ) * 1 )\/2)))minmax(0, calc(55% - ((var(--global-kb-gap-none, 0rem ) * 1 )\/2)));}.kb-row-layout-id434_854524-12 > .kt-row-layout-overlay{opacity:0.30;}@media all and (max-width: 1024px){.kb-row-layout-id434_854524-12 > .kt-row-column-wrap{grid-template-columns:repeat(2, minmax(0, 1fr));}}@media all and (max-width: 767px){.kb-row-layout-id434_854524-12 > .kt-row-column-wrap{grid-template-columns:minmax(0, 1fr);}}<\/style><div class=\"kb-row-layout-wrap kb-row-layout-id434_854524-12 alignnone wp-block-kadence-rowlayout\"><div class=\"kt-row-column-wrap kt-has-2-columns kt-row-layout-equal kt-tab-layout-inherit kt-mobile-layout-row kt-row-valign-top kb-theme-content-width\">\n<style>.kadence-column434_811fd4-d9 > .kt-inside-inner-col{display:flex;}.kadence-column434_811fd4-d9 > .kt-inside-inner-col{padding-top:0px;padding-right:0px;padding-left:0px;}.kadence-column434_811fd4-d9 > .kt-inside-inner-col{box-shadow:0px 0px 14px 0px rgba(0, 0, 0, 0.2);border-top:8px solid var(--global-palette9, #ffffff);border-right:8px solid var(--global-palette9, #ffffff);border-bottom:8px solid var(--global-palette9, #ffffff);border-left:8px solid var(--global-palette9, #ffffff);}.kadence-column434_811fd4-d9 > .kt-inside-inner-col,.kadence-column434_811fd4-d9 > .kt-inside-inner-col:before{border-top-left-radius:6px;border-top-right-radius:6px;border-bottom-right-radius:6px;border-bottom-left-radius:6px;}.kadence-column434_811fd4-d9 > .kt-inside-inner-col{column-gap:var(--global-kb-gap-sm, 1rem);}.kadence-column434_811fd4-d9 > .kt-inside-inner-col{flex-direction:column;justify-content:flex-start;}.kadence-column434_811fd4-d9 > .kt-inside-inner-col > .aligncenter{width:100%;}.kt-row-column-wrap > .kadence-column434_811fd4-d9{align-self:flex-start;}.kt-inner-column-height-full:not(.kt-has-1-columns) > .wp-block-kadence-column.kadence-column434_811fd4-d9{align-self:auto;}.kt-inner-column-height-full:not(.kt-has-1-columns) > .wp-block-kadence-column.kadence-column434_811fd4-d9 > .kt-inside-inner-col{flex-direction:column;justify-content:flex-start;}.kadence-column434_811fd4-d9 > .kt-inside-inner-col:before{opacity:0.3;}.kadence-column434_811fd4-d9{position:relative;}.kadence-column434_811fd4-d9, .kt-inside-inner-col > .kadence-column434_811fd4-d9:not(.specificity){margin-right:0px;}@media all and (max-width: 1024px){.kadence-column434_811fd4-d9 > .kt-inside-inner-col{border-top:8px solid var(--global-palette9, #ffffff);border-right:8px solid var(--global-palette9, #ffffff);border-bottom:8px solid var(--global-palette9, #ffffff);border-left:8px solid var(--global-palette9, #ffffff);flex-direction:column;justify-content:flex-start;}}@media all and (max-width: 1024px){.kt-row-column-wrap > .kadence-column434_811fd4-d9{align-self:flex-start;}}@media all and (max-width: 1024px){.kt-inner-column-height-full:not(.kt-has-1-columns) > .wp-block-kadence-column.kadence-column434_811fd4-d9{align-self:auto;}}@media all and (max-width: 1024px){.kt-inner-column-height-full:not(.kt-has-1-columns) > .wp-block-kadence-column.kadence-column434_811fd4-d9 > .kt-inside-inner-col{flex-direction:column;justify-content:flex-start;}}@media all and (max-width: 1024px){.kt-row-column-wrap.kt-tab-layout-three-grid > .kadence-column434_811fd4-d9, .kt-row-column-wrap.kt-tab-layout-two-grid > .kadence-column434_811fd4-d9, .kt-row-column-wrap.kt-tab-layout-row > .kadence-column434_811fd4-d9{order:2;}}@media all and (max-width: 767px){.kadence-column434_811fd4-d9 > .kt-inside-inner-col{padding-top:var(--global-kb-spacing-xl, 4rem);padding-bottom:var(--global-kb-spacing-md, 2rem);min-height:200px;border-top:8px solid var(--global-palette9, #ffffff);border-right:8px solid var(--global-palette9, #ffffff);border-bottom:8px solid var(--global-palette9, #ffffff);border-left:8px solid var(--global-palette9, #ffffff);flex-direction:column;justify-content:flex-start;}.kt-row-column-wrap > .kadence-column434_811fd4-d9{align-self:flex-start;}.kt-inner-column-height-full:not(.kt-has-1-columns) > .wp-block-kadence-column.kadence-column434_811fd4-d9{align-self:auto;}.kt-inner-column-height-full:not(.kt-has-1-columns) > .wp-block-kadence-column.kadence-column434_811fd4-d9 > .kt-inside-inner-col{flex-direction:column;justify-content:flex-start;}.kt-row-column-wrap.kt-mobile-layout-three-grid > .kadence-column434_811fd4-d9, .kt-row-column-wrap.kt-mobile-layout-two-grid > .kadence-column434_811fd4-d9, .kt-row-column-wrap.kt-mobile-layout-row > .kadence-column434_811fd4-d9{order:2;}}<\/style>\n<div class=\"wp-block-kadence-column kadence-column434_811fd4-d9\"><div class=\"kt-inside-inner-col\"><style>.kb-image434_00af62-91 .kb-image-has-overlay:after{opacity:0.3;}<\/style>\n<figure class=\"wp-block-kadence-image kb-image434_00af62-91 size-large\"><img decoding=\"async\" width=\"663\" height=\"1024\" src=\"https:\/\/aq.dot2.pl\/wp-content\/uploads\/2020\/04\/Serail-Bath-002-663x1024.jpg\" alt=\"\" class=\"kb-img wp-image-1241\" srcset=\"https:\/\/aq.dot2.pl\/wp-content\/uploads\/2020\/04\/Serail-Bath-002-663x1024.jpg 663w, https:\/\/aq.dot2.pl\/wp-content\/uploads\/2020\/04\/Serail-Bath-002-194x300.jpg 194w, https:\/\/aq.dot2.pl\/wp-content\/uploads\/2020\/04\/Serail-Bath-002-768x1186.jpg 768w, https:\/\/aq.dot2.pl\/wp-content\/uploads\/2020\/04\/Serail-Bath-002-995x1536.jpg 995w, https:\/\/aq.dot2.pl\/wp-content\/uploads\/2020\/04\/Serail-Bath-002.jpg 1000w\" sizes=\"(max-width: 663px) 100vw, 663px\" \/><\/figure>\n<\/div><\/div>\n\n\n<style>.kadence-column434_b3961f-1f > .kt-inside-inner-col{display:flex;}.kadence-column434_b3961f-1f > .kt-inside-inner-col{padding-top:var(--global-kb-spacing-lg, 3rem);padding-right:var(--global-kb-spacing-lg, 3rem);padding-left:var(--global-kb-spacing-md, 2rem);}.kadence-column434_b3961f-1f > .kt-inside-inner-col{min-height:500px;}.kadence-column434_b3961f-1f > .kt-inside-inner-col,.kadence-column434_b3961f-1f > .kt-inside-inner-col:before{border-top-left-radius:6px;border-top-right-radius:6px;border-bottom-right-radius:6px;border-bottom-left-radius:6px;}.kadence-column434_b3961f-1f > .kt-inside-inner-col{column-gap:var(--global-kb-gap-sm, 1rem);}.kadence-column434_b3961f-1f > .kt-inside-inner-col{flex-direction:column;justify-content:center;}.kadence-column434_b3961f-1f > .kt-inside-inner-col > .aligncenter{width:100%;}.kt-row-column-wrap > .kadence-column434_b3961f-1f{align-self:center;}.kt-inner-column-height-full:not(.kt-has-1-columns) > .wp-block-kadence-column.kadence-column434_b3961f-1f{align-self:auto;}.kt-inner-column-height-full:not(.kt-has-1-columns) > .wp-block-kadence-column.kadence-column434_b3961f-1f > .kt-inside-inner-col{flex-direction:column;justify-content:center;}.kadence-column434_b3961f-1f > .kt-inside-inner-col:before{opacity:0.3;}.kadence-column434_b3961f-1f{position:relative;}@media all and (max-width: 1024px){.kt-row-column-wrap > .kadence-column434_b3961f-1f{align-self:center;}}@media all and (max-width: 1024px){.kt-inner-column-height-full:not(.kt-has-1-columns) > .wp-block-kadence-column.kadence-column434_b3961f-1f{align-self:auto;}}@media all and (max-width: 1024px){.kt-inner-column-height-full:not(.kt-has-1-columns) > .wp-block-kadence-column.kadence-column434_b3961f-1f > .kt-inside-inner-col{flex-direction:column;justify-content:center;}}@media all and (max-width: 1024px){.kt-row-column-wrap.kt-tab-layout-three-grid > .kadence-column434_b3961f-1f, .kt-row-column-wrap.kt-tab-layout-two-grid > .kadence-column434_b3961f-1f, .kt-row-column-wrap.kt-tab-layout-row > .kadence-column434_b3961f-1f{order:2;}}@media all and (max-width: 1024px){.kadence-column434_b3961f-1f > .kt-inside-inner-col{flex-direction:column;justify-content:center;}}@media all and (max-width: 767px){.kadence-column434_b3961f-1f > .kt-inside-inner-col{padding-top:var(--global-kb-spacing-xl, 4rem);padding-bottom:var(--global-kb-spacing-md, 2rem);min-height:200px;flex-direction:column;justify-content:center;}.kt-row-column-wrap > .kadence-column434_b3961f-1f{align-self:center;}.kt-inner-column-height-full:not(.kt-has-1-columns) > .wp-block-kadence-column.kadence-column434_b3961f-1f{align-self:auto;}.kt-inner-column-height-full:not(.kt-has-1-columns) > .wp-block-kadence-column.kadence-column434_b3961f-1f > .kt-inside-inner-col{flex-direction:column;justify-content:center;}.kt-row-column-wrap.kt-mobile-layout-three-grid > .kadence-column434_b3961f-1f, .kt-row-column-wrap.kt-mobile-layout-two-grid > .kadence-column434_b3961f-1f, .kt-row-column-wrap.kt-mobile-layout-row > .kadence-column434_b3961f-1f{order:2;}}<\/style>\n<div class=\"wp-block-kadence-column kadence-column434_b3961f-1f stylowane\"><div class=\"kt-inside-inner-col\"><style>.wp-block-kadence-advancedheading.kt-adv-heading434_a9d4c2-9a, .wp-block-kadence-advancedheading.kt-adv-heading434_a9d4c2-9a[data-kb-block=\"kb-adv-heading434_a9d4c2-9a\"]{font-style:normal;}.wp-block-kadence-advancedheading.kt-adv-heading434_a9d4c2-9a mark.kt-highlight, .wp-block-kadence-advancedheading.kt-adv-heading434_a9d4c2-9a[data-kb-block=\"kb-adv-heading434_a9d4c2-9a\"] mark.kt-highlight{font-style:normal;color:#f76a0c;-webkit-box-decoration-break:clone;box-decoration-break:clone;padding-top:0px;padding-right:0px;padding-bottom:0px;padding-left:0px;}.wp-block-kadence-advancedheading.kt-adv-heading434_a9d4c2-9a img.kb-inline-image, .wp-block-kadence-advancedheading.kt-adv-heading434_a9d4c2-9a[data-kb-block=\"kb-adv-heading434_a9d4c2-9a\"] img.kb-inline-image{width:150px;vertical-align:baseline;}<\/style>\n<h2 class=\"kt-adv-heading434_a9d4c2-9a wp-block-kadence-advancedheading\" data-kb-block=\"kb-adv-heading434_a9d4c2-9a\">Features<\/h2>\n\n\n\n<ul class=\"wp-block-list\">\n<li>a place to relax and unwind<\/li>\n\n\n\n<li>temperature 45\u00b0C, humidity 100%<\/li>\n\n\n\n<li>room climate: humid<\/li>\n\n\n\n<li>ensures that the body is cleansed of toxins<\/li>\n\n\n\n<li>enhances the absorption of nutrients, moisturising and regenerating substances<\/li>\n\n\n\n<li>ideal for people suffering from regular muscular-articular pains or dermatitis<\/li>\n\n\n\n<li>not recommended for people with cardiovascular problems or infections<\/li>\n<\/ul>\n\n\n\n<p>Possibility to use the sauna upon prior reservation. An additional charge applies according to the price list of spa treatments.<\/p>\n<\/div><\/div>\n\n<\/div><\/div>","protected":false},"excerpt":{"rendered":"<p>Serail Bath Ciep\u0142o w saunie wp\u0142ywa relaksuj\u0105co na ca\u0142e cia\u0142o. Wp\u0142ywa na mechanizmy obronne organizmu, usprawnia kr\u0105\u017cenie krwi, zapobiega rozwijaniu si\u0119 infekcji bakteryjnych i wirusowych. Pobyt w Serail Bath niesie za sob\u0105 wiele korzy\u015bci zdrowotnych. Podstawow\u0105 jest korzystny wp\u0142yw na sfer\u0119 psychiczn\u0105 czyli poprawa samopoczucia. Po zako\u0144czonym zabiegu natychmiast odczuwa si\u0119 rozlu\u017anienie i pozbycie si\u0119&#8230;<\/p>","protected":false},"author":1,"featured_media":1240,"parent":565,"menu_order":0,"comment_status":"closed","ping_status":"closed","template":"","meta":{"_acf_changed":false,"_kad_blocks_custom_css":"","_kad_blocks_head_custom_js":"","_kad_blocks_body_custom_js":"","_kad_blocks_footer_custom_js":"","_kad_post_transparent":"","_kad_post_title":"","_kad_post_layout":"","_kad_post_sidebar_id":"","_kad_post_content_style":"","_kad_post_vertical_padding":"","_kad_post_feature":"","_kad_post_feature_position":"","_kad_post_header":false,"_kad_post_footer":false,"_kad_post_classname":"","footnotes":""},"dzial":[10],"class_list":["post-434","page","type-page","status-publish","has-post-thumbnail","hentry","dzial-sauny"],"acf":[],"taxonomy_info":{"dzial":[{"value":10,"label":"Sauny"}]},"featured_image_src_large":["https:\/\/aq.dot2.pl\/wp-content\/uploads\/2020\/04\/Serail-Bath-001.jpg",1000,665,false],"author_info":{"display_name":"admin","author_link":"https:\/\/aq.dot2.pl\/en\/author\/admin\/"},"comment_info":0,"_links":{"self":[{"href":"https:\/\/aq.dot2.pl\/en\/wp-json\/wp\/v2\/pages\/434","targetHints":{"allow":["GET"]}}],"collection":[{"href":"https:\/\/aq.dot2.pl\/en\/wp-json\/wp\/v2\/pages"}],"about":[{"href":"https:\/\/aq.dot2.pl\/en\/wp-json\/wp\/v2\/types\/page"}],"author":[{"embeddable":true,"href":"https:\/\/aq.dot2.pl\/en\/wp-json\/wp\/v2\/users\/1"}],"replies":[{"embeddable":true,"href":"https:\/\/aq.dot2.pl\/en\/wp-json\/wp\/v2\/comments?post=434"}],"version-history":[{"count":0,"href":"https:\/\/aq.dot2.pl\/en\/wp-json\/wp\/v2\/pages\/434\/revisions"}],"up":[{"embeddable":true,"href":"https:\/\/aq.dot2.pl\/en\/wp-json\/wp\/v2\/pages\/565"}],"wp:featuredmedia":[{"embeddable":true,"href":"https:\/\/aq.dot2.pl\/en\/wp-json\/wp\/v2\/media\/1240"}],"wp:attachment":[{"href":"https:\/\/aq.dot2.pl\/en\/wp-json\/wp\/v2\/media?parent=434"}],"wp:term":[{"taxonomy":"dzial","embeddable":true,"href":"https:\/\/aq.dot2.pl\/en\/wp-json\/wp\/v2\/dzial?post=434"}],"curies":[{"name":"wp","href":"https:\/\/api.w.org\/{rel}","templated":true}]}}