{"id":520,"date":"2020-03-26T10:07:00","date_gmt":"2020-03-26T09:07:00","guid":{"rendered":"http:\/\/aquaparksopot.pl\/\/?page_id=520"},"modified":"2026-01-05T10:14:51","modified_gmt":"2026-01-05T09:14:51","slug":"kariera","status":"publish","type":"page","link":"https:\/\/aq.dot2.pl\/en\/kariera\/","title":{"rendered":"Career"},"content":{"rendered":"<p><strong>We are looking for an energetic and smiling person to work in a fast food bar.<\/strong><\/p>\n\n\n\n<p><strong><em>email:&nbsp;<a href=\"mailto:sokolowskam@aquaparksopot.pl\">praca@aquaparksopot.pl<\/a><\/em><\/strong><\/p>\n\n\n\n<p><strong><em>Tel: 58 555 85 50<\/em><\/strong><\/p>\n\n\n\n<p>What will be your responsibilities?<br>- guest services (food and beverage sales)<br>- cash register operation<br>- maintaining order in the catering area (bar, tables)<\/p>\n\n\n\n<p>What do we require?<br>- tests for sanitary-epidemiological purposes<br>- availability<br>- efficient organisation of working time<br>- positive disposition and dynamic personality<\/p>\n\n\n\n<hr class=\"wp-block-separator has-alpha-channel-opacity\"\/>\n\n\n\n<p><strong>We are looking for an energetic and smiling person to work at the cash registers.<\/strong><\/p>\n\n\n\n<p><strong><em>email:&nbsp;<a href=\"mailto:sokolowskam@aquaparksopot.pl\">praca@aquaparksopot.pl<\/a><\/em><\/strong><\/p>\n\n\n\n<p><strong><em>Tel: 58 555 85 50<\/em><\/strong><br>What will be your responsibilities?<br>- Guest services (sale of tickets, vouchers, etc.).<br>- cash register operation<br>- maintaining order in the cashier area<\/p>\n\n\n\n<p>What do we require?<br>- availability<br>- efficient organisation of working time<br>- positive disposition and dynamic personality<\/p>\n\n\n\n<hr class=\"wp-block-separator has-alpha-channel-opacity\"\/>\n\n\n\n<p><strong>We are looking for a Cleaning Service Worker<\/strong><\/p>\n\n\n\n<p><strong><em>email:&nbsp;<a href=\"mailto:sokolowskam@aquaparksopot.pl\">praca@aquaparksopot.pl<\/a><\/em><\/strong><\/p>\n\n\n\n<p><strong><em>Tel: 58 555 85 50<\/em><\/strong><\/p>\n\n\n\n<p>Responsibilities:<br>- Cleaning of passageways, toilets, hygiene and sanitary facilities, stairwell,<br>- Replacing and replenishing personal hygiene items in the toilets,<br>- reporting of faults occurring on the site,<\/p>\n\n\n\n<p>We expect:<br>- commitment, high personal culture, courtesy,<br>- accuracy and conscientiousness in the performance of assigned tasks,<br>- availability and willingness to work shifts,<\/p>\n\n\n\n<p>We offer:<br>- full cleaning service equipment including clothing,<br>- cleaning tools, trolley, cleaning products,<\/p>","protected":false},"excerpt":{"rendered":"<p>Poszukujemy energicznej i u\u015bmiechni\u0119tej osoby do pracy w barze szybkiej obs\u0142ugi. email:&nbsp;praca@aquaparksopot.pl tel.: 58 555 85 50 Co b\u0119dzie nale\u017ce\u0107 do Twoich obowi\u0105zk\u00f3w?\u2013 obs\u0142uga go\u015bci (sprzeda\u017c posi\u0142k\u00f3w i napoj\u00f3w)\u2013 obs\u0142uga kasy fiskalnej\u2013 dbanie o porz\u0105dek w strefie gastronomicznej (bar, stoliki) Czego wymagamy?\u2013 badania do cel\u00f3w sanitarno-epidemiologicznych\u2013 dyspozycyjno\u015b\u0107\u2013 sprawna organizacja czasu pracy\u2013 pozytywne usposobienie i dynamiczna&#8230;<\/p>","protected":false},"author":1,"featured_media":0,"parent":0,"menu_order":0,"comment_status":"closed","ping_status":"closed","template":"","meta":{"_acf_changed":false,"_kad_blocks_custom_css":"","_kad_blocks_head_custom_js":"","_kad_blocks_body_custom_js":"","_kad_blocks_footer_custom_js":"","_kad_post_transparent":"","_kad_post_title":"","_kad_post_layout":"","_kad_post_sidebar_id":"","_kad_post_content_style":"","_kad_post_vertical_padding":"","_kad_post_feature":"","_kad_post_feature_position":"","_kad_post_header":false,"_kad_post_footer":false,"_kad_post_classname":"","footnotes":""},"dzial":[],"class_list":["post-520","page","type-page","status-publish","hentry"],"acf":[],"taxonomy_info":[],"featured_image_src_large":false,"author_info":{"display_name":"admin","author_link":"https:\/\/aq.dot2.pl\/en\/author\/admin\/"},"comment_info":0,"_links":{"self":[{"href":"https:\/\/aq.dot2.pl\/en\/wp-json\/wp\/v2\/pages\/520","targetHints":{"allow":["GET"]}}],"collection":[{"href":"https:\/\/aq.dot2.pl\/en\/wp-json\/wp\/v2\/pages"}],"about":[{"href":"https:\/\/aq.dot2.pl\/en\/wp-json\/wp\/v2\/types\/page"}],"author":[{"embeddable":true,"href":"https:\/\/aq.dot2.pl\/en\/wp-json\/wp\/v2\/users\/1"}],"replies":[{"embeddable":true,"href":"https:\/\/aq.dot2.pl\/en\/wp-json\/wp\/v2\/comments?post=520"}],"version-history":[{"count":0,"href":"https:\/\/aq.dot2.pl\/en\/wp-json\/wp\/v2\/pages\/520\/revisions"}],"wp:attachment":[{"href":"https:\/\/aq.dot2.pl\/en\/wp-json\/wp\/v2\/media?parent=520"}],"wp:term":[{"taxonomy":"dzial","embeddable":true,"href":"https:\/\/aq.dot2.pl\/en\/wp-json\/wp\/v2\/dzial?post=520"}],"curies":[{"name":"wp","href":"https:\/\/api.w.org\/{rel}","templated":true}]}}