{"id":544,"date":"2020-03-26T10:52:52","date_gmt":"2020-03-26T09:52:52","guid":{"rendered":"http:\/\/aquaparksopot.pl\/\/?page_id=544"},"modified":"2025-12-26T11:09:37","modified_gmt":"2025-12-26T10:09:37","slug":"jak-korzystac","status":"publish","type":"page","link":"https:\/\/aq.dot2.pl\/en\/sauny-spa\/sauny\/jak-korzystac\/","title":{"rendered":"How to use the saunas?"},"content":{"rendered":"<style>.kb-row-layout-id544_83b0cc-95 > .kt-row-column-wrap{align-content:start;}:where(.kb-row-layout-id544_83b0cc-95 > .kt-row-column-wrap) > .wp-block-kadence-column{justify-content:start;}.kb-row-layout-id544_83b0cc-95 > .kt-row-column-wrap{column-gap:var(--global-kb-gap-none, 0rem );row-gap:var(--global-kb-gap-md, 2rem);max-width:var( --global-content-width, 1590px );padding-left:var(--global-content-edge-padding);padding-right:var(--global-content-edge-padding);padding-top:0px;padding-bottom:var(--global-kb-spacing-sm, 1.5rem);grid-template-columns:repeat(2, minmax(0, 1fr));}.kb-row-layout-id544_83b0cc-95 > .kt-row-layout-overlay{opacity:0.30;}@media all and (max-width: 1024px){.kb-row-layout-id544_83b0cc-95 > .kt-row-column-wrap{grid-template-columns:repeat(2, minmax(0, 1fr));}}@media all and (max-width: 767px){.kb-row-layout-id544_83b0cc-95 > .kt-row-column-wrap{grid-template-columns:minmax(0, 1fr);}}<\/style><div class=\"kb-row-layout-wrap kb-row-layout-id544_83b0cc-95 alignnone hero wp-block-kadence-rowlayout\"><div class=\"kt-row-column-wrap kt-has-2-columns kt-row-layout-equal kt-tab-layout-inherit kt-mobile-layout-row kt-row-valign-top kb-theme-content-width\">\n<style>.kadence-column544_ee6b4d-1e > .kt-inside-inner-col{display:flex;}.kadence-column544_ee6b4d-1e > .kt-inside-inner-col{padding-top:var(--global-kb-spacing-xxl, 5rem);padding-right:var(--global-kb-spacing-lg, 3rem);padding-bottom:var(--global-kb-spacing-lg, 3rem);padding-left:var(--global-kb-spacing-md, 2rem);}.kadence-column544_ee6b4d-1e > .kt-inside-inner-col{min-height:500px;}.kadence-column544_ee6b4d-1e > .kt-inside-inner-col,.kadence-column544_ee6b4d-1e > .kt-inside-inner-col:before{border-top-left-radius:6px;border-top-right-radius:6px;border-bottom-right-radius:6px;border-bottom-left-radius:6px;}.kadence-column544_ee6b4d-1e > .kt-inside-inner-col{column-gap:var(--global-kb-gap-sm, 1rem);}.kadence-column544_ee6b4d-1e > .kt-inside-inner-col{flex-direction:column;justify-content:center;}.kadence-column544_ee6b4d-1e > .kt-inside-inner-col > .aligncenter{width:100%;}.kt-row-column-wrap > .kadence-column544_ee6b4d-1e{align-self:center;}.kt-inner-column-height-full:not(.kt-has-1-columns) > .wp-block-kadence-column.kadence-column544_ee6b4d-1e{align-self:auto;}.kt-inner-column-height-full:not(.kt-has-1-columns) > .wp-block-kadence-column.kadence-column544_ee6b4d-1e > .kt-inside-inner-col{flex-direction:column;justify-content:center;}.kadence-column544_ee6b4d-1e > .kt-inside-inner-col:before{opacity:0.3;}.kadence-column544_ee6b4d-1e{position:relative;}@media all and (max-width: 1024px){.kt-row-column-wrap > .kadence-column544_ee6b4d-1e{align-self:center;}}@media all and (max-width: 1024px){.kt-inner-column-height-full:not(.kt-has-1-columns) > .wp-block-kadence-column.kadence-column544_ee6b4d-1e{align-self:auto;}}@media all and (max-width: 1024px){.kt-inner-column-height-full:not(.kt-has-1-columns) > .wp-block-kadence-column.kadence-column544_ee6b4d-1e > .kt-inside-inner-col{flex-direction:column;justify-content:center;}}@media all and (max-width: 1024px){.kt-row-column-wrap.kt-tab-layout-three-grid > .kadence-column544_ee6b4d-1e, .kt-row-column-wrap.kt-tab-layout-two-grid > .kadence-column544_ee6b4d-1e, .kt-row-column-wrap.kt-tab-layout-row > .kadence-column544_ee6b4d-1e{order:2;}}@media all and (max-width: 1024px){.kadence-column544_ee6b4d-1e > .kt-inside-inner-col{flex-direction:column;justify-content:center;}}@media all and (max-width: 767px){.kadence-column544_ee6b4d-1e > .kt-inside-inner-col{padding-top:var(--global-kb-spacing-xl, 4rem);padding-bottom:var(--global-kb-spacing-md, 2rem);min-height:200px;flex-direction:column;justify-content:center;}.kt-row-column-wrap > .kadence-column544_ee6b4d-1e{align-self:center;}.kt-inner-column-height-full:not(.kt-has-1-columns) > .wp-block-kadence-column.kadence-column544_ee6b4d-1e{align-self:auto;}.kt-inner-column-height-full:not(.kt-has-1-columns) > .wp-block-kadence-column.kadence-column544_ee6b4d-1e > .kt-inside-inner-col{flex-direction:column;justify-content:center;}.kt-row-column-wrap.kt-mobile-layout-three-grid > .kadence-column544_ee6b4d-1e, .kt-row-column-wrap.kt-mobile-layout-two-grid > .kadence-column544_ee6b4d-1e, .kt-row-column-wrap.kt-mobile-layout-row > .kadence-column544_ee6b4d-1e{order:2;}}<\/style>\n<div class=\"wp-block-kadence-column kadence-column544_ee6b4d-1e hero-left\"><div class=\"kt-inside-inner-col\"><style>.wp-block-kadence-advancedheading.kt-adv-heading544_799c6f-ca, .wp-block-kadence-advancedheading.kt-adv-heading544_799c6f-ca[data-kb-block=\"kb-adv-heading544_799c6f-ca\"]{text-align:left;font-style:normal;}.wp-block-kadence-advancedheading.kt-adv-heading544_799c6f-ca mark.kt-highlight, .wp-block-kadence-advancedheading.kt-adv-heading544_799c6f-ca[data-kb-block=\"kb-adv-heading544_799c6f-ca\"] mark.kt-highlight{font-style:normal;color:#f76a0c;-webkit-box-decoration-break:clone;box-decoration-break:clone;padding-top:0px;padding-right:0px;padding-bottom:0px;padding-left:0px;}.wp-block-kadence-advancedheading.kt-adv-heading544_799c6f-ca img.kb-inline-image, .wp-block-kadence-advancedheading.kt-adv-heading544_799c6f-ca[data-kb-block=\"kb-adv-heading544_799c6f-ca\"] img.kb-inline-image{width:150px;vertical-align:baseline;}<\/style>\n<h1 class=\"kt-adv-heading544_799c6f-ca wp-block-kadence-advancedheading\" data-kb-block=\"kb-adv-heading544_799c6f-ca\">How to use the saunas?<\/h1>\n\n\n\n<p>Entry to the Aqua Spa is for adults only.<br>The sauna area is a sex-free area where you stay without any clothes, swimsuit, underwear or shorts. When using the sauna area you should expect to be naked or incompletely dressed.<\/p>\n\n\n\n<p>The relaxation area and the public area (reception area, terrace) are not areas of nudity. The use of these areas takes place only in the sauna attire intended for this purpose (such as towel, stocking, pareo, kilt, dressing gown).<\/p>\n\n\n\n<p>In the dry saunas and steam saunas you may only stay naked or in the sauna suit intended for this purpose. Before entering the dry saunas or steam saunas, it is absolutely necessary to remove your slippers.When using dry saunas, it is necessary to spread your towel so that no part of your body (including your feet) comes into contact with the wooden surface of the benches or greting on the floor while you are in the sauna (after taking a seat: sitting or lying down). When using the dry saunas, it is forbidden to wear sauna clothing previously used in the steam saunas (steam bath, caldarium, serail bath).<\/p>\n<\/div><\/div>\n\n\n<style>.kadence-column544_4f6287-22 > .kt-inside-inner-col{box-shadow:0px 0px 14px 0px rgba(0, 0, 0, 0.2);border-top:8px solid var(--global-palette9, #ffffff);border-right:8px solid var(--global-palette9, #ffffff);border-bottom:8px solid var(--global-palette9, #ffffff);border-left:8px solid var(--global-palette9, #ffffff);}.kadence-column544_4f6287-22 > .kt-inside-inner-col,.kadence-column544_4f6287-22 > .kt-inside-inner-col:before{border-top-left-radius:6px;border-top-right-radius:6px;border-bottom-right-radius:6px;border-bottom-left-radius:6px;}.kadence-column544_4f6287-22 > .kt-inside-inner-col{column-gap:var(--global-kb-gap-sm, 1rem);}.kadence-column544_4f6287-22 > .kt-inside-inner-col{flex-direction:column;}.kadence-column544_4f6287-22 > .kt-inside-inner-col > .aligncenter{width:100%;}.kadence-column544_4f6287-22 > .kt-inside-inner-col:before{opacity:0.3;}.kadence-column544_4f6287-22{position:relative;}.kadence-column544_4f6287-22, .kt-inside-inner-col > .kadence-column544_4f6287-22:not(.specificity){margin-top:40px;margin-left:-40px;}@media all and (max-width: 1024px){.kadence-column544_4f6287-22 > .kt-inside-inner-col{border-top:8px solid var(--global-palette9, #ffffff);border-right:8px solid var(--global-palette9, #ffffff);border-bottom:8px solid var(--global-palette9, #ffffff);border-left:8px solid var(--global-palette9, #ffffff);flex-direction:column;justify-content:center;}}@media all and (max-width: 767px){.kadence-column544_4f6287-22 > .kt-inside-inner-col{border-top:8px solid var(--global-palette9, #ffffff);border-right:8px solid var(--global-palette9, #ffffff);border-bottom:8px solid var(--global-palette9, #ffffff);border-left:8px solid var(--global-palette9, #ffffff);flex-direction:column;justify-content:center;}.kadence-column544_4f6287-22, .kt-inside-inner-col > .kadence-column544_4f6287-22:not(.specificity){margin-top:0px;margin-left:0px;}}<\/style>\n<div class=\"wp-block-kadence-column kadence-column544_4f6287-22 ramka_hero\"><div class=\"kt-inside-inner-col\"><style>.kb-image544_14369b-cd .kb-image-has-overlay:after{opacity:0.3;}<\/style>\n<figure class=\"wp-block-kadence-image kb-image544_14369b-cd size-full\"><img decoding=\"async\" width=\"1000\" height=\"667\" src=\"https:\/\/aq.dot2.pl\/wp-content\/uploads\/2020\/04\/Sauna-Nordic-004.jpg\" alt=\"\" class=\"kb-img wp-image-1249\" srcset=\"https:\/\/aq.dot2.pl\/wp-content\/uploads\/2020\/04\/Sauna-Nordic-004.jpg 1000w, https:\/\/aq.dot2.pl\/wp-content\/uploads\/2020\/04\/Sauna-Nordic-004-300x200.jpg 300w, https:\/\/aq.dot2.pl\/wp-content\/uploads\/2020\/04\/Sauna-Nordic-004-768x512.jpg 768w\" sizes=\"(max-width: 1000px) 100vw, 1000px\" \/><\/figure>\n<\/div><\/div>\n\n<\/div><\/div>","protected":false},"excerpt":{"rendered":"<p>Jak korzysta\u0107 z saun? Wst\u0119p do Aqua Spa maj\u0105 tylko osoby pe\u0142noletnie.Strefa saun jest stref\u0105 beztekstyln\u0105, w kt\u00f3rej przebywa si\u0119 bez ubrania, stroju k\u0105pielowego, bielizny lub szort\u00f3w. Korzystaj\u0105c ze strefy saun nale\u017cy liczy\u0107 si\u0119 z tym, \u017ce b\u0119d\u0105 w niej przebywa\u0107 osoby nagie lub niekompletnie ubrane. Strefa wypoczynkowa i strefa og\u00f3lnodost\u0119pna (strefa recepcyjna, taras) nie&#8230;<\/p>","protected":false},"author":1,"featured_media":1076,"parent":565,"menu_order":0,"comment_status":"closed","ping_status":"closed","template":"","meta":{"_acf_changed":false,"_kad_blocks_custom_css":"","_kad_blocks_head_custom_js":"","_kad_blocks_body_custom_js":"","_kad_blocks_footer_custom_js":"","_kad_post_transparent":"","_kad_post_title":"","_kad_post_layout":"","_kad_post_sidebar_id":"","_kad_post_content_style":"","_kad_post_vertical_padding":"","_kad_post_feature":"","_kad_post_feature_position":"","_kad_post_header":false,"_kad_post_footer":false,"_kad_post_classname":"","footnotes":""},"dzial":[10],"class_list":["post-544","page","type-page","status-publish","has-post-thumbnail","hentry","dzial-sauny"],"acf":[],"taxonomy_info":{"dzial":[{"value":10,"label":"Sauny"}]},"featured_image_src_large":["https:\/\/aq.dot2.pl\/wp-content\/uploads\/2020\/04\/finnish_3-scaled-1-1024x683.jpg",1024,683,true],"author_info":{"display_name":"admin","author_link":"https:\/\/aq.dot2.pl\/en\/author\/admin\/"},"comment_info":0,"_links":{"self":[{"href":"https:\/\/aq.dot2.pl\/en\/wp-json\/wp\/v2\/pages\/544","targetHints":{"allow":["GET"]}}],"collection":[{"href":"https:\/\/aq.dot2.pl\/en\/wp-json\/wp\/v2\/pages"}],"about":[{"href":"https:\/\/aq.dot2.pl\/en\/wp-json\/wp\/v2\/types\/page"}],"author":[{"embeddable":true,"href":"https:\/\/aq.dot2.pl\/en\/wp-json\/wp\/v2\/users\/1"}],"replies":[{"embeddable":true,"href":"https:\/\/aq.dot2.pl\/en\/wp-json\/wp\/v2\/comments?post=544"}],"version-history":[{"count":0,"href":"https:\/\/aq.dot2.pl\/en\/wp-json\/wp\/v2\/pages\/544\/revisions"}],"up":[{"embeddable":true,"href":"https:\/\/aq.dot2.pl\/en\/wp-json\/wp\/v2\/pages\/565"}],"wp:featuredmedia":[{"embeddable":true,"href":"https:\/\/aq.dot2.pl\/en\/wp-json\/wp\/v2\/media\/1076"}],"wp:attachment":[{"href":"https:\/\/aq.dot2.pl\/en\/wp-json\/wp\/v2\/media?parent=544"}],"wp:term":[{"taxonomy":"dzial","embeddable":true,"href":"https:\/\/aq.dot2.pl\/en\/wp-json\/wp\/v2\/dzial?post=544"}],"curies":[{"name":"wp","href":"https:\/\/api.w.org\/{rel}","templated":true}]}}