{"id":6719,"date":"2023-06-26T07:29:10","date_gmt":"2023-06-26T05:29:10","guid":{"rendered":"http:\/\/aquaparksopot.pl\/?page_id=6719"},"modified":"2025-12-25T11:44:05","modified_gmt":"2025-12-25T10:44:05","slug":"pakiety-spa-3","status":"publish","type":"page","link":"https:\/\/aq.dot2.pl\/en\/pakiety-spa-3\/","title":{"rendered":"Spa packages"},"content":{"rendered":"<style>.kb-row-layout-id6719_a8c7e8-32 > .kt-row-column-wrap{align-content:center;}:where(.kb-row-layout-id6719_a8c7e8-32 > .kt-row-column-wrap) > .wp-block-kadence-column{justify-content:center;}.kb-row-layout-id6719_a8c7e8-32 > .kt-row-column-wrap{column-gap:var(--global-kb-gap-none, 0rem );row-gap:var(--global-kb-gap-md, 2rem);max-width:var( --global-content-width, 1590px );padding-left:var(--global-content-edge-padding);padding-right:var(--global-content-edge-padding);padding-top:0px;padding-bottom:var(--global-kb-spacing-sm, 1.5rem);grid-template-columns:repeat(2, minmax(0, 1fr));}.kb-row-layout-id6719_a8c7e8-32 > .kt-row-layout-overlay{opacity:0.30;}@media all and (max-width: 1024px){.kb-row-layout-id6719_a8c7e8-32 > .kt-row-column-wrap{grid-template-columns:repeat(2, minmax(0, 1fr));}}@media all and (max-width: 767px){.kb-row-layout-id6719_a8c7e8-32 > .kt-row-column-wrap{grid-template-columns:minmax(0, 1fr);}}<\/style><div class=\"kb-row-layout-wrap kb-row-layout-id6719_a8c7e8-32 alignnone hero wp-block-kadence-rowlayout\"><div class=\"kt-row-column-wrap kt-has-2-columns kt-row-layout-equal kt-tab-layout-inherit kt-mobile-layout-row kt-row-valign-middle kb-theme-content-width\">\n<style>.kadence-column6719_53402f-b4 > .kt-inside-inner-col{display:flex;}.kadence-column6719_53402f-b4 > .kt-inside-inner-col{padding-top:var(--global-kb-spacing-xxl, 5rem);padding-right:var(--global-kb-spacing-lg, 3rem);padding-bottom:var(--global-kb-spacing-lg, 3rem);padding-left:var(--global-kb-spacing-md, 2rem);}.kadence-column6719_53402f-b4 > .kt-inside-inner-col{min-height:500px;}.kadence-column6719_53402f-b4 > .kt-inside-inner-col,.kadence-column6719_53402f-b4 > .kt-inside-inner-col:before{border-top-left-radius:6px;border-top-right-radius:6px;border-bottom-right-radius:6px;border-bottom-left-radius:6px;}.kadence-column6719_53402f-b4 > .kt-inside-inner-col{column-gap:var(--global-kb-gap-sm, 1rem);}.kadence-column6719_53402f-b4 > .kt-inside-inner-col{flex-direction:column;justify-content:center;}.kadence-column6719_53402f-b4 > .kt-inside-inner-col > .aligncenter{width:100%;}.kt-row-column-wrap > .kadence-column6719_53402f-b4{align-self:center;}.kt-inner-column-height-full:not(.kt-has-1-columns) > .wp-block-kadence-column.kadence-column6719_53402f-b4{align-self:auto;}.kt-inner-column-height-full:not(.kt-has-1-columns) > .wp-block-kadence-column.kadence-column6719_53402f-b4 > .kt-inside-inner-col{flex-direction:column;justify-content:center;}.kadence-column6719_53402f-b4 > .kt-inside-inner-col:before{opacity:0.3;}.kadence-column6719_53402f-b4{position:relative;}@media all and (max-width: 1024px){.kt-row-column-wrap > .kadence-column6719_53402f-b4{align-self:center;}}@media all and (max-width: 1024px){.kt-inner-column-height-full:not(.kt-has-1-columns) > .wp-block-kadence-column.kadence-column6719_53402f-b4{align-self:auto;}}@media all and (max-width: 1024px){.kt-inner-column-height-full:not(.kt-has-1-columns) > .wp-block-kadence-column.kadence-column6719_53402f-b4 > .kt-inside-inner-col{flex-direction:column;justify-content:center;}}@media all and (max-width: 1024px){.kt-row-column-wrap.kt-tab-layout-three-grid > .kadence-column6719_53402f-b4, .kt-row-column-wrap.kt-tab-layout-two-grid > .kadence-column6719_53402f-b4, .kt-row-column-wrap.kt-tab-layout-row > .kadence-column6719_53402f-b4{order:2;}}@media all and (max-width: 1024px){.kadence-column6719_53402f-b4 > .kt-inside-inner-col{flex-direction:column;justify-content:center;}}@media all and (max-width: 767px){.kadence-column6719_53402f-b4 > .kt-inside-inner-col{padding-top:var(--global-kb-spacing-xl, 4rem);padding-bottom:var(--global-kb-spacing-md, 2rem);min-height:200px;flex-direction:column;justify-content:center;}.kt-row-column-wrap > .kadence-column6719_53402f-b4{align-self:center;}.kt-inner-column-height-full:not(.kt-has-1-columns) > .wp-block-kadence-column.kadence-column6719_53402f-b4{align-self:auto;}.kt-inner-column-height-full:not(.kt-has-1-columns) > .wp-block-kadence-column.kadence-column6719_53402f-b4 > .kt-inside-inner-col{flex-direction:column;justify-content:center;}.kt-row-column-wrap.kt-mobile-layout-three-grid > .kadence-column6719_53402f-b4, .kt-row-column-wrap.kt-mobile-layout-two-grid > .kadence-column6719_53402f-b4, .kt-row-column-wrap.kt-mobile-layout-row > .kadence-column6719_53402f-b4{order:2;}}<\/style>\n<div class=\"wp-block-kadence-column kadence-column6719_53402f-b4 hero-left\"><div class=\"kt-inside-inner-col\"><style>.wp-block-kadence-advancedheading.kt-adv-heading6719_dfd984-13, .wp-block-kadence-advancedheading.kt-adv-heading6719_dfd984-13[data-kb-block=\"kb-adv-heading6719_dfd984-13\"]{font-style:normal;}.wp-block-kadence-advancedheading.kt-adv-heading6719_dfd984-13 mark.kt-highlight, .wp-block-kadence-advancedheading.kt-adv-heading6719_dfd984-13[data-kb-block=\"kb-adv-heading6719_dfd984-13\"] mark.kt-highlight{font-style:normal;color:#f76a0c;-webkit-box-decoration-break:clone;box-decoration-break:clone;padding-top:0px;padding-right:0px;padding-bottom:0px;padding-left:0px;}.wp-block-kadence-advancedheading.kt-adv-heading6719_dfd984-13 img.kb-inline-image, .wp-block-kadence-advancedheading.kt-adv-heading6719_dfd984-13[data-kb-block=\"kb-adv-heading6719_dfd984-13\"] img.kb-inline-image{width:150px;vertical-align:baseline;}<\/style>\n<h2 class=\"kt-adv-heading6719_dfd984-13 wp-block-kadence-advancedheading\" data-kb-block=\"kb-adv-heading6719_dfd984-13\"><strong>Booking:&nbsp;<\/strong><\/h2>\n\n\n\n<p>tel:&nbsp;<a href=\"tel:+48501194193\">+48 501 194 193<\/a><\/p>\n\n\n\n<p>tel:&nbsp;<a href=\"tel:+48503180055\">+48 503 180 055<\/a><\/p>\n\n\n\n<p>e-mail:&nbsp;<a href=\"mailto:sauny@aquaparksopot.pl\">sauny@aquaparksopot.pl<\/a><\/p>\n<\/div><\/div>\n\n\n<style>.kadence-column6719_f4d043-35 > .kt-inside-inner-col{box-shadow:0px 0px 14px 0px rgba(0, 0, 0, 0.2);border-top:8px solid var(--global-palette9, #ffffff);border-right:8px solid var(--global-palette9, #ffffff);border-bottom:8px solid var(--global-palette9, #ffffff);border-left:8px solid var(--global-palette9, #ffffff);}.kadence-column6719_f4d043-35 > .kt-inside-inner-col,.kadence-column6719_f4d043-35 > .kt-inside-inner-col:before{border-top-left-radius:6px;border-top-right-radius:6px;border-bottom-right-radius:6px;border-bottom-left-radius:6px;}.kadence-column6719_f4d043-35 > .kt-inside-inner-col{column-gap:var(--global-kb-gap-sm, 1rem);}.kadence-column6719_f4d043-35 > .kt-inside-inner-col{flex-direction:column;}.kadence-column6719_f4d043-35 > .kt-inside-inner-col > .aligncenter{width:100%;}.kadence-column6719_f4d043-35 > .kt-inside-inner-col:before{opacity:0.3;}.kadence-column6719_f4d043-35{position:relative;}.kadence-column6719_f4d043-35, .kt-inside-inner-col > .kadence-column6719_f4d043-35:not(.specificity){margin-top:40px;margin-left:-40px;}@media all and (max-width: 1024px){.kadence-column6719_f4d043-35 > .kt-inside-inner-col{border-top:8px solid var(--global-palette9, #ffffff);border-right:8px solid var(--global-palette9, #ffffff);border-bottom:8px solid var(--global-palette9, #ffffff);border-left:8px solid var(--global-palette9, #ffffff);flex-direction:column;justify-content:center;}}@media all and (max-width: 767px){.kadence-column6719_f4d043-35 > .kt-inside-inner-col{border-top:8px solid var(--global-palette9, #ffffff);border-right:8px solid var(--global-palette9, #ffffff);border-bottom:8px solid var(--global-palette9, #ffffff);border-left:8px solid var(--global-palette9, #ffffff);flex-direction:column;justify-content:center;}.kadence-column6719_f4d043-35, .kt-inside-inner-col > .kadence-column6719_f4d043-35:not(.specificity){margin-top:0px;margin-left:0px;}}<\/style>\n<div class=\"wp-block-kadence-column kadence-column6719_f4d043-35 ramka_hero\"><div class=\"kt-inside-inner-col\"><style>.kb-image6719_5c93e9-3e .kb-image-has-overlay:after{opacity:0.3;}<\/style>\n<figure class=\"wp-block-kadence-image kb-image6719_5c93e9-3e size-large\"><img decoding=\"async\" width=\"1024\" height=\"724\" src=\"https:\/\/spcdn.shortpixel.ai\/spio\/ret_img,q_cdnize,to_webp,s_webp\/aq.dot2.pl\/wp-content\/uploads\/2024\/03\/pakiety-spa-scaled-1-1024x724.jpg\" alt=\"\" class=\"kb-img wp-image-7733\" srcset=\"https:\/\/spcdn.shortpixel.ai\/spio\/ret_img,q_cdnize,to_webp,s_webp\/aq.dot2.pl\/wp-content\/uploads\/2024\/03\/pakiety-spa-scaled-1-1024x724.jpg 1024w, https:\/\/spcdn.shortpixel.ai\/spio\/ret_img,q_cdnize,to_webp,s_webp\/aq.dot2.pl\/wp-content\/uploads\/2024\/03\/pakiety-spa-scaled-1-300x212.jpg 300w, https:\/\/spcdn.shortpixel.ai\/spio\/ret_img,q_cdnize,to_webp,s_webp\/aq.dot2.pl\/wp-content\/uploads\/2024\/03\/pakiety-spa-scaled-1-768x543.jpg 768w, https:\/\/spcdn.shortpixel.ai\/spio\/ret_img,q_cdnize,to_webp,s_webp\/aq.dot2.pl\/wp-content\/uploads\/2024\/03\/pakiety-spa-scaled-1-1536x1086.jpg 1536w, https:\/\/spcdn.shortpixel.ai\/spio\/ret_img,q_cdnize,to_webp,s_webp\/aq.dot2.pl\/wp-content\/uploads\/2024\/03\/pakiety-spa-scaled-1.jpg 1980w\" sizes=\"(max-width: 1024px) 100vw, 1024px\" \/><\/figure>\n<\/div><\/div>\n\n<\/div><\/div>\n\n<style>.kb-row-layout-id6719_eb7e02-2d > .kt-row-column-wrap{align-content:start;}:where(.kb-row-layout-id6719_eb7e02-2d > .kt-row-column-wrap) > .wp-block-kadence-column{justify-content:start;}.kb-row-layout-id6719_eb7e02-2d > .kt-row-column-wrap{column-gap:var(--global-kb-gap-md, 2rem);row-gap:var(--global-kb-gap-md, 2rem);max-width:var( --global-content-width, 1590px );padding-left:var(--global-content-edge-padding);padding-right:var(--global-content-edge-padding);padding-top:var(--global-kb-spacing-sm, 1.5rem);padding-bottom:var(--global-kb-spacing-sm, 1.5rem);grid-template-columns:repeat(2, minmax(0, 1fr));}.kb-row-layout-id6719_eb7e02-2d > .kt-row-layout-overlay{opacity:0.30;}@media all and (max-width: 1024px){.kb-row-layout-id6719_eb7e02-2d > .kt-row-column-wrap{grid-template-columns:repeat(2, minmax(0, 1fr));}}@media all and (max-width: 767px){.kb-row-layout-id6719_eb7e02-2d > .kt-row-column-wrap{grid-template-columns:minmax(0, 1fr);}}<\/style><div class=\"kb-row-layout-wrap kb-row-layout-id6719_eb7e02-2d alignnone wp-block-kadence-rowlayout\"><div class=\"kt-row-column-wrap kt-has-2-columns kt-row-layout-equal kt-tab-layout-inherit kt-mobile-layout-row kt-row-valign-top kt-inner-column-height-full kb-theme-content-width\">\n<style>.kadence-column6719_f397ca-02 > .kt-inside-inner-col{padding-top:var(--global-kb-spacing-sm, 1.5rem);padding-right:var(--global-kb-spacing-sm, 1.5rem);padding-bottom:var(--global-kb-spacing-sm, 1.5rem);padding-left:var(--global-kb-spacing-sm, 1.5rem);}.kadence-column6719_f397ca-02 > .kt-inside-inner-col,.kadence-column6719_f397ca-02 > .kt-inside-inner-col:before{border-top-left-radius:10px;border-top-right-radius:10px;border-bottom-right-radius:10px;border-bottom-left-radius:10px;}.kadence-column6719_f397ca-02 > .kt-inside-inner-col{column-gap:var(--global-kb-gap-sm, 1rem);}.kadence-column6719_f397ca-02 > .kt-inside-inner-col{flex-direction:column;}.kadence-column6719_f397ca-02 > .kt-inside-inner-col > .aligncenter{width:100%;}.kadence-column6719_f397ca-02 > .kt-inside-inner-col{background-color:var(--global-palette8, #F7FAFC);}.kadence-column6719_f397ca-02 > .kt-inside-inner-col:before{opacity:0.3;}.kadence-column6719_f397ca-02{position:relative;}@media all and (max-width: 1024px){.kadence-column6719_f397ca-02 > .kt-inside-inner-col{flex-direction:column;justify-content:center;}}@media all and (max-width: 767px){.kadence-column6719_f397ca-02 > .kt-inside-inner-col{flex-direction:column;justify-content:center;}}<\/style>\n<div class=\"wp-block-kadence-column kadence-column6719_f397ca-02 stylowane\" data-aos=\"fade-up\" data-aos-once=\"true\"><div class=\"kt-inside-inner-col\"><style>.wp-block-kadence-advancedheading.kt-adv-heading6719_b30ae6-19, .wp-block-kadence-advancedheading.kt-adv-heading6719_b30ae6-19[data-kb-block=\"kb-adv-heading6719_b30ae6-19\"]{text-align:left;font-style:normal;}.wp-block-kadence-advancedheading.kt-adv-heading6719_b30ae6-19 mark.kt-highlight, .wp-block-kadence-advancedheading.kt-adv-heading6719_b30ae6-19[data-kb-block=\"kb-adv-heading6719_b30ae6-19\"] mark.kt-highlight{font-style:normal;color:#f76a0c;-webkit-box-decoration-break:clone;box-decoration-break:clone;padding-top:0px;padding-right:0px;padding-bottom:0px;padding-left:0px;}.wp-block-kadence-advancedheading.kt-adv-heading6719_b30ae6-19 img.kb-inline-image, .wp-block-kadence-advancedheading.kt-adv-heading6719_b30ae6-19[data-kb-block=\"kb-adv-heading6719_b30ae6-19\"] img.kb-inline-image{width:150px;vertical-align:baseline;}<\/style>\n<h3 class=\"kt-adv-heading6719_b30ae6-19 wp-block-kadence-advancedheading\" data-kb-block=\"kb-adv-heading6719_b30ae6-19\"><strong>Women's renewal&nbsp;<\/strong><\/h3>\n\n\n\n<p class=\"has-text-align-left\"><strong>140 min, 410 z\u0142<\/strong><\/p>\n\n\n\n<p class=\"has-text-align-left\">Mud sauna with mineral clay pack for face and body<br>Full body peeling<br>Full body massage<br>Face and head massage<\/p>\n<\/div><\/div>\n\n\n<style>.kadence-column6719_2f65ff-9b > .kt-inside-inner-col{padding-top:var(--global-kb-spacing-sm, 1.5rem);padding-right:var(--global-kb-spacing-sm, 1.5rem);padding-bottom:var(--global-kb-spacing-sm, 1.5rem);padding-left:var(--global-kb-spacing-sm, 1.5rem);}.kadence-column6719_2f65ff-9b > .kt-inside-inner-col,.kadence-column6719_2f65ff-9b > .kt-inside-inner-col:before{border-top-left-radius:10px;border-top-right-radius:10px;border-bottom-right-radius:10px;border-bottom-left-radius:10px;}.kadence-column6719_2f65ff-9b > .kt-inside-inner-col{column-gap:var(--global-kb-gap-sm, 1rem);}.kadence-column6719_2f65ff-9b > .kt-inside-inner-col{flex-direction:column;}.kadence-column6719_2f65ff-9b > .kt-inside-inner-col > .aligncenter{width:100%;}.kadence-column6719_2f65ff-9b > .kt-inside-inner-col{background-color:var(--global-palette8, #F7FAFC);}.kadence-column6719_2f65ff-9b > .kt-inside-inner-col:before{opacity:0.3;}.kadence-column6719_2f65ff-9b{position:relative;}@media all and (max-width: 1024px){.kadence-column6719_2f65ff-9b > .kt-inside-inner-col{flex-direction:column;justify-content:center;}}@media all and (max-width: 767px){.kadence-column6719_2f65ff-9b > .kt-inside-inner-col{flex-direction:column;justify-content:center;}}<\/style>\n<div class=\"wp-block-kadence-column kadence-column6719_2f65ff-9b stylowane\" data-aos=\"fade-up\" data-aos-once=\"true\"><div class=\"kt-inside-inner-col\"><style>.wp-block-kadence-advancedheading.kt-adv-heading6719_461cef-05, .wp-block-kadence-advancedheading.kt-adv-heading6719_461cef-05[data-kb-block=\"kb-adv-heading6719_461cef-05\"]{text-align:left;font-style:normal;}.wp-block-kadence-advancedheading.kt-adv-heading6719_461cef-05 mark.kt-highlight, .wp-block-kadence-advancedheading.kt-adv-heading6719_461cef-05[data-kb-block=\"kb-adv-heading6719_461cef-05\"] mark.kt-highlight{font-style:normal;color:#f76a0c;-webkit-box-decoration-break:clone;box-decoration-break:clone;padding-top:0px;padding-right:0px;padding-bottom:0px;padding-left:0px;}.wp-block-kadence-advancedheading.kt-adv-heading6719_461cef-05 img.kb-inline-image, .wp-block-kadence-advancedheading.kt-adv-heading6719_461cef-05[data-kb-block=\"kb-adv-heading6719_461cef-05\"] img.kb-inline-image{width:150px;vertical-align:baseline;}<\/style>\n<h3 class=\"kt-adv-heading6719_461cef-05 wp-block-kadence-advancedheading\" data-kb-block=\"kb-adv-heading6719_461cef-05\"><strong>Regeneration for Men<\/strong><\/h3>\n\n\n\n<p class=\"has-text-align-left\"><strong>95 min, \u00a3 320<\/strong><\/p>\n\n\n\n<p class=\"has-text-align-left\">Full body peeling<br>Body massage<br>Head massage<\/p>\n<\/div><\/div>\n\n<\/div><\/div>","protected":false},"excerpt":{"rendered":"<p>Rezerwacja:&nbsp; tel.:&nbsp;+48 501 194 193 tel.:&nbsp;+48 503 180 055 e-mail:&nbsp;sauny@aquaparksopot.pl Kobieca odnowa&nbsp; 140 min, 410 z\u0142 Sauna b\u0142otna z zestawem glinek mineralnych na twarz i cia\u0142oPeeling ca\u0142ego cia\u0142aMasa\u017c ca\u0142ego cia\u0142aMasa\u017c twarzy i g\u0142owy Regeneracja dla M\u0119\u017cczyzny 95 min, 320 z\u0142 Peeling ca\u0142ego cia\u0142aMasa\u017c cia\u0142aMasa\u017c g\u0142owy<\/p>","protected":false},"author":1,"featured_media":0,"parent":0,"menu_order":0,"comment_status":"closed","ping_status":"closed","template":"","meta":{"_acf_changed":false,"_kad_blocks_custom_css":"","_kad_blocks_head_custom_js":"","_kad_blocks_body_custom_js":"","_kad_blocks_footer_custom_js":"","_kad_post_transparent":"","_kad_post_title":"","_kad_post_layout":"","_kad_post_sidebar_id":"","_kad_post_content_style":"","_kad_post_vertical_padding":"","_kad_post_feature":"","_kad_post_feature_position":"","_kad_post_header":false,"_kad_post_footer":false,"_kad_post_classname":"","footnotes":""},"dzial":[],"class_list":["post-6719","page","type-page","status-publish","hentry"],"acf":[],"taxonomy_info":[],"featured_image_src_large":false,"author_info":{"display_name":"admin","author_link":"https:\/\/aq.dot2.pl\/en\/author\/admin\/"},"comment_info":0,"_links":{"self":[{"href":"https:\/\/aq.dot2.pl\/en\/wp-json\/wp\/v2\/pages\/6719","targetHints":{"allow":["GET"]}}],"collection":[{"href":"https:\/\/aq.dot2.pl\/en\/wp-json\/wp\/v2\/pages"}],"about":[{"href":"https:\/\/aq.dot2.pl\/en\/wp-json\/wp\/v2\/types\/page"}],"author":[{"embeddable":true,"href":"https:\/\/aq.dot2.pl\/en\/wp-json\/wp\/v2\/users\/1"}],"replies":[{"embeddable":true,"href":"https:\/\/aq.dot2.pl\/en\/wp-json\/wp\/v2\/comments?post=6719"}],"version-history":[{"count":0,"href":"https:\/\/aq.dot2.pl\/en\/wp-json\/wp\/v2\/pages\/6719\/revisions"}],"wp:attachment":[{"href":"https:\/\/aq.dot2.pl\/en\/wp-json\/wp\/v2\/media?parent=6719"}],"wp:term":[{"taxonomy":"dzial","embeddable":true,"href":"https:\/\/aq.dot2.pl\/en\/wp-json\/wp\/v2\/dzial?post=6719"}],"curies":[{"name":"wp","href":"https:\/\/api.w.org\/{rel}","templated":true}]}}