{"id":776,"date":"2020-03-31T15:33:55","date_gmt":"2020-03-31T13:33:55","guid":{"rendered":"http:\/\/aquaparksopot.pl\/\/?page_id=776"},"modified":"2026-01-05T08:14:25","modified_gmt":"2026-01-05T07:14:25","slug":"caldarium","status":"publish","type":"page","link":"https:\/\/aq.dot2.pl\/en\/caldarium\/","title":{"rendered":"Caldarium"},"content":{"rendered":"<style>.kb-row-layout-id776_407c95-60 > .kt-row-column-wrap{align-content:center;}:where(.kb-row-layout-id776_407c95-60 > .kt-row-column-wrap) > .wp-block-kadence-column{justify-content:center;}.kb-row-layout-id776_407c95-60 > .kt-row-column-wrap{column-gap:var(--global-kb-gap-none, 0rem );row-gap:var(--global-kb-gap-md, 2rem);max-width:var( --global-content-width, 1590px );padding-left:var(--global-content-edge-padding);padding-right:var(--global-content-edge-padding);padding-top:0px;padding-bottom:var(--global-kb-spacing-sm, 1.5rem);grid-template-columns:repeat(2, minmax(0, 1fr));}.kb-row-layout-id776_407c95-60 > .kt-row-layout-overlay{opacity:0.30;}@media all and (max-width: 1024px){.kb-row-layout-id776_407c95-60 > .kt-row-column-wrap{grid-template-columns:repeat(2, minmax(0, 1fr));}}@media all and (max-width: 767px){.kb-row-layout-id776_407c95-60 > .kt-row-column-wrap{grid-template-columns:minmax(0, 1fr);}}<\/style><div class=\"kb-row-layout-wrap kb-row-layout-id776_407c95-60 alignnone hero wp-block-kadence-rowlayout\"><div class=\"kt-row-column-wrap kt-has-2-columns kt-row-layout-equal kt-tab-layout-inherit kt-mobile-layout-row kt-row-valign-middle kb-theme-content-width\">\n<style>.kadence-column776_8089bd-d6 > .kt-inside-inner-col{display:flex;}.kadence-column776_8089bd-d6 > .kt-inside-inner-col{padding-top:var(--global-kb-spacing-xxl, 5rem);padding-right:var(--global-kb-spacing-lg, 3rem);padding-bottom:var(--global-kb-spacing-lg, 3rem);padding-left:var(--global-kb-spacing-md, 2rem);}.kadence-column776_8089bd-d6 > .kt-inside-inner-col{min-height:500px;}.kadence-column776_8089bd-d6 > .kt-inside-inner-col,.kadence-column776_8089bd-d6 > .kt-inside-inner-col:before{border-top-left-radius:6px;border-top-right-radius:6px;border-bottom-right-radius:6px;border-bottom-left-radius:6px;}.kadence-column776_8089bd-d6 > .kt-inside-inner-col{column-gap:var(--global-kb-gap-sm, 1rem);}.kadence-column776_8089bd-d6 > .kt-inside-inner-col{flex-direction:column;justify-content:center;}.kadence-column776_8089bd-d6 > .kt-inside-inner-col > .aligncenter{width:100%;}.kt-row-column-wrap > .kadence-column776_8089bd-d6{align-self:center;}.kt-inner-column-height-full:not(.kt-has-1-columns) > .wp-block-kadence-column.kadence-column776_8089bd-d6{align-self:auto;}.kt-inner-column-height-full:not(.kt-has-1-columns) > .wp-block-kadence-column.kadence-column776_8089bd-d6 > .kt-inside-inner-col{flex-direction:column;justify-content:center;}.kadence-column776_8089bd-d6 > .kt-inside-inner-col:before{opacity:0.3;}.kadence-column776_8089bd-d6{position:relative;}@media all and (max-width: 1024px){.kt-row-column-wrap > .kadence-column776_8089bd-d6{align-self:center;}}@media all and (max-width: 1024px){.kt-inner-column-height-full:not(.kt-has-1-columns) > .wp-block-kadence-column.kadence-column776_8089bd-d6{align-self:auto;}}@media all and (max-width: 1024px){.kt-inner-column-height-full:not(.kt-has-1-columns) > .wp-block-kadence-column.kadence-column776_8089bd-d6 > .kt-inside-inner-col{flex-direction:column;justify-content:center;}}@media all and (max-width: 1024px){.kt-row-column-wrap.kt-tab-layout-three-grid > .kadence-column776_8089bd-d6, .kt-row-column-wrap.kt-tab-layout-two-grid > .kadence-column776_8089bd-d6, .kt-row-column-wrap.kt-tab-layout-row > .kadence-column776_8089bd-d6{order:2;}}@media all and (max-width: 1024px){.kadence-column776_8089bd-d6 > .kt-inside-inner-col{flex-direction:column;justify-content:center;}}@media all and (max-width: 767px){.kadence-column776_8089bd-d6 > .kt-inside-inner-col{padding-top:var(--global-kb-spacing-xl, 4rem);padding-bottom:var(--global-kb-spacing-md, 2rem);min-height:200px;flex-direction:column;justify-content:center;}.kt-row-column-wrap > .kadence-column776_8089bd-d6{align-self:center;}.kt-inner-column-height-full:not(.kt-has-1-columns) > .wp-block-kadence-column.kadence-column776_8089bd-d6{align-self:auto;}.kt-inner-column-height-full:not(.kt-has-1-columns) > .wp-block-kadence-column.kadence-column776_8089bd-d6 > .kt-inside-inner-col{flex-direction:column;justify-content:center;}.kt-row-column-wrap.kt-mobile-layout-three-grid > .kadence-column776_8089bd-d6, .kt-row-column-wrap.kt-mobile-layout-two-grid > .kadence-column776_8089bd-d6, .kt-row-column-wrap.kt-mobile-layout-row > .kadence-column776_8089bd-d6{order:2;}}<\/style>\n<div class=\"wp-block-kadence-column kadence-column776_8089bd-d6 hero-left\"><div class=\"kt-inside-inner-col\"><style>.wp-block-kadence-advancedheading.kt-adv-heading776_3110b4-33, .wp-block-kadence-advancedheading.kt-adv-heading776_3110b4-33[data-kb-block=\"kb-adv-heading776_3110b4-33\"]{font-style:normal;}.wp-block-kadence-advancedheading.kt-adv-heading776_3110b4-33 mark.kt-highlight, .wp-block-kadence-advancedheading.kt-adv-heading776_3110b4-33[data-kb-block=\"kb-adv-heading776_3110b4-33\"] mark.kt-highlight{font-style:normal;color:#f76a0c;-webkit-box-decoration-break:clone;box-decoration-break:clone;padding-top:0px;padding-right:0px;padding-bottom:0px;padding-left:0px;}.wp-block-kadence-advancedheading.kt-adv-heading776_3110b4-33 img.kb-inline-image, .wp-block-kadence-advancedheading.kt-adv-heading776_3110b4-33[data-kb-block=\"kb-adv-heading776_3110b4-33\"] img.kb-inline-image{width:150px;vertical-align:baseline;}<\/style>\n<h1 class=\"kt-adv-heading776_3110b4-33 wp-block-kadence-advancedheading\" data-kb-block=\"kb-adv-heading776_3110b4-33\">Caldarium<\/h1>\n\n\n\n<p>From 12 September 2025 exclusively for women. The caldarium is a steam bath. Temperatures here are significantly lower than in the sauna. It has a beneficial effect on the nervous system. It effectively improves the mental condition and is a stress reliever. As well as caring for the soul, it also cares for the body. It has regenerative and purifying properties and has a beneficial effect on the respiratory system. The Caldarium can be confidently used before a hotter sauna. It is a steam sauna with a system of water heat in the walls and benches. It has a regenerative and purifying effect on the whole body.<\/p>\n<\/div><\/div>\n\n\n<style>.kadence-column776_9ad12b-be > .kt-inside-inner-col{box-shadow:0px 0px 14px 0px rgba(0, 0, 0, 0.2);border-top:8px solid var(--global-palette9, #ffffff);border-right:8px solid var(--global-palette9, #ffffff);border-bottom:8px solid var(--global-palette9, #ffffff);border-left:8px solid var(--global-palette9, #ffffff);}.kadence-column776_9ad12b-be > .kt-inside-inner-col,.kadence-column776_9ad12b-be > .kt-inside-inner-col:before{border-top-left-radius:6px;border-top-right-radius:6px;border-bottom-right-radius:6px;border-bottom-left-radius:6px;}.kadence-column776_9ad12b-be > .kt-inside-inner-col{column-gap:var(--global-kb-gap-sm, 1rem);}.kadence-column776_9ad12b-be > .kt-inside-inner-col{flex-direction:column;}.kadence-column776_9ad12b-be > .kt-inside-inner-col > .aligncenter{width:100%;}.kadence-column776_9ad12b-be > .kt-inside-inner-col:before{opacity:0.3;}.kadence-column776_9ad12b-be{position:relative;}.kadence-column776_9ad12b-be, .kt-inside-inner-col > .kadence-column776_9ad12b-be:not(.specificity){margin-top:40px;margin-left:-40px;}@media all and (max-width: 1024px){.kadence-column776_9ad12b-be > .kt-inside-inner-col{border-top:8px solid var(--global-palette9, #ffffff);border-right:8px solid var(--global-palette9, #ffffff);border-bottom:8px solid var(--global-palette9, #ffffff);border-left:8px solid var(--global-palette9, #ffffff);flex-direction:column;justify-content:center;}}@media all and (max-width: 767px){.kadence-column776_9ad12b-be > .kt-inside-inner-col{border-top:8px solid var(--global-palette9, #ffffff);border-right:8px solid var(--global-palette9, #ffffff);border-bottom:8px solid var(--global-palette9, #ffffff);border-left:8px solid var(--global-palette9, #ffffff);flex-direction:column;justify-content:center;}.kadence-column776_9ad12b-be, .kt-inside-inner-col > .kadence-column776_9ad12b-be:not(.specificity){margin-top:0px;margin-left:0px;}}<\/style>\n<div class=\"wp-block-kadence-column kadence-column776_9ad12b-be ramka_hero\"><div class=\"kt-inside-inner-col\"><style>.kb-image776_2fe3a8-fc .kb-image-has-overlay:after{opacity:0.3;}<\/style>\n<figure class=\"wp-block-kadence-image kb-image776_2fe3a8-fc size-full\"><img decoding=\"async\" width=\"1000\" height=\"660\" src=\"https:\/\/aq.dot2.pl\/wp-content\/uploads\/2020\/04\/Caldarium-001.jpg\" alt=\"\" class=\"kb-img wp-image-1264\" srcset=\"https:\/\/aq.dot2.pl\/wp-content\/uploads\/2020\/04\/Caldarium-001.jpg 1000w, https:\/\/aq.dot2.pl\/wp-content\/uploads\/2020\/04\/Caldarium-001-300x198.jpg 300w, https:\/\/aq.dot2.pl\/wp-content\/uploads\/2020\/04\/Caldarium-001-768x507.jpg 768w\" sizes=\"(max-width: 1000px) 100vw, 1000px\" \/><\/figure>\n<\/div><\/div>\n\n<\/div><\/div>\n\n<style>.kb-row-layout-id776_cba5f0-6c > .kt-row-column-wrap{align-content:start;}:where(.kb-row-layout-id776_cba5f0-6c > .kt-row-column-wrap) > .wp-block-kadence-column{justify-content:start;}.kb-row-layout-id776_cba5f0-6c > .kt-row-column-wrap{column-gap:var(--global-kb-gap-none, 0rem );row-gap:var(--global-kb-gap-md, 2rem);max-width:var( --global-content-width, 1590px );padding-left:var(--global-content-edge-padding);padding-right:var(--global-content-edge-padding);padding-top:0px;padding-bottom:var(--global-kb-spacing-sm, 1.5rem);grid-template-columns:repeat(2, minmax(0, 1fr));}.kb-row-layout-id776_cba5f0-6c > .kt-row-layout-overlay{opacity:0.30;}@media all and (max-width: 1024px){.kb-row-layout-id776_cba5f0-6c > .kt-row-column-wrap{grid-template-columns:repeat(2, minmax(0, 1fr));}}@media all and (max-width: 767px){.kb-row-layout-id776_cba5f0-6c > .kt-row-column-wrap{grid-template-columns:minmax(0, 1fr);}}<\/style><div class=\"kb-row-layout-wrap kb-row-layout-id776_cba5f0-6c alignnone wp-block-kadence-rowlayout\"><div class=\"kt-row-column-wrap kt-has-2-columns kt-row-layout-equal kt-tab-layout-inherit kt-mobile-layout-row kt-row-valign-top kb-theme-content-width\">\n<style>.kadence-column776_e86b75-21 > .kt-inside-inner-col{display:flex;}.kadence-column776_e86b75-21 > .kt-inside-inner-col{padding-top:0px;padding-right:0px;padding-left:0px;}.kadence-column776_e86b75-21 > .kt-inside-inner-col{box-shadow:0px 0px 14px 0px rgba(0, 0, 0, 0.2);border-top:8px solid var(--global-palette9, #ffffff);border-right:8px solid var(--global-palette9, #ffffff);border-bottom:8px solid var(--global-palette9, #ffffff);border-left:8px solid var(--global-palette9, #ffffff);}.kadence-column776_e86b75-21 > .kt-inside-inner-col,.kadence-column776_e86b75-21 > .kt-inside-inner-col:before{border-top-left-radius:6px;border-top-right-radius:6px;border-bottom-right-radius:6px;border-bottom-left-radius:6px;}.kadence-column776_e86b75-21 > .kt-inside-inner-col{column-gap:var(--global-kb-gap-sm, 1rem);}.kadence-column776_e86b75-21 > .kt-inside-inner-col{flex-direction:column;justify-content:flex-start;}.kadence-column776_e86b75-21 > .kt-inside-inner-col > .aligncenter{width:100%;}.kt-row-column-wrap > .kadence-column776_e86b75-21{align-self:flex-start;}.kt-inner-column-height-full:not(.kt-has-1-columns) > .wp-block-kadence-column.kadence-column776_e86b75-21{align-self:auto;}.kt-inner-column-height-full:not(.kt-has-1-columns) > .wp-block-kadence-column.kadence-column776_e86b75-21 > .kt-inside-inner-col{flex-direction:column;justify-content:flex-start;}.kadence-column776_e86b75-21 > .kt-inside-inner-col:before{opacity:0.3;}.kadence-column776_e86b75-21{position:relative;}.kadence-column776_e86b75-21, .kt-inside-inner-col > .kadence-column776_e86b75-21:not(.specificity){margin-right:0px;}@media all and (max-width: 1024px){.kadence-column776_e86b75-21 > .kt-inside-inner-col{border-top:8px solid var(--global-palette9, #ffffff);border-right:8px solid var(--global-palette9, #ffffff);border-bottom:8px solid var(--global-palette9, #ffffff);border-left:8px solid var(--global-palette9, #ffffff);flex-direction:column;justify-content:flex-start;}}@media all and (max-width: 1024px){.kt-row-column-wrap > .kadence-column776_e86b75-21{align-self:flex-start;}}@media all and (max-width: 1024px){.kt-inner-column-height-full:not(.kt-has-1-columns) > .wp-block-kadence-column.kadence-column776_e86b75-21{align-self:auto;}}@media all and (max-width: 1024px){.kt-inner-column-height-full:not(.kt-has-1-columns) > .wp-block-kadence-column.kadence-column776_e86b75-21 > .kt-inside-inner-col{flex-direction:column;justify-content:flex-start;}}@media all and (max-width: 1024px){.kt-row-column-wrap.kt-tab-layout-three-grid > .kadence-column776_e86b75-21, .kt-row-column-wrap.kt-tab-layout-two-grid > .kadence-column776_e86b75-21, .kt-row-column-wrap.kt-tab-layout-row > .kadence-column776_e86b75-21{order:2;}}@media all and (max-width: 767px){.kadence-column776_e86b75-21 > .kt-inside-inner-col{padding-top:var(--global-kb-spacing-xl, 4rem);padding-bottom:var(--global-kb-spacing-md, 2rem);min-height:200px;border-top:8px solid var(--global-palette9, #ffffff);border-right:8px solid var(--global-palette9, #ffffff);border-bottom:8px solid var(--global-palette9, #ffffff);border-left:8px solid var(--global-palette9, #ffffff);flex-direction:column;justify-content:flex-start;}.kt-row-column-wrap > .kadence-column776_e86b75-21{align-self:flex-start;}.kt-inner-column-height-full:not(.kt-has-1-columns) > .wp-block-kadence-column.kadence-column776_e86b75-21{align-self:auto;}.kt-inner-column-height-full:not(.kt-has-1-columns) > .wp-block-kadence-column.kadence-column776_e86b75-21 > .kt-inside-inner-col{flex-direction:column;justify-content:flex-start;}.kt-row-column-wrap.kt-mobile-layout-three-grid > .kadence-column776_e86b75-21, .kt-row-column-wrap.kt-mobile-layout-two-grid > .kadence-column776_e86b75-21, .kt-row-column-wrap.kt-mobile-layout-row > .kadence-column776_e86b75-21{order:2;}}<\/style>\n<div class=\"wp-block-kadence-column kadence-column776_e86b75-21\"><div class=\"kt-inside-inner-col\"><style>.kb-image776_280049-2b .kb-image-has-overlay:after{opacity:0.3;}<\/style>\n<figure class=\"wp-block-kadence-image kb-image776_280049-2b size-full\"><img decoding=\"async\" width=\"1000\" height=\"667\" src=\"https:\/\/aq.dot2.pl\/wp-content\/uploads\/2020\/04\/Caldarium-002.jpg\" alt=\"\" class=\"kb-img wp-image-1265\" srcset=\"https:\/\/aq.dot2.pl\/wp-content\/uploads\/2020\/04\/Caldarium-002.jpg 1000w, https:\/\/aq.dot2.pl\/wp-content\/uploads\/2020\/04\/Caldarium-002-300x200.jpg 300w, https:\/\/aq.dot2.pl\/wp-content\/uploads\/2020\/04\/Caldarium-002-768x512.jpg 768w\" sizes=\"(max-width: 1000px) 100vw, 1000px\" \/><\/figure>\n<\/div><\/div>\n\n\n<style>.kadence-column776_7702f0-f0 > .kt-inside-inner-col{display:flex;}.kadence-column776_7702f0-f0 > .kt-inside-inner-col{padding-top:var(--global-kb-spacing-lg, 3rem);padding-right:var(--global-kb-spacing-lg, 3rem);padding-left:var(--global-kb-spacing-md, 2rem);}.kadence-column776_7702f0-f0 > .kt-inside-inner-col{min-height:500px;border-top:0px solid var(--global-palette9, #ffffff);border-right:0px solid var(--global-palette9, #ffffff);border-bottom:0px solid var(--global-palette9, #ffffff);border-left:0px solid var(--global-palette9, #ffffff);}.kadence-column776_7702f0-f0 > .kt-inside-inner-col,.kadence-column776_7702f0-f0 > .kt-inside-inner-col:before{border-top-left-radius:6px;border-top-right-radius:6px;border-bottom-right-radius:6px;border-bottom-left-radius:6px;}.kadence-column776_7702f0-f0 > .kt-inside-inner-col{column-gap:var(--global-kb-gap-sm, 1rem);}.kadence-column776_7702f0-f0 > .kt-inside-inner-col{flex-direction:column;justify-content:center;}.kadence-column776_7702f0-f0 > .kt-inside-inner-col > .aligncenter{width:100%;}.kt-row-column-wrap > .kadence-column776_7702f0-f0{align-self:center;}.kt-inner-column-height-full:not(.kt-has-1-columns) > .wp-block-kadence-column.kadence-column776_7702f0-f0{align-self:auto;}.kt-inner-column-height-full:not(.kt-has-1-columns) > .wp-block-kadence-column.kadence-column776_7702f0-f0 > .kt-inside-inner-col{flex-direction:column;justify-content:center;}.kadence-column776_7702f0-f0 > .kt-inside-inner-col:before{opacity:0.3;}.kadence-column776_7702f0-f0{position:relative;}.kadence-column776_7702f0-f0, .kt-inside-inner-col > .kadence-column776_7702f0-f0:not(.specificity){margin-right:0px;}@media all and (max-width: 1024px){.kadence-column776_7702f0-f0 > .kt-inside-inner-col{border-top:0px solid var(--global-palette9, #ffffff);border-right:0px solid var(--global-palette9, #ffffff);border-bottom:0px solid var(--global-palette9, #ffffff);border-left:0px solid var(--global-palette9, #ffffff);flex-direction:column;justify-content:center;}}@media all and (max-width: 1024px){.kt-row-column-wrap > .kadence-column776_7702f0-f0{align-self:center;}}@media all and (max-width: 1024px){.kt-inner-column-height-full:not(.kt-has-1-columns) > .wp-block-kadence-column.kadence-column776_7702f0-f0{align-self:auto;}}@media all and (max-width: 1024px){.kt-inner-column-height-full:not(.kt-has-1-columns) > .wp-block-kadence-column.kadence-column776_7702f0-f0 > .kt-inside-inner-col{flex-direction:column;justify-content:center;}}@media all and (max-width: 1024px){.kt-row-column-wrap.kt-tab-layout-three-grid > .kadence-column776_7702f0-f0, .kt-row-column-wrap.kt-tab-layout-two-grid > .kadence-column776_7702f0-f0, .kt-row-column-wrap.kt-tab-layout-row > .kadence-column776_7702f0-f0{order:2;}}@media all and (max-width: 767px){.kadence-column776_7702f0-f0 > .kt-inside-inner-col{padding-top:var(--global-kb-spacing-xl, 4rem);padding-bottom:var(--global-kb-spacing-md, 2rem);min-height:200px;border-top:0px solid var(--global-palette9, #ffffff);border-right:0px solid var(--global-palette9, #ffffff);border-bottom:0px solid var(--global-palette9, #ffffff);border-left:0px solid var(--global-palette9, #ffffff);flex-direction:column;justify-content:center;}.kt-row-column-wrap > .kadence-column776_7702f0-f0{align-self:center;}.kt-inner-column-height-full:not(.kt-has-1-columns) > .wp-block-kadence-column.kadence-column776_7702f0-f0{align-self:auto;}.kt-inner-column-height-full:not(.kt-has-1-columns) > .wp-block-kadence-column.kadence-column776_7702f0-f0 > .kt-inside-inner-col{flex-direction:column;justify-content:center;}.kt-row-column-wrap.kt-mobile-layout-three-grid > .kadence-column776_7702f0-f0, .kt-row-column-wrap.kt-mobile-layout-two-grid > .kadence-column776_7702f0-f0, .kt-row-column-wrap.kt-mobile-layout-row > .kadence-column776_7702f0-f0{order:2;}}<\/style>\n<div class=\"wp-block-kadence-column kadence-column776_7702f0-f0 stylowane\"><div class=\"kt-inside-inner-col\"><style>.wp-block-kadence-advancedheading.kt-adv-heading776_6bf543-76, .wp-block-kadence-advancedheading.kt-adv-heading776_6bf543-76[data-kb-block=\"kb-adv-heading776_6bf543-76\"]{font-style:normal;}.wp-block-kadence-advancedheading.kt-adv-heading776_6bf543-76 mark.kt-highlight, .wp-block-kadence-advancedheading.kt-adv-heading776_6bf543-76[data-kb-block=\"kb-adv-heading776_6bf543-76\"] mark.kt-highlight{font-style:normal;color:#f76a0c;-webkit-box-decoration-break:clone;box-decoration-break:clone;padding-top:0px;padding-right:0px;padding-bottom:0px;padding-left:0px;}.wp-block-kadence-advancedheading.kt-adv-heading776_6bf543-76 img.kb-inline-image, .wp-block-kadence-advancedheading.kt-adv-heading776_6bf543-76[data-kb-block=\"kb-adv-heading776_6bf543-76\"] img.kb-inline-image{width:150px;vertical-align:baseline;}<\/style>\n<h2 class=\"kt-adv-heading776_6bf543-76 wp-block-kadence-advancedheading\" data-kb-block=\"kb-adv-heading776_6bf543-76\">Features<\/h2>\n\n\n\n<ul class=\"wp-block-list\">\n<li>relaxation area<\/li>\n\n\n\n<li>room climate: humid<\/li>\n\n\n\n<li>water heating system in walls and benches<\/li>\n\n\n\n<li>has a regenerating and purifying effect on the whole body<\/li>\n\n\n\n<li>ideal place to relax before a stay in the warmer saunas<\/li>\n<\/ul>\n<\/div><\/div>\n\n<\/div><\/div>","protected":false},"excerpt":{"rendered":"<p>Caldarium Od 12 wrze\u015bnia 2025 r. wy\u0142\u0105cznie dla kobiet. Caldarium jest \u0142a\u017ani\u0105 parow\u0105. Temperatury s\u0105 tu znacznie ni\u017csze ni\u017c w saunie. Korzystnie dzia\u0142a na uk\u0142ad nerwowy. Skutecznie poprawia kondycje psychiczn\u0105 i jest odstresowuj\u0105ce. Poza dbaniem o dusz\u0119, dba tak\u017ce o cia\u0142o. Ma w\u0142a\u015bciwo\u015bci regeneruj\u0105ce i oczyszczaj\u0105ce, korzystnie wp\u0142ywa na uk\u0142ad oddechowy. Z Caldarium mo\u017cna \u015bmia\u0142o&#8230;<\/p>","protected":false},"author":1,"featured_media":1264,"parent":0,"menu_order":0,"comment_status":"closed","ping_status":"closed","template":"","meta":{"_acf_changed":false,"_kad_blocks_custom_css":"","_kad_blocks_head_custom_js":"","_kad_blocks_body_custom_js":"","_kad_blocks_footer_custom_js":"","_kad_post_transparent":"","_kad_post_title":"","_kad_post_layout":"","_kad_post_sidebar_id":"","_kad_post_content_style":"","_kad_post_vertical_padding":"","_kad_post_feature":"","_kad_post_feature_position":"","_kad_post_header":false,"_kad_post_footer":false,"_kad_post_classname":"","footnotes":""},"dzial":[10],"class_list":["post-776","page","type-page","status-publish","has-post-thumbnail","hentry","dzial-sauny"],"acf":[],"taxonomy_info":{"dzial":[{"value":10,"label":"Sauny"}]},"featured_image_src_large":["https:\/\/aq.dot2.pl\/wp-content\/uploads\/2020\/04\/Caldarium-001.jpg",1000,660,false],"author_info":{"display_name":"admin","author_link":"https:\/\/aq.dot2.pl\/en\/author\/admin\/"},"comment_info":0,"_links":{"self":[{"href":"https:\/\/aq.dot2.pl\/en\/wp-json\/wp\/v2\/pages\/776","targetHints":{"allow":["GET"]}}],"collection":[{"href":"https:\/\/aq.dot2.pl\/en\/wp-json\/wp\/v2\/pages"}],"about":[{"href":"https:\/\/aq.dot2.pl\/en\/wp-json\/wp\/v2\/types\/page"}],"author":[{"embeddable":true,"href":"https:\/\/aq.dot2.pl\/en\/wp-json\/wp\/v2\/users\/1"}],"replies":[{"embeddable":true,"href":"https:\/\/aq.dot2.pl\/en\/wp-json\/wp\/v2\/comments?post=776"}],"version-history":[{"count":0,"href":"https:\/\/aq.dot2.pl\/en\/wp-json\/wp\/v2\/pages\/776\/revisions"}],"wp:featuredmedia":[{"embeddable":true,"href":"https:\/\/aq.dot2.pl\/en\/wp-json\/wp\/v2\/media\/1264"}],"wp:attachment":[{"href":"https:\/\/aq.dot2.pl\/en\/wp-json\/wp\/v2\/media?parent=776"}],"wp:term":[{"taxonomy":"dzial","embeddable":true,"href":"https:\/\/aq.dot2.pl\/en\/wp-json\/wp\/v2\/dzial?post=776"}],"curies":[{"name":"wp","href":"https:\/\/api.w.org\/{rel}","templated":true}]}}