{"id":8114,"date":"2024-11-06T08:27:50","date_gmt":"2024-11-06T07:27:50","guid":{"rendered":"https:\/\/aquaparksopot.pl\/?page_id=8114"},"modified":"2025-12-25T11:47:11","modified_gmt":"2025-12-25T10:47:11","slug":"kobiece-wtorki-saunowe","status":"publish","type":"page","link":"https:\/\/aq.dot2.pl\/en\/sauny-spa\/spa\/kobiece-wtorki-saunowe\/","title":{"rendered":"Women's Sauna Tuesdays"},"content":{"rendered":"<style>.kb-row-layout-id8114_c59381-81 > .kt-row-column-wrap{align-content:center;}:where(.kb-row-layout-id8114_c59381-81 > .kt-row-column-wrap) > .wp-block-kadence-column{justify-content:center;}.kb-row-layout-id8114_c59381-81 > .kt-row-column-wrap{column-gap:var(--global-kb-gap-none, 0rem );row-gap:var(--global-kb-gap-md, 2rem);max-width:var( --global-content-width, 1590px );padding-left:var(--global-content-edge-padding);padding-right:var(--global-content-edge-padding);padding-top:0px;padding-bottom:var(--global-kb-spacing-sm, 1.5rem);grid-template-columns:repeat(2, minmax(0, 1fr));}.kb-row-layout-id8114_c59381-81 > .kt-row-layout-overlay{opacity:0.30;}@media all and (max-width: 1024px){.kb-row-layout-id8114_c59381-81 > .kt-row-column-wrap{grid-template-columns:repeat(2, minmax(0, 1fr));}}@media all and (max-width: 767px){.kb-row-layout-id8114_c59381-81 > .kt-row-column-wrap{grid-template-columns:minmax(0, 1fr);}}<\/style><div class=\"kb-row-layout-wrap kb-row-layout-id8114_c59381-81 alignnone hero wp-block-kadence-rowlayout\"><div class=\"kt-row-column-wrap kt-has-2-columns kt-row-layout-equal kt-tab-layout-inherit kt-mobile-layout-row kt-row-valign-middle kb-theme-content-width\">\n<style>.kadence-column8114_544e84-99 > .kt-inside-inner-col{display:flex;}.kadence-column8114_544e84-99 > .kt-inside-inner-col{padding-top:var(--global-kb-spacing-xxl, 5rem);padding-right:var(--global-kb-spacing-lg, 3rem);padding-bottom:var(--global-kb-spacing-lg, 3rem);padding-left:var(--global-kb-spacing-md, 2rem);}.kadence-column8114_544e84-99 > .kt-inside-inner-col{min-height:500px;}.kadence-column8114_544e84-99 > .kt-inside-inner-col,.kadence-column8114_544e84-99 > .kt-inside-inner-col:before{border-top-left-radius:6px;border-top-right-radius:6px;border-bottom-right-radius:6px;border-bottom-left-radius:6px;}.kadence-column8114_544e84-99 > .kt-inside-inner-col{column-gap:var(--global-kb-gap-sm, 1rem);}.kadence-column8114_544e84-99 > .kt-inside-inner-col{flex-direction:column;justify-content:center;}.kadence-column8114_544e84-99 > .kt-inside-inner-col > .aligncenter{width:100%;}.kt-row-column-wrap > .kadence-column8114_544e84-99{align-self:center;}.kt-inner-column-height-full:not(.kt-has-1-columns) > .wp-block-kadence-column.kadence-column8114_544e84-99{align-self:auto;}.kt-inner-column-height-full:not(.kt-has-1-columns) > .wp-block-kadence-column.kadence-column8114_544e84-99 > .kt-inside-inner-col{flex-direction:column;justify-content:center;}.kadence-column8114_544e84-99 > .kt-inside-inner-col:before{opacity:0.3;}.kadence-column8114_544e84-99{position:relative;}@media all and (max-width: 1024px){.kt-row-column-wrap > .kadence-column8114_544e84-99{align-self:center;}}@media all and (max-width: 1024px){.kt-inner-column-height-full:not(.kt-has-1-columns) > .wp-block-kadence-column.kadence-column8114_544e84-99{align-self:auto;}}@media all and (max-width: 1024px){.kt-inner-column-height-full:not(.kt-has-1-columns) > .wp-block-kadence-column.kadence-column8114_544e84-99 > .kt-inside-inner-col{flex-direction:column;justify-content:center;}}@media all and (max-width: 1024px){.kt-row-column-wrap.kt-tab-layout-three-grid > .kadence-column8114_544e84-99, .kt-row-column-wrap.kt-tab-layout-two-grid > .kadence-column8114_544e84-99, .kt-row-column-wrap.kt-tab-layout-row > .kadence-column8114_544e84-99{order:2;}}@media all and (max-width: 1024px){.kadence-column8114_544e84-99 > .kt-inside-inner-col{flex-direction:column;justify-content:center;}}@media all and (max-width: 767px){.kadence-column8114_544e84-99 > .kt-inside-inner-col{padding-top:var(--global-kb-spacing-xl, 4rem);padding-bottom:var(--global-kb-spacing-md, 2rem);min-height:200px;flex-direction:column;justify-content:center;}.kt-row-column-wrap > .kadence-column8114_544e84-99{align-self:center;}.kt-inner-column-height-full:not(.kt-has-1-columns) > .wp-block-kadence-column.kadence-column8114_544e84-99{align-self:auto;}.kt-inner-column-height-full:not(.kt-has-1-columns) > .wp-block-kadence-column.kadence-column8114_544e84-99 > .kt-inside-inner-col{flex-direction:column;justify-content:center;}.kt-row-column-wrap.kt-mobile-layout-three-grid > .kadence-column8114_544e84-99, .kt-row-column-wrap.kt-mobile-layout-two-grid > .kadence-column8114_544e84-99, .kt-row-column-wrap.kt-mobile-layout-row > .kadence-column8114_544e84-99{order:2;}}<\/style>\n<div class=\"wp-block-kadence-column kadence-column8114_544e84-99 hero-left\"><div class=\"kt-inside-inner-col\"><style>.wp-block-kadence-advancedheading.kt-adv-heading8114_826a36-fb, .wp-block-kadence-advancedheading.kt-adv-heading8114_826a36-fb[data-kb-block=\"kb-adv-heading8114_826a36-fb\"]{font-style:normal;}.wp-block-kadence-advancedheading.kt-adv-heading8114_826a36-fb mark.kt-highlight, .wp-block-kadence-advancedheading.kt-adv-heading8114_826a36-fb[data-kb-block=\"kb-adv-heading8114_826a36-fb\"] mark.kt-highlight{font-style:normal;color:#f76a0c;-webkit-box-decoration-break:clone;box-decoration-break:clone;padding-top:0px;padding-right:0px;padding-bottom:0px;padding-left:0px;}.wp-block-kadence-advancedheading.kt-adv-heading8114_826a36-fb img.kb-inline-image, .wp-block-kadence-advancedheading.kt-adv-heading8114_826a36-fb[data-kb-block=\"kb-adv-heading8114_826a36-fb\"] img.kb-inline-image{width:150px;vertical-align:baseline;}<\/style>\n<h1 class=\"kt-adv-heading8114_826a36-fb wp-block-kadence-advancedheading\" data-kb-block=\"kb-adv-heading8114_826a36-fb\">Women's Sauna Tuesdays<\/h1>\n\n\n\n<p>Join us every Tuesday!<br>12.00 - 22.00<br>Baltic Sauna and steam saunas: Caldarium and Serail Bath<br>exclusive.<br>Entry fee according to the price list.<\/p>\n\n\n\n<p>tel:&nbsp;<a href=\"tel:0048585558556\" target=\"_blank\" rel=\"noreferrer noopener\">+48 58 555 85 56<\/a><br>tel:&nbsp;<a href=\"tel:0048503180055\" target=\"_blank\" rel=\"noreferrer noopener\">+48 503 180 055<\/a><br>e-mail:&nbsp;<a href=\"mailto:sauny@aquaparksopot.pl\">sauny@aquaparksopot.pl<\/a><\/p>\n<\/div><\/div>\n\n\n<style>.kadence-column8114_e08c0a-97 > .kt-inside-inner-col{box-shadow:0px 0px 14px 0px rgba(0, 0, 0, 0.2);border-top:8px solid var(--global-palette9, #ffffff);border-right:8px solid var(--global-palette9, #ffffff);border-bottom:8px solid var(--global-palette9, #ffffff);border-left:8px solid var(--global-palette9, #ffffff);}.kadence-column8114_e08c0a-97 > .kt-inside-inner-col,.kadence-column8114_e08c0a-97 > .kt-inside-inner-col:before{border-top-left-radius:6px;border-top-right-radius:6px;border-bottom-right-radius:6px;border-bottom-left-radius:6px;}.kadence-column8114_e08c0a-97 > .kt-inside-inner-col{column-gap:var(--global-kb-gap-sm, 1rem);}.kadence-column8114_e08c0a-97 > .kt-inside-inner-col{flex-direction:column;}.kadence-column8114_e08c0a-97 > .kt-inside-inner-col > .aligncenter{width:100%;}.kadence-column8114_e08c0a-97 > .kt-inside-inner-col:before{opacity:0.3;}.kadence-column8114_e08c0a-97{position:relative;}.kadence-column8114_e08c0a-97, .kt-inside-inner-col > .kadence-column8114_e08c0a-97:not(.specificity){margin-top:40px;margin-left:-40px;}@media all and (max-width: 1024px){.kadence-column8114_e08c0a-97 > .kt-inside-inner-col{border-top:8px solid var(--global-palette9, #ffffff);border-right:8px solid var(--global-palette9, #ffffff);border-bottom:8px solid var(--global-palette9, #ffffff);border-left:8px solid var(--global-palette9, #ffffff);flex-direction:column;justify-content:center;}}@media all and (max-width: 767px){.kadence-column8114_e08c0a-97 > .kt-inside-inner-col{border-top:8px solid var(--global-palette9, #ffffff);border-right:8px solid var(--global-palette9, #ffffff);border-bottom:8px solid var(--global-palette9, #ffffff);border-left:8px solid var(--global-palette9, #ffffff);flex-direction:column;justify-content:center;}.kadence-column8114_e08c0a-97, .kt-inside-inner-col > .kadence-column8114_e08c0a-97:not(.specificity){margin-top:0px;margin-left:0px;}}<\/style>\n<div class=\"wp-block-kadence-column kadence-column8114_e08c0a-97 ramka_hero\"><div class=\"kt-inside-inner-col\"><style>.kb-image8114_7aa000-0f .kb-image-has-overlay:after{opacity:0.3;}<\/style>\n<figure class=\"wp-block-kadence-image kb-image8114_7aa000-0f size-large\"><img decoding=\"async\" width=\"1024\" height=\"724\" src=\"https:\/\/spcdn.shortpixel.ai\/spio\/ret_img,q_cdnize,to_webp,s_webp\/aq.dot2.pl\/wp-content\/uploads\/2025\/09\/A4-poziom-strona-1024x724.png\" alt=\"\" class=\"kb-img wp-image-8634\" srcset=\"https:\/\/spcdn.shortpixel.ai\/spio\/ret_img,q_cdnize,to_webp,s_webp\/aq.dot2.pl\/wp-content\/uploads\/2025\/09\/A4-poziom-strona-1024x724.png 1024w, https:\/\/spcdn.shortpixel.ai\/spio\/ret_img,q_cdnize,to_webp,s_webp\/aq.dot2.pl\/wp-content\/uploads\/2025\/09\/A4-poziom-strona-300x212.png 300w, https:\/\/spcdn.shortpixel.ai\/spio\/ret_img,q_cdnize,to_webp,s_webp\/aq.dot2.pl\/wp-content\/uploads\/2025\/09\/A4-poziom-strona-768x543.png 768w, https:\/\/spcdn.shortpixel.ai\/spio\/ret_img,q_cdnize,to_webp,s_webp\/aq.dot2.pl\/wp-content\/uploads\/2025\/09\/A4-poziom-strona-1536x1086.png 1536w, https:\/\/spcdn.shortpixel.ai\/spio\/ret_img,q_cdnize,to_webp,s_webp\/aq.dot2.pl\/wp-content\/uploads\/2025\/09\/A4-poziom-strona.png 1980w\" sizes=\"(max-width: 1024px) 100vw, 1024px\" \/><\/figure>\n<\/div><\/div>\n\n<\/div><\/div>","protected":false},"excerpt":{"rendered":"<p>Kobiece wtorki saunowe Zapraszamy w ka\u017cdy wtorek!12.00 \u2013 22.00Sauna Baltic oraz sauny parowe: Caldarium i Serail Bathna wy\u0142\u0105czno\u015b\u0107.Op\u0142ata za wej\u015bcie wg cennika. tel.:&nbsp;+48 58 555 85 56tel.:&nbsp;+48 503 180 055e-mail:&nbsp;sauny@aquaparksopot.pl<\/p>","protected":false},"author":1,"featured_media":8631,"parent":568,"menu_order":0,"comment_status":"closed","ping_status":"closed","template":"","meta":{"_acf_changed":false,"_kad_blocks_custom_css":"","_kad_blocks_head_custom_js":"","_kad_blocks_body_custom_js":"","_kad_blocks_footer_custom_js":"","_kad_post_transparent":"","_kad_post_title":"","_kad_post_layout":"","_kad_post_sidebar_id":"","_kad_post_content_style":"","_kad_post_vertical_padding":"","_kad_post_feature":"","_kad_post_feature_position":"","_kad_post_header":false,"_kad_post_footer":false,"_kad_post_classname":"","footnotes":""},"dzial":[11],"class_list":["post-8114","page","type-page","status-publish","has-post-thumbnail","hentry","dzial-spa"],"acf":[],"taxonomy_info":{"dzial":[{"value":11,"label":"SPA"}]},"featured_image_src_large":["https:\/\/aq.dot2.pl\/wp-content\/uploads\/2025\/09\/A4-poziom-1024x724.png",1024,724,true],"author_info":{"display_name":"admin","author_link":"https:\/\/aq.dot2.pl\/en\/author\/admin\/"},"comment_info":0,"_links":{"self":[{"href":"https:\/\/aq.dot2.pl\/en\/wp-json\/wp\/v2\/pages\/8114","targetHints":{"allow":["GET"]}}],"collection":[{"href":"https:\/\/aq.dot2.pl\/en\/wp-json\/wp\/v2\/pages"}],"about":[{"href":"https:\/\/aq.dot2.pl\/en\/wp-json\/wp\/v2\/types\/page"}],"author":[{"embeddable":true,"href":"https:\/\/aq.dot2.pl\/en\/wp-json\/wp\/v2\/users\/1"}],"replies":[{"embeddable":true,"href":"https:\/\/aq.dot2.pl\/en\/wp-json\/wp\/v2\/comments?post=8114"}],"version-history":[{"count":0,"href":"https:\/\/aq.dot2.pl\/en\/wp-json\/wp\/v2\/pages\/8114\/revisions"}],"up":[{"embeddable":true,"href":"https:\/\/aq.dot2.pl\/en\/wp-json\/wp\/v2\/pages\/568"}],"wp:featuredmedia":[{"embeddable":true,"href":"https:\/\/aq.dot2.pl\/en\/wp-json\/wp\/v2\/media\/8631"}],"wp:attachment":[{"href":"https:\/\/aq.dot2.pl\/en\/wp-json\/wp\/v2\/media?parent=8114"}],"wp:term":[{"taxonomy":"dzial","embeddable":true,"href":"https:\/\/aq.dot2.pl\/en\/wp-json\/wp\/v2\/dzial?post=8114"}],"curies":[{"name":"wp","href":"https:\/\/api.w.org\/{rel}","templated":true}]}}