{"id":8271,"date":"2024-12-16T12:46:12","date_gmt":"2024-12-16T11:46:12","guid":{"rendered":"https:\/\/aquaparksopot.pl\/?page_id=8271"},"modified":"2026-01-08T11:32:55","modified_gmt":"2026-01-08T10:32:55","slug":"wynajem-powierzchni-reklamowej","status":"publish","type":"page","link":"https:\/\/aq.dot2.pl\/en\/informacje\/wynajem-powierzchni-reklamowej\/","title":{"rendered":"Rental of advertising space"},"content":{"rendered":"<style>.kb-row-layout-id8271_86efc5-fe > .kt-row-column-wrap{align-content:start;}:where(.kb-row-layout-id8271_86efc5-fe > .kt-row-column-wrap) > .wp-block-kadence-column{justify-content:start;}.kb-row-layout-id8271_86efc5-fe > .kt-row-column-wrap{column-gap:var(--global-kb-gap-none, 0rem );row-gap:var(--global-kb-gap-md, 2rem);max-width:var( --global-content-width, 1590px );padding-left:var(--global-content-edge-padding);padding-right:var(--global-content-edge-padding);padding-top:0px;padding-bottom:var(--global-kb-spacing-sm, 1.5rem);grid-template-columns:repeat(2, minmax(0, 1fr));}.kb-row-layout-id8271_86efc5-fe > .kt-row-layout-overlay{opacity:0.30;}@media all and (max-width: 1024px){.kb-row-layout-id8271_86efc5-fe > .kt-row-column-wrap{grid-template-columns:repeat(2, minmax(0, 1fr));}}@media all and (max-width: 767px){.kb-row-layout-id8271_86efc5-fe > .kt-row-column-wrap{grid-template-columns:minmax(0, 1fr);}}<\/style><div class=\"kb-row-layout-wrap kb-row-layout-id8271_86efc5-fe alignnone hero wp-block-kadence-rowlayout\"><div class=\"kt-row-column-wrap kt-has-2-columns kt-row-layout-equal kt-tab-layout-inherit kt-mobile-layout-row kt-row-valign-top kb-theme-content-width\">\n<style>.kadence-column8271_4f28fb-a3 > .kt-inside-inner-col{display:flex;}.kadence-column8271_4f28fb-a3 > .kt-inside-inner-col{padding-top:var(--global-kb-spacing-xxl, 5rem);padding-right:var(--global-kb-spacing-lg, 3rem);padding-bottom:var(--global-kb-spacing-lg, 3rem);padding-left:var(--global-kb-spacing-md, 2rem);}.kadence-column8271_4f28fb-a3 > .kt-inside-inner-col{min-height:500px;}.kadence-column8271_4f28fb-a3 > .kt-inside-inner-col,.kadence-column8271_4f28fb-a3 > .kt-inside-inner-col:before{border-top-left-radius:6px;border-top-right-radius:6px;border-bottom-right-radius:6px;border-bottom-left-radius:6px;}.kadence-column8271_4f28fb-a3 > .kt-inside-inner-col{column-gap:var(--global-kb-gap-sm, 1rem);}.kadence-column8271_4f28fb-a3 > .kt-inside-inner-col{flex-direction:column;justify-content:center;}.kadence-column8271_4f28fb-a3 > .kt-inside-inner-col > .aligncenter{width:100%;}.kt-row-column-wrap > .kadence-column8271_4f28fb-a3{align-self:center;}.kt-inner-column-height-full:not(.kt-has-1-columns) > .wp-block-kadence-column.kadence-column8271_4f28fb-a3{align-self:auto;}.kt-inner-column-height-full:not(.kt-has-1-columns) > .wp-block-kadence-column.kadence-column8271_4f28fb-a3 > .kt-inside-inner-col{flex-direction:column;justify-content:center;}.kadence-column8271_4f28fb-a3 > .kt-inside-inner-col:before{opacity:0.3;}.kadence-column8271_4f28fb-a3{position:relative;}@media all and (max-width: 1024px){.kt-row-column-wrap > .kadence-column8271_4f28fb-a3{align-self:center;}}@media all and (max-width: 1024px){.kt-inner-column-height-full:not(.kt-has-1-columns) > .wp-block-kadence-column.kadence-column8271_4f28fb-a3{align-self:auto;}}@media all and (max-width: 1024px){.kt-inner-column-height-full:not(.kt-has-1-columns) > .wp-block-kadence-column.kadence-column8271_4f28fb-a3 > .kt-inside-inner-col{flex-direction:column;justify-content:center;}}@media all and (max-width: 1024px){.kt-row-column-wrap.kt-tab-layout-three-grid > .kadence-column8271_4f28fb-a3, .kt-row-column-wrap.kt-tab-layout-two-grid > .kadence-column8271_4f28fb-a3, .kt-row-column-wrap.kt-tab-layout-row > .kadence-column8271_4f28fb-a3{order:2;}}@media all and (max-width: 1024px){.kadence-column8271_4f28fb-a3 > .kt-inside-inner-col{flex-direction:column;justify-content:center;}}@media all and (max-width: 767px){.kadence-column8271_4f28fb-a3 > .kt-inside-inner-col{padding-top:var(--global-kb-spacing-xl, 4rem);padding-bottom:var(--global-kb-spacing-md, 2rem);min-height:200px;flex-direction:column;justify-content:center;}.kt-row-column-wrap > .kadence-column8271_4f28fb-a3{align-self:center;}.kt-inner-column-height-full:not(.kt-has-1-columns) > .wp-block-kadence-column.kadence-column8271_4f28fb-a3{align-self:auto;}.kt-inner-column-height-full:not(.kt-has-1-columns) > .wp-block-kadence-column.kadence-column8271_4f28fb-a3 > .kt-inside-inner-col{flex-direction:column;justify-content:center;}.kt-row-column-wrap.kt-mobile-layout-three-grid > .kadence-column8271_4f28fb-a3, .kt-row-column-wrap.kt-mobile-layout-two-grid > .kadence-column8271_4f28fb-a3, .kt-row-column-wrap.kt-mobile-layout-row > .kadence-column8271_4f28fb-a3{order:2;}}<\/style>\n<div class=\"wp-block-kadence-column kadence-column8271_4f28fb-a3 hero-left\"><div class=\"kt-inside-inner-col\"><style>.wp-block-kadence-advancedheading.kt-adv-heading8271_288f02-88, .wp-block-kadence-advancedheading.kt-adv-heading8271_288f02-88[data-kb-block=\"kb-adv-heading8271_288f02-88\"]{text-align:left;font-style:normal;}.wp-block-kadence-advancedheading.kt-adv-heading8271_288f02-88 mark.kt-highlight, .wp-block-kadence-advancedheading.kt-adv-heading8271_288f02-88[data-kb-block=\"kb-adv-heading8271_288f02-88\"] mark.kt-highlight{font-style:normal;color:#f76a0c;-webkit-box-decoration-break:clone;box-decoration-break:clone;padding-top:0px;padding-right:0px;padding-bottom:0px;padding-left:0px;}.wp-block-kadence-advancedheading.kt-adv-heading8271_288f02-88 img.kb-inline-image, .wp-block-kadence-advancedheading.kt-adv-heading8271_288f02-88[data-kb-block=\"kb-adv-heading8271_288f02-88\"] img.kb-inline-image{width:150px;vertical-align:baseline;}<\/style>\n<h1 class=\"kt-adv-heading8271_288f02-88 wp-block-kadence-advancedheading\" data-kb-block=\"kb-adv-heading8271_288f02-88\">Rental of advertising space<\/h1>\n\n\n\n<p><strong>Looking for an effective way to promote your business? <\/strong>Renting advertising space is the perfect opportunity to make your brand stand out in the crowd. With us you will reach hundreds or even thousands of potential customers!<\/p>\n\n\n\n<p>Contact:<br>tel:&nbsp;<a href=\"tel:0048503180055\" target=\"_blank\" rel=\"noreferrer noopener\">+48 503 182 146<\/a><br>e-mail:&nbsp;<a href=\"mailto:sauny@aquaparksopot.pl\">marketing@aquaparksopot.pl<\/a><\/p>\n<\/div><\/div>\n\n\n<style>.kadence-column8271_fa6215-fe > .kt-inside-inner-col{box-shadow:0px 0px 14px 0px rgba(0, 0, 0, 0.2);border-top:8px solid var(--global-palette9, #ffffff);border-right:8px solid var(--global-palette9, #ffffff);border-bottom:8px solid var(--global-palette9, #ffffff);border-left:8px solid var(--global-palette9, #ffffff);}.kadence-column8271_fa6215-fe > .kt-inside-inner-col,.kadence-column8271_fa6215-fe > .kt-inside-inner-col:before{border-top-left-radius:6px;border-top-right-radius:6px;border-bottom-right-radius:6px;border-bottom-left-radius:6px;}.kadence-column8271_fa6215-fe > .kt-inside-inner-col{column-gap:var(--global-kb-gap-sm, 1rem);}.kadence-column8271_fa6215-fe > .kt-inside-inner-col{flex-direction:column;}.kadence-column8271_fa6215-fe > .kt-inside-inner-col > .aligncenter{width:100%;}.kadence-column8271_fa6215-fe > .kt-inside-inner-col:before{opacity:0.3;}.kadence-column8271_fa6215-fe{position:relative;}.kadence-column8271_fa6215-fe, .kt-inside-inner-col > .kadence-column8271_fa6215-fe:not(.specificity){margin-top:40px;margin-left:-40px;}@media all and (max-width: 1024px){.kadence-column8271_fa6215-fe > .kt-inside-inner-col{border-top:8px solid var(--global-palette9, #ffffff);border-right:8px solid var(--global-palette9, #ffffff);border-bottom:8px solid var(--global-palette9, #ffffff);border-left:8px solid var(--global-palette9, #ffffff);flex-direction:column;justify-content:center;}}@media all and (max-width: 767px){.kadence-column8271_fa6215-fe > .kt-inside-inner-col{border-top:8px solid var(--global-palette9, #ffffff);border-right:8px solid var(--global-palette9, #ffffff);border-bottom:8px solid var(--global-palette9, #ffffff);border-left:8px solid var(--global-palette9, #ffffff);flex-direction:column;justify-content:center;}.kadence-column8271_fa6215-fe, .kt-inside-inner-col > .kadence-column8271_fa6215-fe:not(.specificity){margin-top:0px;margin-left:0px;}}<\/style>\n<div class=\"wp-block-kadence-column kadence-column8271_fa6215-fe ramka_hero\"><div class=\"kt-inside-inner-col\">\n<figure class=\"wp-block-image size-large\"><img decoding=\"async\" width=\"1024\" height=\"576\" src=\"https:\/\/spcdn.shortpixel.ai\/spio\/ret_img,q_cdnize,to_webp,s_webp\/aq.dot2.pl\/wp-content\/uploads\/2025\/08\/wynajem-pow.-reklamowych-1-1024x576.png\" alt=\"\" class=\"wp-image-8608\" srcset=\"https:\/\/spcdn.shortpixel.ai\/spio\/ret_img,q_cdnize,to_webp,s_webp\/aq.dot2.pl\/wp-content\/uploads\/2025\/08\/wynajem-pow.-reklamowych-1-1024x576.png 1024w, https:\/\/spcdn.shortpixel.ai\/spio\/ret_img,q_cdnize,to_webp,s_webp\/aq.dot2.pl\/wp-content\/uploads\/2025\/08\/wynajem-pow.-reklamowych-1-300x169.png 300w, https:\/\/spcdn.shortpixel.ai\/spio\/ret_img,q_cdnize,to_webp,s_webp\/aq.dot2.pl\/wp-content\/uploads\/2025\/08\/wynajem-pow.-reklamowych-1-768x432.png 768w, https:\/\/spcdn.shortpixel.ai\/spio\/ret_img,q_cdnize,to_webp,s_webp\/aq.dot2.pl\/wp-content\/uploads\/2025\/08\/wynajem-pow.-reklamowych-1-1536x864.png 1536w, https:\/\/spcdn.shortpixel.ai\/spio\/ret_img,q_cdnize,to_webp,s_webp\/aq.dot2.pl\/wp-content\/uploads\/2025\/08\/wynajem-pow.-reklamowych-1.png 1920w\" sizes=\"(max-width: 1024px) 100vw, 1024px\" \/><\/figure>\n<\/div><\/div>\n\n<\/div><\/div>\n\n\n<p><\/p>","protected":false},"excerpt":{"rendered":"<p>Wynajem powierzchni reklamowej Szukasz efektywnego sposobu na promowanie swojej firmy? Wynajem powierzchni reklamowej to doskona\u0142a okazja, by wyr\u00f3\u017cni\u0107 swoj\u0105 mark\u0119 w t\u0142umie. Z nami dotrzesz do setek, a nawet tysi\u0119cy potencjalnych klient\u00f3w! Kontakt:tel.:&nbsp;+48 503 182 146e-mail:&nbsp;marketing@aquaparksopot.pl<\/p>","protected":false},"author":1,"featured_media":8275,"parent":496,"menu_order":0,"comment_status":"closed","ping_status":"closed","template":"","meta":{"_acf_changed":false,"_kad_blocks_custom_css":"","_kad_blocks_head_custom_js":"","_kad_blocks_body_custom_js":"","_kad_blocks_footer_custom_js":"","_kad_post_transparent":"","_kad_post_title":"","_kad_post_layout":"","_kad_post_sidebar_id":"","_kad_post_content_style":"","_kad_post_vertical_padding":"","_kad_post_feature":"","_kad_post_feature_position":"","_kad_post_header":false,"_kad_post_footer":false,"_kad_post_classname":"","footnotes":""},"dzial":[16],"class_list":["post-8271","page","type-page","status-publish","has-post-thumbnail","hentry","dzial-informacje"],"acf":[],"taxonomy_info":{"dzial":[{"value":16,"label":"Informacje"}]},"featured_image_src_large":["https:\/\/aq.dot2.pl\/wp-content\/uploads\/2024\/12\/strona2-1024x640.png",1024,640,true],"author_info":{"display_name":"admin","author_link":"https:\/\/aq.dot2.pl\/en\/author\/admin\/"},"comment_info":0,"_links":{"self":[{"href":"https:\/\/aq.dot2.pl\/en\/wp-json\/wp\/v2\/pages\/8271","targetHints":{"allow":["GET"]}}],"collection":[{"href":"https:\/\/aq.dot2.pl\/en\/wp-json\/wp\/v2\/pages"}],"about":[{"href":"https:\/\/aq.dot2.pl\/en\/wp-json\/wp\/v2\/types\/page"}],"author":[{"embeddable":true,"href":"https:\/\/aq.dot2.pl\/en\/wp-json\/wp\/v2\/users\/1"}],"replies":[{"embeddable":true,"href":"https:\/\/aq.dot2.pl\/en\/wp-json\/wp\/v2\/comments?post=8271"}],"version-history":[{"count":1,"href":"https:\/\/aq.dot2.pl\/en\/wp-json\/wp\/v2\/pages\/8271\/revisions"}],"predecessor-version":[{"id":10468,"href":"https:\/\/aq.dot2.pl\/en\/wp-json\/wp\/v2\/pages\/8271\/revisions\/10468"}],"up":[{"embeddable":true,"href":"https:\/\/aq.dot2.pl\/en\/wp-json\/wp\/v2\/pages\/496"}],"wp:featuredmedia":[{"embeddable":true,"href":"https:\/\/aq.dot2.pl\/en\/wp-json\/wp\/v2\/media\/8275"}],"wp:attachment":[{"href":"https:\/\/aq.dot2.pl\/en\/wp-json\/wp\/v2\/media?parent=8271"}],"wp:term":[{"taxonomy":"dzial","embeddable":true,"href":"https:\/\/aq.dot2.pl\/en\/wp-json\/wp\/v2\/dzial?post=8271"}],"curies":[{"name":"wp","href":"https:\/\/api.w.org\/{rel}","templated":true}]}}