{"id":926,"date":"2020-04-02T09:09:31","date_gmt":"2020-04-02T07:09:31","guid":{"rendered":"http:\/\/aquaparksopot.pl\/\/?page_id=926"},"modified":"2020-04-02T09:09:31","modified_gmt":"2020-04-02T07:09:31","slug":"kup-bilet","status":"publish","type":"page","link":"https:\/\/aq.dot2.pl\/en\/kup-bilet\/","title":{"rendered":"Buy a ticket"},"content":{"rendered":"<p><!-- Pocz\u0105tek elementu sprzeda\u017cowego Droplabs.pl. Prosz\u0119 nie modyfikowa\u0107 parametr\u00f3w, mo\u017ce to wp\u0142yn\u0105\u0107 na poprawno\u015b\u0107 dzia\u0142ania sprzeda\u017cy --><br \/>\n<iframe id=\"dl-widget\" style=\"border: 0;width: 100% !important;padding: 0;margin: 0 auto;min-height: 200px;max-width: 1000px;display:block;\" src=\"https:\/\/widget.droplabs.pl\/index.html?facilityId=20&#038;onlineGroupId=361\"><\/iframe><br \/>\n<script type=\"text\/javascript\" src=\"https:\/\/widget.droplabs.pl\/widget.js\"><\/script><br \/>\n<!-- Koniec elementu sprzeda\u017cowego Droplabs.pl --><\/p>","protected":false},"excerpt":{"rendered":"","protected":false},"author":1,"featured_media":0,"parent":0,"menu_order":0,"comment_status":"closed","ping_status":"closed","template":"","meta":{"_acf_changed":false,"_kad_blocks_custom_css":"","_kad_blocks_head_custom_js":"","_kad_blocks_body_custom_js":"","_kad_blocks_footer_custom_js":"","_kad_post_transparent":"","_kad_post_title":"","_kad_post_layout":"","_kad_post_sidebar_id":"","_kad_post_content_style":"","_kad_post_vertical_padding":"","_kad_post_feature":"","_kad_post_feature_position":"","_kad_post_header":false,"_kad_post_footer":false,"_kad_post_classname":"","footnotes":""},"dzial":[],"class_list":["post-926","page","type-page","status-publish","hentry"],"acf":[],"taxonomy_info":[],"featured_image_src_large":false,"author_info":{"display_name":"admin","author_link":"https:\/\/aq.dot2.pl\/en\/author\/admin\/"},"comment_info":0,"_links":{"self":[{"href":"https:\/\/aq.dot2.pl\/en\/wp-json\/wp\/v2\/pages\/926","targetHints":{"allow":["GET"]}}],"collection":[{"href":"https:\/\/aq.dot2.pl\/en\/wp-json\/wp\/v2\/pages"}],"about":[{"href":"https:\/\/aq.dot2.pl\/en\/wp-json\/wp\/v2\/types\/page"}],"author":[{"embeddable":true,"href":"https:\/\/aq.dot2.pl\/en\/wp-json\/wp\/v2\/users\/1"}],"replies":[{"embeddable":true,"href":"https:\/\/aq.dot2.pl\/en\/wp-json\/wp\/v2\/comments?post=926"}],"version-history":[{"count":0,"href":"https:\/\/aq.dot2.pl\/en\/wp-json\/wp\/v2\/pages\/926\/revisions"}],"wp:attachment":[{"href":"https:\/\/aq.dot2.pl\/en\/wp-json\/wp\/v2\/media?parent=926"}],"wp:term":[{"taxonomy":"dzial","embeddable":true,"href":"https:\/\/aq.dot2.pl\/en\/wp-json\/wp\/v2\/dzial?post=926"}],"curies":[{"name":"wp","href":"https:\/\/api.w.org\/{rel}","templated":true}]}}